{"id":20,"date":"2016-06-25T09:19:50","date_gmt":"2016-06-25T09:19:50","guid":{"rendered":"https:\/\/blogs.ua.es\/1979abril\/?page_id=20"},"modified":"2016-06-25T17:20:17","modified_gmt":"2016-06-25T17:20:17","slug":"cultura-y-ocio","status":"publish","type":"page","link":"https:\/\/blogs.ua.es\/1979abril\/cultura-y-ocio\/","title":{"rendered":"Cultura y Ocio"},"content":{"rendered":"<h2><strong>La censura en Televisi\u00f3n Espa\u00f1ola, moneda de uso corriente en 1979<\/strong><\/h2>\n<h5><strong>Madrid (Espa\u00f1a) &#8211; 19 de abril de 1979<\/strong><\/h5>\n<p>TVE censur\u00f3 \u00edntegramente, el jueves 19 de abril de 1979, el coloquio de una hora de duraci\u00f3n, grabado meses antes para el programa Encuentros con las letras, y que ten\u00eda que haberse emitido a las 20.30 horas por el UHF.<\/p>\n<p>Fernando Savater, Fernando Arrabal y Juan Cueto, con Carlos V\u00e9lez -director del programa- en funciones de moderador, conversaban con Fernando S\u00e1nchez Drag\u00f3 a prop\u00f3sito de su libro G\u00e1rgoris y Habidis. Una historia m\u00e1gica de Espa\u00f1a. Este programa ya hab\u00eda sido aplazado en dos ocasiones para no coincidir con las campa\u00f1as de elecciones generales y municipales. TVE demostr\u00f3, una vez m\u00e1s, que todav\u00eda est\u00e1n prohibidos, def acto, personas y libertades constitucionales en aquella \u00e9poca pese a la oficial llegada de la democracia a Espa\u00f1a. Que Fernando Arrabal criticara a Santiago Carrillo no era ninguna novedad, pero s\u00ed lo era que a la censura oficial de todos los cortes y estilos se sumaran las presiones de los distintos partidos pol\u00edticos. Carlos V\u00e9lez intent\u00f3 suprimir los dos minutos en que Arrabal se refer\u00eda a Carrillo, pero ni as\u00ed se autorizar\u00eda la emisi\u00f3n. Los tres heterodoxos invitados al programa no pudieron expresar sus ideas sobre un libro de historia de Espa\u00f1a en el que se escribe de otras heterodoxias e inquisiciones. La heterodoxia p\u00e1nica de Arrabal, la \u00e1crata de Savater y la racionalista de Cueto no ten\u00edan sitio entonces en TVE. \u00abEl programa nos qued\u00f3 muy surrealista -dijo a EL PAIS uno de los contertulios- y esa debe de ser la raz\u00f3n por la que TVE lo ha censurado, aparte de por otros motivos pol\u00edticos e ideol\u00f3gicos.\u00bb<\/p>\n<h6>Fuentes: el Pa\u00eds, tve.<\/h6>\n","protected":false},"excerpt":{"rendered":"<p>La censura en Televisi\u00f3n Espa\u00f1ola, moneda de uso corriente en 1979 Madrid (Espa\u00f1a) &#8211; 19 de abril de 1979 TVE censur\u00f3 \u00edntegramente, el jueves 19 de abril de 1979, el coloquio de una hora de duraci\u00f3n, grabado meses antes para el programa Encuentros con las letras, y que ten\u00eda que&#8230; <a class=\"continue-reading-link\" href=\"https:\/\/blogs.ua.es\/1979abril\/cultura-y-ocio\/\"> Continue reading <span class=\"meta-nav\">&rarr; <\/span><\/a><\/p>\n","protected":false},"author":3997,"featured_media":0,"parent":0,"menu_order":0,"comment_status":"closed","ping_status":"closed","template":"","meta":{"footnotes":""},"class_list":["post-20","page","type-page","status-publish","hentry"],"_links":{"self":[{"href":"https:\/\/blogs.ua.es\/1979abril\/wp-json\/wp\/v2\/pages\/20","targetHints":{"allow":["GET"]}}],"collection":[{"href":"https:\/\/blogs.ua.es\/1979abril\/wp-json\/wp\/v2\/pages"}],"about":[{"href":"https:\/\/blogs.ua.es\/1979abril\/wp-json\/wp\/v2\/types\/page"}],"author":[{"embeddable":true,"href":"https:\/\/blogs.ua.es\/1979abril\/wp-json\/wp\/v2\/users\/3997"}],"replies":[{"embeddable":true,"href":"https:\/\/blogs.ua.es\/1979abril\/wp-json\/wp\/v2\/comments?post=20"}],"version-history":[{"count":6,"href":"https:\/\/blogs.ua.es\/1979abril\/wp-json\/wp\/v2\/pages\/20\/revisions"}],"predecessor-version":[{"id":90,"href":"https:\/\/blogs.ua.es\/1979abril\/wp-json\/wp\/v2\/pages\/20\/revisions\/90"}],"wp:attachment":[{"href":"https:\/\/blogs.ua.es\/1979abril\/wp-json\/wp\/v2\/media?parent=20"}],"curies":[{"name":"wp","href":"https:\/\/api.w.org\/{rel}","templated":true}]}}