{"id":25,"date":"2016-06-25T09:22:24","date_gmt":"2016-06-25T09:22:24","guid":{"rendered":"https:\/\/blogs.ua.es\/1979abril\/?page_id=25"},"modified":"2016-06-26T21:44:10","modified_gmt":"2016-06-26T21:44:10","slug":"deportes","status":"publish","type":"page","link":"https:\/\/blogs.ua.es\/1979abril\/deportes\/","title":{"rendered":"Deportes"},"content":{"rendered":"<h2><strong>El inicio de la era dorada del baloncesto yugoslavo\u2026y europeo<\/strong><\/h2>\n<h5><strong>Grenoble (Francia) &#8211; 5 de abril de 1979.\u00a0<\/strong><\/h5>\n<p>En abril de 1979 tuvo lugar el inicio de una era hist\u00f3rica para los amantes del baloncesto. Yugoslavia irrumpi\u00f3 con fuerza en el panorama baloncest\u00edstico europeo y mundial. Ese a\u00f1o el Bosna de Sarajevo conquist\u00f3 el primer t\u00edtulo europeo para su pa\u00eds y dos meses despu\u00e9s la selecci\u00f3n nacional se hizo con la medalla de bronce en la edici\u00f3n XXI del Campeonato Europeo de Baloncesto celebrado en Italia. El baloncesto yugoslavo hab\u00eda llegado para quedarse\u2026hasta 1990.<\/p>\n<p>Pero todo comenz\u00f3 esa noche, la noche del 6 de abril de 1979\u2026<\/p>\n<p><a href=\"https:\/\/blogs.ua.es\/1979abril\/files\/2016\/06\/mirza.jpg\"><img loading=\"lazy\" decoding=\"async\" class=\"alignnone wp-image-28\" src=\"https:\/\/blogs.ua.es\/1979abril\/files\/2016\/06\/mirza-300x225.jpg\" alt=\"mirza\" width=\"275\" height=\"206\" srcset=\"https:\/\/blogs.ua.es\/1979abril\/files\/2016\/06\/mirza-300x225.jpg 300w, https:\/\/blogs.ua.es\/1979abril\/files\/2016\/06\/mirza-200x150.jpg 200w, https:\/\/blogs.ua.es\/1979abril\/files\/2016\/06\/mirza-150x113.jpg 150w, https:\/\/blogs.ua.es\/1979abril\/files\/2016\/06\/mirza.jpg 480w\" sizes=\"auto, (max-width: 275px) 100vw, 275px\" \/><\/a>\u00a0 \u00a0\u00a0<a href=\"https:\/\/blogs.ua.es\/1979abril\/files\/2016\/06\/mirza-5555.jpg\"><img loading=\"lazy\" decoding=\"async\" class=\"alignnone wp-image-33\" src=\"https:\/\/blogs.ua.es\/1979abril\/files\/2016\/06\/mirza-5555.jpg\" alt=\"mirza 5555\" width=\"310\" height=\"206\" srcset=\"https:\/\/blogs.ua.es\/1979abril\/files\/2016\/06\/mirza-5555.jpg 275w, https:\/\/blogs.ua.es\/1979abril\/files\/2016\/06\/mirza-5555-225x150.jpg 225w, https:\/\/blogs.ua.es\/1979abril\/files\/2016\/06\/mirza-5555-150x100.jpg 150w\" sizes=\"auto, (max-width: 310px) 100vw, 310px\" \/><\/a><\/p>\n<p>E<em>n una gran final, el Bosna de Sarajevo se impuso al Emerson de Varesse y consigui\u00f3 el primer t\u00edtulo europeo a nivel de clubs para el baloncesto yugoslavo. El Bosna se alz\u00f3 con un justo y merecido triunfo apoy\u00e1ndose siempre en una extraordinaria y bien concebida defensa, que s\u00f3lo superion superar los norteamericanos del Emerson, y en la sensacional actuaci\u00f3n de Varajic y de Delibasic, autores de 71 de los 96 puntos conseguidos por su equipo. El Emerson, que tambi\u00e9n tuvo que apoyarse en el binomio Yelverton-Morse, no pudo con su rival, m\u00e1s homog\u00e9neo y maduro, pese a ser la primera vez que disputaba una final continental, frente a las once que disputaban los italianos consecutivamente. El conjunto yugoslavo, sali\u00f3 con ideas claras y bien conocedor de las bazas que ten\u00eda que jugarse para doblegar a su rival. Estas no eran otras que la ya mencionada. compacta defensa, apoyada sobre todo en el poder reboteador de Rodovanovic, y despu\u00e9s, a la hora de atacar, utilizar sus sistemas disciplinados, pero flexibles, para que sus dos anotadores, Varajic y Delibasic, causaran aut\u00e9nticos estragos en el aro italiano.<\/em><\/p>\n<p><em>El Emerson, una vez m\u00e1s, no supo estar a la altura de las circunstancias, y casi se podr\u00eda decir que cometi\u00f3 los mismos errores que en Belgrado hace dos a\u00f1os frente al Maccabi en ocasi\u00f3n \u00e9sta en que tambi\u00e9n sali\u00f3 como favorito. Vistos los buenos resultados que hab\u00eda obtenido el equipo sin su pivot y gran figura, Meneghin, Rusconi se decidi\u00f3 por prescindir de \u00e9l, sabedor, sin duda alguna, de que el equipo hace m\u00e1s juego de conjunto sin el gigante italiano. Sin embargo, al final, viendo que el equipo perd\u00eda los papeles, recurri\u00f3 al \u00eddolo de la afici\u00f3n italiana, que le core\u00f3 insistentemente, pero pese a sus diez puntos, lo cierto es que la presencia del gran Meneghin no hizo cambiar el ritmo del encuentro. Fue la \u00fanica baza que le qued\u00f3 al Emerson para cambiar el resultado.<\/em><\/p>\n<p><em>Desde un principio fue f\u00e1cil comprobar que el Bosna sali\u00f3 con humildad, pero con hechuras de gran equipo y con el sello innegable de la entidad que tiene hoy por hoy el baloncesto yugoslavo; un baloncesto simple, eficaz y sin vedetismos, ya que, pese a esos dos monstruos que ayer se pudieron ver en los ya citados anotadores yugoslavos, nunca hubo en \u00e9stos el m\u00e1s m\u00ednimo af\u00e1n de protagonismo y ni siquiera juego individual por su parte. Sus porcentajes en los lanzamientos a canasta fueron realmente escalofriantes y s\u00f3lo jugando en un equipo como el Bosna de ayer se puede romper la defensa de zonas en las que el Emerson confi\u00f3, quiz\u00e1 excesivamente, aunque bien es verdad que cuando cambi\u00f3 a hombre a hombre lo \u00fanico que pudo comprobar fue que<\/em> su adversario, al menos ayer, sigui\u00f3 superior a \u00e9l.\u00a0 (El Pa\u00eds. Este art\u00edculo apareci\u00f3 en la edici\u00f3n impresa del Viernes, 6 de abril de 1979)<\/p>\n<p>Los triunfos de los equipos yugoslavos de baloncesto, colectivos multiculturales y multi\u00e9tnicos,\u00a0 compuestos por aut\u00e9nticos virtuosos del baloncesto que no dudaban en ponerse el mono de trabajo en aras del beneficio del conjunto, no dejaron de sumar t\u00edtulos y laureles para el deporte yugoslavo hasta agosto de 1990 durante el XI Campeonato mundial de baloncesto jugado en Argentina en el que Yugoslavia result\u00f3 la vencedora del torneo, tras imponerse a la Uni\u00f3n Sovi\u00e9tica en la final, en el que ser\u00eda su \u00faltimo torneo como equipo. Un a\u00f1o m\u00e1s tarde todo estall\u00f3, pero esa es otra historia.<\/p>\n<p><iframe loading=\"lazy\" width=\"800\" height=\"450\" src=\"https:\/\/www.youtube.com\/embed\/NIEMgXcFh_k?feature=oembed\" frameborder=\"0\" allowfullscreen><\/iframe><\/p>\n<h6>Fuentes y fotografias: El Pa\u00eds, Solodeporte.com<\/h6>\n","protected":false},"excerpt":{"rendered":"<p>El inicio de la era dorada del baloncesto yugoslavo\u2026y europeo Grenoble (Francia) &#8211; 5 de abril de 1979.\u00a0 En abril de 1979 tuvo lugar el inicio de una era hist\u00f3rica para los amantes del baloncesto. Yugoslavia irrumpi\u00f3 con fuerza en el panorama baloncest\u00edstico europeo y mundial. Ese a\u00f1o el Bosna&#8230; <a class=\"continue-reading-link\" href=\"https:\/\/blogs.ua.es\/1979abril\/deportes\/\"> Continue reading <span class=\"meta-nav\">&rarr; <\/span><\/a><\/p>\n","protected":false},"author":3997,"featured_media":0,"parent":0,"menu_order":0,"comment_status":"closed","ping_status":"closed","template":"","meta":{"footnotes":""},"class_list":["post-25","page","type-page","status-publish","hentry"],"_links":{"self":[{"href":"https:\/\/blogs.ua.es\/1979abril\/wp-json\/wp\/v2\/pages\/25","targetHints":{"allow":["GET"]}}],"collection":[{"href":"https:\/\/blogs.ua.es\/1979abril\/wp-json\/wp\/v2\/pages"}],"about":[{"href":"https:\/\/blogs.ua.es\/1979abril\/wp-json\/wp\/v2\/types\/page"}],"author":[{"embeddable":true,"href":"https:\/\/blogs.ua.es\/1979abril\/wp-json\/wp\/v2\/users\/3997"}],"replies":[{"embeddable":true,"href":"https:\/\/blogs.ua.es\/1979abril\/wp-json\/wp\/v2\/comments?post=25"}],"version-history":[{"count":13,"href":"https:\/\/blogs.ua.es\/1979abril\/wp-json\/wp\/v2\/pages\/25\/revisions"}],"predecessor-version":[{"id":108,"href":"https:\/\/blogs.ua.es\/1979abril\/wp-json\/wp\/v2\/pages\/25\/revisions\/108"}],"wp:attachment":[{"href":"https:\/\/blogs.ua.es\/1979abril\/wp-json\/wp\/v2\/media?parent=25"}],"curies":[{"name":"wp","href":"https:\/\/api.w.org\/{rel}","templated":true}]}}