{"id":37,"date":"2016-06-25T12:04:28","date_gmt":"2016-06-25T12:04:28","guid":{"rendered":"https:\/\/blogs.ua.es\/1979abril\/?page_id=37"},"modified":"2016-06-26T22:51:25","modified_gmt":"2016-06-26T22:51:25","slug":"politica-exterior","status":"publish","type":"page","link":"https:\/\/blogs.ua.es\/1979abril\/politica-exterior\/","title":{"rendered":"Pol\u00edtica exterior"},"content":{"rendered":"<h2><strong>El triunfo de la rep\u00fablica isl\u00e1mica de Ayatol\u00e1 Jomeini<\/strong><\/h2>\n<h5><strong>Teher\u00e1n (Ir\u00e1n) \u2013 1 de abril de 1979<\/strong><\/h5>\n<p>El 1 de abril 1979, tras conocer los resultados del plebiscito convocado por el ayatol\u00e1 Jomeini, \u00e9ste declaro la instauraci\u00f3n de la Rep\u00fablica Isl\u00e1mica de Ir\u00e1n. meses antes el 1 de febrero, justo a las 9:33, se produc\u00eda la llegada en avi\u00f3n del ayatol\u00e1 Ruhollah Jomeini a Teher\u00e1n. Aquel aterrizaje marcaba el inicio de la revoluci\u00f3n isl\u00e1mica, que acab\u00f3 imponiendo la Rep\u00fablica que a\u00fan hoy, 37 a\u00f1os despu\u00e9s, sobrevive inmersa en una grave crisis pol\u00edtica del r\u00e9gimen.<\/p>\n<p><a href=\"https:\/\/blogs.ua.es\/1979abril\/files\/2016\/06\/jomeini.jpg\"><img loading=\"lazy\" decoding=\"async\" class=\"alignnone size-full wp-image-46\" src=\"https:\/\/blogs.ua.es\/1979abril\/files\/2016\/06\/jomeini.jpg\" alt=\"jomeini\" width=\"269\" height=\"187\" srcset=\"https:\/\/blogs.ua.es\/1979abril\/files\/2016\/06\/jomeini.jpg 269w, https:\/\/blogs.ua.es\/1979abril\/files\/2016\/06\/jomeini-216x150.jpg 216w, https:\/\/blogs.ua.es\/1979abril\/files\/2016\/06\/jomeini-150x104.jpg 150w\" sizes=\"auto, (max-width: 269px) 100vw, 269px\" \/><\/a>\u00a0 \u00a0\u00a0<a href=\"https:\/\/blogs.ua.es\/1979abril\/files\/2016\/06\/16_20144.png\"><img loading=\"lazy\" decoding=\"async\" class=\"alignnone size-medium wp-image-82\" src=\"https:\/\/blogs.ua.es\/1979abril\/files\/2016\/06\/16_20144-300x186.png\" alt=\"16_20144\" width=\"300\" height=\"186\" srcset=\"https:\/\/blogs.ua.es\/1979abril\/files\/2016\/06\/16_20144-300x186.png 300w, https:\/\/blogs.ua.es\/1979abril\/files\/2016\/06\/16_20144-242x150.png 242w, https:\/\/blogs.ua.es\/1979abril\/files\/2016\/06\/16_20144-150x93.png 150w, https:\/\/blogs.ua.es\/1979abril\/files\/2016\/06\/16_20144.png 571w\" sizes=\"auto, (max-width: 300px) 100vw, 300px\" \/><\/a><\/p>\n<p>Ese d\u00eda de 1979, tal y como cont\u00f3 ABC, una explosi\u00f3n de felicidad recorri\u00f3 las calles de la capital: \u00ab<em>La revoluci\u00f3n \u201cayatollah\u201d y su \u201cpremier\u201d Barzag\u00e1n ha triunfado; el Sha y su \u201cpremier\u201d Baktiar han perdido y Teher\u00e1n es hoy una ciudad tensa y jubilosa que celebra su victoria, con cientos de miles de hombres, mujeres y ni\u00f1os en traje de domingo por las calles, j\u00f3venes con toda clase de armas en las manos, tanques y carros de combate atestados de civiles y soldados que se abrazan<\/em>\u00bb.<\/p>\n<p>Las fuerzas revolucionarias hab\u00eda tomado el palacio del Sha Mohammad Reza Pahlevi \u2013que llevaba reinando el pa\u00eds desde 1941\u2013, adem\u00e1s de los principales edificios p\u00fablicos, la radio y la televisi\u00f3n. Murieron medio millar de personas, entre las que se encontraban el el jefe del Ej\u00e9rcito de Tierra y el comandante de la Guardia Imperial, mientras que el primer ministro se encontraba desaparecido.<\/p>\n<p>\u00ab<em>De Baktiar no se sabe nada, corriendo rumores de que le han matado y de que se ha suicidadado, aunque la versi\u00f3n m\u00e1s probable es que se encuentre escondido en cualquier lugar del pa\u00eds<\/em>\u00bb, pod\u00eda leerse en ABC, como as\u00ed ciertamente ocurri\u00f3, puesto que poco despu\u00e9s huy\u00f3 a Francia, donde s\u00ed muri\u00f3 asesinado, en 1991.<\/p>\n<p>\u00ab<em>En cualquier caso, su Gobierno ha dejado de existir<\/em>\u00bb, se apostillaba, y bajo la direcci\u00f3n de Jomeini, los islamistas se hicieron con las riendas de la revoluci\u00f3n y reprimieron a los dem\u00e1s grupos. Jomeini se hab\u00eda convertido \u00ab<em>en un s\u00edmbolo de identidad nacional<\/em>\u00bb.<\/p>\n<p>El 31 de marzo de ese a\u00f1o, se celebr\u00f3 un refer\u00e9ndum sobre la proclamaci\u00f3n de la rep\u00fablica isl\u00e1mica, que, seg\u00fan los datos oficiales, fue respaldada por el 99,9% de la poblaci\u00f3n.<\/p>\n<p>El historiador Eric Hobsbawn consider\u00f3 a la Revoluci\u00f3n iran\u00ed como la primera revoluci\u00f3n contempor\u00e1nea que no tuvo sus ra\u00edces en la ilustraci\u00f3n europea, lo que introdujo toda una novedad en la historia del siglo XX.<\/p>\n<p><iframe loading=\"lazy\" width=\"800\" height=\"450\" src=\"https:\/\/www.youtube.com\/embed\/lWRE383OEto?feature=oembed\" frameborder=\"0\" allowfullscreen><\/iframe><\/p>\n","protected":false},"excerpt":{"rendered":"<p>El triunfo de la rep\u00fablica isl\u00e1mica de Ayatol\u00e1 Jomeini Teher\u00e1n (Ir\u00e1n) \u2013 1 de abril de 1979 El 1 de abril 1979, tras conocer los resultados del plebiscito convocado por el ayatol\u00e1 Jomeini, \u00e9ste declaro la instauraci\u00f3n de la Rep\u00fablica Isl\u00e1mica de Ir\u00e1n. meses antes el 1 de febrero, justo&#8230; <a class=\"continue-reading-link\" href=\"https:\/\/blogs.ua.es\/1979abril\/politica-exterior\/\"> Continue reading <span class=\"meta-nav\">&rarr; <\/span><\/a><\/p>\n","protected":false},"author":3997,"featured_media":0,"parent":0,"menu_order":0,"comment_status":"closed","ping_status":"closed","template":"","meta":{"footnotes":""},"class_list":["post-37","page","type-page","status-publish","hentry"],"_links":{"self":[{"href":"https:\/\/blogs.ua.es\/1979abril\/wp-json\/wp\/v2\/pages\/37","targetHints":{"allow":["GET"]}}],"collection":[{"href":"https:\/\/blogs.ua.es\/1979abril\/wp-json\/wp\/v2\/pages"}],"about":[{"href":"https:\/\/blogs.ua.es\/1979abril\/wp-json\/wp\/v2\/types\/page"}],"author":[{"embeddable":true,"href":"https:\/\/blogs.ua.es\/1979abril\/wp-json\/wp\/v2\/users\/3997"}],"replies":[{"embeddable":true,"href":"https:\/\/blogs.ua.es\/1979abril\/wp-json\/wp\/v2\/comments?post=37"}],"version-history":[{"count":9,"href":"https:\/\/blogs.ua.es\/1979abril\/wp-json\/wp\/v2\/pages\/37\/revisions"}],"predecessor-version":[{"id":111,"href":"https:\/\/blogs.ua.es\/1979abril\/wp-json\/wp\/v2\/pages\/37\/revisions\/111"}],"wp:attachment":[{"href":"https:\/\/blogs.ua.es\/1979abril\/wp-json\/wp\/v2\/media?parent=37"}],"curies":[{"name":"wp","href":"https:\/\/api.w.org\/{rel}","templated":true}]}}