{"id":81,"date":"2016-01-20T12:00:47","date_gmt":"2016-01-20T12:00:47","guid":{"rendered":"https:\/\/blogs.ua.es\/1979diciembre\/?page_id=81"},"modified":"2016-01-21T21:48:59","modified_gmt":"2016-01-21T21:48:59","slug":"presentacion","status":"publish","type":"page","link":"https:\/\/blogs.ua.es\/1979diciembre\/presentacion\/","title":{"rendered":"Presentaci\u00f3n"},"content":{"rendered":"<p>Buenas somos Pablo \u00c1ngel G\u00f3mez Calpena y Sara Goz\u00e1lez Galiano; estudiantes de la universidad de Alicante en el grado de historia, somos los autores del blog Diciembre de 1979, hemos creado el blog para que la gente pueda entender de una manera m\u00e1s sencilla y f\u00e1cil todo lo ocurrido en el mes de Diciembre en el que ocurrieron acontecimientos tan importantes como es el proceso auton\u00f3mico Vasco y Catal\u00e1n, adem\u00e1s de sus pol\u00edticas interiores y exteriores y todo lo relacionado con estas comunidades, adem\u00e1s tratamos el tema de la huelga universitaria que hubo en Madrid, en la que se produjo un pacto entre estudiantes y el gobierno y fue una huelga controlada; nos acercamos a nuestra provincia como Alicante y alrededores, como es Valencia, para explicar acontecimientos relacionados con la m\u00fasica y el ocio en general.<\/p>\n","protected":false},"excerpt":{"rendered":"<p>Buenas somos Pablo \u00c1ngel G\u00f3mez Calpena y Sara Goz\u00e1lez Galiano; estudiantes de la universidad de Alicante en el grado de historia, somos los autores del blog Diciembre de 1979, hemos creado el blog para que la gente pueda entender de una manera m\u00e1s sencilla y f\u00e1cil todo lo ocurrido en el mes de Diciembre en [&hellip;]<\/p>\n","protected":false},"author":3910,"featured_media":0,"parent":0,"menu_order":0,"comment_status":"closed","ping_status":"closed","template":"","meta":{"footnotes":""},"class_list":["post-81","page","type-page","status-publish","hentry"],"_links":{"self":[{"href":"https:\/\/blogs.ua.es\/1979diciembre\/wp-json\/wp\/v2\/pages\/81","targetHints":{"allow":["GET"]}}],"collection":[{"href":"https:\/\/blogs.ua.es\/1979diciembre\/wp-json\/wp\/v2\/pages"}],"about":[{"href":"https:\/\/blogs.ua.es\/1979diciembre\/wp-json\/wp\/v2\/types\/page"}],"author":[{"embeddable":true,"href":"https:\/\/blogs.ua.es\/1979diciembre\/wp-json\/wp\/v2\/users\/3910"}],"replies":[{"embeddable":true,"href":"https:\/\/blogs.ua.es\/1979diciembre\/wp-json\/wp\/v2\/comments?post=81"}],"version-history":[{"count":1,"href":"https:\/\/blogs.ua.es\/1979diciembre\/wp-json\/wp\/v2\/pages\/81\/revisions"}],"predecessor-version":[{"id":82,"href":"https:\/\/blogs.ua.es\/1979diciembre\/wp-json\/wp\/v2\/pages\/81\/revisions\/82"}],"wp:attachment":[{"href":"https:\/\/blogs.ua.es\/1979diciembre\/wp-json\/wp\/v2\/media?parent=81"}],"curies":[{"name":"wp","href":"https:\/\/api.w.org\/{rel}","templated":true}]}}