{"id":83,"date":"2016-01-20T12:01:25","date_gmt":"2016-01-20T12:01:25","guid":{"rendered":"https:\/\/blogs.ua.es\/1979diciembre\/?page_id=83"},"modified":"2016-01-21T21:29:19","modified_gmt":"2016-01-21T21:29:19","slug":"realizacion-del-trabajo","status":"publish","type":"page","link":"https:\/\/blogs.ua.es\/1979diciembre\/realizacion-del-trabajo\/","title":{"rendered":"Realizaci\u00f3n del trabajo"},"content":{"rendered":"<p>El trabajo se ha realizado siguiendo las indicaciones del profesor, buscando im\u00e1genes, bibliograf\u00eda, informaci\u00f3n tanto en libros como en internet y en los peri\u00f3dicos.<\/p>\n<p>En los libros buscamos informaci\u00f3n a la hora de\u00a0 hacer \u00a0las autonom\u00edas y lo contrastamos con la encontrada en internet con bastante similitud. A lo hora de buscar im\u00e1genes y noticias en la red buscamos en diferentes peri\u00f3dicos como es el <em>ABC<\/em>, <em>La Verdad <\/em>o <em>La Raz\u00f3n<\/em>, fue complicado encontrar la misma noticia en ambos peri\u00f3dicos pero se consigui\u00f3 con bastante \u00e9xito.<\/p>\n<p>El trabajo se centra sobre todo en las entrevistas a personas de diferentes edades y nacionalidades, como espa\u00f1oles y \u00e1rabes. Para la realizaci\u00f3n de dichos v\u00eddeos hemos ido a Monforte, Aspe, Elda y Novelda.<\/p>\n<p>Hemos ido subiendo los v\u00eddeos una vez que estuvieran todos hechos y adem\u00e1s para que esto alcance a m\u00e1s gente los hemos subido a youtube y se ha creado\u00a0 una p\u00e1gina de Facebook (actualmente activa) en la que podemos encontrar la misma informaci\u00f3n que en el blog oficial, con las mismas descripciones de los v\u00eddeos.<\/p>\n","protected":false},"excerpt":{"rendered":"<p>El trabajo se ha realizado siguiendo las indicaciones del profesor, buscando im\u00e1genes, bibliograf\u00eda, informaci\u00f3n tanto en libros como en internet y en los peri\u00f3dicos. En los libros buscamos informaci\u00f3n a la hora de\u00a0 hacer \u00a0las autonom\u00edas y lo contrastamos con la encontrada en internet con bastante similitud. A lo hora de buscar im\u00e1genes y noticias [&hellip;]<\/p>\n","protected":false},"author":3910,"featured_media":0,"parent":0,"menu_order":0,"comment_status":"closed","ping_status":"closed","template":"","meta":{"footnotes":""},"class_list":["post-83","page","type-page","status-publish","hentry"],"_links":{"self":[{"href":"https:\/\/blogs.ua.es\/1979diciembre\/wp-json\/wp\/v2\/pages\/83","targetHints":{"allow":["GET"]}}],"collection":[{"href":"https:\/\/blogs.ua.es\/1979diciembre\/wp-json\/wp\/v2\/pages"}],"about":[{"href":"https:\/\/blogs.ua.es\/1979diciembre\/wp-json\/wp\/v2\/types\/page"}],"author":[{"embeddable":true,"href":"https:\/\/blogs.ua.es\/1979diciembre\/wp-json\/wp\/v2\/users\/3910"}],"replies":[{"embeddable":true,"href":"https:\/\/blogs.ua.es\/1979diciembre\/wp-json\/wp\/v2\/comments?post=83"}],"version-history":[{"count":3,"href":"https:\/\/blogs.ua.es\/1979diciembre\/wp-json\/wp\/v2\/pages\/83\/revisions"}],"predecessor-version":[{"id":95,"href":"https:\/\/blogs.ua.es\/1979diciembre\/wp-json\/wp\/v2\/pages\/83\/revisions\/95"}],"wp:attachment":[{"href":"https:\/\/blogs.ua.es\/1979diciembre\/wp-json\/wp\/v2\/media?parent=83"}],"curies":[{"name":"wp","href":"https:\/\/api.w.org\/{rel}","templated":true}]}}