{"id":85,"date":"2016-01-20T12:02:02","date_gmt":"2016-01-20T12:02:02","guid":{"rendered":"https:\/\/blogs.ua.es\/1979diciembre\/?page_id=85"},"modified":"2016-01-21T21:43:29","modified_gmt":"2016-01-21T21:43:29","slug":"opinion-personal","status":"publish","type":"page","link":"https:\/\/blogs.ua.es\/1979diciembre\/opinion-personal\/","title":{"rendered":"Opini\u00f3n personal"},"content":{"rendered":"<p>PABLO:<\/p>\n<p>Respecto a mi opini\u00f3n pienso que el trabajo es productivo y creo que tambi\u00e9n es provechoso ya que aprendes cosas que ni uno mismo sab\u00eda, como por ejemplo la huelga universitaria o el centenario de la casa de la m\u00fasica en Diciembre de 1979.<\/p>\n<p>SARA:<\/p>\n<p>En cuanto a mi opini\u00f3n personal, creo que este trabajo es una tarea did\u00e1ctica y entretenida con la que he aprendido bastante con respecto a la fecha que se nos asign\u00f3, a pesar de que haya costado un poco (bastante) encontrar la informaci\u00f3n acorde con el mes de Diciembre de 1979.<\/p>\n<p>&nbsp;<\/p>\n<p>VALORACI\u00d3N CR\u00cdTICA (PABLO):<\/p>\n<p>Pienso que el trabajo est\u00e1 bien porque aprendes y adem\u00e1s ayudas a otras personas cuando tengan que hacer alg\u00fan trabajo. Pero encuentro algunas dificultades, como a la hora de tener que grabar los videos, que al ser de lugares distintos es m\u00e1s dif\u00edcil poder quedar, o algunas dificultades con el programa empleado pero de f\u00e1cil resoluci\u00f3n gracias a los consejos de nuestro profesor y su inestimada ayuda. A pesar de las dificultades tambi\u00e9n hay valoraciones positivas no todo es malo (jejeje) por ejemplo lo dicho anteriormente respecto a lo de ayudar a la gente, con sus trabajos o a la hora de prepararse un examen, adem\u00e1s tambi\u00e9n nos ayuda a conocer un poco m\u00e1s afondo la opini\u00f3n de la gente de nuestro entorno y sorprenderse con sus respuestas. Nuevamente damos gracias a todo el mundo que nos aprestado su ayuda de manera desinteresada.<\/p>\n<p>VALORACI\u00d3N CR\u00cdTICA (SARA):<\/p>\n<p>Opino que este trabajo est\u00e1 bastante bien para poder uno mismo informarse acerca de los acontecimientos y noticias relevantes de la \u00e9poca asignada, aunque s\u00ed es cierto que ha costado bastante el hecho de tener que desplazarnos para poder grabar a los voluntarios que se escogieron para las entrevistas. Por otro lado, creo que, dejando a un lado este peque\u00f1o obst\u00e1culo, hemos podido aprender de una manera divertida y curiosa acerca del a\u00f1o 1979. Me ha gustado realizar este trabajo con mi compa\u00f1ero y, adem\u00e1s, poder tener una nueva experiencia que contar.<\/p>\n","protected":false},"excerpt":{"rendered":"<p>PABLO: Respecto a mi opini\u00f3n pienso que el trabajo es productivo y creo que tambi\u00e9n es provechoso ya que aprendes cosas que ni uno mismo sab\u00eda, como por ejemplo la huelga universitaria o el centenario de la casa de la m\u00fasica en Diciembre de 1979. SARA: En cuanto a mi opini\u00f3n personal, creo que este [&hellip;]<\/p>\n","protected":false},"author":3910,"featured_media":0,"parent":0,"menu_order":0,"comment_status":"closed","ping_status":"closed","template":"","meta":{"footnotes":""},"class_list":["post-85","page","type-page","status-publish","hentry"],"_links":{"self":[{"href":"https:\/\/blogs.ua.es\/1979diciembre\/wp-json\/wp\/v2\/pages\/85","targetHints":{"allow":["GET"]}}],"collection":[{"href":"https:\/\/blogs.ua.es\/1979diciembre\/wp-json\/wp\/v2\/pages"}],"about":[{"href":"https:\/\/blogs.ua.es\/1979diciembre\/wp-json\/wp\/v2\/types\/page"}],"author":[{"embeddable":true,"href":"https:\/\/blogs.ua.es\/1979diciembre\/wp-json\/wp\/v2\/users\/3910"}],"replies":[{"embeddable":true,"href":"https:\/\/blogs.ua.es\/1979diciembre\/wp-json\/wp\/v2\/comments?post=85"}],"version-history":[{"count":3,"href":"https:\/\/blogs.ua.es\/1979diciembre\/wp-json\/wp\/v2\/pages\/85\/revisions"}],"predecessor-version":[{"id":97,"href":"https:\/\/blogs.ua.es\/1979diciembre\/wp-json\/wp\/v2\/pages\/85\/revisions\/97"}],"wp:attachment":[{"href":"https:\/\/blogs.ua.es\/1979diciembre\/wp-json\/wp\/v2\/media?parent=85"}],"curies":[{"name":"wp","href":"https:\/\/api.w.org\/{rel}","templated":true}]}}