{"id":87,"date":"2016-01-20T12:06:12","date_gmt":"2016-01-20T12:06:12","guid":{"rendered":"https:\/\/blogs.ua.es\/1979diciembre\/?page_id=87"},"modified":"2016-01-21T21:50:18","modified_gmt":"2016-01-21T21:50:18","slug":"fuentes","status":"publish","type":"page","link":"https:\/\/blogs.ua.es\/1979diciembre\/fuentes\/","title":{"rendered":"Fuentes"},"content":{"rendered":"<p>Las fuentes mayoritariamente son de internet, de peri\u00f3dicos, de la biblioteca del a UA o de nuestros respectivos pueblos. La parte m\u00e1s larga del trabajo no ha sido est\u00e1 sino que lo m\u00e1s largo ha sido el grabar los videos por las veces que hab\u00eda que cortar y repetir, tambi\u00e9n hab\u00eda que desplazarse de los pueblos y nos hemos pasado alrededor de 6 horas viajando de un sitio para otro. En general ha sido un trabajo f\u00e1cil y muy divertido.<\/p>\n<p>BIBLIOGRAF\u00cdA:<\/p>\n<p><a href=\"http:\/\/elpais.com\/tag\/fecha\/19791213\/\">http:\/\/elpais.com\/tag\/fecha\/19791213\/<\/a><\/p>\n<p><a href=\"http:\/\/elpais.com\/diario\/1979\/12\/13\/espana\/313887616_850215.html\">http:\/\/elpais.com\/diario\/1979\/12\/13\/espana\/313887616_850215.html<\/a><\/p>\n<p><a href=\"http:\/\/elpais.com\/diario\/1979\/12\/13\/espana\/313887620_850215.html\">http:\/\/elpais.com\/diario\/1979\/12\/13\/espana\/313887620_850215.html<\/a><\/p>\n<p><a href=\"http:\/\/hemeroteca.lavanguardia.com\/preview\/1979\/12\/01\/pagina-1\/33444130\/pdf.html\">http:\/\/hemeroteca.lavanguardia.com\/preview\/1979\/12\/01\/pagina-1\/33444130\/pdf.html<\/a><\/p>\n<p><a href=\"http:\/\/elpais.com\/diario\/1979\/12\/13\/espana\/313887603_850215.html\">http:\/\/elpais.com\/diario\/1979\/12\/13\/espana\/313887603_850215.html<\/a><\/p>\n<p><a href=\"http:\/\/hemeroteca.lavanguardia.com\/preview\/1979\/12\/13\/pagina-5\/33447216\/pdf.html\">http:\/\/hemeroteca.lavanguardia.com\/preview\/1979\/12\/13\/pagina-5\/33447216\/pdf.html<\/a><\/p>\n<p><a href=\"http:\/\/hemeroteca.lavanguardia.com\/preview\/1979\/12\/08\/pagina-40\/33446015\/pdf.html\">http:\/\/hemeroteca.lavanguardia.com\/preview\/1979\/12\/08\/pagina-40\/33446015\/pdf.html<\/a><\/p>\n<p><a href=\"http:\/\/www.eitb.eus\/eu\/irratia\/eitb-musika\/programak\/eitbmusika-dokumentalak\/audioak\/\">http:\/\/www.eitb.eus\/eu\/irratia\/eitb-musika\/programak\/eitbmusika-dokumentalak\/audioak\/<\/a><\/p>\n<p><a href=\"http:\/\/hemeroteca.lavanguardia.com\/preview\/1979\/12\/13\/pagina-17\/33447228\/pdf.html?search=Ley%20de%20autonom%C3%ADa%20universitaria\">http:\/\/hemeroteca.lavanguardia.com\/preview\/1979\/12\/13\/pagina-17\/33447228\/pdf.html?search=Ley%20de%20autonom%C3%ADa%20universitaria<\/a><\/p>\n","protected":false},"excerpt":{"rendered":"<p>Las fuentes mayoritariamente son de internet, de peri\u00f3dicos, de la biblioteca del a UA o de nuestros respectivos pueblos. La parte m\u00e1s larga del trabajo no ha sido est\u00e1 sino que lo m\u00e1s largo ha sido el grabar los videos por las veces que hab\u00eda que cortar y repetir, tambi\u00e9n hab\u00eda que desplazarse de los [&hellip;]<\/p>\n","protected":false},"author":3910,"featured_media":0,"parent":0,"menu_order":0,"comment_status":"closed","ping_status":"closed","template":"","meta":{"footnotes":""},"class_list":["post-87","page","type-page","status-publish","hentry"],"_links":{"self":[{"href":"https:\/\/blogs.ua.es\/1979diciembre\/wp-json\/wp\/v2\/pages\/87","targetHints":{"allow":["GET"]}}],"collection":[{"href":"https:\/\/blogs.ua.es\/1979diciembre\/wp-json\/wp\/v2\/pages"}],"about":[{"href":"https:\/\/blogs.ua.es\/1979diciembre\/wp-json\/wp\/v2\/types\/page"}],"author":[{"embeddable":true,"href":"https:\/\/blogs.ua.es\/1979diciembre\/wp-json\/wp\/v2\/users\/3910"}],"replies":[{"embeddable":true,"href":"https:\/\/blogs.ua.es\/1979diciembre\/wp-json\/wp\/v2\/comments?post=87"}],"version-history":[{"count":1,"href":"https:\/\/blogs.ua.es\/1979diciembre\/wp-json\/wp\/v2\/pages\/87\/revisions"}],"predecessor-version":[{"id":88,"href":"https:\/\/blogs.ua.es\/1979diciembre\/wp-json\/wp\/v2\/pages\/87\/revisions\/88"}],"wp:attachment":[{"href":"https:\/\/blogs.ua.es\/1979diciembre\/wp-json\/wp\/v2\/media?parent=87"}],"curies":[{"name":"wp","href":"https:\/\/api.w.org\/{rel}","templated":true}]}}