{"id":107,"date":"2016-01-17T17:41:40","date_gmt":"2016-01-17T17:41:40","guid":{"rendered":"https:\/\/blogs.ua.es\/1980julio\/?page_id=107"},"modified":"2016-01-18T01:27:35","modified_gmt":"2016-01-18T01:27:35","slug":"entrevista","status":"publish","type":"page","link":"https:\/\/blogs.ua.es\/1980julio\/entrevista\/","title":{"rendered":"Entrevista"},"content":{"rendered":"<p><em>Por motivos de confidencialidad, la persona entrevistada no quiso ser grabada ni de forma visual ni de voz si dichos archivos iban a ser colgados en alg\u00fan lugar de la red, por tanto respetando sus deseos no lo colgaremos pero si dejaremos por escrito lo que estuvimos hablando durante la entrevista.<\/em><\/p>\n<p>&nbsp;<\/p>\n<p><strong>\u00a0-\u00bfCu\u00e1l es uno de los cambios que recuerdas?<\/strong><\/p>\n<p>Los ni\u00f1os no notaron en s\u00ed los cambios producidos, sin embargo las personas ya de una cierta edad, como yo, s\u00ed que pudimos notar ciertos cambios, aunque no creas que cambio mucho. Supuso el inicio de poder hablar de pol\u00edtica m\u00e1s libremente. No llegando al nivel al que estamos acostumbrados actualmente en el que es uno de los temas que nos encontramos a diario en la televisi\u00f3n pero s\u00ed que poco a poco la gente se atrev\u00eda a hacerlo.<\/p>\n<p><strong>-Y en el tema &#8216;mujer&#8217; ya que tu perteneces a ese g\u00e9nero, \u00bfobtuvisteis mejoras?<\/strong><\/p>\n<p>Si. No se consigui\u00f3 una igualdad total (cosa que incluso hoy en d\u00eda aun en mi humilde opini\u00f3n no se ha conseguido) pero s\u00ed que comenzamos a tener ciertos derechos. Como por ejemplo el poder trabajar sin depender solamente de que fueran nuestros maridos quien trajeran el dinero a casa.<\/p>\n<p><strong> -\u00bfA qu\u00e9 tipo de trabajos ten\u00edais posibilidad de acceder?<\/strong><\/p>\n<p>Claramente eran puestos de trabajos muy relacionados con el tema del hogar, como limpiadoras, administrativas o el servicio sanitaria (enfermeras como mucho). Ya que aunque ya la dictadura no estuviera, la mentalidad en muchas casas aun estaban muy inculcadas y por tanto aun los maridos no ve\u00edan con buenos ojos que la mujer dejase de ser el ama de la casa.<\/p>\n<p><strong> -Usted tiene hijos por lo que nos ha comentado, \u00bfmejor\u00f3 la educaci\u00f3n de los j\u00f3venes?<\/strong><\/p>\n<p>Sin duda. Este s\u00ed que es un aspecto que mejoro bastante. Las universidades abrieron sus puertas a todos los estudiantes. Es decir, ya no ten\u00edas que ser <em>&#8216;hijo de&#8217;<\/em> para poder acceder a estas. Por lo tanto supuso que las clases bajas pudieran as\u00ed dar un giro y acceder a puestos mejores dentro del mundo laboral.<\/p>\n<p><strong> -Y, \u00bfqu\u00e9 nos puedes contar sobre el tema de la inmigraci\u00f3n?<\/strong><\/p>\n<p>\u00a1Ni siquiera era la mitad de los que es ahora! En esa \u00e9poca estaba muy controlado y la mano de obra que se usaba eran los propios ciudadanos espa\u00f1oles, aquellos que viv\u00edan en peores condiciones.<\/p>\n<p>Tambi\u00e9n hay que decir que durante la dictadura estaba vigente la ley de Vagos y maleantes y por eso tampoco se ve\u00edan ning\u00fan vagabundo por la calle. Sin embargo es en estos a\u00f1os cuando deja de existir y se comienzan a ver m\u00e1s por las calles.<\/p>\n<p><strong>\u00a0 -Y como aspecto final, seg\u00fan tu opini\u00f3n, \u00bfdurante que a\u00f1os preferisteis vivir: la dictadura o en los a\u00f1os de la transici\u00f3n como el a\u00f1o 1980?<\/strong><\/p>\n<p>Sin lugar a dudas, durante la transici\u00f3n. Supuso el poder tener much\u00edsima m\u00e1s libertad en todos los aspectos. Pod\u00edamos ir al cine sin censura, reunirnos en la calle con los amigos. El poder hablar de cualquier tema sin temor \u00a0que te detuvieran,etc&#8230; En general, supuso un cambio para bien desde mi humilde opini\u00f3n.<\/p>\n<p>&nbsp;<\/p>\n<p>Y para finalizar esta entrevista, os dejamos con dos v\u00eddeos. El primero se trata de unas cuantas fotos de dicho a\u00f1o que muestra bien lo que nos comento nuestra entrevistada y el otro v\u00eddeo se trata de la canci\u00f3n del grupo que nos recomend\u00f3. Esperemos que os guste.<\/p>\n<p>&nbsp;<\/p>\n<p>&nbsp;<\/p>\n<p>&nbsp;<\/p>\n<p>https:\/\/www.youtube.com\/watch?v=yW-74j12C9g&#038;feature=youtu.be<\/p>\n<p>&nbsp;<\/p>\n<p>&nbsp;<\/p>\n<p>https:\/\/www.youtube.com\/watch?v=NrROdpJb4Ek<\/p>\n<p>&nbsp;<\/p>\n","protected":false},"excerpt":{"rendered":"<p>Por motivos de confidencialidad, la persona entrevistada no quiso ser grabada ni de forma visual ni de voz si dichos archivos iban a ser colgados en alg\u00fan lugar de la red, por tanto respetando sus deseos no lo colgaremos pero si dejaremos por escrito lo que estuvimos hablando durante la entrevista. &nbsp; \u00a0-\u00bfCu\u00e1l es uno [&hellip;]<\/p>\n","protected":false},"author":3896,"featured_media":0,"parent":0,"menu_order":0,"comment_status":"closed","ping_status":"closed","template":"","meta":{"footnotes":""},"class_list":["post-107","page","type-page","status-publish","hentry"],"_links":{"self":[{"href":"https:\/\/blogs.ua.es\/1980julio\/wp-json\/wp\/v2\/pages\/107","targetHints":{"allow":["GET"]}}],"collection":[{"href":"https:\/\/blogs.ua.es\/1980julio\/wp-json\/wp\/v2\/pages"}],"about":[{"href":"https:\/\/blogs.ua.es\/1980julio\/wp-json\/wp\/v2\/types\/page"}],"author":[{"embeddable":true,"href":"https:\/\/blogs.ua.es\/1980julio\/wp-json\/wp\/v2\/users\/3896"}],"replies":[{"embeddable":true,"href":"https:\/\/blogs.ua.es\/1980julio\/wp-json\/wp\/v2\/comments?post=107"}],"version-history":[{"count":2,"href":"https:\/\/blogs.ua.es\/1980julio\/wp-json\/wp\/v2\/pages\/107\/revisions"}],"predecessor-version":[{"id":109,"href":"https:\/\/blogs.ua.es\/1980julio\/wp-json\/wp\/v2\/pages\/107\/revisions\/109"}],"wp:attachment":[{"href":"https:\/\/blogs.ua.es\/1980julio\/wp-json\/wp\/v2\/media?parent=107"}],"curies":[{"name":"wp","href":"https:\/\/api.w.org\/{rel}","templated":true}]}}