{"id":12,"date":"2015-11-27T09:38:21","date_gmt":"2015-11-27T09:38:21","guid":{"rendered":"https:\/\/blogs.ua.es\/1980septiembre\/?page_id=12"},"modified":"2016-01-16T16:59:17","modified_gmt":"2016-01-16T16:59:17","slug":"presentacion","status":"publish","type":"page","link":"https:\/\/blogs.ua.es\/1980septiembre\/presentacion\/","title":{"rendered":"Presentaci\u00f3n"},"content":{"rendered":"<p>Somos Yohanna Gutierrez y Julio Vital y somos estudiantes del grado de Geograf\u00eda y Historia de la Universidad de Alicante del curso 2015-2016 y esto es un trabajo para la asignatura de Fuentes y Documentos para la Historia. Hemos recogido informaci\u00f3n de varios tipos de noticias como por ejemplo pol\u00edtica, cine, deportes, econom\u00eda, etc. os la presentaremos en v\u00eddeos con una peque\u00f1a descripci\u00f3n y una variedad de contenidos, que esperamos que os guste, y lo disfrut\u00e9is como nosotros! \ud83d\ude00<\/p>\n","protected":false},"excerpt":{"rendered":"<p>Somos Yohanna Gutierrez y Julio Vital y somos estudiantes del grado de Geograf\u00eda y Historia de la Universidad de Alicante del curso 2015-2016 y esto es un trabajo para la asignatura de Fuentes y Documentos para la Historia. Hemos recogido informaci\u00f3n de varios tipos de noticias como por ejemplo pol\u00edtica, cine, deportes, econom\u00eda, etc. os [&hellip;]<\/p>\n","protected":false},"author":3913,"featured_media":0,"parent":0,"menu_order":0,"comment_status":"closed","ping_status":"closed","template":"","meta":{"footnotes":""},"class_list":["post-12","page","type-page","status-publish","hentry"],"_links":{"self":[{"href":"https:\/\/blogs.ua.es\/1980septiembre\/wp-json\/wp\/v2\/pages\/12","targetHints":{"allow":["GET"]}}],"collection":[{"href":"https:\/\/blogs.ua.es\/1980septiembre\/wp-json\/wp\/v2\/pages"}],"about":[{"href":"https:\/\/blogs.ua.es\/1980septiembre\/wp-json\/wp\/v2\/types\/page"}],"author":[{"embeddable":true,"href":"https:\/\/blogs.ua.es\/1980septiembre\/wp-json\/wp\/v2\/users\/3913"}],"replies":[{"embeddable":true,"href":"https:\/\/blogs.ua.es\/1980septiembre\/wp-json\/wp\/v2\/comments?post=12"}],"version-history":[{"count":3,"href":"https:\/\/blogs.ua.es\/1980septiembre\/wp-json\/wp\/v2\/pages\/12\/revisions"}],"predecessor-version":[{"id":34,"href":"https:\/\/blogs.ua.es\/1980septiembre\/wp-json\/wp\/v2\/pages\/12\/revisions\/34"}],"wp:attachment":[{"href":"https:\/\/blogs.ua.es\/1980septiembre\/wp-json\/wp\/v2\/media?parent=12"}],"curies":[{"name":"wp","href":"https:\/\/api.w.org\/{rel}","templated":true}]}}