{"id":37,"date":"2016-01-16T18:04:38","date_gmt":"2016-01-16T18:04:38","guid":{"rendered":"https:\/\/blogs.ua.es\/1980septiembre\/?page_id=37"},"modified":"2016-01-16T18:07:02","modified_gmt":"2016-01-16T18:07:02","slug":"metodologia","status":"publish","type":"page","link":"https:\/\/blogs.ua.es\/1980septiembre\/metodologia\/","title":{"rendered":"Metodolog\u00eda"},"content":{"rendered":"<p>El m\u00e9todo que hemos utilizado es un m\u00e9todo sencillo, primero hemos tenido que aprender como se utiliza los blog y <em>Youtube<\/em>, m\u00e1s tarde hemos aprendido como se utiliza el programa <em>Movie Maker<\/em> para editar nuestros v\u00eddeos con <span style=\"text-decoration: underline\">grabaciones<\/span>, i<span style=\"text-decoration: underline\">m\u00e1genes<\/span>, <span style=\"text-decoration: underline\">v\u00eddeos<\/span>, etc. Con todo ello hemos conseguido hacer este blog, con todo su contenido. PAra tener nuestro contenido necesitabamos internet para descargalo todo, como las imagenes y los videos. Las grabaciones son nuestras y las noticas son de periodicos.\u00a0<\/p>\n","protected":false},"excerpt":{"rendered":"<p>El m\u00e9todo que hemos utilizado es un m\u00e9todo sencillo, primero hemos tenido que aprender como se utiliza los blog y Youtube, m\u00e1s tarde hemos aprendido como se utiliza el programa Movie Maker para editar nuestros v\u00eddeos con grabaciones, im\u00e1genes, v\u00eddeos, etc. Con todo ello hemos conseguido hacer este blog, con todo su contenido. PAra tener [&hellip;]<\/p>\n","protected":false},"author":3913,"featured_media":0,"parent":0,"menu_order":0,"comment_status":"closed","ping_status":"closed","template":"","meta":{"footnotes":""},"class_list":["post-37","page","type-page","status-publish","hentry"],"_links":{"self":[{"href":"https:\/\/blogs.ua.es\/1980septiembre\/wp-json\/wp\/v2\/pages\/37","targetHints":{"allow":["GET"]}}],"collection":[{"href":"https:\/\/blogs.ua.es\/1980septiembre\/wp-json\/wp\/v2\/pages"}],"about":[{"href":"https:\/\/blogs.ua.es\/1980septiembre\/wp-json\/wp\/v2\/types\/page"}],"author":[{"embeddable":true,"href":"https:\/\/blogs.ua.es\/1980septiembre\/wp-json\/wp\/v2\/users\/3913"}],"replies":[{"embeddable":true,"href":"https:\/\/blogs.ua.es\/1980septiembre\/wp-json\/wp\/v2\/comments?post=37"}],"version-history":[{"count":2,"href":"https:\/\/blogs.ua.es\/1980septiembre\/wp-json\/wp\/v2\/pages\/37\/revisions"}],"predecessor-version":[{"id":40,"href":"https:\/\/blogs.ua.es\/1980septiembre\/wp-json\/wp\/v2\/pages\/37\/revisions\/40"}],"wp:attachment":[{"href":"https:\/\/blogs.ua.es\/1980septiembre\/wp-json\/wp\/v2\/media?parent=37"}],"curies":[{"name":"wp","href":"https:\/\/api.w.org\/{rel}","templated":true}]}}