{"id":43,"date":"2016-01-16T19:11:43","date_gmt":"2016-01-16T19:11:43","guid":{"rendered":"https:\/\/blogs.ua.es\/1980septiembre\/?page_id=43"},"modified":"2016-01-16T19:11:43","modified_gmt":"2016-01-16T19:11:43","slug":"nuestros-pensamientos-valoracion","status":"publish","type":"page","link":"https:\/\/blogs.ua.es\/1980septiembre\/nuestros-pensamientos-valoracion\/","title":{"rendered":"Nuestros Pensamientos (Valoraci\u00f3n)"},"content":{"rendered":"<p>Para hacer este blog hemos echo un esfuerzo que cre\u00edamos que no lo har\u00edamos, buscar la informaci\u00f3n ha sido dif\u00edcil de lo esperado, ya que muchos archivos de los peri\u00f3dicos que hemos visitado no llegaban a nuestro a\u00f1o o justamente a nuestro mes. Tambi\u00e9n al hacer la edici\u00f3n de los v\u00eddeos, ha sido dif\u00edcil, ya que se pierde mucho tiempo (y mas antes de \u00e9poca de ex\u00e1menes), y tambien teniendo en cuenta algunos derechos de autor. Pero con todo este blog hemos salido ganando, hemos aprendido algo m\u00e1s, que puede ser que nos sirva para el futuro ( si no se nos olvida). Pero eso si, estamos a gusto con nuestro trabajo aportado, aunque hayamos tenido dificultades \u00a1Gracias por leernos!<\/p>\n","protected":false},"excerpt":{"rendered":"<p>Para hacer este blog hemos echo un esfuerzo que cre\u00edamos que no lo har\u00edamos, buscar la informaci\u00f3n ha sido dif\u00edcil de lo esperado, ya que muchos archivos de los peri\u00f3dicos que hemos visitado no llegaban a nuestro a\u00f1o o justamente a nuestro mes. Tambi\u00e9n al hacer la edici\u00f3n de los v\u00eddeos, ha sido dif\u00edcil, ya [&hellip;]<\/p>\n","protected":false},"author":3913,"featured_media":0,"parent":0,"menu_order":0,"comment_status":"closed","ping_status":"closed","template":"","meta":{"footnotes":""},"class_list":["post-43","page","type-page","status-publish","hentry"],"_links":{"self":[{"href":"https:\/\/blogs.ua.es\/1980septiembre\/wp-json\/wp\/v2\/pages\/43","targetHints":{"allow":["GET"]}}],"collection":[{"href":"https:\/\/blogs.ua.es\/1980septiembre\/wp-json\/wp\/v2\/pages"}],"about":[{"href":"https:\/\/blogs.ua.es\/1980septiembre\/wp-json\/wp\/v2\/types\/page"}],"author":[{"embeddable":true,"href":"https:\/\/blogs.ua.es\/1980septiembre\/wp-json\/wp\/v2\/users\/3913"}],"replies":[{"embeddable":true,"href":"https:\/\/blogs.ua.es\/1980septiembre\/wp-json\/wp\/v2\/comments?post=43"}],"version-history":[{"count":1,"href":"https:\/\/blogs.ua.es\/1980septiembre\/wp-json\/wp\/v2\/pages\/43\/revisions"}],"predecessor-version":[{"id":44,"href":"https:\/\/blogs.ua.es\/1980septiembre\/wp-json\/wp\/v2\/pages\/43\/revisions\/44"}],"wp:attachment":[{"href":"https:\/\/blogs.ua.es\/1980septiembre\/wp-json\/wp\/v2\/media?parent=43"}],"curies":[{"name":"wp","href":"https:\/\/api.w.org\/{rel}","templated":true}]}}