{"id":10,"date":"2015-12-04T12:17:28","date_gmt":"2015-12-04T12:17:28","guid":{"rendered":"https:\/\/blogs.ua.es\/1981agosto\/?page_id=10"},"modified":"2016-01-04T20:57:55","modified_gmt":"2016-01-04T20:57:55","slug":"presentacion","status":"publish","type":"page","link":"https:\/\/blogs.ua.es\/1981agosto\/presentacion\/","title":{"rendered":"Presentaci\u00f3n"},"content":{"rendered":"<p>Somos Dimi Naydenova Kriviralcheva y Mar\u00eda Tornero Prats alumnas de 1\u00ba de Grado de Historia de la Universidad de Alicante, para la asignatura de <em>Fuentes y documentos para la Historia.<\/em><\/p>\n<p>Somos dos personas muy curiosas, con ganas de aprender y descubrir todo lo que entra\u00f1a nuestro pasado, porque creemos firmemente que es posible colaborar para reinventar un futuro mejor a trav\u00e9s de \u00e9l. Y para que eso suceda no es necesario fijarse \u00fanicamente en los grandes acontecimientos b\u00e9licos, en realidad todo vale. Cualquier detalle, vivencia y descubrimiento por peque\u00f1o e insignificante que pueda parecer nos ayuda a avanzar hac\u00eda un futuro, quiz\u00e1 no perfecto, pero si esperamos que bastante mejorable, permiti\u00e9ndonos as\u00ed no cometer los antiguos errores del pasado.<\/p>\n<p>En esta ocasi\u00f3n queremos hacer un recorrido breve por la \u00e9poca de la <em>Transici\u00f3n espa\u00f1ola<\/em> que como casi todos sabr\u00e9is, podr\u00edamos decir que se inici\u00f3 con la muerte del general Francisco Franco aqu\u00e9l <em>20 de noviembre de 1975<\/em>.<\/p>\n<p>Intentaremos reconstruir a trav\u00e9s de los distintos medios el transcurso que \u00e9ste hecho ha tenido y como ha afectado a la sociedad el dejar atr\u00e1s, despu\u00e9s de tantos a\u00f1os, un r\u00e9gimen dictatorial tan importante como fue el <em>franquismo<\/em>.<\/p>\n<p>En este blog nos centraremos en un momento determinado de dicho periodo, en concreto en el mes de Agosto del a\u00f1o 1981 e intentaremos acercar a nuestros lectores un poquito m\u00e1s hasta la sociedad de aquella \u00e9poca, intentando reconstruir algunos de sus momentos m\u00e1s significativos tanto a nivel nacional como a nivel internacional. Tambi\u00e9n dentro de lo patri\u00f3tico no queremos olvidarnos de nuestra querida provincia de Alicante, pues en primer lugar es donde tenemos el placer de nutrir nuestras mentes a trav\u00e9s de esta casi aventura universitaria y, por otra parte, es tambi\u00e9n el hogar de los antepasados de la Srta. Mar\u00eda Tornero y el segundo hogar de Dimi, ya que como pod\u00e9is apreciar por sus apellidos, no son precisamente nacionales y que a\u00fan viniendo de un pa\u00eds extranjero vive entre nosotros, queriendo y disfrutando nuestra cultura, como una espa\u00f1ola m\u00e1s.<\/p>\n<p>A lo largo de nuestro espacio intentaremos que la gente que nos conceda unos minutos de su tiempo, disfrute y aprenda un poco m\u00e1s acerca de ese gran fen\u00f3meno que ha marcado la vida de millones de espa\u00f1oles tanto residentes como aquellos que tuvieron la necesidad de emigrar presionados por la situaci\u00f3n que estaba atravesando el pa\u00eds.<\/p>\n<p>&nbsp;<\/p>\n<p>S\u00f3lo nos queda desearos a todos una lectura agradable y amena.<\/p>\n<p>&nbsp;<\/p>\n<p>Atentamente, Dimi y Mar\u00eda.<\/p>\n<p>&nbsp;<\/p>\n<p>&nbsp;<\/p>\n<p>&nbsp;<\/p>\n<p>&nbsp;<\/p>\n","protected":false},"excerpt":{"rendered":"<p>Somos Dimi Naydenova Kriviralcheva y Mar\u00eda Tornero Prats alumnas de 1\u00ba de Grado de Historia de la Universidad de Alicante, para la asignatura de Fuentes y documentos para la Historia. Somos dos personas muy curiosas, con ganas de aprender y descubrir todo lo que entra\u00f1a nuestro pasado, porque creemos firmemente que es posible colaborar para [&hellip;]<\/p>\n","protected":false},"author":3986,"featured_media":0,"parent":0,"menu_order":0,"comment_status":"closed","ping_status":"closed","template":"","meta":{"footnotes":""},"class_list":["post-10","page","type-page","status-publish","hentry"],"_links":{"self":[{"href":"https:\/\/blogs.ua.es\/1981agosto\/wp-json\/wp\/v2\/pages\/10","targetHints":{"allow":["GET"]}}],"collection":[{"href":"https:\/\/blogs.ua.es\/1981agosto\/wp-json\/wp\/v2\/pages"}],"about":[{"href":"https:\/\/blogs.ua.es\/1981agosto\/wp-json\/wp\/v2\/types\/page"}],"author":[{"embeddable":true,"href":"https:\/\/blogs.ua.es\/1981agosto\/wp-json\/wp\/v2\/users\/3986"}],"replies":[{"embeddable":true,"href":"https:\/\/blogs.ua.es\/1981agosto\/wp-json\/wp\/v2\/comments?post=10"}],"version-history":[{"count":3,"href":"https:\/\/blogs.ua.es\/1981agosto\/wp-json\/wp\/v2\/pages\/10\/revisions"}],"predecessor-version":[{"id":20,"href":"https:\/\/blogs.ua.es\/1981agosto\/wp-json\/wp\/v2\/pages\/10\/revisions\/20"}],"wp:attachment":[{"href":"https:\/\/blogs.ua.es\/1981agosto\/wp-json\/wp\/v2\/media?parent=10"}],"curies":[{"name":"wp","href":"https:\/\/api.w.org\/{rel}","templated":true}]}}