{"id":21,"date":"2016-01-05T08:12:14","date_gmt":"2016-01-05T08:12:14","guid":{"rendered":"https:\/\/blogs.ua.es\/1981agosto\/?page_id=21"},"modified":"2016-01-05T08:12:14","modified_gmt":"2016-01-05T08:12:14","slug":"metodologia","status":"publish","type":"page","link":"https:\/\/blogs.ua.es\/1981agosto\/metodologia\/","title":{"rendered":"Metodolog\u00eda"},"content":{"rendered":"<p>La metodolog\u00eda que hemos seguido en la elaboraci\u00f3n de \u00e9ste blog, en realidad, es muy simple y m\u00e1s f\u00e1cil de lo que en realidad pueda parecer. Al fin y al cabo cuando disfrutas lo que haces, un trabajo es menos trabajo que aqu\u00e9l que odias hacer.<\/p>\n<p>Ha sido un mes de b\u00fasqueda casi constante de informaci\u00f3n en diversos sitios, tanto archivos f\u00edsicos, como v\u00eda Internet, ya que hoy en d\u00eda el mundo virtual nos permite tener acceso a casi toda clase de informaci\u00f3n, casi sin importar tambi\u00e9n en la \u00e9poca en la que nos queramos mover.<\/p>\n<p>Quiz\u00e1 lo m\u00e1s complicado de todo fue encontrar a alguien que accediera de buena fe a contarnos sus vivencias a c\u00e1mara abierta y sin tapujos. Y no es tanto el hecho de \u2018encontrar\u2019 a ese alguien como tal porque obviamente personas hay muchas. Lo realmente complicado fue dar con una persona que tuviera recuerdos con cierto tipo de valor, que pudieran resultar interesantes, tanto para nosotras, como para la gente que nos conceda el placer de ojear nuestro proyecto.<\/p>\n<p>Como todo trabajo de investigaci\u00f3n, m\u00e1s o menos bueno, m\u00e1s o menos completo, la parte fundamental es esa: <em>investigar<\/em>. Incluso a\u00fan seguimos en ello. Como buenas historiadoras hay que mantener el inter\u00e9s por el pasado de manera constante.<\/p>\n<p>En primer lugar y tras haber recopilado gran parte de los datos que consideramos de inter\u00e9s, pasamos a lo primordial que es presentarnos a nosotras y a hacer una breve exposici\u00f3n de lo que el lector se encontrar\u00eda cuando entre aqu\u00ed.<\/p>\n<p>Posteriormente y a ra\u00edz de \u00e9sta misma publicaci\u00f3n, cualquier persona es capaz de valorar la l\u00ednea de elaboraci\u00f3n que hemos seguido para organizar nuestros contenidos y las fuentes que hemos utilizado a lo largo de nuestro proyecto de investigaci\u00f3n y posteriormente, por si a alguien le puede resultar de inter\u00e9s, damos nuestra humilde opini\u00f3n sobre que nos ha supuesto el realizar un trabajo como \u00e9ste a expensas de que la persona que est\u00e9 leyendo pueda contrastarla con sus propias opiniones.<\/p>\n<p>Como\u00a0 se puede apreciar a lo largo de nuestro blog, hemos ido a\u00f1adiendo videos que hagan m\u00e1s amena, y a la par m\u00e1s divertida, la captaci\u00f3n de noticias por parte de los nuestros lectores. Son videos de distintos tipos, desde la entrevista anteriormente mencionada, pasando por recopilaciones de la evoluci\u00f3n de un mismo suceso a lo largo del mes designado (<em>Agosto de 1981<\/em>), hasta incluso una especie de breve programa televisivo que no busca otra cosa que divertir a aquellos que est\u00e9n interesados en profundizar un poco m\u00e1s en el transcurso de una \u00e9poca tan importante.<\/p>\n<p>Cabe destacar que contamos con varias secciones, para as\u00ed poder despertar los intereses particulares de cada uno; desde deportes, pol\u00edtica tanto interior como exterior, cultura y ocio, hasta los sucesos m\u00e1s actuales de aqu\u00e9l momento del siglo XX.<\/p>\n<p>Esperamos que con todo ello podamos generar el mismo inter\u00e9s que ha generado en nosotras la realizaci\u00f3n de esta breve reconstrucci\u00f3n de aqu\u00e9l momento.<\/p>\n","protected":false},"excerpt":{"rendered":"<p>La metodolog\u00eda que hemos seguido en la elaboraci\u00f3n de \u00e9ste blog, en realidad, es muy simple y m\u00e1s f\u00e1cil de lo que en realidad pueda parecer. Al fin y al cabo cuando disfrutas lo que haces, un trabajo es menos trabajo que aqu\u00e9l que odias hacer. Ha sido un mes de b\u00fasqueda casi constante de [&hellip;]<\/p>\n","protected":false},"author":3965,"featured_media":0,"parent":0,"menu_order":0,"comment_status":"closed","ping_status":"closed","template":"","meta":{"footnotes":""},"class_list":["post-21","page","type-page","status-publish","hentry"],"_links":{"self":[{"href":"https:\/\/blogs.ua.es\/1981agosto\/wp-json\/wp\/v2\/pages\/21","targetHints":{"allow":["GET"]}}],"collection":[{"href":"https:\/\/blogs.ua.es\/1981agosto\/wp-json\/wp\/v2\/pages"}],"about":[{"href":"https:\/\/blogs.ua.es\/1981agosto\/wp-json\/wp\/v2\/types\/page"}],"author":[{"embeddable":true,"href":"https:\/\/blogs.ua.es\/1981agosto\/wp-json\/wp\/v2\/users\/3965"}],"replies":[{"embeddable":true,"href":"https:\/\/blogs.ua.es\/1981agosto\/wp-json\/wp\/v2\/comments?post=21"}],"version-history":[{"count":1,"href":"https:\/\/blogs.ua.es\/1981agosto\/wp-json\/wp\/v2\/pages\/21\/revisions"}],"predecessor-version":[{"id":22,"href":"https:\/\/blogs.ua.es\/1981agosto\/wp-json\/wp\/v2\/pages\/21\/revisions\/22"}],"wp:attachment":[{"href":"https:\/\/blogs.ua.es\/1981agosto\/wp-json\/wp\/v2\/media?parent=21"}],"curies":[{"name":"wp","href":"https:\/\/api.w.org\/{rel}","templated":true}]}}