{"id":24,"date":"2016-01-05T09:05:59","date_gmt":"2016-01-05T09:05:59","guid":{"rendered":"https:\/\/blogs.ua.es\/1981agosto\/?page_id=24"},"modified":"2016-01-05T09:05:59","modified_gmt":"2016-01-05T09:05:59","slug":"valoracion-general","status":"publish","type":"page","link":"https:\/\/blogs.ua.es\/1981agosto\/valoracion-general\/","title":{"rendered":"Valoraci\u00f3n general"},"content":{"rendered":"<p>En este apartado daremos \u00fanicamente nuestra humilde opini\u00f3n sobre lo que nos ha supuesto, tanto a nivel acad\u00e9mico como a nivel personal, el realizar un trabajo como \u00e9ste.<\/p>\n<p>Aunque s\u00f3lo hemos tratado la informaci\u00f3n referida a un \u00fanico mes en un a\u00f1o determinado durante el periodo de la Transici\u00f3n, ha sido un trabajo que nos ha generado una cierta dificultad a la hora de encontrar informaci\u00f3n m\u00e1s o menos relevante sobre dicho periodo, fundamentalmente, porque como la mayor\u00eda ya saben, uno de los hechos m\u00e1s significativos que ha marcado el periodo transitorio y de abandono del franquismo, fue el \u2018<em>golpe de Estado\u2019<\/em> de aqu\u00e9l 23 de Febrero del mismo a\u00f1o que aqu\u00ed tratamos y que acapara pr\u00e1cticamente gran parte del inter\u00e9s de la gente m\u00e1s joven, sobretodo de aquellos con mentalidad revolucionaria como la nuestra.<\/p>\n<p>Tambi\u00e9n cabe destacar que las noticias seleccionadas han sido aquellas que hemos cre\u00eddo de mayor inter\u00e9s p\u00fablico, pero obviamente los sentimientos que provoquen en cada cual son distintos y el valor que les den es personal ya que es muy dif\u00edcil que guste a la mayor\u00eda, aunque esperamos que al menos lo encuentren como poco interesante, ya sea a nivel de cultura general o para\u00a0 colaborar en futuros trabajos acad\u00e9micos aportando nuestro granito de arena.<\/p>\n<p>A nivel personal podemos decir que la sensaci\u00f3n que nos ha generado ha sido grata y bastante interesante. Creemos firmemente que el sentimiento m\u00e1s positivo nace de nuestra m\u00e1s profunda frustraci\u00f3n a la hora de buscar informaci\u00f3n y acabar en un punto en el que llegamos a considerar que en el tan mencionado <em>Agosto de 1981<\/em> verdaderamente no hab\u00eda pasado nada interesante y que lo \u00fanico que encontr\u00e1bamos eran puertas cerradas por todas partes. Tambi\u00e9n como punto a favor a la hora de investigar un poco m\u00e1s all\u00e1 de lo poco o mucho conocido sobre el tema, nos dimos cuenta de la cantidad de cosas que desconoc\u00edamos y que realmente nunca nadie nos cont\u00f3 ni si quiera a modo de an\u00e9cdota y que si ya para la gente nativa supon\u00eda un misterio, que nos queda decir de los que vienen de fuera, hayan pasado m\u00e1s o menos a\u00f1os o casi una vida entera en territorio espa\u00f1ol.<\/p>\n<p>Como puntos negativos a la elaboraci\u00f3n del trabajo, quiz\u00e1s lo m\u00e1s importante que habr\u00eda que destacar ser\u00edan los impedimentos que nos pusieron en algunos sitios a la hora de pedir que nos facilitaran alg\u00fan tipo de informaci\u00f3n. Por otra parte, al ser un trabajo en pareja siempre es m\u00e1s gratificante y divertido que alguien comparta tus ideas y ocurrencias, y por qu\u00e9 no, tambi\u00e9n locuras. Pero el hecho de no residir en la misma localidad y adem\u00e1s estar bastante alejadas dentro del territorio de la misma provincia, tambi\u00e9n nos ha dificultado un poco la elaboraci\u00f3n de todo este proyecto, sobretodo a nivel audiovisual a la hora de poder grabar tanto entrevistas, como los diferentes videos.<\/p>\n<p>Y a modo de sugerencia por si sirve de algo, creemos que para los futuros historiadores que tengan el placer de elaborar un trabajo tan interesante como el nuestro, se les deba plantear la oportunidad, al menos con m\u00e1s tiempo de antelaci\u00f3n para que puedan realizar una b\u00fasqueda minuciosa y con m\u00e1s tiempo de investigar las distintas fuentes y no se les acabe juntando con ex\u00e1menes y otros deberes, porque a pesar de todo consideramos que es un trabajo muy productivo en todos los aspectos en la vida de un estudiante de un grado como el nuestro que es Historia.<\/p>\n<p>Por \u00faltimo, queremos destacar que a pesar de las dificultades que se nos hayan podido plantear por el camino, creemos que nos hemos sabido sobreponer a ellas y hemos conseguido al menos el objetivo principal que es aprender cada d\u00eda un poco mas a lo largo de todos estos d\u00edas.<\/p>\n","protected":false},"excerpt":{"rendered":"<p>En este apartado daremos \u00fanicamente nuestra humilde opini\u00f3n sobre lo que nos ha supuesto, tanto a nivel acad\u00e9mico como a nivel personal, el realizar un trabajo como \u00e9ste. Aunque s\u00f3lo hemos tratado la informaci\u00f3n referida a un \u00fanico mes en un a\u00f1o determinado durante el periodo de la Transici\u00f3n, ha sido un trabajo que nos [&hellip;]<\/p>\n","protected":false},"author":3965,"featured_media":0,"parent":0,"menu_order":0,"comment_status":"closed","ping_status":"closed","template":"","meta":{"footnotes":""},"class_list":["post-24","page","type-page","status-publish","hentry"],"_links":{"self":[{"href":"https:\/\/blogs.ua.es\/1981agosto\/wp-json\/wp\/v2\/pages\/24","targetHints":{"allow":["GET"]}}],"collection":[{"href":"https:\/\/blogs.ua.es\/1981agosto\/wp-json\/wp\/v2\/pages"}],"about":[{"href":"https:\/\/blogs.ua.es\/1981agosto\/wp-json\/wp\/v2\/types\/page"}],"author":[{"embeddable":true,"href":"https:\/\/blogs.ua.es\/1981agosto\/wp-json\/wp\/v2\/users\/3965"}],"replies":[{"embeddable":true,"href":"https:\/\/blogs.ua.es\/1981agosto\/wp-json\/wp\/v2\/comments?post=24"}],"version-history":[{"count":1,"href":"https:\/\/blogs.ua.es\/1981agosto\/wp-json\/wp\/v2\/pages\/24\/revisions"}],"predecessor-version":[{"id":31,"href":"https:\/\/blogs.ua.es\/1981agosto\/wp-json\/wp\/v2\/pages\/24\/revisions\/31"}],"wp:attachment":[{"href":"https:\/\/blogs.ua.es\/1981agosto\/wp-json\/wp\/v2\/media?parent=24"}],"curies":[{"name":"wp","href":"https:\/\/api.w.org\/{rel}","templated":true}]}}