{"id":53,"date":"2016-01-20T12:26:54","date_gmt":"2016-01-20T12:26:54","guid":{"rendered":"https:\/\/blogs.ua.es\/1981agosto\/?page_id=53"},"modified":"2016-01-20T12:26:54","modified_gmt":"2016-01-20T12:26:54","slug":"fuentes-utilizadas","status":"publish","type":"page","link":"https:\/\/blogs.ua.es\/1981agosto\/fuentes-utilizadas\/","title":{"rendered":"Fuentes utilizadas"},"content":{"rendered":"<p>Para llevar a cabo este blog, como ya he comentado en alguna de las p\u00e1ginas anteriores, se ha precisado recabar informaci\u00f3n de fuentes muy variadas y numerosas. Ha sido una labor dura, no por el contenido en s\u00ed, si no por las horas de tiempo dedicadas y por el trabajo selectivo tan importante que hemos tenido que realizar a la hora de decidir que noticias podr\u00edan ser de mayor inter\u00e9s p\u00fablico.<\/p>\n<p>Como bien he comentado con anterioridad, somos conscientes de que los gustos personales de cada lector son muy subjetivos y pueden distar mucho de los nuestros propios, pero obviamente la selecci\u00f3n se ha hecho siempre desde un punto de visto hist\u00f3rico y social, para ofrecer al lector ciertos hechos puntuales que influyeron en el camino de \u00a0Espa\u00f1a hac\u00eda el progreso.<\/p>\n<p>El mes y a\u00f1o designados a este blog, como se puede comprobar en la cabecera del mismo, es <strong><em>Agosto de 1981. <\/em><\/strong>Bien es cierto, que encontrar informaci\u00f3n relevante para este periodo concreto ha sido complicado por varias razones; la primera de ellas es que el protagonismo del a\u00f1o 1981 lo acapara el <em>Golpe de Estado del 23-F<\/em> como ya muchos saben, por otra parte tambi\u00e9n cabe mencionar que los meses de verano en Espa\u00f1a giran alrededor del turismo de sol y playa, que no por ser la \u00e9poca que era se desarrollaba menos.<\/p>\n<p>Con la finalidad de que lector pueda comprobar la veracidad de los datos o indagar un poco m\u00e1s, presentamos algunas de nuestras fuentes principales. En primer y m\u00e1s importante lugar como observareis en nuestros videos, la fuente principal han sido las hemerotecas de algunos de los peri\u00f3dicos m\u00e1s importantes del pa\u00eds y que tuvieron su presencia bien remarcada durante toda la \u00e9poca de antes y despu\u00e9s de la Transici\u00f3n.<\/p>\n<p>Algunas de ellas son: La hemeroteca del <em>diario el Pa\u00eds, el diario ABC, La Vanguardia, Informaci\u00f3n, el Mundo deportivo y el Marca <\/em>entre los m\u00e1s importantes.<\/p>\n<p>Hemos utilizado informaci\u00f3n de fuentes hist\u00f3ricas que actualmente ya no se encuentran a pie de calle, siempre que no haya gente como algunos vecinos Guardar del Segura, que los hayan guardado para poder ense\u00f1\u00e1rselos a sus nietos y gracias a eso hemos podido ojear en primera persona algunas p\u00e1ginas de la revista \u2018<em>Destino\u2019<\/em>.<\/p>\n<p>Tambi\u00e9n hemos tenido el placer de escuchar numerosas vivencias y memorias de los m\u00e1s mayores, que incluso hoy en d\u00eda siguen teniendo un sabor agridulce cuando recuerdan aquellas \u00e9pocas.<\/p>\n<p>Llegado a este punto tambi\u00e9n queremos agradecer las aportaciones que han hecho un poco m\u00e1s veraz \u00a0este blog, a trav\u00e9s de las entrevistas tan personales y como poco curiosas que nos han prestado; por una parte la Sra. Mar\u00eda Lillo Barcel\u00f3 de Villena, dedicada gran parte de su vida la industria zapatera y que nos ha podido contar de primera mano c\u00f3mo viv\u00edan las clases trabajadoras durante el r\u00e9gimen. Por otra parte, el Sr. Luis Juan Marcos, ex militar y habiendo dedicado gran parte de su vida al ej\u00e9rcito espa\u00f1ol, nos ofrece la otra cara de la moneda. Dos vidas totalmente diferentes que se juntan en este blog para colaborar con nuestra funci\u00f3n divulgativa.<\/p>\n","protected":false},"excerpt":{"rendered":"<p>Para llevar a cabo este blog, como ya he comentado en alguna de las p\u00e1ginas anteriores, se ha precisado recabar informaci\u00f3n de fuentes muy variadas y numerosas. Ha sido una labor dura, no por el contenido en s\u00ed, si no por las horas de tiempo dedicadas y por el trabajo selectivo tan importante que hemos [&hellip;]<\/p>\n","protected":false},"author":3965,"featured_media":0,"parent":0,"menu_order":0,"comment_status":"closed","ping_status":"closed","template":"","meta":{"footnotes":""},"class_list":["post-53","page","type-page","status-publish","hentry"],"_links":{"self":[{"href":"https:\/\/blogs.ua.es\/1981agosto\/wp-json\/wp\/v2\/pages\/53","targetHints":{"allow":["GET"]}}],"collection":[{"href":"https:\/\/blogs.ua.es\/1981agosto\/wp-json\/wp\/v2\/pages"}],"about":[{"href":"https:\/\/blogs.ua.es\/1981agosto\/wp-json\/wp\/v2\/types\/page"}],"author":[{"embeddable":true,"href":"https:\/\/blogs.ua.es\/1981agosto\/wp-json\/wp\/v2\/users\/3965"}],"replies":[{"embeddable":true,"href":"https:\/\/blogs.ua.es\/1981agosto\/wp-json\/wp\/v2\/comments?post=53"}],"version-history":[{"count":2,"href":"https:\/\/blogs.ua.es\/1981agosto\/wp-json\/wp\/v2\/pages\/53\/revisions"}],"predecessor-version":[{"id":55,"href":"https:\/\/blogs.ua.es\/1981agosto\/wp-json\/wp\/v2\/pages\/53\/revisions\/55"}],"wp:attachment":[{"href":"https:\/\/blogs.ua.es\/1981agosto\/wp-json\/wp\/v2\/media?parent=53"}],"curies":[{"name":"wp","href":"https:\/\/api.w.org\/{rel}","templated":true}]}}