{"id":2,"date":"2009-02-05T14:26:16","date_gmt":"2009-02-05T13:26:16","guid":{"rendered":""},"modified":"2009-09-01T21:34:20","modified_gmt":"2009-09-01T20:34:20","slug":"acerca_de","status":"publish","type":"page","link":"https:\/\/blogs.ua.es\/adamsmith\/acerca_de\/","title":{"rendered":"Acerca de"},"content":{"rendered":"<p>He creado este blog como ejercicio pr\u00e1ctico de la asignatura &#8220;Ideas y movimientos sociales y pol\u00edticos en la Edad Moderna&#8221;, de la Licenciatura en Historia de\u00a0 la Universidad de Alicante.<\/p>\n<p>Espero que la informaci\u00f3n sobre el economista Adam Smith que aqu\u00ed encontrar\u00e9is os sirva de gran ayuda. Un abrazo.<\/p>\n<p>Jes\u00fas<\/p>\n","protected":false},"excerpt":{"rendered":"<p>He creado este blog como ejercicio pr\u00e1ctico de la asignatura &#8220;Ideas y movimientos sociales y pol\u00edticos en la Edad Moderna&#8221;, de la Licenciatura en Historia de\u00a0 la Universidad de Alicante. Espero que la informaci\u00f3n sobre el economista Adam Smith que aqu\u00ed encontrar\u00e9is os sirva de gran ayuda. Un abrazo. Jes\u00fas<\/p>\n","protected":false},"author":1138,"featured_media":0,"parent":0,"menu_order":0,"comment_status":"open","ping_status":"open","template":"","meta":{"footnotes":""},"class_list":["post-2","page","type-page","status-publish","hentry"],"_links":{"self":[{"href":"https:\/\/blogs.ua.es\/adamsmith\/wp-json\/wp\/v2\/pages\/2","targetHints":{"allow":["GET"]}}],"collection":[{"href":"https:\/\/blogs.ua.es\/adamsmith\/wp-json\/wp\/v2\/pages"}],"about":[{"href":"https:\/\/blogs.ua.es\/adamsmith\/wp-json\/wp\/v2\/types\/page"}],"author":[{"embeddable":true,"href":"https:\/\/blogs.ua.es\/adamsmith\/wp-json\/wp\/v2\/users\/1138"}],"replies":[{"embeddable":true,"href":"https:\/\/blogs.ua.es\/adamsmith\/wp-json\/wp\/v2\/comments?post=2"}],"version-history":[{"count":2,"href":"https:\/\/blogs.ua.es\/adamsmith\/wp-json\/wp\/v2\/pages\/2\/revisions"}],"predecessor-version":[{"id":74,"href":"https:\/\/blogs.ua.es\/adamsmith\/wp-json\/wp\/v2\/pages\/2\/revisions\/74"}],"wp:attachment":[{"href":"https:\/\/blogs.ua.es\/adamsmith\/wp-json\/wp\/v2\/media?parent=2"}],"curies":[{"name":"wp","href":"https:\/\/api.w.org\/{rel}","templated":true}]}}