{"id":46,"date":"2022-05-25T12:57:03","date_gmt":"2022-05-25T12:57:03","guid":{"rendered":"https:\/\/blogs.ua.es\/adaptivelearning\/?page_id=46"},"modified":"2022-06-15T09:14:31","modified_gmt":"2022-06-15T09:14:31","slug":"socios","status":"publish","type":"page","link":"https:\/\/blogs.ua.es\/adaptivelearning\/socios\/","title":{"rendered":"Socios"},"content":{"rendered":"<p>Este proyecto, liderado por la Universidad de Alicante (UA), cuenta con la participaci\u00f3n de:<\/p>\n<ul>\n<li>Universidad de Educaci\u00f3n a Distancia (UNED)<\/li>\n<li>Universitat de Val\u00e8ncia (UV)<\/li>\n<li>Universitat Polit\u00e8cnica de Val\u00e8ncia (UPV)<\/li>\n<li>Universitat Jaume I (UJI)<\/li>\n<\/ul>\n<p>&nbsp;<\/p>\n<p><img loading=\"lazy\" decoding=\"async\" class=\"aligncenter wp-image-92 size-large\" src=\"https:\/\/blogs.ua.es\/adaptivelearning\/files\/2022\/06\/Screenshot-2022-06-14-at-10.00.37-1024x108.png\" alt=\"\" width=\"600\" height=\"63\" srcset=\"https:\/\/blogs.ua.es\/adaptivelearning\/files\/2022\/06\/Screenshot-2022-06-14-at-10.00.37-1024x108.png 1024w, https:\/\/blogs.ua.es\/adaptivelearning\/files\/2022\/06\/Screenshot-2022-06-14-at-10.00.37-300x32.png 300w, https:\/\/blogs.ua.es\/adaptivelearning\/files\/2022\/06\/Screenshot-2022-06-14-at-10.00.37-768x81.png 768w, https:\/\/blogs.ua.es\/adaptivelearning\/files\/2022\/06\/Screenshot-2022-06-14-at-10.00.37-1536x163.png 1536w, https:\/\/blogs.ua.es\/adaptivelearning\/files\/2022\/06\/Screenshot-2022-06-14-at-10.00.37.png 1936w\" sizes=\"auto, (max-width: 600px) 100vw, 600px\" \/><\/p>\n<p>&nbsp;<\/p>\n","protected":false},"excerpt":{"rendered":"<p>Este proyecto, liderado por la Universidad de Alicante (UA), cuenta con la participaci\u00f3n de: Universidad de Educaci\u00f3n a Distancia (UNED) Universitat de Val\u00e8ncia (UV) Universitat Polit\u00e8cnica de Val\u00e8ncia (UPV) Universitat Jaume I (UJI) &nbsp; &nbsp;<\/p>\n","protected":false},"author":4525,"featured_media":0,"parent":0,"menu_order":0,"comment_status":"closed","ping_status":"closed","template":"","meta":{"footnotes":""},"class_list":["post-46","page","type-page","status-publish","hentry"],"_links":{"self":[{"href":"https:\/\/blogs.ua.es\/adaptivelearning\/wp-json\/wp\/v2\/pages\/46","targetHints":{"allow":["GET"]}}],"collection":[{"href":"https:\/\/blogs.ua.es\/adaptivelearning\/wp-json\/wp\/v2\/pages"}],"about":[{"href":"https:\/\/blogs.ua.es\/adaptivelearning\/wp-json\/wp\/v2\/types\/page"}],"author":[{"embeddable":true,"href":"https:\/\/blogs.ua.es\/adaptivelearning\/wp-json\/wp\/v2\/users\/4525"}],"replies":[{"embeddable":true,"href":"https:\/\/blogs.ua.es\/adaptivelearning\/wp-json\/wp\/v2\/comments?post=46"}],"version-history":[{"count":8,"href":"https:\/\/blogs.ua.es\/adaptivelearning\/wp-json\/wp\/v2\/pages\/46\/revisions"}],"predecessor-version":[{"id":94,"href":"https:\/\/blogs.ua.es\/adaptivelearning\/wp-json\/wp\/v2\/pages\/46\/revisions\/94"}],"wp:attachment":[{"href":"https:\/\/blogs.ua.es\/adaptivelearning\/wp-json\/wp\/v2\/media?parent=46"}],"curies":[{"name":"wp","href":"https:\/\/api.w.org\/{rel}","templated":true}]}}