{"id":1081,"date":"2019-06-14T10:53:14","date_gmt":"2019-06-14T08:53:14","guid":{"rendered":"https:\/\/blogs.ua.es\/aesppu\/?page_id=1081"},"modified":"2022-04-22T10:31:03","modified_gmt":"2022-04-22T08:31:03","slug":"asociaciones-internacionales","status":"publish","type":"page","link":"https:\/\/blogs.ua.es\/aesppu\/presentacion\/asociaciones-internacionales\/","title":{"rendered":"Asociaciones Internacionales"},"content":{"rendered":"<p>Asociaciones internacionales sobre asesoramiento psicopedag\u00f3gico, atenci\u00f3n psicol\u00f3gica y psicoterapia en los centros de educaci\u00f3n superior y otras relevantes<\/p>\n<p><a href=\"https:\/\/www.eaie.org\/community\/expert-communities\/guidance-counselling.html\" target=\"_blank\" rel=\"noopener noreferrer\"><img loading=\"lazy\" decoding=\"async\" class=\"alignleft wp-image-1084 size-medium\" src=\"https:\/\/blogs.ua.es\/aesppu\/files\/2019\/06\/eaie-300x103.png\" alt=\"EAIE logo\" width=\"300\" height=\"103\" srcset=\"https:\/\/blogs.ua.es\/aesppu\/files\/2019\/06\/eaie-300x103.png 300w, https:\/\/blogs.ua.es\/aesppu\/files\/2019\/06\/eaie-512x176.png 512w, https:\/\/blogs.ua.es\/aesppu\/files\/2019\/06\/eaie.png 680w\" sizes=\"auto, (max-width: 300px) 100vw, 300px\" \/><\/a><a href=\"https:\/\/www.eaie.org\/community\/expert-communities\/guidance-counselling.html\" target=\"_blank\" rel=\"noopener noreferrer\">Guidance and Counselling Group &#8211; European Association for International Education EAIE<\/a><\/p>\n<p>&nbsp;<\/p>\n<p><img loading=\"lazy\" decoding=\"async\" class=\"alignleft wp-image-1086 size-thumbnail\" src=\"https:\/\/blogs.ua.es\/aesppu\/files\/2019\/06\/iacs-150x150.png\" alt=\"iacs logo\" width=\"150\" height=\"150\" srcset=\"https:\/\/blogs.ua.es\/aesppu\/files\/2019\/06\/iacs-150x150.png 150w, https:\/\/blogs.ua.es\/aesppu\/files\/2019\/06\/iacs-100x100.png 100w\" sizes=\"auto, (max-width: 150px) 100vw, 150px\" \/><\/p>\n<p><a href=\"http:\/\/iacsinc.org\/home.html\" target=\"_blank\" rel=\"noopener noreferrer\">International Association of Counseling Services, Inc USA<\/a><\/p>\n<ul>\n<li><a href=\"https:\/\/www.dropbox.com\/s\/drbp1pj40h5ofck\/Standards%20for%20University%20and%20College%20Counseling%20ServicesIACS.pdf?dl=0\" target=\"_blank\" rel=\"noopener noreferrer\">Standards for University and College Counseling Services<\/a><\/li>\n<\/ul>\n<p>&nbsp;<\/p>\n<p><img loading=\"lazy\" decoding=\"async\" class=\"alignleft wp-image-1088 size-medium\" src=\"https:\/\/blogs.ua.es\/aesppu\/files\/2019\/06\/nice-300x169.jpg\" alt=\"nice logo\" width=\"300\" height=\"169\" srcset=\"https:\/\/blogs.ua.es\/aesppu\/files\/2019\/06\/nice-300x169.jpg 300w, https:\/\/blogs.ua.es\/aesppu\/files\/2019\/06\/nice-768x432.jpg 768w, https:\/\/blogs.ua.es\/aesppu\/files\/2019\/06\/nice-512x288.jpg 512w, https:\/\/blogs.ua.es\/aesppu\/files\/2019\/06\/nice.jpg 1126w\" sizes=\"auto, (max-width: 300px) 100vw, 300px\" \/><a href=\"https:\/\/www.nice.org.uk\/guidance\/lifestyle-and-wellbeing\/mental-health-and-wellbeing\" target=\"_blank\" rel=\"noopener noreferrer\">Nice National Institute for Health and Care Excellence &#8211; Mental Health and Wellbeing<\/a><\/p>\n<p>&nbsp;<\/p>\n<p>&nbsp;<\/p>\n<p><img loading=\"lazy\" decoding=\"async\" class=\"alignnone size-full wp-image-1123\" src=\"https:\/\/blogs.ua.es\/aesppu\/files\/2019\/06\/bps.png\" alt=\"logo bps\" width=\"251\" height=\"91\" \/><a href=\"https:\/\/www.bps.org.uk\/\" target=\"_blank\" rel=\"noopener noreferrer\">The British Psychological Society<\/a><a href=\"https:\/\/www.who.int\/teams\/mental-health-and-substance-use\" target=\"_blank\" rel=\"noopener\"><img loading=\"lazy\" decoding=\"async\" class=\"size-full wp-image-1473 alignleft\" src=\"https:\/\/blogs.ua.es\/aesppu\/files\/2022\/04\/Captura-de-Pantalla-2022-04-22-a-las-10.27.48.png\" alt=\"logo World Health Organization\" width=\"220\" height=\"85\" \/><\/a><\/p>\n<p><a href=\"https:\/\/www.who.int\/mental_health\/en\/\" target=\"_blank\" rel=\"noopener noreferrer\">World Health Organization &#8211; Mental Health\u00a0<\/a><\/p>\n","protected":false},"excerpt":{"rendered":"<p>Asociaciones internacionales sobre asesoramiento psicopedag\u00f3gico, atenci\u00f3n psicol\u00f3gica y psicoterapia en los centros de educaci\u00f3n superior y otras relevantes Guidance and Counselling Group &#8211; European Association for International Education EAIE &nbsp; International Association of Counseling Services, Inc USA Standards for University and College Counseling Services &nbsp; Nice National Institute for Health and Care Excellence &#8211; Mental &hellip; <\/p>\n<p class=\"link-more\"><a href=\"https:\/\/blogs.ua.es\/aesppu\/presentacion\/asociaciones-internacionales\/\" class=\"more-link\">Continue reading<span class=\"screen-reader-text\"> &#8220;Asociaciones Internacionales&#8221;<\/span><\/a><\/p>\n","protected":false},"author":4277,"featured_media":0,"parent":12,"menu_order":0,"comment_status":"closed","ping_status":"closed","template":"","meta":{"footnotes":""},"class_list":["post-1081","page","type-page","status-publish","hentry"],"_links":{"self":[{"href":"https:\/\/blogs.ua.es\/aesppu\/wp-json\/wp\/v2\/pages\/1081","targetHints":{"allow":["GET"]}}],"collection":[{"href":"https:\/\/blogs.ua.es\/aesppu\/wp-json\/wp\/v2\/pages"}],"about":[{"href":"https:\/\/blogs.ua.es\/aesppu\/wp-json\/wp\/v2\/types\/page"}],"author":[{"embeddable":true,"href":"https:\/\/blogs.ua.es\/aesppu\/wp-json\/wp\/v2\/users\/4277"}],"replies":[{"embeddable":true,"href":"https:\/\/blogs.ua.es\/aesppu\/wp-json\/wp\/v2\/comments?post=1081"}],"version-history":[{"count":15,"href":"https:\/\/blogs.ua.es\/aesppu\/wp-json\/wp\/v2\/pages\/1081\/revisions"}],"predecessor-version":[{"id":1477,"href":"https:\/\/blogs.ua.es\/aesppu\/wp-json\/wp\/v2\/pages\/1081\/revisions\/1477"}],"up":[{"embeddable":true,"href":"https:\/\/blogs.ua.es\/aesppu\/wp-json\/wp\/v2\/pages\/12"}],"wp:attachment":[{"href":"https:\/\/blogs.ua.es\/aesppu\/wp-json\/wp\/v2\/media?parent=1081"}],"curies":[{"name":"wp","href":"https:\/\/api.w.org\/{rel}","templated":true}]}}