{"id":118,"date":"2015-03-20T10:13:41","date_gmt":"2015-03-20T09:13:41","guid":{"rendered":"http:\/\/uayuda.ua.es\/aesppu\/?page_id=118"},"modified":"2020-03-27T16:37:34","modified_gmt":"2020-03-27T14:37:34","slug":"materiales-de-consulta","status":"publish","type":"page","link":"https:\/\/blogs.ua.es\/aesppu\/materiales-de-consulta\/","title":{"rendered":"Materiales de consulta"},"content":{"rendered":"<p><span style=\"color: #800080\">| <a href=\"#webservicios\">Materiales en los sitios de los Servicios<\/a> | <a href=\"#educacion\">Psicolog\u00eda de la Educaci\u00f3n<\/a> | <a href=\"#clinica\">Psicolog\u00eda Cl\u00ednica<\/a> |<a href=\"#revistas\">Revistas de Psicolog\u00eda<\/a> | <a href=\"#diversidad\">Atenci\u00f3n a la diversidad<\/a> |<br \/>\n<\/span><br \/>\n<a id=\"webservicios\"><\/a><\/p>\n<h2><span style=\"color: #800080\">Materiales en los sitios web de los Servicios SPPU<br \/>\n<\/span><\/h2>\n<ul>\n<li>Universidad Carlos III de Madrid: <a title=\"Gu\u00edas Servicio Orientaci\u00f3n Univ. Carlos III Madrid\" href=\"http:\/\/www.uc3m.es\/ss\/Satellite\/ApoyoEstudiante\/es\/TextoMixta\/1371215921015\/Psicologica_y_psicopedagogica\" target=\"_blank\" rel=\"noopener noreferrer\">Gu\u00edas de Asesoramiento<\/a><\/li>\n<li>Universidad Aut\u00f3noma de Madrid: <a title=\"Blog Psicolog\u00eda Compartida Univ. Aut\u00f3noma Madrid\" href=\"http:\/\/psicologia-cpa.blogspot.com.es\/\" target=\"_blank\" rel=\"noopener noreferrer\">Blog Psicolog\u00eda Compartida<\/a><span style=\"color: #800080\"> | <\/span> <a href=\"https:\/\/twitter.com\/CPAUAM\" target=\"_blank\" rel=\"noopener noreferrer\">Twitter CPA<\/a><\/li>\n<li>UNED &#8211; <a href=\"http:\/\/revistas.uned.es\/index.php\/accionpsicologica\" target=\"_blank\" rel=\"noopener noreferrer\">Revista Acci\u00f3n Psicol\u00f3gica UNED<\/a>: <a href=\"http:\/\/revistas.uned.es\/index.php\/accionpsicologica\/issue\/view\/%28enero-junio%20del%202009%29%20%20%5BJanuary-June%202009%5D\" target=\"_blank\" rel=\"noopener noreferrer\">Monogr\u00e1fico Servicios de Atenci\u00f3n Psicol\u00f3gica en las Universidades Espa\u00f1olas<\/a><\/li>\n<\/ul>\n<p><a href=\"https:\/\/canal.uned.es\/series\/5c4829d0b1111f5c3f8b456a\" target=\"_blank\" rel=\"noopener noreferrer\">Jornada sobre Prevenci\u00f3n del Suicidio &#8211; UNED marzo 2019<\/a><\/p>\n<ul>\n<li>Universidad de Alicante:<a title=\"Blog UAyuda de la Universidad de Alicante\" href=\"https:\/\/blogs.ua.es\/uayuda\" target=\"_blank\" rel=\"noopener noreferrer\"> Blog Uayuda<\/a><span style=\"color: #800080\"> | <\/span> <a href=\"https:\/\/twitter.com\/cae_ua\" target=\"_blank\" rel=\"noopener noreferrer\">Twitter CAE<\/a><\/li>\n<li>Universidad de Murcia: <a href=\"http:\/\/www.um.es\/web\/sepa\/contenido\/recursos\/guias-practicas\" target=\"_blank\" rel=\"noopener noreferrer\">Gu\u00edas Pr\u00e1cticas del Servicio de Psicolog\u00eda Aplicada<\/a><\/li>\n<li>Universidad de C\u00e1diz: <a href=\"http:\/\/sap.uca.es\/guias-autoayudas\/\" target=\"_blank\" rel=\"noopener noreferrer\">Gu\u00edas de Autoayudas<\/a><span style=\"color: #800080\"> | <\/span> <a href=\"http:\/\/sap.uca.es\/materiales\/\" target=\"_blank\" rel=\"noopener noreferrer\">Folletos de Autoayuda<\/a><\/li>\n<\/ul>\n<h2><span style=\"color: #800080\"><a id=\"clinica\"><\/a>Psicolog\u00eda Cl\u00ednica<\/span><\/h2>\n<ul>\n<li><a href=\"https:\/\/blogs.ua.es\/aesppu\/files\/2017\/10\/1-Efectos-de-la-musica-frente-a-la-ansiedad-ante-los-ex\u00e1menes-RESUMEN.pdf\">Efectos de la musica frente a la ansiedad ante los ex\u00e1menes<\/a><\/li>\n<li><a href=\"http:\/\/www.div12.org\/psychological-treatments\/\" target=\"_blank\" rel=\"noopener noreferrer\">Gu\u00eda de la Society of Clinical Psychology<\/a> (Divisi\u00f3n 12 de la American Psychological Association) sobre Tratamientos basados en la evidencia<\/li>\n<li><a href=\"http:\/\/www.nice.org.uk\/\" target=\"_blank\" rel=\"noopener noreferrer\">Gu\u00eda National Institute for Health and Clinical Excellence (NICE)<\/a> de Reino Unido<\/li>\n<li><a href=\"http:\/\/www.cochrane.org\/\" target=\"_blank\" rel=\"noopener noreferrer\">Gu\u00eda Cochrane (Global Independent Network)<\/a><\/li>\n<li><a href=\"http:\/\/www.psychology.org.au\/\" target=\"_blank\" rel=\"noopener noreferrer\">Gu\u00eda Australian Psychological Society<\/a><\/li>\n<\/ul>\n<h2><span style=\"color: #800080\"><a id=\"educacion\"><\/a>Psicolog\u00eda de la Educaci\u00f3n<\/span><\/h2>\n<ul>\n<li><a href=\"https:\/\/blogs.ua.es\/aesppu\/files\/2017\/10\/Doc2-Art\u00edculo-CEVEAPEU.pdf\">Revista Relieve &#8211; Cuestionario CEVEAPEU, Evaluaci\u00f3n Estrategias Aprendizaje en Estudiantes Universitarios<\/a><\/li>\n<\/ul>\n<h2><span style=\"color: #800080\"><a id=\"diversidad\"><\/a>Atenci\u00f3n a la Diversidad &#8211; Necesidades Espec\u00edficas de Apoyo Educativo (NEAE)<\/span><\/h2>\n<ul>\n<li>Universidad de Alicante: <a title=\"Blog UAyuda de la Universidad de Alicante\" href=\"https:\/\/web.ua.es\/es\/accesibilidad\/curso\/adaptacion-curricular-de-la-universidad-de-alicante-casos-y-estrategias-de-aplicacion.html#ACUA\" target=\"_blank\" rel=\"noopener noreferrer\">Gu\u00edas TIC accesibles y Educaci\u00f3n Inclusiva<\/a><\/li>\n<\/ul>\n<h2><span style=\"color: #800080\"><a id=\"revistas\"><\/a>Revistas de Psicolog\u00eda<\/span><\/h2>\n<ul>\n<li><a href=\"http:\/\/revistas.um.es\/analesps\/\" target=\"_blank\" rel=\"noopener noreferrer\">Revista Anales de Psicolog\u00eda<\/a><\/li>\n<li><a href=\"https:\/\/onlinelibrary.wiley.com\/journal\/15566676\" target=\"_blank\" rel=\"noopener noreferrer\">Journal of Counseling &amp; Devolopment<\/a><\/li>\n<\/ul>\n","protected":false},"excerpt":{"rendered":"<p>| Materiales en los sitios de los Servicios | Psicolog\u00eda de la Educaci\u00f3n | Psicolog\u00eda Cl\u00ednica |Revistas de Psicolog\u00eda | Atenci\u00f3n a la diversidad | Materiales en los sitios web de los Servicios SPPU Universidad Carlos III de Madrid: Gu\u00edas de Asesoramiento Universidad Aut\u00f3noma de Madrid: Blog Psicolog\u00eda Compartida | Twitter CPA UNED &#8211; Revista &hellip; <\/p>\n<p class=\"link-more\"><a href=\"https:\/\/blogs.ua.es\/aesppu\/materiales-de-consulta\/\" class=\"more-link\">Continue reading<span class=\"screen-reader-text\"> &#8220;Materiales de consulta&#8221;<\/span><\/a><\/p>\n","protected":false},"author":4276,"featured_media":0,"parent":0,"menu_order":0,"comment_status":"closed","ping_status":"closed","template":"","meta":{"footnotes":""},"class_list":["post-118","page","type-page","status-publish","hentry"],"_links":{"self":[{"href":"https:\/\/blogs.ua.es\/aesppu\/wp-json\/wp\/v2\/pages\/118","targetHints":{"allow":["GET"]}}],"collection":[{"href":"https:\/\/blogs.ua.es\/aesppu\/wp-json\/wp\/v2\/pages"}],"about":[{"href":"https:\/\/blogs.ua.es\/aesppu\/wp-json\/wp\/v2\/types\/page"}],"author":[{"embeddable":true,"href":"https:\/\/blogs.ua.es\/aesppu\/wp-json\/wp\/v2\/users\/4276"}],"replies":[{"embeddable":true,"href":"https:\/\/blogs.ua.es\/aesppu\/wp-json\/wp\/v2\/comments?post=118"}],"version-history":[{"count":8,"href":"https:\/\/blogs.ua.es\/aesppu\/wp-json\/wp\/v2\/pages\/118\/revisions"}],"predecessor-version":[{"id":1240,"href":"https:\/\/blogs.ua.es\/aesppu\/wp-json\/wp\/v2\/pages\/118\/revisions\/1240"}],"wp:attachment":[{"href":"https:\/\/blogs.ua.es\/aesppu\/wp-json\/wp\/v2\/media?parent=118"}],"curies":[{"name":"wp","href":"https:\/\/api.w.org\/{rel}","templated":true}]}}