{"id":1211,"date":"2020-03-27T16:39:45","date_gmt":"2020-03-27T14:39:45","guid":{"rendered":"https:\/\/blogs.ua.es\/aesppu\/?page_id=1211"},"modified":"2020-11-26T12:11:45","modified_gmt":"2020-11-26T10:11:45","slug":"materiales-de-apoyo-cvid19","status":"publish","type":"page","link":"https:\/\/blogs.ua.es\/aesppu\/materiales-de-apoyo-cvid19\/","title":{"rendered":"Materiales de apoyo CVID19"},"content":{"rendered":"<p><em>Estamos viviendo una <strong>situaci\u00f3n totalmente novedosa<\/strong> para todos, que nos ha cambiado por completo el funcionamiento habitual de nuestras vidas.\u00a0Ello nos ha obligado a <strong>modificar nuestras rutinas y h\u00e1bitos<\/strong> m\u00e1s all\u00e1 de lo imaginado hasta ahora.<\/em><\/p>\n<p><em>El estudio de los efectos del confinamiento de personas t\u00edpicamente suced\u00eda en situaciones de secuestros y de ambientes de ciencia-ficci\u00f3n como en los viajes espaciales.<\/em><\/p>\n<p><em>Hoy d\u00eda, sin embargo, esta situaci\u00f3n es la normal para muchos millones de personas y los Servicios Psicol\u00f3gicos y Psicopedag\u00f3gicos de las Universidades Espa\u00f1olas somos un elemento importante para ayudar a nuestras poblaciones a soportar los efectos del confinamiento y para luchar contra la aparici\u00f3n de s\u00edntomas de ansiedad y depresi\u00f3n.\u00a0<\/em><\/p>\n<p><em>Con el esp\u00edritu de dar un servicio \u00fatil, ponemos a disposici\u00f3n del p\u00fablico en general los diversos materiales que se van elaborando en cada universidad<\/em>.<\/p>\n<p><span style=\"color: #800080\"><a href=\"#andaluc\u00eda\">Andaluc\u00eda<\/a> | <a href=\"#aragon\">Arag\u00f3n<\/a> | <a href=\"#asturias\">Asturias<\/a> | <a href=\"#islasbaleares\">Islas Baleares<\/a> | <a href=\"#islascanarias\">Islas Canarias<\/a> | <a href=\"#cantabria\">Cantabria<\/a> | <a href=\"#castillalamancha\">Castilla La Mancha<\/a> | <a href=\"#castillaleon\">Castilla y Le\u00f3n<\/a> | <a href=\"#catalu\u00f1a\">Catalu\u00f1a<\/a> | <a href=\"#extremadura\">Extremadura<\/a> | <a href=\"#galicia\">Galicia<\/a> | <a href=\"#larioja\">La Rioja<\/a> | <a href=\"#comunidadmadrid\">Comunidad de Madrid<\/a> |\u00a0<a href=\"#navarra\">Navarra<\/a> | <a href=\"#paisvasco\">Pa\u00eds Vasco<\/a> | <a href=\"#regionmurcia\">Regi\u00f3n de Murcia<\/a> | <a href=\"#comunidadvalenciana\">Comunidad Valenciana<\/a> |<br \/>\n<\/span><\/p>\n<p>| <a href=\"#recursos\">Recursos nacionales e internacionales interesantes<\/a> |<\/p>\n<h2><span style=\"color: #800080\"><a id=\"andalucia\"><\/a>Andaluc\u00eda<\/span><\/h2>\n<p><em><strong>Universidad de Almer\u00eda<\/strong><\/em><\/p>\n<ul>\n<li><a href=\"https:\/\/www.ual.es\/vida-universitaria\/atepsico\" target=\"_blank\" rel=\"noopener noreferrer\">Unidad de Atenci\u00f3n Psicol\u00f3gica &#8211; 10 recomendaciones generales ante el #quedateencasa<\/a><\/li>\n<\/ul>\n<p><em><strong>Universidad de C\u00e1diz<\/strong><\/em><\/p>\n<ul>\n<li>el <a href=\"https:\/\/sap.uca.es\/atencion-psicologica-covid-19\/\" target=\"_blank\" rel=\"noopener noreferrer\">SAP reorganiza su actividad en formato telem\u00e1tico<\/a><\/li>\n<\/ul>\n<p><em><strong>Universidad de Granada<\/strong><\/em><\/p>\n<ul>\n<li><a style=\"font-size: 1rem\" href=\"https:\/\/ve.ugr.es\/secretariados-y-unidades\/orientacion\" target=\"_blank\" rel=\"noopener noreferrer\">Gabinete Psicopedag\u00f3gico, Unidad de Orientaci\u00f3n Acad\u00e9mica<\/a><span style=\"font-size: 1rem\">, viene realizando videoconferencias y<\/span><\/li>\n<li><em style=\"font-size: 1rem\"><a href=\"https:\/\/blogs.ua.es\/aesppu\/files\/2020\/03\/RECOMENDACIONES-PARA-ESTUDIANTES-EN-EL-ENCIERRO-POR-EL-CORONAVIRUS_GABINETE-PSICOPEDAG\u00d3GICO.pdf\">Recomendaciones para estudiantes en el encierro por el Coronavirus<\/a><\/em><\/li>\n<\/ul>\n<p><em><strong>Universidad de M\u00e1laga<\/strong><\/em><\/p>\n<ul>\n<li><a href=\"https:\/\/www.uma.es\/uma-salud\/info\/123058\/covid-19\/\" target=\"_blank\" rel=\"noopener noreferrer\">Afrontamiento Covid-19<\/a><\/li>\n<\/ul>\n<h2><span style=\"color: #800080\"><a id=\"Aragon\"><\/a>Arag\u00f3n<\/span><\/h2>\n<p><strong><em>Universidad San Jorge<\/em><\/strong><\/p>\n<ul>\n<li>Servicio de Orientaci\u00f3n y Atenci\u00f3n Psicol\u00f3gica, <a href=\"https:\/\/www.usj.es\/alumnos\/atencion-personalizada\/servicio-de-orientacion-y-atencion-psicologica\/documentos-interes\" target=\"_blank\" rel=\"noopener noreferrer\">materiales de apoyo al estudio<\/a><\/li>\n<\/ul>\n<h2><span style=\"color: #800080\"><a id=\"asturias\"><\/a>Asturias<\/span><\/h2>\n<p><strong><em>Universidad de Oviedo<\/em><\/strong><\/p>\n<ul>\n<li><a href=\"https:\/\/upcsuniovi.com\/\" target=\"_blank\" rel=\"noopener noreferrer\">Unidad de Psicolog\u00eda Cl\u00ednica y de la Salud<\/a><\/li>\n<\/ul>\n<h2><span style=\"color: #800080\"><a id=\"islasbaleares\"><\/a>Islas Baleares<\/span><\/h2>\n<p><strong><em>Universitat de les Illes Balears<\/em><\/strong><\/p>\n<ul>\n<li><a href=\"https:\/\/campus.uib.cat\/Campus\/PACU\/Consulta-dAssessorament-Psicologic\/\" target=\"_blank\" rel=\"noopener noreferrer\">Servicio Universitario de Atenci\u00f3n Psicol\u00f3gica<\/a><\/li>\n<\/ul>\n<h2><span style=\"color: #800080\"><a id=\"islascanarias\"><\/a>Islas Canarias<\/span><\/h2>\n<p><strong><em>Universidad de La Laguna<\/em><\/strong><\/p>\n<ul>\n<li><a href=\"https:\/\/www.ull.es\/portal\/noticias\/2014\/el-huc-y-la-ull-implantan-un-sistema-pionero-en-espana-de-asistencia-psicologica-a-pacientes-familiares-y-profesionales-de-uvi\/\" target=\"_blank\" rel=\"noopener noreferrer\">Asistencia psicol\u00f3gica a pacientes, familiares y profesionales<\/a><\/li>\n<\/ul>\n<h2><span style=\"color: #800080\"><a id=\"cantabria\"><\/a>Cantabria<\/span><\/h2>\n<p><strong><em>Universidad de Cantabria<\/em><\/strong><\/p>\n<ul>\n<li><a href=\"https:\/\/web.unican.es\/unidades\/soucan\/estudiantes\/servicio-de-apoyo-psicopedagogico\" target=\"_blank\" rel=\"noopener noreferrer\">SOUCAN Servicio de Apoyo Psicopedag\u00f3gico<\/a><\/li>\n<\/ul>\n<h2><span style=\"color: #800080\"><a id=\"castillalamancha\"><\/a>Castilla La Mancha<\/span><\/h2>\n<p><em><strong>Universidad de Castilla-La Mancha<\/strong><\/em><\/p>\n<ul>\n<li><a href=\"https:\/\/www.uclm.es\/es\/Misiones\/LaUCLM\/Campus\/VidaCampus\/SAP\" target=\"_blank\" rel=\"noopener noreferrer\">Servicio de Atenci\u00f3n Psicol\u00f3gica<\/a><\/li>\n<\/ul>\n<h2><span style=\"color: #800080\"><a id=\"castillaleon\"><\/a>Castilla y Le\u00f3n<\/span><\/h2>\n<p><strong><em>Universidad de Salamanca:<\/em><\/strong><\/p>\n<ul>\n<li><a href=\"http:\/\/sas.usal.es\/atencion-psicologica-a-la-comunidad-universitaria\/\" target=\"_blank\" rel=\"noopener noreferrer\">Atenci\u00f3n Psicol\u00f3gica a la Comunidad Universitaria<\/a>, <a href=\"https:\/\/www.usal.es\/consejos-psicologicos\" target=\"_blank\" rel=\"noopener noreferrer\">dec\u00e1logo de consejos psicol\u00f3gicos<\/a><\/li>\n<\/ul>\n<h2><span style=\"color: #800080\"><a id=\"catalu\u00f1a\"><\/a>Catalu\u00f1a<\/span><\/h2>\n<ul>\n<li><em><strong>Universitat Abat Oliva CEU Barcelona<\/strong><\/em><\/li>\n<\/ul>\n<p><a href=\"https:\/\/www.uaoceu.es\/orientacion-psicologica\" target=\"_blank\" rel=\"noopener noreferrer\">Servicio de Atenci\u00f3n Psicol\u00f3gica<\/a>, publica<\/p>\n<ul>\n<li><a href=\"https:\/\/www.uaoceu.es\/atencion-psicologica-distancia\" target=\"_blank\" rel=\"noopener noreferrer\">Pautas psicoeducativas para el confinamiento<\/a>,<\/li>\n<li><a href=\"https:\/\/www.uaoceu.es\/unidad-terapeutica-de-asistencia-psicologica\" target=\"_blank\" rel=\"noopener noreferrer\">UTAPcontigo (para atenci\u00f3n cl\u00ednica)<\/a> con<\/li>\n<li><a href=\"https:\/\/www.uaoceu.es\/autocuidado-personal-hospitalario\" target=\"_blank\" rel=\"noopener noreferrer\">Videos breves para el autocuidado<\/a> para personal hospitalario y poblaci\u00f3n en general<\/li>\n<\/ul>\n<p><em><strong>Universitat Aut\u00f3noma de Barcelona<\/strong><\/em><\/p>\n<ul>\n<li><a href=\"http:\/\/sct.uab.cat\/spl\/\" target=\"_blank\" rel=\"noopener noreferrer\">Servei de Psicolog\u00eda i Logop\u00e8dia, centro virtual de atenci\u00f3n a la poblaci\u00f3n afectada<\/a> y<\/li>\n<li><a href=\"https:\/\/www.dropbox.com\/s\/667cx5g5jx796cu\/Dec\u00e0leg_SPL%20Sanitarios.pdf?dl=0\" target=\"_blank\" rel=\"noopener noreferrer\">Recomendaciones para el personal sanitario<\/a><\/li>\n<\/ul>\n<p><em><strong>Universitat de Barcelona<\/strong><\/em><\/p>\n<ul>\n<li><a href=\"https:\/\/www.ub.edu\/portal\/web\/psicologia\/\" target=\"_blank\" rel=\"noopener noreferrer\">Unitat de Terapia de Conducta<\/a>, <a href=\"https:\/\/www.ub.edu\/portal\/web\/psicologia\/#tab-2\" target=\"_blank\" rel=\"noopener noreferrer\">Covid-19<\/a> y<\/li>\n<li><a href=\"https:\/\/www.ub.edu\/web\/ub\/ca\/menu_eines\/noticies\/2020\/03\/055.html\" target=\"_blank\" rel=\"noopener noreferrer\">Pautas para el manejo psicol\u00f3gico del confinamiento<\/a><\/li>\n<\/ul>\n<h2><span style=\"color: #800080\"><a id=\"extremadura\"><\/a>Extremadura<\/span><\/h2>\n<p><em><strong>Universidad de Extremadura<\/strong><\/em><\/p>\n<ul>\n<li><a href=\"https:\/\/www.unex.es\/conoce-la-uex\/centros\/profesorado\/unidad-asesoramiento-psicologico\" target=\"_blank\" rel=\"noopener noreferrer\">Unidad de Asesoramiento Psicol\u00f3gico<\/a>, <a href=\"https:\/\/sites.google.com\/view\/unapffp\/p\u00e1gina-principal\" target=\"_blank\" rel=\"noopener noreferrer\">UNAP<\/a><\/li>\n<\/ul>\n<h2><span style=\"color: #800080\"><a id=\"galicia\"><\/a>Galicia<\/span><\/h2>\n<p><em><strong>Universidad De Santiago de Compostela<\/strong><\/em><\/p>\n<ul>\n<li><a href=\"https:\/\/www.usc.gal\/gl\/centros\/psicoloxia\/modules\/news\/news_0224.html\" target=\"_blank\" rel=\"noopener noreferrer\">Servicio de Psicolog\u00eda<\/a><\/li>\n<li><a href=\"https:\/\/www.usc.gal\/gl\/centros\/psicoloxia\/modules\/news\/news_0224.html\" target=\"_blank\" rel=\"noopener noreferrer\">Consejos psicol\u00f3gicos para la situaci\u00f3n actual por el coronavirus<\/a><\/li>\n<\/ul>\n<h2><span style=\"color: #800080\"><a id=\"larioja\"><\/a>La Rioja<\/span><\/h2>\n<p><em><strong>Universidad de La Rioja<\/strong><\/em><\/p>\n<ul>\n<li><a href=\"https:\/\/www.unirioja.es\/apnoticias\/servlet\/Noticias?codnot=5990&amp;accion=detnot\" target=\"_blank\" rel=\"noopener noreferrer\">Colaboraci\u00f3n con el Colegio de Psic\u00f3logos<\/a><\/li>\n<\/ul>\n<h2><span style=\"color: #800080\"><a id=\"comunidadmadrid\"><\/a>Comunidad de Madrid<\/span><\/h2>\n<p><em><strong>Universidad Carlos III de Madrid<\/strong><\/em><\/p>\n<ul>\n<li><a href=\"https:\/\/www.uc3m.es\/ss\/Satellite\/ApoyoEstudiante\/es\/TextoDosColumnas\/1371287808770\/\" target=\"_blank\" rel=\"noopener noreferrer\">Gu\u00eda para sacar partido a un largo periodo en casa<\/a><\/li>\n<\/ul>\n<p><em><strong>Universidad Complutense de Madrid<\/strong><\/em><\/p>\n<ul>\n<li><a href=\"https:\/\/www.ucm.es\/clinicadepsicologia\" target=\"_blank\" rel=\"noopener noreferrer\">Cl\u00ednica de Psicolog\u00eda<\/a><\/li>\n<\/ul>\n<p><em><strong>Universidad Aut\u00f3noma de Madrid<\/strong><\/em><\/p>\n<ul>\n<li><a href=\"http:\/\/www.uam.es\/UAM\/CPA_SHO\/1446761602987.htm?idenlace=1234886424568&amp;language=es\" target=\"_blank\" rel=\"noopener noreferrer\">Centro de Psicolog\u00eda Aplicada, atenci\u00f3n psicol\u00f3gica COVID-19, <\/a>;<\/li>\n<li><a href=\"http:\/\/www.uam.es\/UAM\/CPA_SHO\/1446761602987.htm?idenlace=1234886424568&amp;language=es\" target=\"_blank\" rel=\"noopener noreferrer\">Apoyo para personas que han perdido a un ser querido por el COVID-19<\/a>;<\/li>\n<li><strong>SERVICIO DE ATENCI\u00d3N TELEF\u00d3NICA GRATUITA<\/strong> de lunes a viernes de 10 a 18 hs en el tel\u00e9fono <strong>662378982 y<\/strong><\/li>\n<li><a href=\"http:\/\/www.uam.es\/UAM\/CPA_SHO\/1446761602987.htm?idenlace=1234886424568&amp;language=es\" target=\"_blank\" rel=\"noopener noreferrer\">Pautas generales para el manejo del confinamiento<\/a><\/li>\n<\/ul>\n<p><em><strong>UNED<\/strong><\/em><\/p>\n<ul>\n<li><a href=\"https:\/\/www.uned.es\/universidad\/inicio\/uned_uoc_solidaria.html\" target=\"_blank\" rel=\"noopener noreferrer\">Servicio de Psicolog\u00eda Aplicada<\/a>;<\/li>\n<li><a href=\"http:\/\/blogs.uned.es\/spa\/emergencia-sanitaria-covid19\/\" target=\"_blank\" rel=\"noopener noreferrer\">Blog<\/a><\/li>\n<\/ul>\n<p><em><strong>Escuela T. S. Ingenieros Industriales UPM<\/strong><\/em><\/p>\n<ul>\n<li><a href=\"https:\/\/www.escuelaindustrialesupm.com\/ingeniero-industrial\/como-cuidar-nuestra-salud-emocional-ante-el-coronavirus\/\" target=\"_blank\" rel=\"noopener noreferrer\">Cuidar nuestras emociones frente al coronavirus<\/a><\/li>\n<li><a href=\"https:\/\/www.escuelaindustrialesupm.com\/ingeniero-industrial\/cultivar-la-inteligencia-emocional-durante-el-confinamiento-por-el-coronavirus\/\" target=\"_blank\" rel=\"noopener noreferrer\">Cultivar la inteligencia emocional durante el confinamiento<\/a><\/li>\n<li><a href=\"https:\/\/www.escuelaindustrialesupm.com\/ingeniero-industrial\/cral-el-antivirus-emocional-del-covid19\/\" target=\"_blank\" rel=\"noopener noreferrer\">Cral el antivirus emocional del COVID-19<\/a><\/li>\n<li><a href=\"https:\/\/www.escuelaindustrialesupm.com\/ingeniero-industrial\/la-gratitud-una-fortaleza-humana-frente-a-las-adversidades-de-la-cuarentena\/\" target=\"_blank\" rel=\"noopener noreferrer\">La gratitud ante las adversidades<\/a><\/li>\n<li><a href=\"https:\/\/www.escuelaindustrialesupm.com\/ingeniero-industrial\/inyectemos-automotivacion-en-la-prorroga-del-estado-de-alarma\/\" target=\"_blank\" rel=\"noopener noreferrer\">Automotivaci\u00f3n ante el confinamiento<\/a><\/li>\n<\/ul>\n<h2><span style=\"color: #800080\"><a id=\"navarra\"><\/a>Navarra<\/span><\/h2>\n<p><em><strong>Universidad de Navarra:<\/strong><\/em><\/p>\n<ul>\n<li><a href=\"https:\/\/www.unav.edu\/asesoramiento-al-alumno\" target=\"_blank\" rel=\"noopener noreferrer\">Asesoramiento al alumno<\/a><\/li>\n<\/ul>\n<h2><span style=\"color: #800080\"><a id=\"paisvasco\"><\/a>Pa\u00eds Vasco<\/span><\/h2>\n<p><em><strong>Universidad del Pa\u00eds Vasco EHU<\/strong><\/em><\/p>\n<ul>\n<li><a href=\"https:\/\/www.ehu.eus\/es\/web\/servicio-atencion-psicologica\" target=\"_blank\" rel=\"noopener noreferrer\">Servicio de Atenci\u00f3n Psicol\u00f3gica, v\u00eda Skype<\/a><\/li>\n<\/ul>\n<h2><span style=\"color: #800080\"><a id=\"regionmurcia\"><\/a>Regi\u00f3n de Murcia<\/span><\/h2>\n<p><em><strong>Universidad de Murcia<\/strong><\/em><\/p>\n<ul>\n<li><a href=\"https:\/\/www.um.es\/web\/sepa\/-\/proyecto-equilibrium\" target=\"_blank\" rel=\"noopener noreferrer\">Proyecto Equilibrium<\/a> del <a href=\"http:\/\/www.um.es\/web\/sepa\" target=\"_blank\" rel=\"noopener noreferrer\">Servicio de Psicolog\u00eda Aplicada,<\/a><\/li>\n<li><a href=\"https:\/\/www.um.es\/web\/sepa\/contenido\/noticias\/informacion-interes\/-\/asset_publisher\/jtq4u0TcKAja\/content\/psicologia-y-recomendaciones-coronavirus\" target=\"_blank\" rel=\"noopener noreferrer\">Orientaciones para afrontar el coronavirus<\/a><\/li>\n<\/ul>\n<h2><span style=\"color: #800080\"><a id=\"comunidadvalenciana\"><\/a>Comunidad Valenciana<\/span><\/h2>\n<p><em><strong>Universidad de Alicante<\/strong><\/em><\/p>\n<ul>\n<li><a href=\"https:\/\/blogs.ua.es\/uayuda\/2020\/03\/ayuda-para-sobrellevar-el-confinamiento\/\" target=\"_blank\" rel=\"noopener noreferrer\">Ayuda para sobrellevar el confinamiento<\/a><\/li>\n<\/ul>\n<p><em><strong>Universitat Jaume I (Castell\u00f3n)<\/strong><\/em><\/p>\n<ul>\n<li><a href=\"https:\/\/www.youtube.com\/playlist?list=PL9Kmtvclv90uIgSGBWsRIW0pY_7LEF7sz\" target=\"_blank\" rel=\"noopener noreferrer\">LabPsitec,<\/a><\/li>\n<li><a href=\"https:\/\/www.youtube.com\/playlist?list=PL9Kmtvclv90uIgSGBWsRIW0pY_7LEF7sz\" target=\"_blank\" rel=\"noopener noreferrer\">Recursos para el bienestar psicol\u00f3gico<\/a><\/li>\n<li><a href=\"http:\/\/www.want.uji.es\/pildora-1_psicovid-19\/\" target=\"_blank\" rel=\"noopener noreferrer\">P\u00edldoras para el COVID-19 del equipo de investigaci\u00f3n WANT<\/a><\/li>\n<\/ul>\n<p><em><strong>Universidad Miguel Hern\u00e1ndez<\/strong><\/em><\/p>\n<ul>\n<li><a href=\"https:\/\/clinicauniversitaria.umh.es\/coronavirus-plan-de-continuidad-de-la-clinica-universitaria\" target=\"_blank\" rel=\"noopener noreferrer\">Cl\u00ednica Universitaria<\/a><\/li>\n<\/ul>\n<p><em><strong>Universitat de Val\u00e8ncia<\/strong><\/em><\/p>\n<ul>\n<li>Servicio de atenci\u00f3n psicol\u00f3gica: <a href=\"https:\/\/www.fundaciolluisalcanyis.org\/clinicas\/2020\/03\/19\/frenando-al-coronavirus-ideas-y-sugerencias-desde-la-psicologia-soislosprotagonistas\/\" target=\"_blank\" rel=\"noopener noreferrer\">Frenando al Coronavirus (actividades multimedia)<\/a>;<\/li>\n<li><a href=\"https:\/\/www.fundaciolluisalcanyis.org\/clinicas\/2020\/04\/07\/la-clinica-de-psicologia-uv-lanza-la-guia-para-gestionar-situaciones-familiares-durante-el-confinamiento\/\" target=\"_blank\" rel=\"noopener noreferrer\">Gu\u00eda para gestionar situaciones familiares<\/a>,<\/li>\n<li><a href=\"https:\/\/www.fundaciolluisalcanyis.org\/clinicas\/2020\/04\/08\/la-clinica-de-psicologia-uv-crea-una-guia-sobre-el-duelo-ante-el-impacto-del-covid-19\/\" target=\"_blank\" rel=\"noopener noreferrer\">Gu\u00eda sobre el duelo por el impacto del COVID-19<\/a><\/li>\n<\/ul>\n<h2><span style=\"color: #800080\"><a id=\"recursos\"><\/a>Otros recursos nacionales e internacionales interesantes<\/span><\/h2>\n<ul>\n<li><a href=\"https:\/\/www.actionforhappiness.org\/about-us\" target=\"_blank\" rel=\"noopener noreferrer\"><em><strong>Action for Happiness<\/strong><\/em><\/a> publica los <a href=\"https:\/\/www.actionforhappiness.org\/active-coping-april\" target=\"_blank\" rel=\"noopener noreferrer\">Calendarios de Afrontamiento Activo: Abril 2020<\/a> que nos vendr\u00e1n genial para disfrutar este mes de abril en confinamiento<\/li>\n<li><strong><em>European Association for International Education EAIE<\/em>:<\/strong> <a href=\"http:\/\/eaie.informz.net\/z\/cjUucD9taT03ODYzNjc5JnA9MSZ1PTc3NjA1MDc2OSZsaT02NDMzNzMzMw\/index.html\" target=\"_blank\" rel=\"noopener noreferrer\">Coping with COVID-19 IHEE<\/a> and aditional resources: <a href=\"http:\/\/eaie.informz.net\/z\/cjUucD9taT03ODYzNjc5JnA9MSZ1PTc3NjA1MDc2OSZsaT02NDMzNzMzNQ\/index.html\" target=\"_blank\" rel=\"noopener noreferrer\">Supporting students affected by coronavirus<\/a>, <a href=\"http:\/\/eaie.informz.net\/z\/cjUucD9taT03ODYzNjc5JnA9MSZ1PTc3NjA1MDc2OSZsaT02NDMzNzMzNw\/index.html\" target=\"_blank\" rel=\"noopener noreferrer\">How higher education institutions can respond to the crisis<\/a>, <a href=\"http:\/\/eaie.informz.net\/z\/cjUucD9taT03ODYzNjc5JnA9MSZ1PTc3NjA1MDc2OSZsaT02NDMzNzM0MA\/index.html\" target=\"_blank\" rel=\"noopener noreferrer\">Crafting better crisis management strategies<\/a><\/li>\n<li><a href=\"http:\/\/www.sepsicologiapositiva.es\" target=\"_blank\" rel=\"noopener noreferrer\">Sociedad Espa\u00f1ola de Psicolog\u00eda Positiva<\/a> &#8211; <a href=\"http:\/\/www.sepsicologiapositiva.es\/sepp\/enlaces-de-interes\" target=\"_blank\" rel=\"noopener noreferrer\">Enlaces interesantes<\/a><\/li>\n<\/ul>\n","protected":false},"excerpt":{"rendered":"<p>Estamos viviendo una situaci\u00f3n totalmente novedosa para todos, que nos ha cambiado por completo el funcionamiento habitual de nuestras vidas.\u00a0Ello nos ha obligado a modificar nuestras rutinas y h\u00e1bitos m\u00e1s all\u00e1 de lo imaginado hasta ahora. El estudio de los efectos del confinamiento de personas t\u00edpicamente suced\u00eda en situaciones de secuestros y de ambientes de &hellip; <\/p>\n<p class=\"link-more\"><a href=\"https:\/\/blogs.ua.es\/aesppu\/materiales-de-apoyo-cvid19\/\" class=\"more-link\">Continue reading<span class=\"screen-reader-text\"> &#8220;Materiales de apoyo CVID19&#8221;<\/span><\/a><\/p>\n","protected":false},"author":4277,"featured_media":0,"parent":0,"menu_order":0,"comment_status":"closed","ping_status":"closed","template":"","meta":{"footnotes":""},"class_list":["post-1211","page","type-page","status-publish","hentry"],"_links":{"self":[{"href":"https:\/\/blogs.ua.es\/aesppu\/wp-json\/wp\/v2\/pages\/1211","targetHints":{"allow":["GET"]}}],"collection":[{"href":"https:\/\/blogs.ua.es\/aesppu\/wp-json\/wp\/v2\/pages"}],"about":[{"href":"https:\/\/blogs.ua.es\/aesppu\/wp-json\/wp\/v2\/types\/page"}],"author":[{"embeddable":true,"href":"https:\/\/blogs.ua.es\/aesppu\/wp-json\/wp\/v2\/users\/4277"}],"replies":[{"embeddable":true,"href":"https:\/\/blogs.ua.es\/aesppu\/wp-json\/wp\/v2\/comments?post=1211"}],"version-history":[{"count":66,"href":"https:\/\/blogs.ua.es\/aesppu\/wp-json\/wp\/v2\/pages\/1211\/revisions"}],"predecessor-version":[{"id":1319,"href":"https:\/\/blogs.ua.es\/aesppu\/wp-json\/wp\/v2\/pages\/1211\/revisions\/1319"}],"wp:attachment":[{"href":"https:\/\/blogs.ua.es\/aesppu\/wp-json\/wp\/v2\/media?parent=1211"}],"curies":[{"name":"wp","href":"https:\/\/api.w.org\/{rel}","templated":true}]}}