{"id":1678,"date":"2025-05-13T11:01:18","date_gmt":"2025-05-13T09:01:18","guid":{"rendered":"https:\/\/blogs.ua.es\/aesppu\/?page_id=1678"},"modified":"2025-05-13T14:13:19","modified_gmt":"2025-05-13T12:13:19","slug":"actualizacion-de-miembros-de-aesppu","status":"publish","type":"page","link":"https:\/\/blogs.ua.es\/aesppu\/presentacion\/actualizacion-de-miembros-de-aesppu\/","title":{"rendered":"Actualizaci\u00f3n de miembros de AESPPU"},"content":{"rendered":"\n<p>Formulario para la incorporaci\u00f3n de nuevos servicios en la asociaci\u00f3n AESPPU y para la actualizaci\u00f3n de datos de contacto, etc. de servicios ya inscritos anteriormente en la asociaci\u00f3n.<\/p>\n\n\n\n<p><a href=\"https:\/\/forms.gle\/4FQ9TRHHe3a6Hah59\" target=\"_blank\" rel=\"noreferrer noopener\">Acceso al formulario<\/a><\/p>\n\n\n\n<p>\u00a1 Gracias !<\/p>\n","protected":false},"excerpt":{"rendered":"<p>Formulario para la incorporaci\u00f3n de nuevos servicios en la asociaci\u00f3n AESPPU y para la actualizaci\u00f3n de datos de contacto, etc. de servicios ya inscritos anteriormente en la asociaci\u00f3n. Acceso al formulario \u00a1 Gracias !<\/p>\n","protected":false},"author":4277,"featured_media":0,"parent":12,"menu_order":0,"comment_status":"closed","ping_status":"closed","template":"","meta":{"footnotes":""},"class_list":["post-1678","page","type-page","status-publish","hentry"],"_links":{"self":[{"href":"https:\/\/blogs.ua.es\/aesppu\/wp-json\/wp\/v2\/pages\/1678","targetHints":{"allow":["GET"]}}],"collection":[{"href":"https:\/\/blogs.ua.es\/aesppu\/wp-json\/wp\/v2\/pages"}],"about":[{"href":"https:\/\/blogs.ua.es\/aesppu\/wp-json\/wp\/v2\/types\/page"}],"author":[{"embeddable":true,"href":"https:\/\/blogs.ua.es\/aesppu\/wp-json\/wp\/v2\/users\/4277"}],"replies":[{"embeddable":true,"href":"https:\/\/blogs.ua.es\/aesppu\/wp-json\/wp\/v2\/comments?post=1678"}],"version-history":[{"count":2,"href":"https:\/\/blogs.ua.es\/aesppu\/wp-json\/wp\/v2\/pages\/1678\/revisions"}],"predecessor-version":[{"id":1681,"href":"https:\/\/blogs.ua.es\/aesppu\/wp-json\/wp\/v2\/pages\/1678\/revisions\/1681"}],"up":[{"embeddable":true,"href":"https:\/\/blogs.ua.es\/aesppu\/wp-json\/wp\/v2\/pages\/12"}],"wp:attachment":[{"href":"https:\/\/blogs.ua.es\/aesppu\/wp-json\/wp\/v2\/media?parent=1678"}],"curies":[{"name":"wp","href":"https:\/\/api.w.org\/{rel}","templated":true}]}}