{"id":13,"date":"2011-10-18T14:10:57","date_gmt":"2011-10-18T14:10:57","guid":{"rendered":"https:\/\/blogs.ua.es\/africaenelsigloxvi\/?page_id=13"},"modified":"2012-01-24T19:55:15","modified_gmt":"2012-01-24T19:55:15","slug":"introduccion","status":"publish","type":"page","link":"https:\/\/blogs.ua.es\/africaenelsigloxvi\/introduccion\/","title":{"rendered":"Introducci\u00f3n"},"content":{"rendered":"<p style=\"text-align: justify\" lang=\"es-ES\"><span style=\"color: #333333\"><span style=\"font-family: Georgia,serif\">En los \u00faltimos millones de a\u00f1os, \u00c1frica ha sufrido un proceso de desertificaci\u00f3n que se extiende en la mayor parte del continente causado por su posici\u00f3n geogr\u00e1fica dividida por el ecuador y con un clima mediterr\u00e1neo en las zonas costeras que tiende hacia un clima m\u00e1s bien des\u00e9rtico hacia el interior, tambi\u00e9n predominan las sabanas que son m\u00e1s h\u00famedas y en el centro de \u00c1frica se desenvuelve el bosque con predominio de lluvias. El clima africano no ha sido favorable para la evoluci\u00f3n de los seres vivos, los insectos, los microbios y la dificultad de producir humus esencial para el cultivo. <\/span><\/span><\/p>\n<p style=\"text-align: justify\" lang=\"es-ES\"><span style=\"color: #333333\"><span style=\"font-family: Georgia,serif\">Geogr\u00e1ficamente, \u00c1frica\u00a0 limita al norte con el mar Mediterr\u00e1neo, al oeste con el oc\u00e9ano Atl\u00e1ntico e \u00cdndico y al este con el mar Rojo y el Oc\u00e9ano \u00cdndico. La penetraci\u00f3n del continente al estar rodeado por dos mares dificulta su penetraci\u00f3n. Es el segundo continente del mundo en relaci\u00f3n con su extensi\u00f3n territorial y una serie de acontecimientos de car\u00e1cter hist\u00f3rico dividieron el continente entre el \u00c1frica del norte o del Sahara y el del sur, llamada tambi\u00e9n \u00c1frica negra. <\/span><\/span><\/p>\n<p style=\"text-align: justify\" lang=\"es-ES\"><span style=\"color: #333333\"><span style=\"font-family: Georgia,serif\">A lo largo de la historia, \u00c1frica ha sido considera como un continente de gran prestigio, uno de los motivos parte a partir de la suposici\u00f3n de que aparecieron los primeros hom\u00ednidos\u00a0 y de ah\u00ed, se extendieron a otros continentes. A \u00e9sto se sum\u00f3,\u00a0 su posici\u00f3n rodeada por el mar que le facilit\u00f3 un comercio muy importante, sobre todo a partir de la \u00e9poca colonialista. Los dos factores que han influido en el continente han sido:\u00a0La aparici\u00f3n de la raza negra y el factor clim\u00e1tico, la desecaci\u00f3n. <\/span><\/span><\/p>\n<p style=\"text-align: justify\" lang=\"es-ES\"><span style=\"color: #333333\"><span style=\"font-family: Georgia,serif\">En \u00c1frica del siglo XVI la sociedad estaba formada por un sistema pol\u00edtico que aunque en un principio no pudiera ser considerado como tal, si que es verdad que empiezan a desarrollarse en diferentes territorios una serie de reinos. Los reinos no eran dirigidos por un monarca, pero se asienta un estado de civilizaci\u00f3n en el que se inicia un principio de autoridad. Este principio de autoridad, surgi\u00f3 en el momento en que apareci\u00f3 un jefe que dirig\u00eda la poblaci\u00f3n, tribu o grupo de gente. <\/span><\/span><\/p>\n<p style=\"text-align: justify\" lang=\"es-ES\"><a href=\"https:\/\/blogs.ua.es\/africaenelsigloxvi\/files\/2011\/10\/Dibujo2.jpg\"><img loading=\"lazy\" decoding=\"async\" class=\"alignnone size-medium wp-image-126\" src=\"https:\/\/blogs.ua.es\/africaenelsigloxvi\/files\/2011\/10\/Dibujo2-245x300.jpg\" alt=\"\" width=\"245\" height=\"300\" srcset=\"https:\/\/blogs.ua.es\/africaenelsigloxvi\/files\/2011\/10\/Dibujo2-245x300.jpg 245w, https:\/\/blogs.ua.es\/africaenelsigloxvi\/files\/2011\/10\/Dibujo2-838x1024.jpg 838w, https:\/\/blogs.ua.es\/africaenelsigloxvi\/files\/2011\/10\/Dibujo2.jpg 1092w\" sizes=\"auto, (max-width: 245px) 100vw, 245px\" \/><\/a><\/p>\n","protected":false},"excerpt":{"rendered":"<p>En los \u00faltimos millones de a\u00f1os, \u00c1frica ha sufrido un proceso de desertificaci\u00f3n que se extiende en la mayor parte del continente causado por su posici\u00f3n geogr\u00e1fica dividida por el ecuador y con un clima mediterr\u00e1neo en las zonas costeras &hellip; <a href=\"https:\/\/blogs.ua.es\/africaenelsigloxvi\/introduccion\/\">Continue reading <span class=\"meta-nav\">&rarr;<\/span><\/a><\/p>\n","protected":false},"author":2184,"featured_media":0,"parent":0,"menu_order":2,"comment_status":"open","ping_status":"open","template":"","meta":{"footnotes":""},"class_list":["post-13","page","type-page","status-publish","hentry"],"_links":{"self":[{"href":"https:\/\/blogs.ua.es\/africaenelsigloxvi\/wp-json\/wp\/v2\/pages\/13","targetHints":{"allow":["GET"]}}],"collection":[{"href":"https:\/\/blogs.ua.es\/africaenelsigloxvi\/wp-json\/wp\/v2\/pages"}],"about":[{"href":"https:\/\/blogs.ua.es\/africaenelsigloxvi\/wp-json\/wp\/v2\/types\/page"}],"author":[{"embeddable":true,"href":"https:\/\/blogs.ua.es\/africaenelsigloxvi\/wp-json\/wp\/v2\/users\/2184"}],"replies":[{"embeddable":true,"href":"https:\/\/blogs.ua.es\/africaenelsigloxvi\/wp-json\/wp\/v2\/comments?post=13"}],"version-history":[{"count":7,"href":"https:\/\/blogs.ua.es\/africaenelsigloxvi\/wp-json\/wp\/v2\/pages\/13\/revisions"}],"predecessor-version":[{"id":15,"href":"https:\/\/blogs.ua.es\/africaenelsigloxvi\/wp-json\/wp\/v2\/pages\/13\/revisions\/15"}],"wp:attachment":[{"href":"https:\/\/blogs.ua.es\/africaenelsigloxvi\/wp-json\/wp\/v2\/media?parent=13"}],"curies":[{"name":"wp","href":"https:\/\/api.w.org\/{rel}","templated":true}]}}