{"id":4,"date":"2011-09-20T14:17:02","date_gmt":"2011-09-20T14:17:02","guid":{"rendered":"https:\/\/blogs.ua.es\/africaenelsigloxvi\/?page_id=4"},"modified":"2011-12-20T16:45:58","modified_gmt":"2011-12-20T16:45:58","slug":"los-indigenas-en-el-territorio-africano","status":"publish","type":"page","link":"https:\/\/blogs.ua.es\/africaenelsigloxvi\/los-indigenas-en-el-territorio-africano\/","title":{"rendered":"Reinos ind\u00edgenas"},"content":{"rendered":"<p style=\"text-align: justify\" lang=\"es-ES\" align=\"JUSTIFY\"><span style=\"font-family: Georgia,serif\">\u00c1frica se puede analizar siempre a partir del concepto territorial que fue introducido por los romanos, en el que el reino es la clave del dominio y la autoridad toma la forma de la propiedad. El reino, es dirigido por el rey y si en el territorio no hay rey, el dominio es de la naci\u00f3n. El concepto de Estado Nacional apareci\u00f3 en la Europa Occidental, donde aparecieron unas fronteras delimitadas cuyos residentes son considerados s\u00fabditos de la autoridad del gobierno y de la Naci\u00f3n. <\/span><\/p>\n<p style=\"text-align: justify\" align=\"JUSTIFY\"><span style=\"font-family: Georgia,serif\">En \u00c1frica, en cambio, hasta las colonizaciones no existe este concepto, sino que se configuran reinos que tambi\u00e9n pueden denominarse Imperios. Este concepto territorial se diferencia en que en su mayor\u00eda, a pesar de que eran dirigidos por una autoridad, sol\u00edan variar de territorios e incluso de circunstancias. <\/span><\/p>\n<p style=\"text-align: justify\" align=\"JUSTIFY\"><span style=\"font-family: Georgia,serif\">En las sociedades africanas la organizaci\u00f3n se clasifica en tres formas que dirigen el sistema: las anarqu\u00edas, las jefaturas y las hegemon\u00edas. En el caso de la sociedad an\u00e1rquica, no se conoce ning\u00fan tipo de autoridad que dirija la sociedad. Un caso de este tipo de organizaci\u00f3n es la que utilizaron los Ibos de Delta Nigeriano. La jefatura puede ser una familia, un clan o una tribu en la que el jefe no tiene poder absoluto y normalmente domina la que tiene m\u00e1s prestigio. El factor hegem\u00f3nico se establece como forma de protecci\u00f3n ante una colonizaci\u00f3n, invasi\u00f3n o corriente comercial. <\/span><\/p>\n","protected":false},"excerpt":{"rendered":"<p>\u00c1frica se puede analizar siempre a partir del concepto territorial que fue introducido por los romanos, en el que el reino es la clave del dominio y la autoridad toma la forma de la propiedad. El reino, es dirigido por &hellip; <a href=\"https:\/\/blogs.ua.es\/africaenelsigloxvi\/los-indigenas-en-el-territorio-africano\/\">Continue reading <span class=\"meta-nav\">&rarr;<\/span><\/a><\/p>\n","protected":false},"author":2184,"featured_media":0,"parent":0,"menu_order":3,"comment_status":"open","ping_status":"open","template":"","meta":{"footnotes":""},"class_list":["post-4","page","type-page","status-publish","hentry"],"_links":{"self":[{"href":"https:\/\/blogs.ua.es\/africaenelsigloxvi\/wp-json\/wp\/v2\/pages\/4","targetHints":{"allow":["GET"]}}],"collection":[{"href":"https:\/\/blogs.ua.es\/africaenelsigloxvi\/wp-json\/wp\/v2\/pages"}],"about":[{"href":"https:\/\/blogs.ua.es\/africaenelsigloxvi\/wp-json\/wp\/v2\/types\/page"}],"author":[{"embeddable":true,"href":"https:\/\/blogs.ua.es\/africaenelsigloxvi\/wp-json\/wp\/v2\/users\/2184"}],"replies":[{"embeddable":true,"href":"https:\/\/blogs.ua.es\/africaenelsigloxvi\/wp-json\/wp\/v2\/comments?post=4"}],"version-history":[{"count":5,"href":"https:\/\/blogs.ua.es\/africaenelsigloxvi\/wp-json\/wp\/v2\/pages\/4\/revisions"}],"predecessor-version":[{"id":68,"href":"https:\/\/blogs.ua.es\/africaenelsigloxvi\/wp-json\/wp\/v2\/pages\/4\/revisions\/68"}],"wp:attachment":[{"href":"https:\/\/blogs.ua.es\/africaenelsigloxvi\/wp-json\/wp\/v2\/media?parent=4"}],"curies":[{"name":"wp","href":"https:\/\/api.w.org\/{rel}","templated":true}]}}