{"id":48,"date":"2011-12-20T16:31:27","date_gmt":"2011-12-20T16:31:27","guid":{"rendered":"https:\/\/blogs.ua.es\/africaenelsigloxvi\/?page_id=48"},"modified":"2012-01-24T19:42:38","modified_gmt":"2012-01-24T19:42:38","slug":"economia","status":"publish","type":"page","link":"https:\/\/blogs.ua.es\/africaenelsigloxvi\/economia\/","title":{"rendered":"Econom\u00eda"},"content":{"rendered":"<p lang=\"es-ES\" align=\"JUSTIFY\"><span style=\"font-family: Georgia,serif\">\u00c1frica no experiment\u00f3 la denominada Edad del Bronce, a diferencia de otras zonas mundiales. Pero, en cambio, s\u00ed que experiment\u00f3 la Edad del hierro, rica en este mineral que extra\u00edan de sus minas, en especial en el norte del continente. El hierro, era utilizado sobre todo para la fabricaci\u00f3n de material agr\u00edcola que utilizaban las familias unidas a jefaturas. Adem\u00e1s, el hierro tambi\u00e9n era utilizado para la fabricaci\u00f3n de armas, de ah\u00ed su importancia, armas de mayor consistencia y dureza, de las que en esos momentos se hab\u00eda conocido. A partir del hierro, se utilizar\u00edan otros metales como el cobre, el esta\u00f1o o el oro, \u00e9ste \u00faltimo como fuente de desarrollo para los territorios africanos. <\/span><\/p>\n<p lang=\"es-ES\" align=\"JUSTIFY\">\n<p lang=\"es-ES\" align=\"JUSTIFY\">\n<p align=\"JUSTIFY\"><span style=\"font-family: Georgia,serif\">La parte de \u00c1frica Occidental fue bautizada bajo el nombre de la Costa de Oro, ya que fue considerada como una zona rica en la producci\u00f3n de oro y una importante fuente para los europeos. Esta parte, junto a la zona centro del sur fueron las zonas m\u00e1s ricas en producci\u00f3n de oro. <\/span><\/p>\n<p lang=\"es-ES\" align=\"JUSTIFY\"><span style=\"font-family: Georgia,serif\">Las rutas que segu\u00edan los comerciantes del oro en el Sahara eran dif\u00edciles de avanzar y s\u00f3lo hab\u00edan unas pocas rutas comerciales seguras que fueron aprovechadas por ciudades como Tombuct\u00fa. <\/span><\/p>\n<p align=\"JUSTIFY\"><span style=\"font-family: Georgia,serif\">Todas las redes comerciales actuaban de forma que se reg\u00edan en base a la competencia entre las diferentes factor\u00edas y conscientes a su vez, de que no pod\u00edan conseguir con la tecnolog\u00eda desarrollada de grandes metas.<\/span><\/p>\n<p lang=\"es-ES\" align=\"JUSTIFY\"><span style=\"font-family: Georgia,serif\">Se desarroll\u00f3 en manos de los altos cargos un sistema, royalties, pagos a individuos que ten\u00edan que dividir los territorios en distritos con la finalidad de explotarlos para la obtenci\u00f3n del oro. Las minas eran explotadas por familias, en su mayor\u00eda semimigratorias y el trabajo no era de forma continua, sino que se explotaban en estaciones establecidas. <\/span><\/p>\n<p lang=\"es-ES\" align=\"JUSTIFY\"><span style=\"font-family: Georgia,serif\">El problema en las minas part\u00eda de que no hab\u00eda forma de bombear el agua que proced\u00eda de las minas y por este motivo, la zona seca era la temporada en que se excavaban hasta una profundidad de cincuenta metros. El agua, la temperatura y muchas veces, la inestabilidad de los terrenos que provocaban nefastos accidentes, fueron los problemas que frenaban las explotaciones. <\/span><\/p>\n<p lang=\"es-ES\" align=\"JUSTIFY\"><a href=\"https:\/\/blogs.ua.es\/africaenelsigloxvi\/files\/2011\/12\/Minas1.jpg\"><img loading=\"lazy\" decoding=\"async\" class=\"alignnone size-full wp-image-112\" src=\"https:\/\/blogs.ua.es\/africaenelsigloxvi\/files\/2011\/12\/Minas1.jpg\" alt=\"\" width=\"640\" height=\"407\" srcset=\"https:\/\/blogs.ua.es\/africaenelsigloxvi\/files\/2011\/12\/Minas1.jpg 640w, https:\/\/blogs.ua.es\/africaenelsigloxvi\/files\/2011\/12\/Minas1-300x190.jpg 300w\" sizes=\"auto, (max-width: 640px) 100vw, 640px\" \/><\/a><\/p>\n<p lang=\"es-ES\" align=\"JUSTIFY\">\n<p lang=\"es-ES\" align=\"JUSTIFY\"><span style=\"font-family: Georgia,serif\">Un factor econ\u00f3mico esencial en \u00c1frica fue motivado por las salidas de marinos del norte de \u00c1frica que incentiv\u00f3 las pr\u00e1cticas mercantiles, contratos entre patr\u00f3n y la tripulaci\u00f3n y seguros mar\u00edtimos, todo ello, unido a un comercio desarrollado a partir del bot\u00edn capturado. <\/span><\/p>\n<p align=\"JUSTIFY\"><span style=\"font-family: Georgia,serif\">Los marinos berberiscos e incluso europeos, proporcionaron un modelo econ\u00f3mico a partir de una serie de posibilidades que aparecieron, gracias a las ciudades-puerto. Fue a partir del cautivo de personas, las que asignaron que \u00e9stas contribuyeran en diferentes actividades, de hecho, muchas de ellas pasaron a servicios dom\u00e9sticos, artesanales, agr\u00edcolas y pesqueras. Una persona cautiva, a diferencia de la persona esclava, pod\u00eda sustentarse por s\u00ed misma, el dinero que obten\u00eda incluso les pod\u00eda facilitar el acceso a su propia libertad. Adem\u00e1s, el cautivo pod\u00eda ser revendido a un precio superior al del esclavo.<\/span><\/p>\n<p lang=\"es-ES\" align=\"JUSTIFY\"><span style=\"font-family: Georgia,serif\">Un ejemplo del desarrollo econ\u00f3mico en el continente Africano se extendi\u00f3 al sur del Sud\u00e1n Occidental, en el \u00c1frica guineana, lugar donde finaliza la sabana y se inicia el comienzo de la selva, influenciada por los progresos econ\u00f3micos de Sud\u00e1n. <\/span><\/p>\n<p lang=\"es-ES\" align=\"JUSTIFY\"><span style=\"font-family: Georgia,serif\">En esta zona se desarrollaron ciudades independientes, cuya base econ\u00f3mica era la agricultura, la cer\u00e1mica, el metal e incluso la escultura. Bajo el control de oligarqu\u00edas muy bien estructuradas, estos territorios fueron la cabeza del \u00c1frica negra donde construyeron una sociedad y una cultura propia. <\/span><\/p>\n<p lang=\"es-ES\" align=\"JUSTIFY\"><span style=\"font-family: Georgia,serif\">A pesar de que la agricultura era la base de la econom\u00eda, se crearon importantes ciudades concentradas con poblaciones de grandes dimensiones, que a diferencia a la mayor\u00eda de las sociedades del \u00c1frica negra, no se encontraba esparcida la poblaci\u00f3n por el territorio. <\/span><\/p>\n<p lang=\"es-ES\" align=\"JUSTIFY\"><a href=\"https:\/\/blogs.ua.es\/africaenelsigloxvi\/files\/2011\/12\/Mandioca.jpg\"><img loading=\"lazy\" decoding=\"async\" class=\"alignnone size-full wp-image-114\" src=\"https:\/\/blogs.ua.es\/africaenelsigloxvi\/files\/2011\/12\/Mandioca.jpg\" alt=\"\" width=\"640\" height=\"400\" srcset=\"https:\/\/blogs.ua.es\/africaenelsigloxvi\/files\/2011\/12\/Mandioca.jpg 640w, https:\/\/blogs.ua.es\/africaenelsigloxvi\/files\/2011\/12\/Mandioca-300x187.jpg 300w\" sizes=\"auto, (max-width: 640px) 100vw, 640px\" \/><\/a><\/p>\n<p lang=\"es-ES\" align=\"JUSTIFY\">\n<p align=\"JUSTIFY\"><span style=\"font-family: Georgia,serif\">Otro elemento primordial en Guinea fueron las rutas comerciales que ya exist\u00edan, incluso antes de la colonizaci\u00f3n portuguesa. Este factor, tambi\u00e9n f<\/span><span style=\"font-family: Georgia,serif\">ue primordial para el desarrollo y formaci\u00f3n de una clase social m\u00e1s rica con la importaci\u00f3n de productos ex\u00f3ticos y de lujo. De esta forma, se form\u00f3 un comercio exterior que contribuy\u00f3 a la formaci\u00f3n de una empresa que controlaba los ingresos obtenidos de productos exportados como el polvo de oro, nueces de cola y marfil, a cambio de ganado, caballos, art\u00edculos de metal, tejidos, sal y esclavos. La moneda tambi\u00e9n se incluy\u00f3, creando una econom\u00eda monetaria importante a lo que se a\u00f1ad\u00eda pesas y medidas, elementos esenciales para el comercio guineano, comercio de un gran alcance y prestigio. <\/span><\/p>\n<p lang=\"es-ES\" align=\"JUSTIFY\"><span style=\"font-family: Georgia,serif\">En Guinea, destacaron tres zonas; el pueblo Yoruba, el Reino de Ben\u00edn y el Nup\u00e9. <\/span><\/p>\n<p lang=\"es-ES\" align=\"JUSTIFY\"><span style=\"font-family: Georgia,serif\">Dentro de Yoruba, una de las ciudades m\u00e1s importantes fue Oyo, que a igual que Ben\u00edn, se dedicaban a la venta de esclavos, destacando a su vez en el arte del bronce y del barro cocido. El reino de Nup\u00e9, existente desde el a\u00f1o 1350, se caracterizaba por su alto nivel en la actividad artesanal de la madera, junto el cuero, el esta\u00f1o, el vidrio, los tejidos, los bordados y la construcci\u00f3n de barcos. <\/span><\/p>\n<p align=\"JUSTIFY\"><span style=\"font-family: Georgia,serif\">Por otra parte, en el siglo XVI, adem\u00e1s de los intercambios internacionales, se introdujeron tambi\u00e9n cambios en los cultivos.<\/span><\/p>\n<p lang=\"es-ES\" align=\"JUSTIFY\"><span style=\"font-family: Georgia,serif\">As\u00ed, con la entrada de los portugueses en \u00c1frica occidental, se infiltraron las semillas de coco y el arroz de Asia que era diferente al que se cultivaba en \u00c1frica. Adem\u00e1s, desde Am\u00e9rica, apareci\u00f3 como cultivos nuevos la mandioca, de la cual se extrae la tapioca, f\u00e9cula muy utilizada para la alimentaci\u00f3n. Junto a \u00e9sta, se introdujo tambi\u00e9n el boniato, ambos productos muy apreciados porque no se ve\u00edan afectados por las plagas de langostas. La mandioca, por su parte, fue un producto muy utilizado, sobre todo en las partes del tr\u00f3pico en \u00e9pocas de carest\u00eda. <\/span><\/p>\n<p align=\"JUSTIFY\"><span style=\"font-family: Georgia,serif\">Un punto clave en la econom\u00eda africana ha sido y sigue siendo, el estrecho Gibraltar como forma de prolongaci\u00f3n por todo el Mediterr\u00e1neo y con \u00c1frica. A trav\u00e9s del estrecho de Gibraltar, se mantuvieron relaciones comerciales desde Alicante con Argelia y tambi\u00e9n permitieron relaciones econ\u00f3micas con el Magreb, comercio que poco a poco se fue incrementando. <\/span><\/p>\n<p lang=\"es-ES\" align=\"JUSTIFY\"><span style=\"font-family: Georgia,serif\">Este movimiento, permiti\u00f3 a su vez, la aplicaci\u00f3n de nuevas tecnolog\u00edas aplicadas a los medios de transporte, donde se vio sustituido el transporte v\u00eda terrestre por el mar\u00edtimo que permiti\u00f3 alcanzar mayores distancias en menos duraci\u00f3n. <\/span><\/p>\n<p align=\"JUSTIFY\">\n","protected":false},"excerpt":{"rendered":"<p>\u00c1frica no experiment\u00f3 la denominada Edad del Bronce, a diferencia de otras zonas mundiales. Pero, en cambio, s\u00ed que experiment\u00f3 la Edad del hierro, rica en este mineral que extra\u00edan de sus minas, en especial en el norte del continente. &hellip; <a href=\"https:\/\/blogs.ua.es\/africaenelsigloxvi\/economia\/\">Continue reading <span class=\"meta-nav\">&rarr;<\/span><\/a><\/p>\n","protected":false},"author":936,"featured_media":0,"parent":0,"menu_order":5,"comment_status":"open","ping_status":"open","template":"","meta":{"footnotes":""},"class_list":["post-48","page","type-page","status-publish","hentry"],"_links":{"self":[{"href":"https:\/\/blogs.ua.es\/africaenelsigloxvi\/wp-json\/wp\/v2\/pages\/48","targetHints":{"allow":["GET"]}}],"collection":[{"href":"https:\/\/blogs.ua.es\/africaenelsigloxvi\/wp-json\/wp\/v2\/pages"}],"about":[{"href":"https:\/\/blogs.ua.es\/africaenelsigloxvi\/wp-json\/wp\/v2\/types\/page"}],"author":[{"embeddable":true,"href":"https:\/\/blogs.ua.es\/africaenelsigloxvi\/wp-json\/wp\/v2\/users\/936"}],"replies":[{"embeddable":true,"href":"https:\/\/blogs.ua.es\/africaenelsigloxvi\/wp-json\/wp\/v2\/comments?post=48"}],"version-history":[{"count":3,"href":"https:\/\/blogs.ua.es\/africaenelsigloxvi\/wp-json\/wp\/v2\/pages\/48\/revisions"}],"predecessor-version":[{"id":113,"href":"https:\/\/blogs.ua.es\/africaenelsigloxvi\/wp-json\/wp\/v2\/pages\/48\/revisions\/113"}],"wp:attachment":[{"href":"https:\/\/blogs.ua.es\/africaenelsigloxvi\/wp-json\/wp\/v2\/media?parent=48"}],"curies":[{"name":"wp","href":"https:\/\/api.w.org\/{rel}","templated":true}]}}