{"id":57,"date":"2011-12-20T16:38:12","date_gmt":"2011-12-20T16:38:12","guid":{"rendered":"https:\/\/blogs.ua.es\/africaenelsigloxvi\/?page_id=57"},"modified":"2011-12-20T16:38:12","modified_gmt":"2011-12-20T16:38:12","slug":"bibliografia","status":"publish","type":"page","link":"https:\/\/blogs.ua.es\/africaenelsigloxvi\/bibliografia\/","title":{"rendered":"Bibliograf\u00eda"},"content":{"rendered":"<p style=\"text-align: justify\">Bennassar Bartolom\u00e9, Lebrun Fran\u00e7ois, Denis Michel. 1980, 1991,1994, 1998,2005. HISTORIA MODERNA. Ediciones Akal, S.A. Madrid.<\/p>\n<p>www.planeta.com\/pdf\/Los_Arabes.pdf.<\/p>\n<p>Azaola B\u00e1rbara, HISTORIA DEL EGIPTO CONTEMPOR\u00c1NEO.<\/p>\n<p>Tenenti Alberto, La Edad Moderna siglos XVI-XVII.<\/p>\n<p>Anes Alvarez, Europa y el Islam.<\/p>\n<p>Garc\u00eda Arenal Mercedes, Bunes Miguel \u00c1ngel, 1992. Los Espa\u00f1oles y el norte de \u00c1frica. Siglos XV-XVIII. Madrid.<\/p>\n<p>Ma\u00f1ino P, Tryol Antonio, Serra. Tratados internacionales de Espa\u00f1a: Carlos V.<\/p>\n<p>Vazquez Borau, Jos\u00e9 Luis. Las religiones afroamericanas.<\/p>\n<p>Instituto de Investigaci\u00f3n Cient\u00edfica de Angola: Cient\u00edfica-Luanda, 1972. Historia de \u00c1frica portuguesa. (Its bibliograf\u00edas tem\u00e1ticas; 15).<\/p>\n<p>Fitzgerald Walter. \u00c1frica: geograf\u00eda social, econ\u00f3mica y pol\u00edtica.<\/p>\n<p>Matthew Lockwood, 2007. El estado de \u00c1frica: pobreza y pol\u00edtica en \u00c1frica y la agenda para la actuaci\u00f3n internacional.<\/p>\n<p>Pierre Bertaux, 1971. Desde la Prehistoria hasta los Estados actuales.<\/p>\n<p>http:\/\/www.lluisvives.com\/servlet\/SirveObras\/public\/06925177599158195332268\/p0000004.htm<\/p>\n<p>Epalza Mike. Moriscos contra Carlos V: Argel y el nuevo modelo de inserci\u00f3n de los musulmanes hispanos en el Magreb 1516-1541- Universidad de Alicante.<\/p>\n<p>Lobo Cabrera, Manuel. Los libertos en la sociedad canaria del siglo XVI.<\/p>\n<p>Garc\u00eda A\u00f1averos, Jes\u00fas Mar\u00eda, 2000,Elpensamiento y los argumentos sobrela esclavitud en Europa en el siglo XVI y su aplicaci\u00f3n a los indios americanos y a los negros africanos [Texto impreso], Consejo Superior de Investigaciones Cient\u00edficas.<br \/>\nLe\u00f3n Portilla, Miguel. 2002. Am\u00e9rica Latina en la \u00e9poca colonial: Espa\u00f1a y Am\u00e9rica de 1492 a 1808.<br \/>\nOya Carlos, Santamar\u00eda Antonio.2007. Econom\u00eda Pol\u00edtica del desarrollo en \u00c1frica<\/p>\n","protected":false},"excerpt":{"rendered":"<p>Bennassar Bartolom\u00e9, Lebrun Fran\u00e7ois, Denis Michel. 1980, 1991,1994, 1998,2005. HISTORIA MODERNA. Ediciones Akal, S.A. Madrid. www.planeta.com\/pdf\/Los_Arabes.pdf. Azaola B\u00e1rbara, HISTORIA DEL EGIPTO CONTEMPOR\u00c1NEO. Tenenti Alberto, La Edad Moderna siglos XVI-XVII. Anes Alvarez, Europa y el Islam. Garc\u00eda Arenal Mercedes, Bunes Miguel &hellip; <a href=\"https:\/\/blogs.ua.es\/africaenelsigloxvi\/bibliografia\/\">Continue reading <span class=\"meta-nav\">&rarr;<\/span><\/a><\/p>\n","protected":false},"author":936,"featured_media":0,"parent":0,"menu_order":10,"comment_status":"open","ping_status":"open","template":"","meta":{"footnotes":""},"class_list":["post-57","page","type-page","status-publish","hentry"],"_links":{"self":[{"href":"https:\/\/blogs.ua.es\/africaenelsigloxvi\/wp-json\/wp\/v2\/pages\/57","targetHints":{"allow":["GET"]}}],"collection":[{"href":"https:\/\/blogs.ua.es\/africaenelsigloxvi\/wp-json\/wp\/v2\/pages"}],"about":[{"href":"https:\/\/blogs.ua.es\/africaenelsigloxvi\/wp-json\/wp\/v2\/types\/page"}],"author":[{"embeddable":true,"href":"https:\/\/blogs.ua.es\/africaenelsigloxvi\/wp-json\/wp\/v2\/users\/936"}],"replies":[{"embeddable":true,"href":"https:\/\/blogs.ua.es\/africaenelsigloxvi\/wp-json\/wp\/v2\/comments?post=57"}],"version-history":[{"count":2,"href":"https:\/\/blogs.ua.es\/africaenelsigloxvi\/wp-json\/wp\/v2\/pages\/57\/revisions"}],"predecessor-version":[{"id":59,"href":"https:\/\/blogs.ua.es\/africaenelsigloxvi\/wp-json\/wp\/v2\/pages\/57\/revisions\/59"}],"wp:attachment":[{"href":"https:\/\/blogs.ua.es\/africaenelsigloxvi\/wp-json\/wp\/v2\/media?parent=57"}],"curies":[{"name":"wp","href":"https:\/\/api.w.org\/{rel}","templated":true}]}}