{"id":61,"date":"2011-12-20T16:39:29","date_gmt":"2011-12-20T16:39:29","guid":{"rendered":"https:\/\/blogs.ua.es\/africaenelsigloxvi\/?page_id=61"},"modified":"2011-12-20T16:39:29","modified_gmt":"2011-12-20T16:39:29","slug":"conclusion","status":"publish","type":"page","link":"https:\/\/blogs.ua.es\/africaenelsigloxvi\/conclusion\/","title":{"rendered":"Conclusi\u00f3n"},"content":{"rendered":"<p style=\"text-align: justify\" lang=\"es-ES\"><span style=\"font-family: Georgia,serif\">En el siglo XVI el proceso de mundializaci\u00f3n se hab\u00eda manifestado todav\u00eda de forma parcial. Las relaciones entre los diferentes continentes, eran casi inexistentes, ya que no dispon\u00edan los medios suficientes para llevarlas a cabo. A parte de la mediaci\u00f3n musulmana en el mundo Indio y Oriente medio, en \u00c1frica son zonas muy reducidas las que establecen contactos importantes, a excepci\u00f3n de alguna naci\u00f3n europea. Europa fue sin duda, el aut\u00e9ntico motor de individualizaci\u00f3n pero de forma todav\u00eda limitada. Las conquistas se ve\u00edan delimitadas en aspectos geogr\u00e1ficos, pol\u00edticos, econ\u00f3micos y culturales. <\/span><\/p>\n<p style=\"text-align: justify\"><span style=\"font-family: Georgia,serif\">Las tierras una vez descubiertas, segu\u00edan viviendo inmensos en sus propias vidas y culturas, inmersos en sus propias etnias, sin casi estar influenciadas por las relaciones intercontinentales. <\/span><\/p>\n<p style=\"text-align: justify\"><span style=\"font-family: Georgia,serif\">\u00c1frica, realmente ha sido el continente que ha sabido escaparse de la h\u00e9lice de la mundializaci\u00f3n durante mucho tiempo. Se puede decir, que la historia del mundo terr\u00e1queo se ha visto influida en su extensi\u00f3n, pero no en sus pueblos y civilizaciones. <\/span><\/p>\n<p style=\"text-align: justify\"><span style=\"font-family: Georgia,serif\">De hecho, muchas veces se ha definido el concepto hist\u00f3rico en \u00c1frica en esta \u00e9poca, como pr\u00e1cticamente inexistente. En torno al a\u00f1o 1000 ning\u00fan acontecimiento ni advenimiento puede ser se\u00f1alizado como factor influyente ni en Europa ni en Asia. Este lastre, continuar\u00eda en los siglos XV y XVI, siendo \u00c1frica una zona que no despierta ning\u00fan tipo de inter<\/span><span style=\"font-family: Georgia,serif\">\u00e9s, a excepci\u00f3n de sus zonas septentrionales. <\/span><\/p>\n<p style=\"text-align: justify\"><span style=\"font-family: Georgia,serif\">La frontera a atravesar para descubrir los acontecimientos pasados de estos siglos, es muy dif\u00edcil de traspasar, sobre todo por la falta de documentaci<\/span><span style=\"font-family: Georgia,serif\">\u00f3n que conservan fuentes que puedan informar de lo qu\u00e9 realmente ocurri\u00f3. A pesar de que en este continente y en estos siglos se desarroll\u00f3 una actividad comercial que significar\u00eda la obtenci\u00f3n de grandes riquezas, los esclavos. <\/span><\/p>\n<p style=\"text-align: justify\" lang=\"es-ES\"><span style=\"font-family: Georgia,serif\">La historia de la ciencia pol\u00edtica surge en el momento que desaparece el orden feudal y es sustituido por el estado-naci\u00f3n.<\/span><\/p>\n<p style=\"text-align: justify\"><span style=\"font-family: Georgia,serif\">Maquiavelo a principios del siglo XVI introduce el t\u00e9rmino de pol\u00edtica de una forma espec\u00edfica. Seg\u00fan Maquiavelo, el fin justifica los medios y el estado puede usar la violencia como garant\u00eda de conservaci\u00f3n y control del gobernador. El pol\u00edtico, por ello, est\u00e1 autorizado para llevar a cabo cualquier acci\u00f3n que \u00e9l considere necesaria, sin preocuparse si para ello sea necesario reprimir y regirse por la astucia, la mala fe y el cinismo. <\/span><\/p>\n<p style=\"text-align: justify\"><span style=\"font-family: Georgia,serif\">Pero, el elemento pol\u00edtico puede aparecer en este continente como el fruto de una semilla plantada en tierra f\u00e9rtil. La realidad pol\u00edtica aparece en una sociedad que se desarrolla de forma independiente y autosuficiente aunque se basen en una organizaci\u00f3n de modo imperfecto.<\/span><\/p>\n<p style=\"text-align: justify\" lang=\"es-ES\"><span style=\"font-family: Georgia,serif\">Desde el siglo XV la organizaci\u00f3n pol\u00edtica experimenta cambios con el nacimiento del Estado moderno, estructura centralizadora y unificadora del poder pol\u00edtico. Las Monarqu\u00edas impulsaron el consorcio de la fuerza militar y desarrollaron una potestad cuyo fin, era conseguir ingresos por medio de la recaudaci\u00f3n de impuestos bajo una administraci\u00f3n p\u00fablica. Los imperios pol\u00edticos se vieron reforzados, como el imperio portugu\u00e9s, espa\u00f1ol, ingl\u00e9s, ruso y franc\u00e9s. <\/span><\/p>\n<p style=\"text-align: justify\"><span style=\"font-family: Georgia,serif\">Los Estados peque\u00f1os, son sociedades pol\u00edticamente poco organizadas que abundan en la costa y en las zonas de bosque denso. Los Estados m\u00e1s consistentes como el Congo o Monomotapa <\/span><span style=\"font-family: Georgia,serif\">se situaban en el interior protegidos por el espesor del continente. <\/span><\/p>\n<p style=\"text-align: justify\"><span style=\"font-family: Georgia,serif\">En definitiva, aunque \u00c1frica tard\u00f3 unos siglos despu\u00e9s en ser colonizados, ya existieron relaciones previas con los musulmanes. El contacto con poblaci\u00f3n extranjera les permiti\u00f3 establecer intercambios religiosos, culturales y mantener un trueque de mercanc\u00edas, que aunque no ocasionaron una verdadera transformaci\u00f3n es sus estructuras econ\u00f3micas<\/span><span style=\"font-family: Georgia,serif\"> si que supuso la dominaci\u00f3n europea en los territorios africanos. La zona septentrional, como consecuencia de la dominaci\u00f3n isl\u00e1mica provoc\u00f3 la expansi\u00f3n comercial y cultural, en el centro y el sur del Continente se formaron grandes reinos e imperios donde alcanzaron en estos siglos su m\u00e1ximo esplendor. El problema se present\u00f3 con la llegada de los Portugueses y su creciente exportaci\u00f3n de esclavos como mano de obra barata. El descubrimiento de Am\u00e9rica tuvo una gran repercusi\u00f3n en el continente africano, ya que muchos de los africanos ser\u00edan traslados a las tierras del denominado Nuevo Mundo, de hecho, millones de personas dejar\u00edan sus casas y familias, dejando las tierras deshabitadas y provocando a su vez las migraciones interiores. Todos estos factores producir\u00edan cambios en la organizaci\u00f3n tanto econ\u00f3mico, social y pol\u00edtica. <\/span><\/p>\n<p style=\"text-align: justify\" lang=\"es-ES\"><span style=\"font-family: Georgia,serif\">Se produjo por otra parte, un intento por extender el cristianismo en los territorios africanos aunque la zona donde realmente lo consiguieron fue en el reinado del Congo, porque en el resto de casos, se limit\u00f3 a zonas muy concretas. <\/span><\/p>\n<p style=\"text-align: justify\" lang=\"es-ES\"><span style=\"font-family: Georgia,serif\">El mundo afrosi\u00e1tico, no tuvo influencia en el \u00e1mbito cultural, todo se limit\u00f3 a relaciones comerciales y a veces militares. <\/span><\/p>\n<p style=\"text-align: justify\"><span style=\"font-family: Georgia,serif\">Sin embargo, los europeos iniciaron el desarrollo del concepto de Modernidad que supuso la aparici\u00f3n de una serie de cambios, el contacto con mundos desconocidos facilit\u00f3 el trueque de mercanc\u00edas e incluso peque\u00f1os intercambios culturales y religiosos, que aunque en el siglo XVI no sufrieron una transformaci\u00f3n directa en sus estructuras econ\u00f3micas y mentales, concluir\u00edan con la dominaci\u00f3n del mundo europeo en \u00c1frica. <\/span><\/p>\n","protected":false},"excerpt":{"rendered":"<p>En el siglo XVI el proceso de mundializaci\u00f3n se hab\u00eda manifestado todav\u00eda de forma parcial. Las relaciones entre los diferentes continentes, eran casi inexistentes, ya que no dispon\u00edan los medios suficientes para llevarlas a cabo. A parte de la mediaci\u00f3n &hellip; <a href=\"https:\/\/blogs.ua.es\/africaenelsigloxvi\/conclusion\/\">Continue reading <span class=\"meta-nav\">&rarr;<\/span><\/a><\/p>\n","protected":false},"author":936,"featured_media":0,"parent":0,"menu_order":11,"comment_status":"open","ping_status":"open","template":"","meta":{"footnotes":""},"class_list":["post-61","page","type-page","status-publish","hentry"],"_links":{"self":[{"href":"https:\/\/blogs.ua.es\/africaenelsigloxvi\/wp-json\/wp\/v2\/pages\/61","targetHints":{"allow":["GET"]}}],"collection":[{"href":"https:\/\/blogs.ua.es\/africaenelsigloxvi\/wp-json\/wp\/v2\/pages"}],"about":[{"href":"https:\/\/blogs.ua.es\/africaenelsigloxvi\/wp-json\/wp\/v2\/types\/page"}],"author":[{"embeddable":true,"href":"https:\/\/blogs.ua.es\/africaenelsigloxvi\/wp-json\/wp\/v2\/users\/936"}],"replies":[{"embeddable":true,"href":"https:\/\/blogs.ua.es\/africaenelsigloxvi\/wp-json\/wp\/v2\/comments?post=61"}],"version-history":[{"count":1,"href":"https:\/\/blogs.ua.es\/africaenelsigloxvi\/wp-json\/wp\/v2\/pages\/61\/revisions"}],"predecessor-version":[{"id":62,"href":"https:\/\/blogs.ua.es\/africaenelsigloxvi\/wp-json\/wp\/v2\/pages\/61\/revisions\/62"}],"wp:attachment":[{"href":"https:\/\/blogs.ua.es\/africaenelsigloxvi\/wp-json\/wp\/v2\/media?parent=61"}],"curies":[{"name":"wp","href":"https:\/\/api.w.org\/{rel}","templated":true}]}}