{"id":79,"date":"2012-01-17T16:18:07","date_gmt":"2012-01-17T16:18:07","guid":{"rendered":"https:\/\/blogs.ua.es\/africaenelsigloxvi\/?page_id=79"},"modified":"2012-01-17T16:18:07","modified_gmt":"2012-01-17T16:18:07","slug":"cronologia","status":"publish","type":"page","link":"https:\/\/blogs.ua.es\/africaenelsigloxvi\/cronologia\/","title":{"rendered":"Cronolog\u00eda"},"content":{"rendered":"<p align=\"JUSTIFY\">\u2192 1517. Conquista de Egipto<em><strong> <\/strong><\/em>por Selim I e introduciendo el poder Otomano, aunque los beys mamelucos continuaron controlando territorios bajo una oligarqu\u00eda terrateniente. En el este del N\u00edger entran las fuerzas de la Confederaci\u00f3n Haussa dirigida por Kebbi. Carlos I establece el tr\u00e1fico de esclavos mediante un pacto con los flamencos.<\/p>\n<p align=\"JUSTIFY\">\u2192 1527. Etiop\u00eda fue invadida<strong> <\/strong>el musulm\u00e1n Ahmed Gran, utilizando como armamento e invasi\u00f3n, armas de fuego.<\/p>\n<p align=\"JUSTIFY\">\u2192 1534. Los turcos tomaron T\u00fanez<strong>, <\/strong>dirigidos por Khaireddin Barbarroja.<\/p>\n<p align=\"JUSTIFY\">\u2192 1535. Los espa\u00f1oles conquistaron T\u00fanez<strong>, <\/strong>despu\u00e9s haber conquistado Melilla en el a\u00f1o 1494.<\/p>\n<p align=\"JUSTIFY\">\u2192 1541. Los portugueses entran en Etiop\u00eda<strong> <\/strong>y consiguen expulsar a Ahmed Gran. Carlos V, intenta ocupa Argel pero la expedici\u00f3n supuso un fracaso.<\/p>\n<p align=\"JUSTIFY\">\u2192 1555-1633. Misiones portuguesas en Etiop\u00eda<strong> <\/strong>acompa\u00f1adas de conversiones que provocaron guerras religiosas que acabaron con la expulsi\u00f3n de los portugueses.<\/p>\n<p align=\"JUSTIFY\">\u2192 1562-1568. Tr\u00e1fico ingl\u00e9s de esclavos bajo el mando de John Hawkins, desde \u00c1frica Occidental al nuevo mundo.<\/p>\n<p align=\"JUSTIFY\">\u2192 1571-1603. El Imperio de Kanem entra en su mayor esplendor, controlando los territorios en torno al lago Chad.<\/p>\n<p align=\"JUSTIFY\">\u2192 1574. Fin de los dominios espa\u00f1oles en T\u00fanez, pasando a ser una regencia que pertenec\u00eda a los turcos. Los portugueses iniciaron la colonizaci\u00f3n de Angola.<\/p>\n<p align=\"JUSTIFY\">\u2192 1578. Portugal decide conquistar Marruecos bajo el mando de Sebasti\u00e1n de Portugal, pero fue derrotado en Alcazarquivir.<\/p>\n<p align=\"JUSTIFY\">\u2192 1580. Los espa\u00f1oles ocuparon Ceuta, aunque sigui\u00f3 bajo la posesi\u00f3n de los portugueses hasta el a\u00f1o 1688.<\/p>\n<p align=\"JUSTIFY\">\u2192 1581. Los marroqu\u00edes tomaron Tuar e iniciaron la penetraci\u00f3n en el S\u00e1hara.<\/p>\n<p align=\"JUSTIFY\">\u2192 1591. Espa\u00f1oles y portugueses cruzaron el desierto y derrotaron a los Songhais. Los marroqu\u00edes se establecieron en Timbuktu. Gao y la cultura negra fue destruida.<\/p>\n<p align=\"JUSTIFY\">\u2192 1595. Aparecen las primeras colonias holandesas en la costa de Guinea.<\/p>\n<p lang=\"es-ES\" align=\"JUSTIFY\">\n","protected":false},"excerpt":{"rendered":"<p>\u2192 1517. Conquista de Egipto por Selim I e introduciendo el poder Otomano, aunque los beys mamelucos continuaron controlando territorios bajo una oligarqu\u00eda terrateniente. En el este del N\u00edger entran las fuerzas de la Confederaci\u00f3n Haussa dirigida por Kebbi. Carlos &hellip; <a href=\"https:\/\/blogs.ua.es\/africaenelsigloxvi\/cronologia\/\">Continue reading <span class=\"meta-nav\">&rarr;<\/span><\/a><\/p>\n","protected":false},"author":936,"featured_media":0,"parent":0,"menu_order":10,"comment_status":"open","ping_status":"open","template":"","meta":{"footnotes":""},"class_list":["post-79","page","type-page","status-publish","hentry"],"_links":{"self":[{"href":"https:\/\/blogs.ua.es\/africaenelsigloxvi\/wp-json\/wp\/v2\/pages\/79","targetHints":{"allow":["GET"]}}],"collection":[{"href":"https:\/\/blogs.ua.es\/africaenelsigloxvi\/wp-json\/wp\/v2\/pages"}],"about":[{"href":"https:\/\/blogs.ua.es\/africaenelsigloxvi\/wp-json\/wp\/v2\/types\/page"}],"author":[{"embeddable":true,"href":"https:\/\/blogs.ua.es\/africaenelsigloxvi\/wp-json\/wp\/v2\/users\/936"}],"replies":[{"embeddable":true,"href":"https:\/\/blogs.ua.es\/africaenelsigloxvi\/wp-json\/wp\/v2\/comments?post=79"}],"version-history":[{"count":2,"href":"https:\/\/blogs.ua.es\/africaenelsigloxvi\/wp-json\/wp\/v2\/pages\/79\/revisions"}],"predecessor-version":[{"id":81,"href":"https:\/\/blogs.ua.es\/africaenelsigloxvi\/wp-json\/wp\/v2\/pages\/79\/revisions\/81"}],"wp:attachment":[{"href":"https:\/\/blogs.ua.es\/africaenelsigloxvi\/wp-json\/wp\/v2\/media?parent=79"}],"curies":[{"name":"wp","href":"https:\/\/api.w.org\/{rel}","templated":true}]}}