{"id":14,"date":"2009-04-08T12:31:43","date_gmt":"2009-04-08T10:31:43","guid":{"rendered":"https:\/\/blogs.ua.es\/agenda21\/?page_id=14"},"modified":"2013-11-14T10:53:23","modified_gmt":"2013-11-14T08:53:23","slug":"gestion-de-la-ua","status":"publish","type":"page","link":"https:\/\/blogs.ua.es\/agenda21\/ejes-especificos\/gestion-de-la-ua\/","title":{"rendered":"Gesti\u00f3 Ambiental de la UA \/ Gesti\u00f3n Ambiental de la UA"},"content":{"rendered":"<p><span style=\"font-size: medium\"><strong><br \/>\nGesti\u00f3 Ambiental de la UA: estructura, activitats i serveis<br \/>\n<\/strong><\/span><br \/>\nEn aquest eix, s&#8217;ha realitzat una an\u00e0lisi de la \u201cEstructura organitzativa de la Universitat\u201d a diferents nivells:<\/p>\n<ul>\n<li>Nivell acad\u00e8mic<\/li>\n<li>Nivell de gesti\u00f3 i Govern<\/li>\n<li>Representaci\u00f3 i participaci\u00f3<\/li>\n<li>Organitzaci\u00f3 i gesti\u00f3 en mat\u00e8ria ambiental<\/li>\n<\/ul>\n<p>De la mateixa manera, s&#8217;ha realitzat una an\u00e0lisi de la situaci\u00f3 actual de \u201cActivitats i Servicis\u201d:<\/p>\n<ul>\n<li>Activitats docents i investigadores<\/li>\n<li>Distribuci\u00f3 de l&#8217;oferta d&#8217;estudis<\/li>\n<li>Evoluci\u00f3 de l&#8217;oferta d&#8217;estudis<\/li>\n<li>Servicis (de gesti\u00f3 pr\u00f2pia i servicis externalitzats)<\/li>\n<\/ul>\n<p><strong>Document:<\/strong> Proposta Pla Acci\u00f3:<a href=\"http:\/\/web.ua.es\/va\/ecocampus\/documentos\/agenda21\/ppa-ga-ua.pdf\" target=\"_blank\"> <span style=\"color: #777777\">PPA_G_UA.pdf<\/span><\/a><\/p>\n<p><span style=\"color: #777777;font-size: medium\"><strong><br \/>\nGesti\u00f3n Ambiental de la UA: estructura, actividades y servicios<br \/>\n<\/strong><\/span><br \/>\n<span style=\"color: #777777\">En este eje, se ha realizado un an\u00e1lisis de la \u201cEstructura organizativa de la Universidad\u201d a diferentes niveles:<\/span><\/p>\n<ul>\n<li>Nivel acad\u00e9mico<\/li>\n<li>Nivel de gesti\u00f3n y Gobierno<\/li>\n<li>Representaci\u00f3n y participaci\u00f3n<\/li>\n<li>Organizaci\u00f3n y gesti\u00f3n en materia ambiental<\/li>\n<\/ul>\n<p>&nbsp;<\/p>\n<p>&nbsp;<\/p>\n<p><span style=\"color: #777777\">Del mismo modo, se ha realizado un an\u00e1lisis de la situaci\u00f3n actual de \u201cActividades y Servicios\u201d:\uf02d <\/span><\/p>\n<ul>\n<li>Actividades docentes e investigadoras<\/li>\n<li>Distribuci\u00f3n de la oferta de estudios<\/li>\n<li>Evoluci\u00f3n de la oferta de estudios<\/li>\n<li>Servicios (de gesti\u00f3n propia y servicios externalizados)<\/li>\n<\/ul>\n<p>&nbsp;<\/p>\n<p>&nbsp;<\/p>\n<p><span style=\"color: #777777\"><strong>Documento:<\/strong><\/span> Propuesta Plan Acci\u00f3n:<a href=\"http:\/\/web.ua.es\/es\/ecocampus\/documentos\/agenda21\/ppa-ga-ua.pdf\" target=\"_blank\"> PPA_G_UA.pdf<\/a><\/p>\n","protected":false},"excerpt":{"rendered":"<p>Gesti\u00f3 Ambiental de la UA: estructura, activitats i serveis En aquest eix, s&#8217;ha realitzat una an\u00e0lisi de la \u201cEstructura organitzativa de la Universitat\u201d a diferents nivells: Nivell acad\u00e8mic Nivell de gesti\u00f3 i Govern Representaci\u00f3 i participaci\u00f3 Organitzaci\u00f3 i gesti\u00f3 en mat\u00e8ria ambiental De la mateixa manera, s&#8217;ha realitzat una an\u00e0lisi de la situaci\u00f3 actual de [&hellip;]<\/p>\n","protected":false},"author":1241,"featured_media":0,"parent":11,"menu_order":0,"comment_status":"open","ping_status":"closed","template":"","meta":{"footnotes":""},"class_list":["post-14","page","type-page","status-publish","hentry"],"_links":{"self":[{"href":"https:\/\/blogs.ua.es\/agenda21\/wp-json\/wp\/v2\/pages\/14","targetHints":{"allow":["GET"]}}],"collection":[{"href":"https:\/\/blogs.ua.es\/agenda21\/wp-json\/wp\/v2\/pages"}],"about":[{"href":"https:\/\/blogs.ua.es\/agenda21\/wp-json\/wp\/v2\/types\/page"}],"author":[{"embeddable":true,"href":"https:\/\/blogs.ua.es\/agenda21\/wp-json\/wp\/v2\/users\/1241"}],"replies":[{"embeddable":true,"href":"https:\/\/blogs.ua.es\/agenda21\/wp-json\/wp\/v2\/comments?post=14"}],"version-history":[{"count":15,"href":"https:\/\/blogs.ua.es\/agenda21\/wp-json\/wp\/v2\/pages\/14\/revisions"}],"predecessor-version":[{"id":399,"href":"https:\/\/blogs.ua.es\/agenda21\/wp-json\/wp\/v2\/pages\/14\/revisions\/399"}],"up":[{"embeddable":true,"href":"https:\/\/blogs.ua.es\/agenda21\/wp-json\/wp\/v2\/pages\/11"}],"wp:attachment":[{"href":"https:\/\/blogs.ua.es\/agenda21\/wp-json\/wp\/v2\/media?parent=14"}],"curies":[{"name":"wp","href":"https:\/\/api.w.org\/{rel}","templated":true}]}}