{"id":18,"date":"2009-04-08T12:33:00","date_gmt":"2009-04-08T10:33:00","guid":{"rendered":"https:\/\/blogs.ua.es\/agenda21\/?page_id=18"},"modified":"2009-05-11T17:22:47","modified_gmt":"2009-05-11T15:22:47","slug":"analisis-territorial-y-poblacional","status":"publish","type":"page","link":"https:\/\/blogs.ua.es\/agenda21\/ejes-especificos\/analisis-territorial-y-poblacional\/","title":{"rendered":"An\u00e0lisi Territorial i Poblacional de la UA \/ An\u00e1lisis Territorial y Poblacional de la UA"},"content":{"rendered":"<p><span style=\"font-size: medium\"><strong><br \/>\nAn\u00e0lisi Territorial i Poblacional de la UA<br \/>\n<\/strong><\/span><br \/>\nQuant a l&#8217;an\u00e0lisi territorial, s&#8217;han avaluat factors com la ubicaci\u00f3 del campus de la UA, l\u00edmits del campus, vies de comunicaci\u00f3, r\u00e8gim jur\u00eddic del s\u00f2l de la UA, ordenaci\u00f3 de l&#8217;espai f\u00edsic de la UA, desenvolupament urban\u00edstic del campus, elements que conformen l&#8217;estructura del campus (instal\u00b7lacions, equipaments, edificis, espais comuns, aparcaments\u2026)<\/p>\n<p>Per a l&#8217;an\u00e0lisi poblacional s&#8217;han estudiat els col\u00b7lectius de la comunitat universit\u00e0ria, la seua an\u00e0lisi evolutiva, estructura, distribuci\u00f3, densitat demogr\u00e0fica i distribuci\u00f3 territorial, poblaci\u00f3 universit\u00e0ria amb discapacitat, composici\u00f3 de l&#8217;equip rectoral, etc.<\/p>\n<p><strong>Documents<\/strong><\/p>\n<ul>\n<li>DAFO: <span style=\"color: #777777\"><a href=\"http:\/\/www.ua.es\/es\/presentacion\/vicerrectorado\/vr.viema\/ecocampus\/agenda21\/D_ATyP_UA.pdf\" target=\"_blank\">D_ATyp_UA.pdf<\/a><\/span><\/li>\n<\/ul>\n<p><span style=\"color: #777777;font-size: medium\"><strong> An\u00e1lisis Territorial y Poblacional de la UA<br \/>\n<\/strong><\/span><br \/>\n<span style=\"color: #777777\">En cuanto al an\u00e1lisis territorial, se han evaluado factores como la ubicaci\u00f3n del campus de la UA, l\u00edmites del campus, v\u00edas de comunicaci\u00f3n, r\u00e9gimen jur\u00eddico del suelo de la UA, ordenaci\u00f3n del espacio f\u00edsico de la UA, desarrollo urban\u00edstico del campus, elementos que conforman la estructura del campus (instalaciones, equipamientos, edificios, espacios comunes, aparcamientos\u2026)<\/span><\/p>\n<p><span style=\"color: #777777\">Para el an\u00e1lisis poblacional se han estudiado los colectivos de la comunidad universitaria, su an\u00e1lisis evolutivo, estructura, distribuci\u00f3n, densidad demogr\u00e1fica y distribuci\u00f3n territorial, poblaci\u00f3n universitaria con discapacidad, composici\u00f3n del equipo rectoral, etc.<\/span><\/p>\n<p><span style=\"color: #777777\"><strong>Documentos<\/strong><\/span><\/p>\n<ul>\n<li><span style=\"color: #777777\">DAFO: <a href=\"http:\/\/www.ua.es\/es\/presentacion\/vicerrectorado\/vr.viema\/ecocampus\/agenda21\/D_ATyP_UA.pdf\" target=\"_blank\">D_ATyp_UA.pdf<\/a><\/span><\/li>\n<\/ul>\n","protected":false},"excerpt":{"rendered":"<p>An\u00e0lisi Territorial i Poblacional de la UA Quant a l&#8217;an\u00e0lisi territorial, s&#8217;han avaluat factors com la ubicaci\u00f3 del campus de la UA, l\u00edmits del campus, vies de comunicaci\u00f3, r\u00e8gim jur\u00eddic del s\u00f2l de la UA, ordenaci\u00f3 de l&#8217;espai f\u00edsic de la UA, desenvolupament urban\u00edstic del campus, elements que conformen l&#8217;estructura del campus (instal\u00b7lacions, equipaments, edificis, [&hellip;]<\/p>\n","protected":false},"author":1241,"featured_media":0,"parent":11,"menu_order":0,"comment_status":"open","ping_status":"closed","template":"","meta":{"footnotes":""},"class_list":["post-18","page","type-page","status-publish","hentry"],"_links":{"self":[{"href":"https:\/\/blogs.ua.es\/agenda21\/wp-json\/wp\/v2\/pages\/18","targetHints":{"allow":["GET"]}}],"collection":[{"href":"https:\/\/blogs.ua.es\/agenda21\/wp-json\/wp\/v2\/pages"}],"about":[{"href":"https:\/\/blogs.ua.es\/agenda21\/wp-json\/wp\/v2\/types\/page"}],"author":[{"embeddable":true,"href":"https:\/\/blogs.ua.es\/agenda21\/wp-json\/wp\/v2\/users\/1241"}],"replies":[{"embeddable":true,"href":"https:\/\/blogs.ua.es\/agenda21\/wp-json\/wp\/v2\/comments?post=18"}],"version-history":[{"count":8,"href":"https:\/\/blogs.ua.es\/agenda21\/wp-json\/wp\/v2\/pages\/18\/revisions"}],"predecessor-version":[{"id":391,"href":"https:\/\/blogs.ua.es\/agenda21\/wp-json\/wp\/v2\/pages\/18\/revisions\/391"}],"up":[{"embeddable":true,"href":"https:\/\/blogs.ua.es\/agenda21\/wp-json\/wp\/v2\/pages\/11"}],"wp:attachment":[{"href":"https:\/\/blogs.ua.es\/agenda21\/wp-json\/wp\/v2\/media?parent=18"}],"curies":[{"name":"wp","href":"https:\/\/api.w.org\/{rel}","templated":true}]}}