{"id":20,"date":"2009-04-08T12:33:38","date_gmt":"2009-04-08T10:33:38","guid":{"rendered":"https:\/\/blogs.ua.es\/agenda21\/?page_id=20"},"modified":"2013-11-14T10:55:53","modified_gmt":"2013-11-14T08:55:53","slug":"medio-natural","status":"publish","type":"page","link":"https:\/\/blogs.ua.es\/agenda21\/ejes-especificos\/medio-natural\/","title":{"rendered":"Medi Natural i Perceptual en la UA \/ Medio Natural y Perceptual en la UA"},"content":{"rendered":"<p><span style=\"font-size: medium\"><strong><br \/>\nMedi Natural i Perceptual en la UA<br \/>\n<\/strong><\/span><br \/>\nPer a l\u2019an\u00e0lisi del medi natural de la UA s\u2019han tingut en compte les seues caracter\u00edstiques clim\u00e0tiques, geologia, edafologia, hidrologia subterr\u00e0nia i superficial, aix\u00ed com els processos i riscos naturals, exist\u00e8ncia de vies pecu\u00e0ries, flora, fauna, paisatge i mobiliari urb\u00e0.<\/p>\n<p><strong>Document:<\/strong> Proposta Pla Acci\u00f3: <a href=\"http:\/\/web.ua.es\/va\/ecocampus\/documentos\/agenda21\/ppa-mnyp-ua.pdf\">PPA_MNyP_UA.pdf<\/a><\/p>\n<p><span style=\"color: #777777;font-size: medium\"><strong><br \/>\nMedio Natural y Perceptual en la UA<br \/>\n<\/strong><\/span><br \/>\n<span style=\"color: #777777\">Para el an\u00e1lisis del medio natural de la UA se han tenido en cuenta sus caracter\u00edsticas clim\u00e1ticas, geolog\u00eda, edafolog\u00eda, hidrolog\u00eda subterr\u00e1nea y superficial, as\u00ed como los procesos y riesgos naturales, existencia de v\u00edas pecuarias, flora, fauna, paisaje y mobiliario urbano.<\/span><\/p>\n<p><span style=\"color: #777777\"><strong>Documento: <\/strong><\/span><span style=\"color: #777777\">Propuesta Plan Acci\u00f3n: <a href=\"http:\/\/web.ua.es\/es\/ecocampus\/documentos\/agenda21\/ppa-mnyp-ua.pdf\">PPA_MNyP_UA.pdf<\/a><\/span><\/p>\n","protected":false},"excerpt":{"rendered":"<p>Medi Natural i Perceptual en la UA Per a l\u2019an\u00e0lisi del medi natural de la UA s\u2019han tingut en compte les seues caracter\u00edstiques clim\u00e0tiques, geologia, edafologia, hidrologia subterr\u00e0nia i superficial, aix\u00ed com els processos i riscos naturals, exist\u00e8ncia de vies pecu\u00e0ries, flora, fauna, paisatge i mobiliari urb\u00e0. Document: Proposta Pla Acci\u00f3: PPA_MNyP_UA.pdf Medio Natural y [&hellip;]<\/p>\n","protected":false},"author":1241,"featured_media":0,"parent":11,"menu_order":0,"comment_status":"open","ping_status":"closed","template":"","meta":{"footnotes":""},"class_list":["post-20","page","type-page","status-publish","hentry"],"_links":{"self":[{"href":"https:\/\/blogs.ua.es\/agenda21\/wp-json\/wp\/v2\/pages\/20","targetHints":{"allow":["GET"]}}],"collection":[{"href":"https:\/\/blogs.ua.es\/agenda21\/wp-json\/wp\/v2\/pages"}],"about":[{"href":"https:\/\/blogs.ua.es\/agenda21\/wp-json\/wp\/v2\/types\/page"}],"author":[{"embeddable":true,"href":"https:\/\/blogs.ua.es\/agenda21\/wp-json\/wp\/v2\/users\/1241"}],"replies":[{"embeddable":true,"href":"https:\/\/blogs.ua.es\/agenda21\/wp-json\/wp\/v2\/comments?post=20"}],"version-history":[{"count":9,"href":"https:\/\/blogs.ua.es\/agenda21\/wp-json\/wp\/v2\/pages\/20\/revisions"}],"predecessor-version":[{"id":405,"href":"https:\/\/blogs.ua.es\/agenda21\/wp-json\/wp\/v2\/pages\/20\/revisions\/405"}],"up":[{"embeddable":true,"href":"https:\/\/blogs.ua.es\/agenda21\/wp-json\/wp\/v2\/pages\/11"}],"wp:attachment":[{"href":"https:\/\/blogs.ua.es\/agenda21\/wp-json\/wp\/v2\/media?parent=20"}],"curies":[{"name":"wp","href":"https:\/\/api.w.org\/{rel}","templated":true}]}}