{"id":22,"date":"2009-04-08T12:34:08","date_gmt":"2009-04-08T10:34:08","guid":{"rendered":"https:\/\/blogs.ua.es\/agenda21\/?page_id=22"},"modified":"2013-11-14T10:46:52","modified_gmt":"2013-11-14T08:46:52","slug":"movilidad","status":"publish","type":"page","link":"https:\/\/blogs.ua.es\/agenda21\/ejes-especificos\/movilidad\/","title":{"rendered":"Pla de Mobilitat Sostenible de la UA \/ Plan de Movilidad Sostenible de la UA"},"content":{"rendered":"<p style=\"text-align: right\"><img loading=\"lazy\" decoding=\"async\" alt=\"idesp\" src=\"https:\/\/blogs.ua.es\/agenda21\/files\/2010\/03\/nuevova.gif\" width=\"28\" height=\"18\" \/>\u00a0<img loading=\"lazy\" decoding=\"async\" alt=\"idval\" src=\"https:\/\/blogs.ua.es\/agenda21\/files\/2009\/05\/idval.gif\" width=\"25\" height=\"24\" \/><\/p>\n<p style=\"text-align: right\"><a title=\"Pla de Mobilitat Sostenible de la UA\" href=\"http:\/\/web.ua.es\/va\/agenda21\/plan-movilidad\/pla-mobilitat-sostenible.html\" target=\"_blank\">Web Pla de Mobilitat Sostenible de la UA<\/a><\/p>\n<p>La\u00a0<strong>Mobilitat Sostenible,<\/strong>\u00a0a un nivell local, t\u00e9 com a finalitat implementar un sistema en qu\u00e8 el vehicle privat, el transport col\u00b7lectiu, les infraestructures vi\u00e0ries i l\u2019aparcament formen un model integrat, en el que s\u2019interrelacionen unes parts amb altres. L\u2019objecte d\u2019aquesta pol\u00edtica orientada cap a la sostenibilitat \u00e9s aconseguir un canvi modal en els despla\u00e7aments donant prioritat a la utilitzaci\u00f3 de sistemes de mobilitat i transport m\u00e9s eficients: mitjans col\u00b7lectius de transport p\u00fablic (autob\u00fas, tren, tramvia), utilitzaci\u00f3 del vehicle privat compartit, intermodalitat dels mitjans de transport i a models de despla\u00e7ament alternatius: bicicleta i mobilitat a peu.<\/p>\n<p>Dins del context de l\u2019Agenda 21, la Universitat d\u2019Alacant ha elaborat el seu Pla de Mobilitat Sostenible amb la finalitat d\u2019assegurar, a nivell local i a llarg termini, l\u2019accessibilitat i mobilitat sostenibles, tant en l\u2019acc\u00e9s al Campus de Sant Vicent del Raspeig com en els seus despla\u00e7aments interns.<\/p>\n<div>El fi \u00faltim d\u2019aquest pla consisteix a implementar un sistema de transport que done prioritat als modes de despla\u00e7ament no contaminants (bicicleta i despla\u00e7ament a peu) i als mitjans col\u00b7lectius de transport p\u00fablic, en detriment de l\u2019\u00fas i ab\u00fas del vehicle privat motoritzat.<\/div>\n<ul>\n<li><strong><a title=\"Proposta del Pla d\u2019Acci\u00f3 del Pla de Mobilitat Sostenible de la UA.PDF\" href=\"http:\/\/web.ua.es\/va\/agenda21\/documentos\/pla-de-mobilitat-sostenible\/proposta-pla-accio-pms-ua-10-2011.pdf\" target=\"_blank\">Proposta del Pla d\u2019Acci\u00f3 del Pla de Mobilitat Sostenible de la UA.PDF<\/a><\/strong><\/li>\n<li><strong><a title=\"Resultats de l\u2019enquesta de mobilitat(2010).PDF\" href=\"http:\/\/web.ua.es\/va\/agenda21\/documentos\/pla-de-mobilitat-sostenible\/resultats-enquestes-mobilitat-ua-2010.pdf\" target=\"_blank\">Resultats de l\u2019enquesta de mobilitat(2010).PDF<\/a><\/strong><\/li>\n<li><strong><a title=\"Resultats de l\u2019enquesta de mobilitat a persones amb mobilitat redu\u00efda (PMR)(2010).PDF\" href=\"http:\/\/web.ua.es\/va\/agenda21\/documentos\/pla-de-mobilitat-sostenible\/resultats-enquestes-mobilitat-pmr-ua-2010.pdf\" target=\"_blank\">Resultats de l\u2019enquesta de mobilitat a persones amb mobilitat redu\u00efda (PMR)(2010).PDF<\/a><\/strong><\/li>\n<\/ul>\n<p><strong>Documents previs:<\/strong><\/p>\n<ul>\n<li>Proposta Pla d&#8217;Acci\u00f3 Agenda 21_ Eix Mobilitat:<a href=\"http:\/\/web.ua.es\/va\/ecocampus\/documentos\/agenda21\/ppa-m-ua.pdf\" target=\"_blank\"> PPA_M_UA.pdf<\/a><\/li>\n<li>Proposta Pla Acci\u00f3 Agenda 21_ Eix Accessibilitat: <a href=\"http:\/\/web.ua.es\/va\/ecocampus\/documentos\/agenda21\/ppa-a-ua.pdf\" target=\"_blank\">PPA_A_UA.pdf<\/a><\/li>\n<\/ul>\n<p><strong><strong>Informaci\u00f3 addicional:<\/strong><\/strong><\/p>\n<ul>\n<li><a title=\"Transport Universitari\" href=\"http:\/\/web.ua.es\/va\/oia\/transporte-universitario\/\" target=\"_blank\">Transport Universitari<\/a><\/li>\n<li><a title=\"Campanya Autocolega-UA\" href=\"http:\/\/web.ua.es\/va\/oia\/transporte-universitario\/autocolega.html\" target=\"_blank\">Portal AutoColega-UA<\/a><\/li>\n<li><a href=\"http:\/\/web.ua.es\/va\/ecocampus\/consejos-ambientales\/consells-ambientals.html\" target=\"_blank\">Consells<\/a>\u00a0y\u00a0<a title=\"Manual de conducci\u00f3n eficiente\" href=\"http:\/\/web.ua.es\/va\/ecocampus\/campanas\/movilidad\/index.html\" target=\"_blank\">Manual de conducci\u00f3 eficient<\/a><\/li>\n<li><a title=\"Aparcabicis en la UA\" href=\"http:\/\/web.ua.es\/va\/ecocampus\/campanas\/movilidad\/aparcabicis.html\" target=\"_blank\">Aparcabicis en la UA<\/a><\/li>\n<\/ul>\n<p>*************************************<\/p>\n<p style=\"text-align: right\"><img loading=\"lazy\" decoding=\"async\" alt=\"idesp\" src=\"https:\/\/blogs.ua.es\/agenda21\/files\/2010\/03\/nuevo.gif\" width=\"39\" height=\"26\" \/>\u00a0<img loading=\"lazy\" decoding=\"async\" alt=\"idesp\" src=\"https:\/\/blogs.ua.es\/agenda21\/files\/2009\/05\/idesp.gif\" width=\"25\" height=\"24\" \/><\/p>\n<p style=\"text-align: right\"><span class=\"Apple-style-span\" style=\"color: #777777;font-size: medium\"><a title=\"Plan de Movilidad Sostenible de la UA\" href=\"http:\/\/web.ua.es\/es\/agenda21\/plan-movilidad\/plan-movilidad-sostenible.html\" target=\"_blank\">Web Plan de Movilidad Sostenible de la UA<\/a><\/span><\/p>\n<p>La\u00a0<strong>Movilidad Sostenible<\/strong><strong>,<\/strong>\u00a0a un nivel local, tiene como finalidad implementar un sistema en el que el veh\u00edculo privado, el transporte colectivo, las infraestructuras viarias y el aparcamiento formen un modelo integrado, en el que se interrelacionen unas partes con otras. El objeto de esta pol\u00edtica orientada hacia la sostenibilidad es conseguir un cambio modal en los desplazamientos dando prioridad a la utilizaci\u00f3n de sistemas de movilidad y transporte m\u00e1s eficientes: medios colectivos de transporte p\u00fablico (autob\u00fas, tren, tranv\u00eda), utilizaci\u00f3n del veh\u00edculo privado compartido, intermodalidad de los medios de transporte y a modelos de desplazamiento alternativos: bicicleta y movilidad a pie.<\/p>\n<p>En el contexto de la Agenda 21,\u00a0la Universidad de Alicante ha elaborado su\u00a0Plan de Movilidad Sostenible con la finalidad de\u00a0asegurar, a nivel local y a largo plazo, la accesibilidad y movilidad sostenibles, tanto en el acceso al Campus de San Vicente del Raspeig como en sus desplazamientos internos.<\/p>\n<p>El\u00a0<strong>fin \u00faltimo<\/strong>\u00a0de este plan consiste en implementar un sistema de transporte que d\u00e9 prioridad a los modos de desplazamiento no contaminantes (bicicleta y desplazamiento a pie) y a los medios colectivos de transporte p\u00fablico, en detrimento del uso y abuso del veh\u00edculo privado motorizado.<\/p>\n<ul>\n<li><strong><a title=\"Propuesta del Plan de Acci\u00f3n del Plan de Movilidad Sostenible de la UA.PDF\" href=\"http:\/\/web.ua.es\/es\/agenda21\/documentos\/plan-de-movilidad-sostenible\/propuesta-plan-accion-pms-ua-10-2011.pdf\" target=\"_blank\">Propuesta del Plan de Acci\u00f3n del Plan de Movilidad Sostenible de la UA.PDF<\/a><\/strong><\/li>\n<li><strong><a title=\"Resultados de la encuesta de movilidad (2010).PDF\" href=\"http:\/\/web.ua.es\/es\/agenda21\/documentos\/plan-de-movilidad-sostenible\/resultados-encuestas-movilidad-ua-2010.pdf\" target=\"_blank\">Resultados de la encuesta de movilidad (2010).PDF<\/a><\/strong><\/li>\n<li><strong><a title=\"Resultados de la encuesta de movilidad a personas con movilidad reducida (PMR)(2010).PDF\" href=\"http:\/\/web.ua.es\/es\/agenda21\/documentos\/plan-de-movilidad-sostenible\/resultados-encuestas-movilidad-pmr-ua-2010.pdf\" target=\"_blank\">Resultados de la encuesta de movilidad a personas con movilidad reducida (PMR)(2010).PDF<\/a><\/strong><\/li>\n<\/ul>\n<p><strong>Documentos previos: <\/strong><\/p>\n<ul>\n<li>Propuesta Plan Acci\u00f3n Agenda 21_Eje III. Movilidad: <a href=\"http:\/\/web.ua.es\/es\/ecocampus\/documentos\/agenda21\/ppa-m-ua.pdf\" target=\"_blank\">PPA_M_UA.pdf<\/a><\/li>\n<li>Propuesta Plan Acci\u00f3n Agenda 21_Eje IV. Accesibilidad: <a href=\"http:\/\/web.ua.es\/es\/ecocampus\/documentos\/agenda21\/ppa-a-ua.pdf\" target=\"_blank\">PPA_A_UA.pdf<\/a><\/li>\n<\/ul>\n<p><strong><strong>Informaci\u00f3n adicional:<\/strong><\/strong><\/p>\n<ul>\n<li><a title=\"Transporte Universitario\" href=\"http:\/\/web.ua.es\/es\/oia\/transporte-universitario\/\" target=\"_blank\">Transporte Universitario<\/a><\/li>\n<li><a title=\"Portal Autocolega de la UA\" href=\"http:\/\/aplicacionesua.cpd.ua.es\/autocolega\/index2.htm\" target=\"_blank\">Portal Autocolega de la UA<\/a><\/li>\n<li><a href=\"http:\/\/web.ua.es\/es\/ecocampus\/consejos-ambientales\/consejos-ambientales.html\" target=\"_blank\">Consejos<\/a> y\u00a0<a title=\"Manual de conducci\u00f3n eficiente\" href=\"http:\/\/web.ua.es\/es\/ecocampus\/campanas\/movilidad\/index.html\" target=\"_blank\">Manual de conducci\u00f3n eficiente<\/a><\/li>\n<li><a title=\"Aparcabicis en la UA\" href=\"http:\/\/web.ua.es\/es\/ecocampus\/campanas\/movilidad\/aparcabicis.html\" target=\"_blank\">Aparcabicis en la UA<\/a><\/li>\n<\/ul>\n","protected":false},"excerpt":{"rendered":"<p>\u00a0 Web Pla de Mobilitat Sostenible de la UA La\u00a0Mobilitat Sostenible,\u00a0a un nivell local, t\u00e9 com a finalitat implementar un sistema en qu\u00e8 el vehicle privat, el transport col\u00b7lectiu, les infraestructures vi\u00e0ries i l\u2019aparcament formen un model integrat, en el que s\u2019interrelacionen unes parts amb altres. L\u2019objecte d\u2019aquesta pol\u00edtica orientada cap a la sostenibilitat \u00e9s [&hellip;]<\/p>\n","protected":false},"author":1241,"featured_media":0,"parent":11,"menu_order":0,"comment_status":"open","ping_status":"closed","template":"","meta":{"footnotes":""},"class_list":["post-22","page","type-page","status-publish","hentry"],"_links":{"self":[{"href":"https:\/\/blogs.ua.es\/agenda21\/wp-json\/wp\/v2\/pages\/22","targetHints":{"allow":["GET"]}}],"collection":[{"href":"https:\/\/blogs.ua.es\/agenda21\/wp-json\/wp\/v2\/pages"}],"about":[{"href":"https:\/\/blogs.ua.es\/agenda21\/wp-json\/wp\/v2\/types\/page"}],"author":[{"embeddable":true,"href":"https:\/\/blogs.ua.es\/agenda21\/wp-json\/wp\/v2\/users\/1241"}],"replies":[{"embeddable":true,"href":"https:\/\/blogs.ua.es\/agenda21\/wp-json\/wp\/v2\/comments?post=22"}],"version-history":[{"count":48,"href":"https:\/\/blogs.ua.es\/agenda21\/wp-json\/wp\/v2\/pages\/22\/revisions"}],"predecessor-version":[{"id":388,"href":"https:\/\/blogs.ua.es\/agenda21\/wp-json\/wp\/v2\/pages\/22\/revisions\/388"}],"up":[{"embeddable":true,"href":"https:\/\/blogs.ua.es\/agenda21\/wp-json\/wp\/v2\/pages\/11"}],"wp:attachment":[{"href":"https:\/\/blogs.ua.es\/agenda21\/wp-json\/wp\/v2\/media?parent=22"}],"curies":[{"name":"wp","href":"https:\/\/api.w.org\/{rel}","templated":true}]}}