{"id":230,"date":"2009-05-18T13:04:36","date_gmt":"2009-05-18T11:04:36","guid":{"rendered":"https:\/\/blogs.ua.es\/agenda21\/?page_id=230"},"modified":"2009-05-18T13:18:30","modified_gmt":"2009-05-18T11:18:30","slug":"norma","status":"publish","type":"page","link":"https:\/\/blogs.ua.es\/agenda21\/norma\/","title":{"rendered":"Normas de uso"},"content":{"rendered":"<p>Se comunica a los usuarios del Blog de la Agenda 21 de la Universidad de Alicante, que se suprimir\u00e1n todos los comentarios que atenten, de cualquier manera, contra la intimidad, privacidad, imagen y, en general, contra cualquier derecho de cualquier persona, tanto de la comunidad universitaria como de fuera, sin prejuicio de las exigencias de las responsabilidades civiles o penales, que se puedan derivar de dicha conducta.<\/p>\n<p>El Blog de la Agenda 21 de la Universidad se concibe como un foro de partipaci\u00f3n abierta, donde los usuarios pueden dejar sus comentarios personales relacionados con cada una de la L\u00edneas Estrat\u00e9gicas definidas. La Universidad de Alicante no se hace responsable de los comentarios particulares vertidos por los usuarios de este Blog.<\/p>\n","protected":false},"excerpt":{"rendered":"<p>Se comunica a los usuarios del Blog de la Agenda 21 de la Universidad de Alicante, que se suprimir\u00e1n todos los comentarios que atenten, de cualquier manera, contra la intimidad, privacidad, imagen y, en general, contra cualquier derecho de cualquier persona, tanto de la comunidad universitaria como de fuera, sin prejuicio de las exigencias de [&hellip;]<\/p>\n","protected":false},"author":1241,"featured_media":0,"parent":0,"menu_order":0,"comment_status":"closed","ping_status":"closed","template":"","meta":{"footnotes":""},"class_list":["post-230","page","type-page","status-publish","hentry"],"_links":{"self":[{"href":"https:\/\/blogs.ua.es\/agenda21\/wp-json\/wp\/v2\/pages\/230","targetHints":{"allow":["GET"]}}],"collection":[{"href":"https:\/\/blogs.ua.es\/agenda21\/wp-json\/wp\/v2\/pages"}],"about":[{"href":"https:\/\/blogs.ua.es\/agenda21\/wp-json\/wp\/v2\/types\/page"}],"author":[{"embeddable":true,"href":"https:\/\/blogs.ua.es\/agenda21\/wp-json\/wp\/v2\/users\/1241"}],"replies":[{"embeddable":true,"href":"https:\/\/blogs.ua.es\/agenda21\/wp-json\/wp\/v2\/comments?post=230"}],"version-history":[{"count":6,"href":"https:\/\/blogs.ua.es\/agenda21\/wp-json\/wp\/v2\/pages\/230\/revisions"}],"predecessor-version":[{"id":240,"href":"https:\/\/blogs.ua.es\/agenda21\/wp-json\/wp\/v2\/pages\/230\/revisions\/240"}],"wp:attachment":[{"href":"https:\/\/blogs.ua.es\/agenda21\/wp-json\/wp\/v2\/media?parent=230"}],"curies":[{"name":"wp","href":"https:\/\/api.w.org\/{rel}","templated":true}]}}