{"id":24,"date":"2009-04-08T12:34:44","date_gmt":"2009-04-08T10:34:44","guid":{"rendered":"https:\/\/blogs.ua.es\/agenda21\/?page_id=24"},"modified":"2013-11-14T10:49:32","modified_gmt":"2013-11-14T08:49:32","slug":"accesibilidad","status":"publish","type":"page","link":"https:\/\/blogs.ua.es\/agenda21\/ejes-especificos\/accesibilidad\/","title":{"rendered":"Accessibilitat \/ Accesibilidad"},"content":{"rendered":"<p><span style=\"font-size: medium\"><strong>Accessibilitat en la UA <\/strong><\/span><\/p>\n<p>Pel que fa a l&#8217;accessibilitat en la UA de persones amb discapacitat, s&#8217;han analitzat:<\/p>\n<ul>\n<li>Vehicles adaptas de la UA<\/li>\n<li>Vehicles el\u00e8ctrics per al despla\u00e7ament de persones amb discapacitat en la UA.<\/li>\n<li>Pla Especial d&#8217;Actuaci\u00f3 per a l&#8217;Accessibilitat en la UA: zones de vianants, mobiliari urb\u00e0, exist\u00e8ncia d&#8217;elements perillosos, desnivells, dimensions de les voreres, parades d&#8217;autobusos adaptades, llocs d&#8217;aparcament, accessibilitat a l&#8217;interior dels edificis, etc.)<\/li>\n<\/ul>\n<p><strong>Document:<\/strong> Proposta Pla Acci\u00f3 Agenda 21 Eix IV Accessibilitat: <a href=\"http:\/\/web.ua.es\/va\/ecocampus\/documentos\/agenda21\/ppa-a-ua.pdf\">PPA_A_UA.pdf<\/a><\/p>\n<p>&nbsp;<\/p>\n<p><img loading=\"lazy\" decoding=\"async\" alt=\"idesp\" src=\"https:\/\/blogs.ua.es\/agenda21\/files\/2010\/03\/nuevova.gif\" width=\"28\" height=\"18\" \/> <img loading=\"lazy\" decoding=\"async\" alt=\"idval\" src=\"https:\/\/blogs.ua.es\/agenda21\/files\/2009\/05\/idval.gif\" width=\"25\" height=\"24\" \/><a title=\"Bloc Pla de Mobilitat Sostenible de la UA\" href=\"https:\/\/blogs.ua.es\/agenda21\/ejes-especificos\/movilidad\/\">Pla de Mobilitat Sostenible (bloc)<\/a><\/p>\n<p>&nbsp;<\/p>\n<ul>\n<li><strong><a title=\"Proposta del Pla d\u2019Acci\u00f3 del Pla de Mobilitat Sostenible de la UA.PDF\" href=\"http:\/\/web.ua.es\/va\/agenda21\/documentos\/pla-de-mobilitat-sostenible\/proposta-pla-accio-pms-ua-10-2011.pdf\" target=\"_blank\">Proposta del Pla d\u2019Acci\u00f3 del Pla de Mobilitat Sostenible de la UA.PDF<\/a><\/strong><\/li>\n<li><strong><a title=\"Resultats de l\u2019enquesta de mobilitat a persones amb mobilitat redu\u00efda (PMR)(2010).PDF\" href=\"http:\/\/web.ua.es\/va\/agenda21\/documentos\/pla-de-mobilitat-sostenible\/resultats-enquestes-mobilitat-pmr-ua-2010.pdf\" target=\"_blank\">Resultats de l\u2019enquesta de mobilitat a persones amb mobilitat redu\u00efda (PMR)(2010).PDF<\/a><\/strong><\/li>\n<\/ul>\n<p>************************<\/p>\n<p><span style=\"color: #777777;font-size: medium\"><strong>Accesibilidad\u00a0en la UA <\/strong><\/span><br \/>\n<span style=\"color: #777777\">Respecto a la accesibilidad en la UA de personas con discapacida, se han analizado:<strong><\/strong><\/span><\/p>\n<ul>\n<li><span style=\"color: #777777\">Veh\u00edculos adaptados de la UA.<\/span><\/li>\n<li><span style=\"color: #777777\">Veh\u00edculos el\u00e9ctricos para el desplazamiento de personas con discapacidad en la UA<\/span><\/li>\n<li><span style=\"color: #777777\">Plan Especial de Actuaci\u00f3n para la Accesibilidad en la UA: zonas peatonales, mobiliario urbano, existencia de elementos peligrosos, desniveles, dimensiones de las aceras, paradas de autobuses adaptadas, plazas de aparcamiento, accesibilidad al interior de los edificios, etc.)<\/span><\/li>\n<\/ul>\n<p><span style=\"color: #777777\"><strong>Documento:<\/strong> Propuesta Plan Acci\u00f3n Eje IV Accesibilidad: <a href=\"http:\/\/web.ua.es\/es\/ecocampus\/documentos\/agenda21\/ppa-a-ua.pdf\">PPA_A_UA.pdf<\/a><\/span><\/p>\n<p><span style=\"color: #777777\"><br \/>\n<\/span><\/p>\n<p><img loading=\"lazy\" decoding=\"async\" alt=\"idesp\" src=\"https:\/\/blogs.ua.es\/agenda21\/files\/2010\/03\/nuevo.gif\" width=\"39\" height=\"26\" \/> <img loading=\"lazy\" decoding=\"async\" alt=\"idesp\" src=\"https:\/\/blogs.ua.es\/agenda21\/files\/2009\/05\/idesp.gif\" width=\"25\" height=\"24\" \/><a title=\"Blog Plan de Movilidad Sostenible\" href=\"https:\/\/blogs.ua.es\/agenda21\/ejes-especificos\/movilidad\/\">Plan de Movilidad Sostenible (acceso al blog)<\/a><\/p>\n<p>&nbsp;<\/p>\n<ul>\n<li><strong><a title=\"Propuesta del Plan de Acci\u00f3n del Plan de Movilidad Sostenible de la UA.PDF\" href=\"http:\/\/web.ua.es\/es\/agenda21\/documentos\/plan-de-movilidad-sostenible\/propuesta-plan-accion-pms-ua-10-2011.pdf\" target=\"_blank\">Propuesta del Plan de Acci\u00f3n del Plan de Movilidad Sostenible de la UA.PDF<\/a><\/strong><\/li>\n<li><strong><a title=\"Resultados de la encuesta de movilidad a personas con movilidad reducida (PMR)(2010).PDF\" href=\"http:\/\/web.ua.es\/es\/agenda21\/documentos\/plan-de-movilidad-sostenible\/resultados-encuestas-movilidad-pmr-ua-2010.pdf\" target=\"_blank\">Resultados de la encuesta de movilidad a personas con movilidad reducida (PMR)(2010).PDF<\/a><\/strong><\/li>\n<\/ul>\n<p>&nbsp;<\/p>\n","protected":false},"excerpt":{"rendered":"<p>Accessibilitat en la UA Pel que fa a l&#8217;accessibilitat en la UA de persones amb discapacitat, s&#8217;han analitzat: Vehicles adaptas de la UA Vehicles el\u00e8ctrics per al despla\u00e7ament de persones amb discapacitat en la UA. Pla Especial d&#8217;Actuaci\u00f3 per a l&#8217;Accessibilitat en la UA: zones de vianants, mobiliari urb\u00e0, exist\u00e8ncia d&#8217;elements perillosos, desnivells, dimensions de [&hellip;]<\/p>\n","protected":false},"author":1241,"featured_media":0,"parent":11,"menu_order":0,"comment_status":"open","ping_status":"closed","template":"","meta":{"footnotes":""},"class_list":["post-24","page","type-page","status-publish","hentry"],"_links":{"self":[{"href":"https:\/\/blogs.ua.es\/agenda21\/wp-json\/wp\/v2\/pages\/24","targetHints":{"allow":["GET"]}}],"collection":[{"href":"https:\/\/blogs.ua.es\/agenda21\/wp-json\/wp\/v2\/pages"}],"about":[{"href":"https:\/\/blogs.ua.es\/agenda21\/wp-json\/wp\/v2\/types\/page"}],"author":[{"embeddable":true,"href":"https:\/\/blogs.ua.es\/agenda21\/wp-json\/wp\/v2\/users\/1241"}],"replies":[{"embeddable":true,"href":"https:\/\/blogs.ua.es\/agenda21\/wp-json\/wp\/v2\/comments?post=24"}],"version-history":[{"count":37,"href":"https:\/\/blogs.ua.es\/agenda21\/wp-json\/wp\/v2\/pages\/24\/revisions"}],"predecessor-version":[{"id":390,"href":"https:\/\/blogs.ua.es\/agenda21\/wp-json\/wp\/v2\/pages\/24\/revisions\/390"}],"up":[{"embeddable":true,"href":"https:\/\/blogs.ua.es\/agenda21\/wp-json\/wp\/v2\/pages\/11"}],"wp:attachment":[{"href":"https:\/\/blogs.ua.es\/agenda21\/wp-json\/wp\/v2\/media?parent=24"}],"curies":[{"name":"wp","href":"https:\/\/api.w.org\/{rel}","templated":true}]}}