{"id":26,"date":"2009-04-08T12:35:18","date_gmt":"2009-04-08T10:35:18","guid":{"rendered":"https:\/\/blogs.ua.es\/agenda21\/?page_id=26"},"modified":"2013-11-14T10:55:03","modified_gmt":"2013-11-14T08:55:03","slug":"gestion-de-residuos","status":"publish","type":"page","link":"https:\/\/blogs.ua.es\/agenda21\/ejes-especificos\/gestion-de-residuos\/","title":{"rendered":"Gesti\u00f3 de Residus en la UA \/ Gesti\u00f3n de Residuos en la UA"},"content":{"rendered":"<p><span style=\"font-size: medium\"><strong><br \/>\nGesti\u00f3 de Residus en la UA<br \/>\n<\/strong><\/span><br \/>\nS\u2019ha analitzat el Sistema Integral de Gesti\u00f3 de Residus de la UA, protocols definits, exist\u00e8ncia de papereres exteriors, arreplega selectiva, residus perillosos, abocaments incontrolats, etc.<\/p>\n<p><strong>Document:<\/strong> Proposta Pla Acci\u00f3: <a href=\"http:\/\/web.ua.es\/va\/ecocampus\/documentos\/agenda21\/ppa-gr-ua.pdf\">PPA_GR_UA.pdf<\/a><\/p>\n<p><span style=\"color: #777777;font-size: medium\"><strong><br \/>\nGesti\u00f3n de Residuos en la UA<br \/>\n<\/strong><\/span><br \/>\n<span style=\"color: #777777\">Se ha analizado el Sistema Integral de Gesti\u00f3n de Residuos de la UA, protocolos definidos, existencia de papeleras exteriores, recogida selectiva, residuos peligrosos, vertidos incontrolados, etc.<\/span><\/p>\n<p><span style=\"color: #777777\"><strong>Documento:<\/strong><\/span> <span style=\"color: #777777\">Propuesta Plan Acci\u00f3n: <a href=\"http:\/\/web.ua.es\/es\/ecocampus\/documentos\/agenda21\/ppa-gr-ua.pdf\">PPA_GR_UA.pdf<\/a><\/span><\/p>\n","protected":false},"excerpt":{"rendered":"<p>Gesti\u00f3 de Residus en la UA S\u2019ha analitzat el Sistema Integral de Gesti\u00f3 de Residus de la UA, protocols definits, exist\u00e8ncia de papereres exteriors, arreplega selectiva, residus perillosos, abocaments incontrolats, etc. Document: Proposta Pla Acci\u00f3: PPA_GR_UA.pdf Gesti\u00f3n de Residuos en la UA Se ha analizado el Sistema Integral de Gesti\u00f3n de Residuos de la UA, [&hellip;]<\/p>\n","protected":false},"author":1241,"featured_media":0,"parent":11,"menu_order":0,"comment_status":"open","ping_status":"closed","template":"","meta":{"footnotes":""},"class_list":["post-26","page","type-page","status-publish","hentry"],"_links":{"self":[{"href":"https:\/\/blogs.ua.es\/agenda21\/wp-json\/wp\/v2\/pages\/26","targetHints":{"allow":["GET"]}}],"collection":[{"href":"https:\/\/blogs.ua.es\/agenda21\/wp-json\/wp\/v2\/pages"}],"about":[{"href":"https:\/\/blogs.ua.es\/agenda21\/wp-json\/wp\/v2\/types\/page"}],"author":[{"embeddable":true,"href":"https:\/\/blogs.ua.es\/agenda21\/wp-json\/wp\/v2\/users\/1241"}],"replies":[{"embeddable":true,"href":"https:\/\/blogs.ua.es\/agenda21\/wp-json\/wp\/v2\/comments?post=26"}],"version-history":[{"count":10,"href":"https:\/\/blogs.ua.es\/agenda21\/wp-json\/wp\/v2\/pages\/26\/revisions"}],"predecessor-version":[{"id":403,"href":"https:\/\/blogs.ua.es\/agenda21\/wp-json\/wp\/v2\/pages\/26\/revisions\/403"}],"up":[{"embeddable":true,"href":"https:\/\/blogs.ua.es\/agenda21\/wp-json\/wp\/v2\/pages\/11"}],"wp:attachment":[{"href":"https:\/\/blogs.ua.es\/agenda21\/wp-json\/wp\/v2\/media?parent=26"}],"curies":[{"name":"wp","href":"https:\/\/api.w.org\/{rel}","templated":true}]}}