{"id":28,"date":"2009-04-08T12:35:55","date_gmt":"2009-04-08T10:35:55","guid":{"rendered":"https:\/\/blogs.ua.es\/agenda21\/?page_id=28"},"modified":"2013-11-14T10:54:19","modified_gmt":"2013-11-14T08:54:19","slug":"gestion-del-agua","status":"publish","type":"page","link":"https:\/\/blogs.ua.es\/agenda21\/ejes-especificos\/gestion-del-agua\/","title":{"rendered":"Gesti\u00f3 de l&#8217;Aigua en la UA \/ Gesti\u00f3n del Agua en la UA"},"content":{"rendered":"<p><span style=\"font-size: medium\"><strong><br \/>\nGesti\u00f3 de l&#8217;Aigua en la UA<br \/>\n<\/strong><\/span><br \/>\nS\u2019ha realitzat una an\u00e0lisi dels consums d\u2019aigua de la Universitat, exist\u00e8ncia de mecanismes d\u2019estalvi, fonts d\u2019aigua potable, reg de zones verdes, dessalinitzaci\u00f3 d\u2019aigua salobre per al reg, abocament d\u2019aig\u00fces residuals\u2026<\/p>\n<p><strong>Document:<\/strong> Proposta Pla Acci\u00f3: <a href=\"http:\/\/web.ua.es\/va\/ecocampus\/documentos\/agenda21\/ppa-ga-ua.pdf\" target=\"_blank\">PPA_GA_UA.pdf<\/a><\/p>\n<p><span style=\"color: #777777;font-size: medium\"><strong><br \/>\nGesti\u00f3n del Agua en la UA<br \/>\n<\/strong><\/span><br \/>\n<span style=\"color: #777777\">Se ha realizado un an\u00e1lisis de los consumos de agua de la Universidad, existencia de mecanismos de ahorro, fuentes de agua potable, riego de zonas verdes, desalinizaci\u00f3n de agua salobre para el riego, vertido de aguas residuales\u2026<\/span><\/p>\n<p><span style=\"color: #777777\"><strong>Documento:<\/strong><\/span> <span style=\"color: #777777\">Propuesta Plan Acci\u00f3n: <a href=\"http:\/\/web.ua.es\/es\/ecocampus\/documentos\/agenda21\/ppa-ga-ua.pdf\" target=\"_blank\">PPA_GA_UA.pdf<\/a><\/span><\/p>\n","protected":false},"excerpt":{"rendered":"<p>Gesti\u00f3 de l&#8217;Aigua en la UA S\u2019ha realitzat una an\u00e0lisi dels consums d\u2019aigua de la Universitat, exist\u00e8ncia de mecanismes d\u2019estalvi, fonts d\u2019aigua potable, reg de zones verdes, dessalinitzaci\u00f3 d\u2019aigua salobre per al reg, abocament d\u2019aig\u00fces residuals\u2026 Document: Proposta Pla Acci\u00f3: PPA_GA_UA.pdf Gesti\u00f3n del Agua en la UA Se ha realizado un an\u00e1lisis de los consumos [&hellip;]<\/p>\n","protected":false},"author":1241,"featured_media":0,"parent":11,"menu_order":0,"comment_status":"open","ping_status":"closed","template":"","meta":{"footnotes":""},"class_list":["post-28","page","type-page","status-publish","hentry"],"_links":{"self":[{"href":"https:\/\/blogs.ua.es\/agenda21\/wp-json\/wp\/v2\/pages\/28","targetHints":{"allow":["GET"]}}],"collection":[{"href":"https:\/\/blogs.ua.es\/agenda21\/wp-json\/wp\/v2\/pages"}],"about":[{"href":"https:\/\/blogs.ua.es\/agenda21\/wp-json\/wp\/v2\/types\/page"}],"author":[{"embeddable":true,"href":"https:\/\/blogs.ua.es\/agenda21\/wp-json\/wp\/v2\/users\/1241"}],"replies":[{"embeddable":true,"href":"https:\/\/blogs.ua.es\/agenda21\/wp-json\/wp\/v2\/comments?post=28"}],"version-history":[{"count":10,"href":"https:\/\/blogs.ua.es\/agenda21\/wp-json\/wp\/v2\/pages\/28\/revisions"}],"predecessor-version":[{"id":401,"href":"https:\/\/blogs.ua.es\/agenda21\/wp-json\/wp\/v2\/pages\/28\/revisions\/401"}],"up":[{"embeddable":true,"href":"https:\/\/blogs.ua.es\/agenda21\/wp-json\/wp\/v2\/pages\/11"}],"wp:attachment":[{"href":"https:\/\/blogs.ua.es\/agenda21\/wp-json\/wp\/v2\/media?parent=28"}],"curies":[{"name":"wp","href":"https:\/\/api.w.org\/{rel}","templated":true}]}}