{"id":30,"date":"2009-04-08T12:36:29","date_gmt":"2009-04-08T10:36:29","guid":{"rendered":"https:\/\/blogs.ua.es\/agenda21\/?page_id=30"},"modified":"2013-11-14T10:52:32","modified_gmt":"2013-11-14T08:52:32","slug":"eficiencia-energetica","status":"publish","type":"page","link":"https:\/\/blogs.ua.es\/agenda21\/ejes-especificos\/eficiencia-energetica\/","title":{"rendered":"Efici\u00e8ncia Energ\u00e8tica en la UA \/ Eficiencia Energ\u00e9tica en la UA"},"content":{"rendered":"<p><span style=\"font-size: medium\"><strong><br \/>\nEfici\u00e8ncia Energ\u00e8tica en la UA<br \/>\n<\/strong><\/span><br \/>\nS\u2019ha mesurat el consum energ\u00e8tic de la Universitat d\u2019Alacant i s\u2019ha realitzat una an\u00e0lisi del mateix. Tamb\u00e9 s\u2019han valorat aspectes com l\u2019exist\u00e8ncia d\u2019una planta solar fotovoltaica, centres de transformaci\u00f3, xarxa de gas natural, dep\u00f2sits de gasoil, efici\u00e8ncia energ\u00e8tica dels edificis existents, enllumenat exterior, etc.<\/p>\n<p><strong>Document:<\/strong> Proposta Pla Acci\u00f3: <a href=\"http:\/\/web.ua.es\/va\/ecocampus\/documentos\/agenda21\/ppa-ee-ua.pdf\">PPA_EE_UA.pdf<\/a><\/p>\n<p><span style=\"color: #777777;font-size: medium\"><strong><br \/>\nEficiencia Energ\u00e9tica en la UA<br \/>\n<\/strong><\/span><br \/>\n<span style=\"color: #777777\">Se ha medido el consumo energ\u00e9tico de la Universidad de Alicante y se ha realizado un an\u00e1lisis del mismo. Tambi\u00e9n se han valorado aspectos como la existencia de una planta solar fotovoltaica, centros de transformaci\u00f3n, red de gas natural, dep\u00f3sitos de gas\u00f3leo, eficiencia energ\u00e9tica de los edificios existentes, alumbrado exterior, etc. <\/span><\/p>\n<p><span style=\"color: #777777\"><strong>Documento: <\/strong><\/span> <span style=\"color: #777777\">Propuesta Plan Acci\u00f3n: <a href=\"http:\/\/web.ua.es\/es\/ecocampus\/documentos\/agenda21\/ppa-ee-ua.pdf\">PPA_EE_UA.pdf<\/a><\/span><\/p>\n","protected":false},"excerpt":{"rendered":"<p>Efici\u00e8ncia Energ\u00e8tica en la UA S\u2019ha mesurat el consum energ\u00e8tic de la Universitat d\u2019Alacant i s\u2019ha realitzat una an\u00e0lisi del mateix. Tamb\u00e9 s\u2019han valorat aspectes com l\u2019exist\u00e8ncia d\u2019una planta solar fotovoltaica, centres de transformaci\u00f3, xarxa de gas natural, dep\u00f2sits de gasoil, efici\u00e8ncia energ\u00e8tica dels edificis existents, enllumenat exterior, etc. Document: Proposta Pla Acci\u00f3: PPA_EE_UA.pdf Eficiencia [&hellip;]<\/p>\n","protected":false},"author":1241,"featured_media":0,"parent":11,"menu_order":0,"comment_status":"open","ping_status":"closed","template":"","meta":{"footnotes":""},"class_list":["post-30","page","type-page","status-publish","hentry"],"_links":{"self":[{"href":"https:\/\/blogs.ua.es\/agenda21\/wp-json\/wp\/v2\/pages\/30","targetHints":{"allow":["GET"]}}],"collection":[{"href":"https:\/\/blogs.ua.es\/agenda21\/wp-json\/wp\/v2\/pages"}],"about":[{"href":"https:\/\/blogs.ua.es\/agenda21\/wp-json\/wp\/v2\/types\/page"}],"author":[{"embeddable":true,"href":"https:\/\/blogs.ua.es\/agenda21\/wp-json\/wp\/v2\/users\/1241"}],"replies":[{"embeddable":true,"href":"https:\/\/blogs.ua.es\/agenda21\/wp-json\/wp\/v2\/comments?post=30"}],"version-history":[{"count":10,"href":"https:\/\/blogs.ua.es\/agenda21\/wp-json\/wp\/v2\/pages\/30\/revisions"}],"predecessor-version":[{"id":397,"href":"https:\/\/blogs.ua.es\/agenda21\/wp-json\/wp\/v2\/pages\/30\/revisions\/397"}],"up":[{"embeddable":true,"href":"https:\/\/blogs.ua.es\/agenda21\/wp-json\/wp\/v2\/pages\/11"}],"wp:attachment":[{"href":"https:\/\/blogs.ua.es\/agenda21\/wp-json\/wp\/v2\/media?parent=30"}],"curies":[{"name":"wp","href":"https:\/\/api.w.org\/{rel}","templated":true}]}}