{"id":32,"date":"2009-04-08T12:36:58","date_gmt":"2009-04-08T10:36:58","guid":{"rendered":"https:\/\/blogs.ua.es\/agenda21\/?page_id=32"},"modified":"2013-11-14T10:51:08","modified_gmt":"2013-11-14T08:51:08","slug":"contaminacion-atmosferica","status":"publish","type":"page","link":"https:\/\/blogs.ua.es\/agenda21\/ejes-especificos\/contaminacion-atmosferica\/","title":{"rendered":"Contaminaci\u00f3 Atmosf\u00e8rica en la UA \/ Contaminaci\u00f3n Atmosf\u00e9rica en la UA"},"content":{"rendered":"<p><span style=\"font-size: medium\"><strong><br \/>\nContaminaci\u00f3 Atmosf\u00e8rica en la UA<br \/>\n<\/strong><\/span><br \/>\nS\u2019ha analitzat l\u2019exist\u00e8ncia d\u2019elements que produeixen, o podrien produir, emissions contaminants a l\u2019atmosfera. Entre els elements que s\u2019han estudiat es troben les calderes, torres de refrigeraci\u00f3, prevenci\u00f3 de legionel\u2022losi, refrigerants utilitzats en els equips d\u2019aire condicionat o les emissions procedents dels vehicles de motor.<\/p>\n<p><strong>Document:<\/strong> Proposta Pla Acci\u00f3: <a href=\"http:\/\/web.ua.es\/va\/ecocampus\/documentos\/agenda21\/ppa-ca-ua.pdf\" target=\"_blank\">PPA_CA_UA.pdf<\/a><\/p>\n<p><span style=\"color: #777777;font-size: medium\"><strong><br \/>\nContaminaci\u00f3n Atmosf\u00e9rica en la UA<br \/>\n<\/strong><\/span><br \/>\n<span style=\"color: #777777\">Se ha analizado la existencia de elementos que producen, o podr\u00edan producir, emisiones contaminantes a la atm\u00f3sfera. Entre los elementos que se han estudiado se encuentran las calderas, torres de refrigeraci\u00f3n, prevenci\u00f3n de legionelosis, refrigerantes utilizados en los equipos de aire acondicionado o las emisiones procedentes de los veh\u00edculos a motor.<\/span><\/p>\n<p><span style=\"color: #777777\"><strong>Documento:<\/strong><\/span> <span style=\"color: #777777\">Propuesta Plan Acci\u00f3n: <a href=\"http:\/\/web.ua.es\/es\/ecocampus\/documentos\/agenda21\/ppa-ca-ua.pdf\">PPA_CA_UA.pdf<\/a><\/span><\/p>\n","protected":false},"excerpt":{"rendered":"<p>Contaminaci\u00f3 Atmosf\u00e8rica en la UA S\u2019ha analitzat l\u2019exist\u00e8ncia d\u2019elements que produeixen, o podrien produir, emissions contaminants a l\u2019atmosfera. Entre els elements que s\u2019han estudiat es troben les calderes, torres de refrigeraci\u00f3, prevenci\u00f3 de legionel\u2022losi, refrigerants utilitzats en els equips d\u2019aire condicionat o les emissions procedents dels vehicles de motor. Document: Proposta Pla Acci\u00f3: PPA_CA_UA.pdf Contaminaci\u00f3n [&hellip;]<\/p>\n","protected":false},"author":1241,"featured_media":0,"parent":11,"menu_order":0,"comment_status":"open","ping_status":"closed","template":"","meta":{"footnotes":""},"class_list":["post-32","page","type-page","status-publish","hentry"],"_links":{"self":[{"href":"https:\/\/blogs.ua.es\/agenda21\/wp-json\/wp\/v2\/pages\/32","targetHints":{"allow":["GET"]}}],"collection":[{"href":"https:\/\/blogs.ua.es\/agenda21\/wp-json\/wp\/v2\/pages"}],"about":[{"href":"https:\/\/blogs.ua.es\/agenda21\/wp-json\/wp\/v2\/types\/page"}],"author":[{"embeddable":true,"href":"https:\/\/blogs.ua.es\/agenda21\/wp-json\/wp\/v2\/users\/1241"}],"replies":[{"embeddable":true,"href":"https:\/\/blogs.ua.es\/agenda21\/wp-json\/wp\/v2\/comments?post=32"}],"version-history":[{"count":10,"href":"https:\/\/blogs.ua.es\/agenda21\/wp-json\/wp\/v2\/pages\/32\/revisions"}],"predecessor-version":[{"id":393,"href":"https:\/\/blogs.ua.es\/agenda21\/wp-json\/wp\/v2\/pages\/32\/revisions\/393"}],"up":[{"embeddable":true,"href":"https:\/\/blogs.ua.es\/agenda21\/wp-json\/wp\/v2\/pages\/11"}],"wp:attachment":[{"href":"https:\/\/blogs.ua.es\/agenda21\/wp-json\/wp\/v2\/media?parent=32"}],"curies":[{"name":"wp","href":"https:\/\/api.w.org\/{rel}","templated":true}]}}