{"id":36,"date":"2009-04-08T12:38:20","date_gmt":"2009-04-08T10:38:20","guid":{"rendered":"https:\/\/blogs.ua.es\/agenda21\/?page_id=36"},"modified":"2009-05-04T12:34:56","modified_gmt":"2009-05-04T10:34:56","slug":"agenda-21-va","status":"publish","type":"page","link":"https:\/\/blogs.ua.es\/agenda21\/agenda-21-va\/","title":{"rendered":"Agenda 21? (val)"},"content":{"rendered":"<p align=\"right\">\n<a href=\"https:\/\/blogs.ua.es\/agenda21\/agenda-21-cas\/\"><img loading=\"lazy\" decoding=\"async\" src=\"https:\/\/blogs.ua.es\/agenda21\/files\/2009\/05\/idesp.gif\" alt=\"idesp\" width=\"25\" height=\"24\" class=\"alignnone size-full wp-image-101\" \/><\/a><img loading=\"lazy\" decoding=\"async\" src=\"https:\/\/blogs.ua.es\/agenda21\/files\/2009\/05\/idval.gif\" alt=\"idval\" width=\"25\" height=\"24\" class=\"alignnone size-full wp-image-102\" \/>\n<\/p>\n<p><font size=\"4px\"><strong><br \/>\nQu\u00e8 \u00e9s l&#8217;Agenda 21?<br \/>\n<\/strong><\/font><br \/>\nAgenda 21 \u00e9s un programa de les Nacions Unides (ONU) per a promoure el desenvolupament sostenible ent\u00e9s com a millora de la qualitat de vida de la comunitat, en equilibri amb el capital natural i amb les capacitats econ\u00f2miques locals (desenvolupament econ\u00f2mic, equitat social i sostenibilitat ambiental).<\/p>\n<p>Es tracta d&#8217;un pla detallat d&#8217;accions que permet analitzar la situaci\u00f3 actual i elaborar propostes de millora als problemes socials, econ\u00f2mics i ambientals actuals a nivell local, amb la finalitat de resoldre&#8217;ls i realitzar previsions per al futur (segle XXI). Es tracta de resoldre els problemes locals per a acabar millorant la totalitat del planeta.<\/p>\n<p>L&#8217;Agenda 21 suposa el comprom\u00eds d&#8217;una comunitat d&#8217;estimular de forma estructurada i planificada el desenvolupament de mesures encaminades a fer compatible el respecte al medi ambient amb el desenvolupament social i econ\u00f2mic.<\/p>\n<p align=\"center\"><img loading=\"lazy\" decoding=\"async\" src=\"https:\/\/blogs.ua.es\/agenda21\/files\/2009\/04\/esquema.jpg\" alt=\"esquema\" width=\"400\" height=\"178\" class=\"alignnone size-full wp-image-49\" \/><\/p>\n<p><strong>Objectius<\/strong><\/p>\n<ul>\n<li>Promoure un Est\u00e0ndard de Qualitat Ambiental m\u00e9s exigent que, al seu torn, afavorisca un augment de la qualitat de vida universit\u00e0ria.<\/li>\n<li>Desenvolupar un proc\u00e9s consultiu basat en la participaci\u00f3, promogut pel Vice-rectorat d&#8217;Infraestructures i Ampliaci\u00f3 del Campus per a tota la comunitat universit\u00e0ria, que millore la cooperaci\u00f3 entre els diferents \u00f2rgans universitaris.<\/li>\n<li>Sensibilitzar, formar i informar tot el col\u00b7lectiu universitari de la repercussi\u00f3 ambiental de les activitats exercides en la UA.<\/li>\n<li>Oferir a la societat un marc de reflexi\u00f3 sobre les conseq\u00fc\u00e8ncies de l&#8217;activitat de la UA, aix\u00ed com facilitar un marc metodol\u00f2gic que servisca de refer\u00e8ncia a altres institucions i administracions en el tractament, resoluci\u00f3 i millora de la seua problem\u00e0tica ambiental.<\/li>\n<\/ul>\n<p>En s\u00edntesi, amb l&#8217;Agenda 21 Local en la Universitat d&#8217;Alacant es pret\u00e9n aconseguir un CAMPUS SOSTENIBLE, \u00e9s a dir: Ecol\u00f2gic, Solidari, Participatiu.<\/p>\n","protected":false},"excerpt":{"rendered":"<p>Qu\u00e8 \u00e9s l&#8217;Agenda 21? Agenda 21 \u00e9s un programa de les Nacions Unides (ONU) per a promoure el desenvolupament sostenible ent\u00e9s com a millora de la qualitat de vida de la comunitat, en equilibri amb el capital natural i amb les capacitats econ\u00f2miques locals (desenvolupament econ\u00f2mic, equitat social i sostenibilitat ambiental). Es tracta d&#8217;un pla [&hellip;]<\/p>\n","protected":false},"author":1241,"featured_media":0,"parent":0,"menu_order":2,"comment_status":"closed","ping_status":"closed","template":"","meta":{"footnotes":""},"class_list":["post-36","page","type-page","status-publish","hentry"],"_links":{"self":[{"href":"https:\/\/blogs.ua.es\/agenda21\/wp-json\/wp\/v2\/pages\/36","targetHints":{"allow":["GET"]}}],"collection":[{"href":"https:\/\/blogs.ua.es\/agenda21\/wp-json\/wp\/v2\/pages"}],"about":[{"href":"https:\/\/blogs.ua.es\/agenda21\/wp-json\/wp\/v2\/types\/page"}],"author":[{"embeddable":true,"href":"https:\/\/blogs.ua.es\/agenda21\/wp-json\/wp\/v2\/users\/1241"}],"replies":[{"embeddable":true,"href":"https:\/\/blogs.ua.es\/agenda21\/wp-json\/wp\/v2\/comments?post=36"}],"version-history":[{"count":8,"href":"https:\/\/blogs.ua.es\/agenda21\/wp-json\/wp\/v2\/pages\/36\/revisions"}],"predecessor-version":[{"id":108,"href":"https:\/\/blogs.ua.es\/agenda21\/wp-json\/wp\/v2\/pages\/36\/revisions\/108"}],"wp:attachment":[{"href":"https:\/\/blogs.ua.es\/agenda21\/wp-json\/wp\/v2\/media?parent=36"}],"curies":[{"name":"wp","href":"https:\/\/api.w.org\/{rel}","templated":true}]}}