{"id":94,"date":"2009-05-04T11:13:08","date_gmt":"2009-05-04T09:13:08","guid":{"rendered":"https:\/\/blogs.ua.es\/agenda21\/?page_id=94"},"modified":"2013-11-14T11:02:46","modified_gmt":"2013-11-14T09:02:46","slug":"inici","status":"publish","type":"page","link":"https:\/\/blogs.ua.es\/agenda21\/inici\/","title":{"rendered":"Inici"},"content":{"rendered":"<p align=\"right\"><a href=\"https:\/\/blogs.ua.es\/agenda21\/\"><img loading=\"lazy\" decoding=\"async\" class=\"alignnone size-full wp-image-101\" alt=\"idesp\" src=\"https:\/\/blogs.ua.es\/agenda21\/files\/2009\/05\/idesp.gif\" width=\"25\" height=\"24\" \/><\/a><img loading=\"lazy\" decoding=\"async\" class=\"alignnone size-full wp-image-102\" alt=\"idval\" src=\"https:\/\/blogs.ua.es\/agenda21\/files\/2009\/05\/idval.gif\" width=\"25\" height=\"24\" \/><\/p>\n<p><strong>AGENDA 21 UA<\/strong><\/p>\n<p>Benvingut al blog Agenda 21 de la UA. Ac\u00ed podr\u00e0s participar en una de les principals etapes en el desenvolupament d&#8217;una Agenda 21 (<a href=\"http:\/\/www.ua.es\/va\/presentacion\/vicerrectorado\/vr.viema\/ecocampus\/agenda21\/index.html\">m\u00e9s informaci\u00f3<\/a>) com a ferramenta cap al Desenvolupament Sostenible, com \u00e9s la PARTICIPACI\u00d3 I CONSCIENCIACI\u00d3 ciutadana.<\/p>\n<p>En aquest blog pots trobar els documents derivats del diagn\u00f2stic socioambiental desenvolupat en les etapes pr\u00e8vies de l&#8217;Agenda 21 de la UA corresponents a la Proposta del Pla d&#8217;Acci\u00f3: documents que arrepleguen propostes inicials d&#8217;actuaci\u00f3 per a cada un dels eixos de l&#8217;Agenda 21-UA, amb la finalitat d&#8217;assolir els objectius plantejats en qualitat ambiental, econ\u00f2mica i social.<\/p>\n<p>En aquesta fase de participaci\u00f3 i debat virtual, els diferents grups d&#8217;inter\u00e9s de la comunitat universit\u00e0ria poden participar expressant el seu parer, comentaris, opinions, suggeriments, etc., relacionats amb els diferents eixos espec\u00edfics i l\u00ednies d&#8217;actuaci\u00f3 de l&#8217;Agenda 21-UA, que es llisten a continuaci\u00f3, per a aix\u00ed buscar i aconseguir desenvolupar estrat\u00e8gies i solucions que incloguen al m\u00e9s ampli grup possible de persones, desenvolupant un sentiment de Responsabilitat Individual i Col\u00b7lectiva.<\/p>\n<p>Moltes gr\u00e0cies per la teua col\u00b7laboraci\u00f3, esfor\u00e7 i temps per ajudar a construir una Universitat respectuosa amb el Desenvolupament Sostenible.<\/p>\n<table width=\"100%\" border=\"1\" cellspacing=\"0\" cellpadding=\"2\">\n<tbody>\n<tr>\n<td align=\"center\" bgcolor=\"#828220\"><strong>Eix Espec\u00edfic<\/strong><\/td>\n<td align=\"center\" bgcolor=\"#828220\"><strong>Proposta Pla Acci\u00f3<\/strong><\/td>\n<td align=\"center\" bgcolor=\"#828220\"><strong>Acc\u00e9s al F\u00f2rum<\/strong><\/td>\n<\/tr>\n<tr>\n<td align=\"center\">Gesti\u00f3 Ambiental de la UA: estructura, activitats i serveis<\/td>\n<td align=\"center\"><a href=\"http:\/\/web.ua.es\/va\/ecocampus\/documentos\/agenda21\/ppa-g-ua.pdf\" target=\"_blank\">PPA_G_UA.pdf<\/a><\/td>\n<td align=\"center\"><a href=\"https:\/\/blogs.ua.es\/agenda21\/ejes-especificos\/gestion-de-la-ua\/\"><img loading=\"lazy\" decoding=\"async\" alt=\"vinyeta_grande\" src=\"https:\/\/blogs.ua.es\/agenda21\/files\/2009\/04\/vinyeta_grande_tr.png\" width=\"44\" height=\"47\" \/><\/a><\/td>\n<\/tr>\n<tr>\n<td align=\"center\">Educaci\u00f3 i Sensibilitzaci\u00f3 Ambiental en la UA<\/td>\n<td align=\"center\"><a href=\"http:\/\/web.ua.es\/va\/ecocampus\/documentos\/agenda21\/ppa-esa-ua.pdf\" target=\"_blank\">PPA_ESA_UA.pdf<\/a><\/td>\n<td align=\"center\"><a href=\"https:\/\/blogs.ua.es\/agenda21\/ejes-especificos\/educacion-y-sensibilizacion-ambiental\/\"><img loading=\"lazy\" decoding=\"async\" alt=\"vinyeta_grande\" src=\"https:\/\/blogs.ua.es\/agenda21\/files\/2009\/04\/vinyeta_grande_tr.png\" width=\"44\" height=\"47\" \/><\/a><\/td>\n<\/tr>\n<tr>\n<td align=\"center\">Medi Natural i Perceptiu en la UA<\/td>\n<td align=\"center\"><a href=\"http:\/\/web.ua.es\/va\/ecocampus\/documentos\/agenda21\/ppa-mnyp-ua.pdf\" target=\"_blank\">PPA_MNyP_UA.pdf<\/a><\/td>\n<td align=\"center\"><a href=\"https:\/\/blogs.ua.es\/agenda21\/ejes-especificos\/medio-natural\/\"><img loading=\"lazy\" decoding=\"async\" alt=\"vinyeta_grande\" src=\"https:\/\/blogs.ua.es\/agenda21\/files\/2009\/04\/vinyeta_grande_tr.png\" width=\"44\" height=\"47\" \/><\/a><\/td>\n<\/tr>\n<tr>\n<td align=\"center\">Pla de Mobilitat Sostenible de la UA\u00a0<img loading=\"lazy\" decoding=\"async\" alt=\"idesp\" src=\"https:\/\/blogs.ua.es\/agenda21\/files\/2010\/03\/nuevova.gif\" width=\"28\" height=\"18\" \/><\/td>\n<td align=\"center\"><a title=\"Plan de Mobilitat Sostenible de la UA\" href=\"https:\/\/blogs.ua.es\/agenda21\/pla-de-mobilit\u2026nible-de-la-ua\/\">PPA_PMS_UA<\/a><\/td>\n<td align=\"center\"><a href=\"https:\/\/blogs.ua.es\/agenda21\/ejes-especificos\/movilidad-y-accesibilidad\/\"><img loading=\"lazy\" decoding=\"async\" alt=\"vinyeta_grande\" src=\"https:\/\/blogs.ua.es\/agenda21\/files\/2009\/04\/vinyeta_grande_tr.png\" width=\"44\" height=\"47\" \/><\/a><\/td>\n<\/tr>\n<tr>\n<td align=\"center\">Accessibilitat en la UA<\/td>\n<td align=\"center\"><a href=\"http:\/\/web.ua.es\/va\/ecocampus\/documentos\/agenda21\/ppa-a-ua.pdf\" target=\"_blank\">PPA_A_UA.pdf<\/a><\/td>\n<td align=\"center\"><a href=\"https:\/\/blogs.ua.es\/agenda21\/ejes-especificos\/accesibilidad\/\"><img loading=\"lazy\" decoding=\"async\" alt=\"vinyeta_grande\" src=\"https:\/\/blogs.ua.es\/agenda21\/files\/2009\/04\/vinyeta_grande_tr.png\" width=\"44\" height=\"47\" \/><\/a><\/td>\n<\/tr>\n<tr>\n<td align=\"center\">Gesti\u00f3 de Residus en la UA<\/td>\n<td align=\"center\"><a href=\"http:\/\/web.ua.es\/va\/ecocampus\/documentos\/agenda21\/ppa-gr-ua.pdf\" target=\"_blank\">PPA_GR_UA.pdf<\/a><\/td>\n<td align=\"center\"><a href=\"https:\/\/blogs.ua.es\/agenda21\/ejes-especificos\/gestion-de-residuos\/\"><img loading=\"lazy\" decoding=\"async\" alt=\"vinyeta_grande\" src=\"https:\/\/blogs.ua.es\/agenda21\/files\/2009\/04\/vinyeta_grande_tr.png\" width=\"44\" height=\"47\" \/><\/a><\/td>\n<\/tr>\n<tr>\n<td align=\"center\">Gesti\u00f3 de l&#8217;Aigua en la UA<\/td>\n<td align=\"center\"><a href=\"http:\/\/web.ua.es\/va\/ecocampus\/documentos\/agenda21\/ppa-ga-ua.pdf\" target=\"_blank\">PPA_GA_UA.pdf<\/a><\/td>\n<td align=\"center\"><a href=\"https:\/\/blogs.ua.es\/agenda21\/ejes-especificos\/gestion-del-agua\/\"><img loading=\"lazy\" decoding=\"async\" alt=\"vinyeta_grande\" src=\"https:\/\/blogs.ua.es\/agenda21\/files\/2009\/04\/vinyeta_grande_tr.png\" width=\"44\" height=\"47\" \/><\/a><\/td>\n<\/tr>\n<tr>\n<td align=\"center\">Efici\u00e8ncia Energ\u00e8tica en la UA<\/td>\n<td align=\"center\"><a href=\"http:\/\/web.ua.es\/va\/ecocampus\/documentos\/agenda21\/ppa-ee-ua.pdf\" target=\"_blank\">PPA_EE_UA.pdf<\/a><\/td>\n<td align=\"center\"><a href=\"https:\/\/blogs.ua.es\/agenda21\/ejes-especificos\/eficiencia-energetica\/\"><img loading=\"lazy\" decoding=\"async\" alt=\"vinyeta_grande\" src=\"https:\/\/blogs.ua.es\/agenda21\/files\/2009\/04\/vinyeta_grande_tr.png\" width=\"44\" height=\"47\" \/><\/a><\/td>\n<\/tr>\n<tr>\n<td align=\"center\">Contaminaci\u00f3 Atmosf\u00e8rica en la UA<\/td>\n<td align=\"center\"><a href=\"http:\/\/web.ua.es\/va\/ecocampus\/documentos\/agenda21\/ppa-ca-ua.pdf\" target=\"_blank\">PPA_CA_UA.pdf<\/a><\/td>\n<td align=\"center\"><a href=\"https:\/\/blogs.ua.es\/agenda21\/ejes-especificos\/contaminacion-atmosferica\/\"><img loading=\"lazy\" decoding=\"async\" alt=\"vinyeta_grande\" src=\"https:\/\/blogs.ua.es\/agenda21\/files\/2009\/04\/vinyeta_grande_tr.png\" width=\"44\" height=\"47\" \/><\/a><\/td>\n<\/tr>\n<tr>\n<td align=\"center\">Soroll Ambiental en la UA<\/td>\n<td align=\"center\"><a href=\"http:\/\/web.ua.es\/va\/ecocampus\/documentos\/agenda21\/ppa-ra-ua.pdf\" target=\"_blank\">PPA_RA_UA.pdf<\/a><\/td>\n<td align=\"center\"><a href=\"https:\/\/blogs.ua.es\/agenda21\/ejes-especificos\/ruido-ambiental\/\"><img loading=\"lazy\" decoding=\"async\" alt=\"vinyeta_grande\" src=\"https:\/\/blogs.ua.es\/agenda21\/files\/2009\/04\/vinyeta_grande_tr.png\" width=\"44\" height=\"47\" \/><\/a><\/td>\n<\/tr>\n<\/tbody>\n<\/table>\n<p>&nbsp;<\/p>\n","protected":false},"excerpt":{"rendered":"<p>AGENDA 21 UA Benvingut al blog Agenda 21 de la UA. Ac\u00ed podr\u00e0s participar en una de les principals etapes en el desenvolupament d&#8217;una Agenda 21 (m\u00e9s informaci\u00f3) com a ferramenta cap al Desenvolupament Sostenible, com \u00e9s la PARTICIPACI\u00d3 I CONSCIENCIACI\u00d3 ciutadana. En aquest blog pots trobar els documents derivats del diagn\u00f2stic socioambiental desenvolupat en [&hellip;]<\/p>\n","protected":false},"author":1241,"featured_media":0,"parent":0,"menu_order":1,"comment_status":"closed","ping_status":"closed","template":"","meta":{"footnotes":""},"class_list":["post-94","page","type-page","status-publish","hentry"],"_links":{"self":[{"href":"https:\/\/blogs.ua.es\/agenda21\/wp-json\/wp\/v2\/pages\/94","targetHints":{"allow":["GET"]}}],"collection":[{"href":"https:\/\/blogs.ua.es\/agenda21\/wp-json\/wp\/v2\/pages"}],"about":[{"href":"https:\/\/blogs.ua.es\/agenda21\/wp-json\/wp\/v2\/types\/page"}],"author":[{"embeddable":true,"href":"https:\/\/blogs.ua.es\/agenda21\/wp-json\/wp\/v2\/users\/1241"}],"replies":[{"embeddable":true,"href":"https:\/\/blogs.ua.es\/agenda21\/wp-json\/wp\/v2\/comments?post=94"}],"version-history":[{"count":25,"href":"https:\/\/blogs.ua.es\/agenda21\/wp-json\/wp\/v2\/pages\/94\/revisions"}],"predecessor-version":[{"id":408,"href":"https:\/\/blogs.ua.es\/agenda21\/wp-json\/wp\/v2\/pages\/94\/revisions\/408"}],"wp:attachment":[{"href":"https:\/\/blogs.ua.es\/agenda21\/wp-json\/wp\/v2\/media?parent=94"}],"curies":[{"name":"wp","href":"https:\/\/api.w.org\/{rel}","templated":true}]}}