{"id":6,"date":"2013-11-15T15:18:39","date_gmt":"2013-11-15T15:18:39","guid":{"rendered":"https:\/\/blogs.ua.es\/agost\/?page_id=6"},"modified":"2014-01-14T07:47:07","modified_gmt":"2014-01-14T07:47:07","slug":"explicacion","status":"publish","type":"page","link":"https:\/\/blogs.ua.es\/agost\/explicacion\/","title":{"rendered":"Explicaci\u00f3n"},"content":{"rendered":"<p>Una vez adjudicada la localidad de estudio empezamos con la b\u00fasqueda de documentaci\u00f3n sobre el terreno en el que se iba a desarrollar el trabajo de campo. En primer lugar se comenz\u00f3 con la b\u00fasqueda de referencias bibliogr\u00e1ficas en el cat\u00e1logo de la <strong>Universidad de Alicante<\/strong>, Dialnet y en la Xarxa de lectura p\u00fablica valenciana con resultados poco alentadores pues las b\u00fasquedas devolv\u00edan trabajos muy espec\u00edficos que aportaban poca informaci\u00f3n sobre esta localidad.<\/p>\n<p>Una vez comprobado que no hab\u00eda documentaci\u00f3n relevante se opt\u00f3 por acudir a Internet con resultados m\u00e1s positivos. As\u00ed localizamos la p\u00e1gina web del <strong><a title=\"Web del Ayuntamiento de Agost\" href=\"http:\/\/www.agost.es\/\" target=\"_blank\">Ayuntamiento de Agost<\/a><\/strong> y del <strong><a title=\"Web del museo de la Alfarer\u00eda de Agost\" href=\"http:\/\/www.museoagost.com\/cms\/\" target=\"_blank\">Museo de la Alfarer\u00eda<\/a><\/strong>, obteniendo informaci\u00f3n suficiente para conocer m\u00e1s a fondo la localidad a trav\u00e9s de su historia, su industria y sus costumbres y festividades, completando esta informaci\u00f3n en la enciclopedia online <strong><a title=\"web de Wikipedia, la enciclopedia en l\u00ednea\" href=\"http:\/\/es.wikipedia.org\/wiki\/Wikipedia:Portada\" target=\"_blank\">Wikipedia<\/a><\/strong>.<\/p>\n<p>Tras obtener la pertinente documentaci\u00f3n, se elabor\u00f3 una estrategia de b\u00fasqueda de las <strong>escrituras expuestas<\/strong> estableciendo un itinerario previo con la ayuda de <a title=\"Google Maps\" href=\"https:\/\/maps.google.es\/\" target=\"_blank\">Google Maps<\/a> con el objetivo de obtener un callejero de la localidad. Una vez editado el mapa mediante un editor de im\u00e1genes, se imprimi\u00f3 para indicar sobre el mismo cada uno de los puntos de toma de datos para as\u00ed establecer un mapa de localizaci\u00f3n.<\/p>\n<p>Tras este trabajo previo se hac\u00eda necesario la elaboraci\u00f3n de un formulario para la recogida sistem\u00e1tica de los datos establecimiento los siguientes campos:<\/p>\n<ul>\n<li>Foto ID<\/li>\n<li>N\u00famero de foto<\/li>\n<li>T\u00edtulo<\/li>\n<li>Ubicaci\u00f3n exacta<\/li>\n<li>Fecha\/ hora de la foto<\/li>\n<li>Categor\u00eda<\/li>\n<li>Comentarios<\/li>\n<li>Referencias bibliogr\u00e1ficas<\/li>\n<\/ul>\n<p>Tras este trabajo previo ya pod\u00edamos iniciar la toma de las muestras, trabajo realizado en dos desplazamientos a la localidad de estudio: una primera el 30 de noviembre con la toma del grueso de las fotograf\u00edas y una segunda el 26 de diciembre, coincidiendo con el d\u00eda de mercado, para tomar nuevas fotograf\u00edas y hacer de nuevo aquellas im\u00e1genes que se tomaron en la salida de noviembre pero que no reun\u00edan la calidad suficiente para su publicaci\u00f3n.<\/p>\n<p>La toma de las muestras se hizo atendiendo a la posible localizaci\u00f3n de documentaci\u00f3n sobre la misma, de forma que cada entrada estuviera correctamente comentada.<\/p>\n<p>Tras la recogida de las nuevas instant\u00e1neas se procedi\u00f3 a la selecci\u00f3n de la plantilla del blog y la configuraci\u00f3n del mismo, d\u00e1ndolo de alta en Google y en Google Analytics, activando el plugin <em>All in One Seo<\/em> y elaborando el <em>Sitemap<\/em> del blog para obtener un mejor posicionamiento en los buscadores.<\/p>\n<p>Una vez configurado el blog se procedi\u00f3 a la edici\u00f3n de las im\u00e1genes para adaptarlas a la Web, incluyendo el desenfocado de datos susceptibles de protecci\u00f3n por la Ley Org\u00e1nica de Protecci\u00f3n de Datos o que se consideran de especial sensibilidad.<\/p>\n<p>Tras este trabajo de preparaci\u00f3n, se procedi\u00f3 a la cumplimentaci\u00f3n y publicaci\u00f3n de las distintas entradas buscando la informaci\u00f3n pertinente en Internet para la elaboraci\u00f3n de los comentarios. Estos comentarios se basaron en los personajes, elementos o temas que se pod\u00edan extraer de las fotograf\u00edas tomadas. Adem\u00e1s, se buscaron apoyos gr\u00e1ficos, documentales y audiovisuales en Internet para profundizar m\u00e1s en cada uno de los temas de las distintas entradas, contrastando los datos obtenidos en distintas p\u00e1ginas web.<\/p>\n<p>Paralelamente se busc\u00f3 una segunda mejora en el posicionamiento web mediante la asignaci\u00f3n de una nomenclatura estandarizada para los t\u00edtulos de las fotograf\u00edas encabez\u00e1ndolas por \u201cExposici\u00f3n expuesta XX. T\u00edtulo de la foto\u201d y se marcaron en negrita aquellos t\u00e9rminos relevantes y que se establec\u00edan como palabras clave de b\u00fasqueda.<\/p>\n<p>Finalmente se documentar\u00edan un total de 22 entradas con un m\u00ednimo de dos por categor\u00eda.<\/p>\n<p>&nbsp;<\/p>\n","protected":false},"excerpt":{"rendered":"<p>Una vez adjudicada la localidad de estudio empezamos con la b\u00fasqueda de documentaci\u00f3n sobre el terreno en el que se iba a desarrollar el trabajo de campo. En primer lugar se comenz\u00f3 con la b\u00fasqueda de referencias bibliogr\u00e1ficas en el cat\u00e1logo de la Universidad de Alicante, Dialnet y en la Xarxa de lectura p\u00fablica valenciana [&hellip;]<\/p>\n","protected":false},"author":3350,"featured_media":0,"parent":0,"menu_order":1,"comment_status":"open","ping_status":"open","template":"","meta":{"footnotes":""},"class_list":["post-6","page","type-page","status-publish","hentry"],"_links":{"self":[{"href":"https:\/\/blogs.ua.es\/agost\/wp-json\/wp\/v2\/pages\/6","targetHints":{"allow":["GET"]}}],"collection":[{"href":"https:\/\/blogs.ua.es\/agost\/wp-json\/wp\/v2\/pages"}],"about":[{"href":"https:\/\/blogs.ua.es\/agost\/wp-json\/wp\/v2\/types\/page"}],"author":[{"embeddable":true,"href":"https:\/\/blogs.ua.es\/agost\/wp-json\/wp\/v2\/users\/3350"}],"replies":[{"embeddable":true,"href":"https:\/\/blogs.ua.es\/agost\/wp-json\/wp\/v2\/comments?post=6"}],"version-history":[{"count":6,"href":"https:\/\/blogs.ua.es\/agost\/wp-json\/wp\/v2\/pages\/6\/revisions"}],"predecessor-version":[{"id":259,"href":"https:\/\/blogs.ua.es\/agost\/wp-json\/wp\/v2\/pages\/6\/revisions\/259"}],"wp:attachment":[{"href":"https:\/\/blogs.ua.es\/agost\/wp-json\/wp\/v2\/media?parent=6"}],"curies":[{"name":"wp","href":"https:\/\/api.w.org\/{rel}","templated":true}]}}