{"id":8,"date":"2013-11-15T15:19:02","date_gmt":"2013-11-15T15:19:02","guid":{"rendered":"https:\/\/blogs.ua.es\/agost\/?page_id=8"},"modified":"2014-01-14T09:15:37","modified_gmt":"2014-01-14T09:15:37","slug":"valoracion","status":"publish","type":"page","link":"https:\/\/blogs.ua.es\/agost\/valoracion\/","title":{"rendered":"Valoraci\u00f3n"},"content":{"rendered":"<p>La elaboraci\u00f3n del <strong>trabajo<\/strong> y de las <strong>entradas<\/strong> estuvo marcado m\u00e1s que por la recogida de las <strong>fotograf\u00edas<\/strong> por la fase de documentaci\u00f3n y por el tiempo disponible para la elaboraci\u00f3n del <strong>blog<\/strong>. Ante la escasez de trabajos monogr\u00e1ficos o de art\u00edculos de publicaciones peri\u00f3dicas referenetes a la <strong>localidad<\/strong>, se decidi\u00f3 acudir a Internet para la b\u00fasqueda de la informaci\u00f3n pertinente. Esta decisi\u00f3n acort\u00f3 los plazos de las distintas fases de documentaci\u00f3n y permiti\u00f3 una correcta elaboraci\u00f3n de los comentarios de cada entrada, si bien en algunos casos fue imposible contrastarla con otros sitios web.<\/p>\n<p>Gracias al trabajo previo realizado, las <strong>salidas de campo<\/strong> transcurrrieron con normalidad y se desarrollaron con una excepcional gesti\u00f3n del tiempo, acelerando notablemente el proceso de toma de muestras si bien en ambas el clima poco o nada acompa\u00f1\u00f3.<\/p>\n<p>Especialmente problem\u00e1tica result\u00f3 la toma de im\u00e1genes de letreros de mercadillos por coincidir en d\u00eda laborable y estar sujeto a un horario incompatible con nuestro trabajo habitual, decidiendo hacer la seguna incursi\u00f3n durante las vacaciones de Navidad.<\/p>\n<p>La acertada elecci\u00f3n de la m\u00e1scara del blog (<em>Amazing Grace<\/em>) no se ha visto compensada por la inexistencia de una opci\u00f3n de edici\u00f3n de las fotograf\u00edas de la cabecera. A pesar de eso, se considera un <em>template<\/em> distinto al resto de los ofertados por el entorno de trabajo <em><strong>WordPress<\/strong><\/em>, con un formato adecuado y que permite una visualizaci\u00f3n de las entradas m\u00e1s limpia, \u00e1gil y c\u00f3moda para el lector.<\/p>\n<p>Para concluir, el trabajo ha sido altamente gratificante y ha supuesto una experiencia muy positiva que nos ha aportado un mejor conocimiento de las <strong>escrituras expuestas<\/strong>, hasta la fecha unas grandes desconocidas para nosotros, y para aproximarnos mejor a una localidad vecina como <strong>Agost<\/strong> a trav\u00e9s de su<strong> cultura, costumbres y gastronom\u00eda.<\/strong><\/p>\n<p>&nbsp;<\/p>\n","protected":false},"excerpt":{"rendered":"<p>La elaboraci\u00f3n del trabajo y de las entradas estuvo marcado m\u00e1s que por la recogida de las fotograf\u00edas por la fase de documentaci\u00f3n y por el tiempo disponible para la elaboraci\u00f3n del blog. Ante la escasez de trabajos monogr\u00e1ficos o de art\u00edculos de publicaciones peri\u00f3dicas referenetes a la localidad, se decidi\u00f3 acudir a Internet para [&hellip;]<\/p>\n","protected":false},"author":3350,"featured_media":0,"parent":0,"menu_order":2,"comment_status":"open","ping_status":"open","template":"","meta":{"footnotes":""},"class_list":["post-8","page","type-page","status-publish","hentry"],"_links":{"self":[{"href":"https:\/\/blogs.ua.es\/agost\/wp-json\/wp\/v2\/pages\/8","targetHints":{"allow":["GET"]}}],"collection":[{"href":"https:\/\/blogs.ua.es\/agost\/wp-json\/wp\/v2\/pages"}],"about":[{"href":"https:\/\/blogs.ua.es\/agost\/wp-json\/wp\/v2\/types\/page"}],"author":[{"embeddable":true,"href":"https:\/\/blogs.ua.es\/agost\/wp-json\/wp\/v2\/users\/3350"}],"replies":[{"embeddable":true,"href":"https:\/\/blogs.ua.es\/agost\/wp-json\/wp\/v2\/comments?post=8"}],"version-history":[{"count":6,"href":"https:\/\/blogs.ua.es\/agost\/wp-json\/wp\/v2\/pages\/8\/revisions"}],"predecessor-version":[{"id":275,"href":"https:\/\/blogs.ua.es\/agost\/wp-json\/wp\/v2\/pages\/8\/revisions\/275"}],"wp:attachment":[{"href":"https:\/\/blogs.ua.es\/agost\/wp-json\/wp\/v2\/media?parent=8"}],"curies":[{"name":"wp","href":"https:\/\/api.w.org\/{rel}","templated":true}]}}