{"id":33,"date":"2016-01-21T19:48:08","date_gmt":"2016-01-21T19:48:08","guid":{"rendered":"https:\/\/blogs.ua.es\/ahistoria\/?page_id=33"},"modified":"2023-06-15T16:39:02","modified_gmt":"2023-06-15T14:39:02","slug":"quienes-somos","status":"publish","type":"page","link":"https:\/\/blogs.ua.es\/ahistoria\/quienes-somos\/","title":{"rendered":"\u00bfQuienes somos?"},"content":{"rendered":"<p>https:\/\/public.flourish.studio\/visualisation\/14133928\/<\/p>\n<p>Aqu\u00ed una presentaci\u00f3n para que nos conozc\u00e1is un poco mejor donde os contaremos de que va constar nuestro blog. Esperamos que disfrut\u00e9is de este paseo por el que nos hemos embarcado con la idea de recordar un poco aquellos maravillosos a\u00f1os. \u00a1vente!<\/p>\n<p><iframe loading=\"lazy\" title=\"Presentacion\" width=\"500\" height=\"281\" src=\"https:\/\/www.youtube.com\/embed\/IXIlzNu8t3w?feature=oembed\" frameborder=\"0\" allow=\"accelerometer; autoplay; clipboard-write; encrypted-media; gyroscope; picture-in-picture; web-share\" referrerpolicy=\"strict-origin-when-cross-origin\" allowfullscreen><\/iframe><\/p>\n","protected":false},"excerpt":{"rendered":"<p>https:\/\/public.flourish.studio\/visualisation\/14133928\/ Aqu\u00ed una presentaci\u00f3n para que nos conozc\u00e1is un poco mejor donde os contaremos de que va constar nuestro blog. Esperamos que disfrut\u00e9is de este paseo por el que nos hemos embarcado con la idea de recordar un poco aquellos maravillosos a\u00f1os. \u00a1vente!<\/p>\n","protected":false},"author":4031,"featured_media":0,"parent":0,"menu_order":0,"comment_status":"closed","ping_status":"closed","template":"","meta":{"footnotes":""},"class_list":["post-33","page","type-page","status-publish","hentry"],"_links":{"self":[{"href":"https:\/\/blogs.ua.es\/ahistoria\/wp-json\/wp\/v2\/pages\/33","targetHints":{"allow":["GET"]}}],"collection":[{"href":"https:\/\/blogs.ua.es\/ahistoria\/wp-json\/wp\/v2\/pages"}],"about":[{"href":"https:\/\/blogs.ua.es\/ahistoria\/wp-json\/wp\/v2\/types\/page"}],"author":[{"embeddable":true,"href":"https:\/\/blogs.ua.es\/ahistoria\/wp-json\/wp\/v2\/users\/4031"}],"replies":[{"embeddable":true,"href":"https:\/\/blogs.ua.es\/ahistoria\/wp-json\/wp\/v2\/comments?post=33"}],"version-history":[{"count":15,"href":"https:\/\/blogs.ua.es\/ahistoria\/wp-json\/wp\/v2\/pages\/33\/revisions"}],"predecessor-version":[{"id":99,"href":"https:\/\/blogs.ua.es\/ahistoria\/wp-json\/wp\/v2\/pages\/33\/revisions\/99"}],"wp:attachment":[{"href":"https:\/\/blogs.ua.es\/ahistoria\/wp-json\/wp\/v2\/media?parent=33"}],"curies":[{"name":"wp","href":"https:\/\/api.w.org\/{rel}","templated":true}]}}