{"id":22,"date":"2011-12-28T00:56:36","date_gmt":"2011-12-27T23:56:36","guid":{"rendered":"https:\/\/blogs.ua.es\/aiguamollsalacant\/?page_id=22"},"modified":"2012-01-17T19:27:35","modified_gmt":"2012-01-17T18:27:35","slug":"presentacio-del-blog","status":"publish","type":"page","link":"https:\/\/blogs.ua.es\/aiguamollsalacant\/presentacio-del-blog\/","title":{"rendered":"Presentaci\u00f3 del Blog"},"content":{"rendered":"<p style=\"text-align: justify\">\u00a0 La prov\u00edncia d&#8217;Alacant es creu que \u00e9s \u00e0rida i gens humida. Per\u00f2 a aquesta trobem un important nombre d&#8217;aiguamolls repartits per tot el territori.<a href=\"https:\/\/blogs.ua.es\/aiguamollsalacant\/files\/2011\/12\/8511827.jpg\"><img loading=\"lazy\" decoding=\"async\" class=\"size-medium wp-image-27 alignright\" style=\"margin: 3px 2px;border: 3px solid black\" src=\"https:\/\/blogs.ua.es\/aiguamollsalacant\/files\/2011\/12\/8511827-300x225.jpg\" alt=\"Albufera de Gaianes\" width=\"232\" height=\"175\" srcset=\"https:\/\/blogs.ua.es\/aiguamollsalacant\/files\/2011\/12\/8511827-300x225.jpg 300w, https:\/\/blogs.ua.es\/aiguamollsalacant\/files\/2011\/12\/8511827-1024x768.jpg 1024w\" sizes=\"auto, (max-width: 232px) 100vw, 232px\" \/><\/a> Des d&#8217;aquest blog tractem de proporcionar les eines documentals per con\u00e9ixer millor aquestos paratges naturals. Oferim una s\u00e8rie de refer\u00e8ncies, tant bibliogr\u00e0fiques com electr\u00f2niques, que ajuden a la realitzaci\u00f3 de treballs sobre els aiguamolls a la prov\u00edncia d&#8217;Alacant. A la prov\u00edncia d\u2019Alacant s\u00f3n for\u00e7a importants aquestes zones humides pel que fa a la diversitat d\u2019esp\u00e8cies i als aprofitaments h\u00eddrics, de recursos, culturals, pedag\u00f2gics i de fonts per a estudis de paisatges flora i fauna mediterranis. Els autors, des del contex de l&#8217;assignatura <a title=\"Fonts i Documents per a la Hist\u00f2ria. Assignatus\" href=\"http:\/\/cv1.cpd.ua.es\/ConsPlanesEstudio\/cvFichaAsiEEES.asp?wCodEst=C001&amp;wcodasi=32001&amp;wLengua=V&amp;scaca=2011-12\" target=\"_blank\">Fonts i Documents per a la hist\u00f2ria<\/a>, tractem d&#8217;aplicar les eines que hem vist al llarg del curs al nostre blog. La recera en cat\u00e0legs, en fons documentals, en reposit\u00f2ris, etc&#8230; Per tant, en aquest blog posarem a la vostra disposici\u00f3 el m\u00e0xim nombre de fonts i documents corresponents amb el tema dels aiguamolls a la prov\u00edncia d&#8217;Alacant. Esperem que els siga \u00fatil.<\/p>\n","protected":false},"excerpt":{"rendered":"<p>\u00a0 La prov\u00edncia d&#8217;Alacant es creu que \u00e9s \u00e0rida i gens humida. Per\u00f2 a aquesta trobem un important nombre d&#8217;aiguamolls repartits per tot el territori. Des d&#8217;aquest blog tractem de proporcionar les eines documentals per con\u00e9ixer millor aquestos paratges naturals. Oferim una s\u00e8rie de refer\u00e8ncies, tant bibliogr\u00e0fiques com electr\u00f2niques, que ajuden a la realitzaci\u00f3 de [&hellip;]<\/p>\n","protected":false},"author":2472,"featured_media":0,"parent":0,"menu_order":0,"comment_status":"open","ping_status":"open","template":"","meta":{"footnotes":""},"class_list":["post-22","page","type-page","status-publish","hentry"],"_links":{"self":[{"href":"https:\/\/blogs.ua.es\/aiguamollsalacant\/wp-json\/wp\/v2\/pages\/22","targetHints":{"allow":["GET"]}}],"collection":[{"href":"https:\/\/blogs.ua.es\/aiguamollsalacant\/wp-json\/wp\/v2\/pages"}],"about":[{"href":"https:\/\/blogs.ua.es\/aiguamollsalacant\/wp-json\/wp\/v2\/types\/page"}],"author":[{"embeddable":true,"href":"https:\/\/blogs.ua.es\/aiguamollsalacant\/wp-json\/wp\/v2\/users\/2472"}],"replies":[{"embeddable":true,"href":"https:\/\/blogs.ua.es\/aiguamollsalacant\/wp-json\/wp\/v2\/comments?post=22"}],"version-history":[{"count":3,"href":"https:\/\/blogs.ua.es\/aiguamollsalacant\/wp-json\/wp\/v2\/pages\/22\/revisions"}],"predecessor-version":[{"id":29,"href":"https:\/\/blogs.ua.es\/aiguamollsalacant\/wp-json\/wp\/v2\/pages\/22\/revisions\/29"}],"wp:attachment":[{"href":"https:\/\/blogs.ua.es\/aiguamollsalacant\/wp-json\/wp\/v2\/media?parent=22"}],"curies":[{"name":"wp","href":"https:\/\/api.w.org\/{rel}","templated":true}]}}