{"id":291,"date":"2012-01-18T23:16:58","date_gmt":"2012-01-18T22:16:58","guid":{"rendered":"https:\/\/blogs.ua.es\/aiguamollsalacant\/?page_id=291"},"modified":"2012-01-18T23:16:58","modified_gmt":"2012-01-18T22:16:58","slug":"que-son-com-es-formen","status":"publish","type":"page","link":"https:\/\/blogs.ua.es\/aiguamollsalacant\/que-son-com-es-formen\/","title":{"rendered":"Qu\u00e8 s\u00f3n? C\u00f2m es formen?"},"content":{"rendered":"<p style=\"text-align: justify\">Un aiguamoll \u00e9s un terreny pla saturat d\u2019aigua. Refugi de moltes aus migrat\u00f2ries, els aiguamolls, s\u00f3n, sovint, llocs d\u2019atracci\u00f3 per als amants de la natura. A la prov\u00edncia d\u2019Alacant hi ha exemples representatius d\u2019aiguamolls, la majoria dels quals s\u00f3n protegits per la llei. Les salines de Santa Pola, El Clot de Galvany o El Hondo s\u00f3n dels m\u00e9s importants.<\/p>\n<p style=\"text-align: justify\">Els aiguamolls es poden formar de diverses maneres. Per exemple, a conseq\u00fc\u00e8ncia de l\u2019a\u00efllament respecte al mar de zones d\u2019aigua que hagin quedat tancades. Altre proc\u00e9s de formaci\u00f3 pot ser per les inun\u00acdacions que pot haver provocat el riu sobre un territori planer o a causa d\u2019antics bra\u00e7os de rius ja desapareguts. Tamb\u00e9, en un terreny que s\u2019hagi ensorrat una mica i hi hagi entrat aigua del mar s\u2019hi pot formar un aiguamoll.<\/p>\n<figure id=\"attachment_292\" aria-describedby=\"caption-attachment-292\" style=\"width: 300px\" class=\"wp-caption aligncenter\"><a href=\"https:\/\/blogs.ua.es\/aiguamollsalacant\/files\/2012\/01\/reflejos.jpg\"><img loading=\"lazy\" decoding=\"async\" class=\"size-medium wp-image-292\" src=\"https:\/\/blogs.ua.es\/aiguamollsalacant\/files\/2012\/01\/reflejos-300x198.jpg\" alt=\"\" width=\"300\" height=\"198\" srcset=\"https:\/\/blogs.ua.es\/aiguamollsalacant\/files\/2012\/01\/reflejos-300x198.jpg 300w, https:\/\/blogs.ua.es\/aiguamollsalacant\/files\/2012\/01\/reflejos.jpg 800w\" sizes=\"auto, (max-width: 300px) 100vw, 300px\" \/><\/a><figcaption id=\"caption-attachment-292\" class=\"wp-caption-text\">Un flamenco com\u00fa sobrevolant les Salines de Santa Pola.<\/figcaption><\/figure>\n<p style=\"text-align: justify\">\n","protected":false},"excerpt":{"rendered":"<p>Un aiguamoll \u00e9s un terreny pla saturat d\u2019aigua. Refugi de moltes aus migrat\u00f2ries, els aiguamolls, s\u00f3n, sovint, llocs d\u2019atracci\u00f3 per als amants de la natura. A la prov\u00edncia d\u2019Alacant hi ha exemples representatius d\u2019aiguamolls, la majoria dels quals s\u00f3n protegits per la llei. Les salines de Santa Pola, El Clot de Galvany o El Hondo [&hellip;]<\/p>\n","protected":false},"author":2554,"featured_media":0,"parent":0,"menu_order":0,"comment_status":"open","ping_status":"open","template":"","meta":{"footnotes":""},"class_list":["post-291","page","type-page","status-publish","hentry"],"_links":{"self":[{"href":"https:\/\/blogs.ua.es\/aiguamollsalacant\/wp-json\/wp\/v2\/pages\/291","targetHints":{"allow":["GET"]}}],"collection":[{"href":"https:\/\/blogs.ua.es\/aiguamollsalacant\/wp-json\/wp\/v2\/pages"}],"about":[{"href":"https:\/\/blogs.ua.es\/aiguamollsalacant\/wp-json\/wp\/v2\/types\/page"}],"author":[{"embeddable":true,"href":"https:\/\/blogs.ua.es\/aiguamollsalacant\/wp-json\/wp\/v2\/users\/2554"}],"replies":[{"embeddable":true,"href":"https:\/\/blogs.ua.es\/aiguamollsalacant\/wp-json\/wp\/v2\/comments?post=291"}],"version-history":[{"count":1,"href":"https:\/\/blogs.ua.es\/aiguamollsalacant\/wp-json\/wp\/v2\/pages\/291\/revisions"}],"predecessor-version":[{"id":293,"href":"https:\/\/blogs.ua.es\/aiguamollsalacant\/wp-json\/wp\/v2\/pages\/291\/revisions\/293"}],"wp:attachment":[{"href":"https:\/\/blogs.ua.es\/aiguamollsalacant\/wp-json\/wp\/v2\/media?parent=291"}],"curies":[{"name":"wp","href":"https:\/\/api.w.org\/{rel}","templated":true}]}}