{"id":38,"date":"2012-01-12T11:21:26","date_gmt":"2012-01-12T10:21:26","guid":{"rendered":"https:\/\/blogs.ua.es\/aiguamollsalacant\/?page_id=38"},"modified":"2012-01-13T20:25:34","modified_gmt":"2012-01-13T19:25:34","slug":"metodologia","status":"publish","type":"page","link":"https:\/\/blogs.ua.es\/aiguamollsalacant\/metodologia\/","title":{"rendered":"Metodologia"},"content":{"rendered":"<p style=\"text-align: justify\">\u00a0\u00a0 Durant la realitzaci\u00f3 del nostre blog, hem utilitzat la metodologia estudiada al llarg de l&#8217;assignatura Fonts i Documents per a la hist\u00f2ria.\u00a0 En primer lloc, hem utilitzat els diferents recursos que s&#8217;ens ha presentat a classe (veure p\u00e0gina de <a title=\"Recursos Utilitzats\" href=\"https:\/\/blogs.ua.es\/aiguamollsalacant\/recursos-utilitzats\/\" target=\"_blank\">Recursos d&#8217;Informaci\u00f3<\/a>). Amb aquestos hem cercat els diversos llibres, articles, revistes&#8230; Una vegada trobats els diferents recursos, hem seleccionat els que realment eren \u00fatils per al nostre treball i ens podien servir per elaborar el blog. Despr\u00e9s\u00a0 hem redactat les refer\u00e8ncies segons els models de la norma ISO 690-2010. Juntament amb les refer\u00e8ncies hem publicat un comentari de cadascuna d&#8217;aquestes per poder con\u00e8ixer en qu\u00e8 consisteixen. Seguint aquest proc\u00e9s i aquesta metodologia \u00e9s com hem realitzat el nostre treball sobre els aiguamolls a la prov\u00edncia d&#8217;Alacant.<\/p>\n<p style=\"text-align: center\"><img loading=\"lazy\" decoding=\"async\" class=\"alignnone\" style=\"border: 3px solid black;margin: 3px\" src=\"http:\/\/t2.gstatic.com\/images?q=tbn:ANd9GcSli9LcwdL3THnUzL6jzoDe9lBsolIpQYyac1R7Q-hC2adbXQbrhg\" alt=\"\" width=\"253\" height=\"200\" \/><\/p>\n","protected":false},"excerpt":{"rendered":"<p>\u00a0\u00a0 Durant la realitzaci\u00f3 del nostre blog, hem utilitzat la metodologia estudiada al llarg de l&#8217;assignatura Fonts i Documents per a la hist\u00f2ria.\u00a0 En primer lloc, hem utilitzat els diferents recursos que s&#8217;ens ha presentat a classe (veure p\u00e0gina de Recursos d&#8217;Informaci\u00f3). Amb aquestos hem cercat els diversos llibres, articles, revistes&#8230; Una vegada trobats els [&hellip;]<\/p>\n","protected":false},"author":2472,"featured_media":0,"parent":0,"menu_order":0,"comment_status":"open","ping_status":"open","template":"","meta":{"footnotes":""},"class_list":["post-38","page","type-page","status-publish","hentry"],"_links":{"self":[{"href":"https:\/\/blogs.ua.es\/aiguamollsalacant\/wp-json\/wp\/v2\/pages\/38","targetHints":{"allow":["GET"]}}],"collection":[{"href":"https:\/\/blogs.ua.es\/aiguamollsalacant\/wp-json\/wp\/v2\/pages"}],"about":[{"href":"https:\/\/blogs.ua.es\/aiguamollsalacant\/wp-json\/wp\/v2\/types\/page"}],"author":[{"embeddable":true,"href":"https:\/\/blogs.ua.es\/aiguamollsalacant\/wp-json\/wp\/v2\/users\/2472"}],"replies":[{"embeddable":true,"href":"https:\/\/blogs.ua.es\/aiguamollsalacant\/wp-json\/wp\/v2\/comments?post=38"}],"version-history":[{"count":6,"href":"https:\/\/blogs.ua.es\/aiguamollsalacant\/wp-json\/wp\/v2\/pages\/38\/revisions"}],"predecessor-version":[{"id":156,"href":"https:\/\/blogs.ua.es\/aiguamollsalacant\/wp-json\/wp\/v2\/pages\/38\/revisions\/156"}],"wp:attachment":[{"href":"https:\/\/blogs.ua.es\/aiguamollsalacant\/wp-json\/wp\/v2\/media?parent=38"}],"curies":[{"name":"wp","href":"https:\/\/api.w.org\/{rel}","templated":true}]}}