{"id":40,"date":"2012-01-12T11:02:13","date_gmt":"2012-01-12T10:02:13","guid":{"rendered":"https:\/\/blogs.ua.es\/aiguamollsalacant\/?page_id=40"},"modified":"2012-01-12T11:05:05","modified_gmt":"2012-01-12T10:05:05","slug":"recursos-utilitzats","status":"publish","type":"page","link":"https:\/\/blogs.ua.es\/aiguamollsalacant\/recursos-utilitzats\/","title":{"rendered":"Recursos utilitzats"},"content":{"rendered":"<p>Per a la realitzaci\u00f3 del nostre blog hem utilitzat molts dels recursos de recerca estudiats a les classes de l&#8217;assignatura Fonts i Documents per a la Hist\u00f2ria. Entre ells torbem diverses tipologies:<br \/>\n<strong>-Cercadors.<\/strong> Aquestos ens han servit per trobar llosc web relacionats amb el nostre tema. Entre ells hem fet servir google o bing. Tamb\u00e9 hem utilitzat cercadors espec\u00edfics com Google Llibres o Google Acad\u00e8mic.<\/p>\n<p><img loading=\"lazy\" decoding=\"async\" class=\"alignnone\" src=\"http:\/\/t0.gstatic.com\/images?q=tbn:ANd9GcRzXyrO40wgBzAViw16zH9eEuoFGZRM7MqLLgnvhBQPKz5y6Hqt\" alt=\"\" width=\"302\" height=\"167\" \/><br \/>\n<strong>-Contenidors de recursos<\/strong>. Amb els contenidors de recursos hem cercat articles interessants. Hem utilitzat repositoris com RUA o Tesis doctorals en Xarxa.<br \/>\n<strong>-Bases de dades<\/strong>. Les hem emprat per cercar articles i revistes electr\u00f2niques. Entre les que hem utilitzat es troben Dialnet i el del CSIC.<br \/>\n<strong>-Cat\u00e0legs Bibliogr\u00e0fics.<\/strong> Aquestos els hem fet servir for\u00e7a per cercar els diversos llibres que hem utilitzat a les nostres refer\u00e8ncies. Entre aquestos hem utilitzat el cat\u00e0leg de la Biblioteca de la Universitat d&#8217;Alacant, el de la Universitat de Val\u00e8ncia i el cat\u00e0leg de la Library of Congress.<br \/>\n<strong>-Cat\u00e0legs col\u00b7lectius.<\/strong> Aquest tipus de cat\u00e0legs contenen les referencies d&#8217;altres cat\u00e0legs com el CBUC o la Xarxa de Lectura Col\u00b7lectiva de la Generalitat Velenciana.<br \/>\nAquestos recursos d&#8217;informaci\u00f3 ens han sigut molt \u00fatils per\u00a0 a la realitzaci\u00f3 del nostre blog i per la redacci\u00f3 de les refer\u00e8ncies.<\/p>\n<p><img loading=\"lazy\" decoding=\"async\" class=\"alignnone\" src=\"image\/jpeg;base64,\/9j\/4AAQSkZJRgABAQAAAQABAAD\/2wCEAAkGBhMQERUREBQUFRQWFxsYFxgYFRsVHRcXFRYhGB8eHBcjGyYeGhkjHhcVIzMiIzMpLCwsFR4zNTArNSYrLCkBCQoKDQwOGQ8PGikcHh41KS81NTU1NTI1Li0uLCw1LiwtLSo1KykqLjUtNSwpKTMvLS0pNSoxLDEpNSkpLSk1Kf\/AABEIAEQA8AMBIgACEQEDEQH\/xAAcAAEAAgMBAQEAAAAAAAAAAAAABgcEBQgBAgP\/xABHEAABAwIDAwgECQoGAwAAAAABAAIDBBEFEiEGBzETNUFRYXGBsiIycpFCUlRzdKHBwtEXMzQ2gpOjsbPSFBUWI2KiJUSS\/8QAGgEBAAMBAQEAAAAAAAAAAAAAAAEDBAIFBv\/EACoRAQACAgAEAwgDAAAAAAAAAAABAgMEERIhUQUTQRQVMaGxwdHwIlJh\/9oADAMBAAIRAxEAPwC8UWk21xGSnoKiaF2WRjLtNgbG46DoqP8AysYn8o\/hx\/2qq+WtJ4S36uhk2azakx07ui0XOn5WMT+Ufw4\/7UG9nE\/lH8OP+1V+00\/1q9zbHevz\/DotFR2Db8KqNwFTHHMzpIHJu8CPR8LK2NmdrKfEI+Up33I9Zh0cwnrb9o0Ktplrf4Mexo5tfreOnduURFYxCKJ70MdmosOkqKZ2SRrmAHKHaOeAdCCOCjOF0W0VRDHOyvpQ2RjXgGIXAcLi\/wDtcdUFpIq1fhG0rNRWUkn\/ABMYF\/HkwvMI3mVNNUsosbgbA6TSOZnqOJNtdSLXIFwdLi4HFBZaIo3iu31NTVsVBJynLS5ctmXb6ZIF3X04FBJEREBERB4XgaXFyvVWe3h\/87hHe\/8AmrMQEREBERAREQEReEoPUREEb3j811Xzf3guaV0tvH5rqvm\/vBUHsZhDauuggfqxzxmHW1vpEeIFvFYtiONoh9N4ReKYL2n0n7JdsFukNWxtTVudHC7VjG6OeOsn4LT7z2aFWZDu2w1rcopYz2uzOPvJus7anHW4fRyVGUHI0BjeALicrR2C5HgFz\/W7wcQlkMhqpWm+gY4saO5o0Xc+Xi6cOMs+ONvfmbxblrH76LL2q3KwSNL6EmKQC4YXFzHHqudWn3jsCqnC8TqMMqs7bxyxuyvYdLgHVrh0g\/gR0K491O3clex8NSQZogCH2tnYdNQNMwNtem4UV354I2OeGqaLGVpY\/wBqO1j3kOt+wuMlazXzKdF+pmy1yzq7H8uP79Ft4FjDKynjqIvVkbe3UekHtBuPBZ6rLcVXl1LPCTpHICOwSN\/Fp96s1aqW5qxLwtrD5Oa1I9ED32c0S+3H5wpFsVzfSfR4\/IFHd9nNEvtx+cKRbFc30n0ePyBds7dKHb19nW1mGzXF5IWmWM9ILBcjuLcwUxWJi0OeCVh+FG8e9pCDQbscbdWYZTyvN3hvJvJ4kxnLc9pAB8VtqvZelmnZVSwMdOy2SQj0m5TcWPYSVCNwM18Ne34tQ8e9jXfasnazFZmY7hsLJZGxSNfnYHENfbN6zeBQWEi8IVb\/AJG3SOLqrEq2Qk39F+T+ZcgslFWdVuedC0yYfX1kcwF255czXHqNgLA8L69y3m67ayTEaLPUW5aJ5ikIFsxaAQbcASCL26Qg0e3vPmEe09WYqz2958wj2nqcbUzOZRVT2Etc2CUtINiCInEEHoIKDaIqe2LoMXxWjidJXmCnsWhzBmmlyuIJc8m41uOPRwW7O5OA6urcQLuvlxx7sqCxkVX7O11XhWKR4XUzuqaedhdA9\/rsIvoTrp6JFu4i2oVgbQY3HRU0tTL6kbS4jpJ6AO0mw8UGwRVTgmzdbjkYrK+rmggk1ip4DydmX0JP4gk8dOCyMQ3VT0jDNhVdVtmYCQyWTlGyW1y8ANe0EILOVe79JCMJcQSDy0fA2+Et1u52uOJ0TZ3gNlaTHKBwzttqB0Agg27VX++DZaohpJKmWvnmjMzbQOaAwZ3G3A\/B6NOhBcGHfmo\/Yb5QshVrSbs6xzGEYzWgFoNuq44eup5geHOp6eOGSV87mCxkf6zze9zqddfqQanePzXVfN\/eCojYPE202IU8rzZgfZxPQHjLc9gvdXvvH5rqvm\/vBc0rFsTwvEvpvCKRfXvWfWeHydO7bbPmvopadps8gFhPDOw5hfsNreK5wrcCqIZDFLDI14NrFh+rr8FZu7\/e6yONtNXkjKA1k1i70RwDxx0+ML9vWrMh2kpHtDm1EBHXyrfxXdq0y9Yngy4sux4fM47U5oQbc5sbLStkqqhpY6UBrGHRwYDmJI6Lm1gertWn374s10lPTNPpMDpH9mewaO+zXHxCle1W9mkpGlsDhUTdDWG7Qf8Ak\/hbsFz3cVSZNRidX0yTzO+s+VoHgAFzktWteSvVo1MWXLnnazRyxH4+nBam4ejIp6iU8HyNaP2G3PnVorVbL4C2hpY6ZmuQekfjPOrj4m\/1LarTjry1iHibeWM2a14+EoHvs5ol9uPzhSLYrm+k+jx+QKO77OaJfbj84Ui2K5vpPo8fkC7Zm6WNicuWGRx6GOPuaSslRfeXjbaTDKh5NnPYYmDrfKMot4EnwKCNbgI7YdI741Q63gxg+xe7ZfrDhfsv+8t3ukwg02FU7XCzngykfOHMP+uVaTbL9YcL9l\/3lCVmLSYvttQ0hLaipiY4cWl13DvaLkLWb1NoJKLDJZYTlkJbG1w4tzmxI7QL2WJsbuwooKeN8sLJ53tD5JJRyl3OFzYG4ABPf1qUPp++fCAbf4r+FL\/YtTuHkDqWqcOBqnEdxY0qfx4HTtFmwQgdQjaPsUC3F\/o1Xb5W\/wArUHm3vPmEe09TXbD9Aq\/o039Jyhe3vPmEe1J9imm2H6BV\/Rpv6TkEf3M8z0\/7f9Rym6hG5nmen\/b\/AKjlN0FZ7X\/rFhnsP+8vrf5UluGNYOEk7Ae5rXO\/m0L52v8A1iwz2H\/fX67+KYuw1sjRfkp2OPcQWfzcFCXzh++jC4omRNdMGsY1o\/2Twa0AdPYsn8uOGfHm\/cuUywx0U0McrGsLXsa8HKODmg\/asn\/CM+I3\/wCQpQq\/cVUh\/wDmGT82anOzS2j81tOjQNWy3780u+ei8ysBkQb6oA7hZV\/v35pd89F5lAneHfmo\/Yb5QshY+Hfmo\/Yb5QshSNBt7Svlw6pjjaXvdHZrWi5JuOAXP\/8Aomv+SVH7t34Lp9FTkxReeMvR1PEL61ZrWIni5g\/0TX\/JKj9278EGw9ef\/Un\/AHZXT6Kv2avds99Zf6w55wfdHiE7hnjEDOl0hAsOxgu4n3d4VwbG7A0+GNPJ+nK4WdK4akdTR8FvYOPSTopMitpirTqxbPiGbYjlnpHaBERWvPQze7hstRhcsUEb5Hl0dmsGYmzwToo5gm3mI01PDB\/k1S7ko2szZiL5G2vbk9OCtZEFav3j4o4WjwWcHre828gWHT7E4hi9THUY1kip4jdlMw3zHqNibA9JJJI0sArWRB41ttAq\/wBq8JmkxzDp2RPdFG1+d4bdrL5uJ6OIVgog0m2ezLcRo5aVxyl4Ba74r2m7T3XGvYSoPg231Zh0baTE6CqkfEA1ksDOVEjW6C\/AXsON9eoFWmiCs5t4uJVfoYdhkzCdOVqBkDe3KQB9ZWXubwSopKepjqo3Mealx1Fg8ZWjM3raSDYqwUQV\/tphM0mMYXLHE90cbn8o8Nu1l7WzHoUs2pgdJRVLGAuc6CVrQNSSY3AADrJK2iIIhuow+WnwuCKdjo5G57tcLEXkJ1Cl6Igr7anCJn47h07InuijY4PeG3a0nNxPRxHvU0xrCI6uCSnmF2SNLXePSO0GxHaFmogqXB6\/E8Bb\/hZqV9bSNJ5KWHVzWk3sW2J6\/RNrX0JC2jt8JdpFhmIud1GHKPfqrGRBp9lsZmq4OVnpn0ry4jk3m5yjgeA4rR73sElq8Mkjp2l72uY\/KNS4MdrYdJtfTsU0RBWdDvafyTGDDK90oaARyRDbgWNnEXt4Kyo3XANrXHDqX0iAiIgIiICIiAiIgIiICIiAiIgIiICIiAiIgIiICIiAiIgIiICIiD\/\/2Q==\" alt=\"\" width=\"240\" height=\"68\" \/><\/p>\n","protected":false},"excerpt":{"rendered":"<p>Per a la realitzaci\u00f3 del nostre blog hem utilitzat molts dels recursos de recerca estudiats a les classes de l&#8217;assignatura Fonts i Documents per a la Hist\u00f2ria. Entre ells torbem diverses tipologies: -Cercadors. Aquestos ens han servit per trobar llosc web relacionats amb el nostre tema. Entre ells hem fet servir google o bing. Tamb\u00e9 [&hellip;]<\/p>\n","protected":false},"author":2472,"featured_media":0,"parent":0,"menu_order":0,"comment_status":"open","ping_status":"open","template":"","meta":{"footnotes":""},"class_list":["post-40","page","type-page","status-publish","hentry"],"_links":{"self":[{"href":"https:\/\/blogs.ua.es\/aiguamollsalacant\/wp-json\/wp\/v2\/pages\/40","targetHints":{"allow":["GET"]}}],"collection":[{"href":"https:\/\/blogs.ua.es\/aiguamollsalacant\/wp-json\/wp\/v2\/pages"}],"about":[{"href":"https:\/\/blogs.ua.es\/aiguamollsalacant\/wp-json\/wp\/v2\/types\/page"}],"author":[{"embeddable":true,"href":"https:\/\/blogs.ua.es\/aiguamollsalacant\/wp-json\/wp\/v2\/users\/2472"}],"replies":[{"embeddable":true,"href":"https:\/\/blogs.ua.es\/aiguamollsalacant\/wp-json\/wp\/v2\/comments?post=40"}],"version-history":[{"count":4,"href":"https:\/\/blogs.ua.es\/aiguamollsalacant\/wp-json\/wp\/v2\/pages\/40\/revisions"}],"predecessor-version":[{"id":144,"href":"https:\/\/blogs.ua.es\/aiguamollsalacant\/wp-json\/wp\/v2\/pages\/40\/revisions\/144"}],"wp:attachment":[{"href":"https:\/\/blogs.ua.es\/aiguamollsalacant\/wp-json\/wp\/v2\/media?parent=40"}],"curies":[{"name":"wp","href":"https:\/\/api.w.org\/{rel}","templated":true}]}}