{"id":1046,"date":"2016-02-19T15:02:29","date_gmt":"2016-02-19T15:02:29","guid":{"rendered":"https:\/\/blogs.ua.es\/aikido\/?page_id=1046"},"modified":"2022-07-01T22:29:40","modified_gmt":"2022-07-01T22:29:40","slug":"subscribirse","status":"publish","type":"page","link":"https:\/\/blogs.ua.es\/aikido\/subscribirse\/","title":{"rendered":"Nuestras Redes Sociales, mapa del sitio web, enlaces recomendados\u2026"},"content":{"rendered":"<h2><span style=\"color: #db1313\"><strong>\u00a1S\u00cdGUENOS en la Redes Sociales! \ud83d\ude09<\/strong><\/span><\/h2>\n<ul>\n<li><span style=\"color: #db1313\"><span style=\"color: #db1313\"><a style=\"color: #db1313\" title=\"P\u00e1gina Facebook de Aikido Aikikai en San Vicente del Raspeig y en la Universidad de Alicante\" href=\"https:\/\/www.facebook.com\/aikidosanvicente\" target=\"_blank\" rel=\"noopener noreferrer\"><em style=\"color: #db1313\"><em>Aikido Aikikai San Vicente<\/em> <strong>en <em>Facebook<\/em><\/strong><br \/>\n<img loading=\"lazy\" decoding=\"async\" class=\"alignnone size-full wp-image-2805\" src=\"https:\/\/aikidosanvicente.files.wordpress.com\/2016\/02\/aikido-aikikai-san-vicente-en-facebook.png\" alt=\"S\u00edguenos en Facebook\" width=\"200\" height=\"80\" \/><\/em><\/a><\/span><\/span><\/li>\n<li><span style=\"color: #db1313\"><span style=\"color: #db1313\"><a style=\"color: #db1313\" href=\"https:\/\/www.youtube.com\/channel\/UCcNHUB-gPaj49sRdb2TRngw\" target=\"_blank\" rel=\"noopener noreferrer\">Canal <em><strong>Youtube<\/strong><\/em> de <em>Aikido Aikikai San Vicente<\/em><br \/>\n<img loading=\"lazy\" decoding=\"async\" class=\"alignnone size-full wp-image-2806\" src=\"https:\/\/aikidosanvicente.files.wordpress.com\/2016\/02\/aikido-aikikai-san-vicente-en-youtube.png\" alt=\"S\u00edguenos en YouTube\" width=\"200\" height=\"65\" \/><\/a><\/span><\/span><\/li>\n<\/ul>\n<p>&nbsp;<\/p>\n<div>\n<h2>Mapa de\u00a0nuestro sitio web y enlaces recomendados:<\/h2>\n<ul>\n<li><a href=\"https:\/\/aikidosanvicente.wordpress.com\/\">Acerca de Aikikai Aikikai San Vicente <strong>\u00bf<span style=\"text-decoration: underline\">Qui\u00e9nes somos<\/span>?<\/strong><\/a><em><strong><br \/>\n<\/strong>Acerca de nosotros: qui\u00e9nes somos, nuestra trayectoria, fotograf\u00edas, d\u00f3nde estamos, grupos, escuelas o dojos, horarios, contacto&#8230;\u00a0<\/em><\/li>\n<\/ul>\n<ul>\n<li><a title=\"\u00bfQu\u00e9 es el\u00a0Aikido?\" href=\"https:\/\/aikidosanvicente.wordpress.com\/que-es-el-aikido\/\" target=\"_blank\" rel=\"noopener noreferrer\">\u00bfQu\u00e9 es el <span style=\"text-decoration: underline\"><strong>Aikido<\/strong><\/span>?<br \/>\n<\/a><em>\u00bfQu\u00e9 es el Aikido? \u00bfen qu\u00e9 se diferencia de otras Artes Marciales? \u00bfEs efectivo? \u00a0\u00bfQu\u00e9 nos aporta? \u00a0Im\u00e1genes, texto, v\u00eddeos y referencias para conocer este magn\u00edfico Arte Marcial.<\/em><\/li>\n<\/ul>\n<ul>\n<li><a href=\"https:\/\/aikidosanvicente.wordpress.com\/aikido-infantil-en-san-vicente-del-raspeig-alicante\/\" target=\"_blank\" rel=\"noopener noreferrer\"><strong>Beneficios<\/strong> del Aikido en los ni\u00f1os, ni\u00f1as y j\u00f3venes.<br \/>\n<\/a><em>Nuestra motivaci\u00f3n, objetivos, metodolog\u00eda&#8230; junto algunas im\u00e1genes, qui\u00e9nes somos, horarios, contacto&#8230;<\/em><\/li>\n<\/ul>\n<ul>\n<li><a title=\"La asociaci\u00f3n AETAIKI \u2013 Aikikai de\u00a0Espa\u00f1a\" href=\"https:\/\/aikidosanvicente.wordpress.com\/asociacion-aetaiki-aikikai-de-espana\/\" target=\"_blank\" rel=\"noopener noreferrer\">\u00bfPor qu\u00e9 la Asociaci\u00f3n Espa\u00f1ola de T\u00e9cnicos de Aikido <span style=\"text-decoration: underline\"><strong>AETAIKI \u2013 Aikikai de Espa\u00f1a<\/strong><\/span>?<br \/>\n<\/a><em>Nuestra asociaci\u00f3n de Aikido: Origen y motivaci\u00f3n, desarrollo, reconocimientos, homologaciones, Shihanes, directores t\u00e9cnicos, referencias&#8230; junto im\u00e1genes y v\u00eddeo-reportajes y v\u00eddeos t\u00e9cnicos.<\/em><\/p>\n<ul>\n<li><strong><a href=\"https:\/\/aikidosanvicente.wordpress.com\/hayato-osawa-shihan\/\" target=\"_blank\" rel=\"noopener noreferrer\"><span style=\"text-decoration: underline\">Hayato Osawa Shihan (7\u00baDan Aikikai Hombu Dojo<\/span>)<\/a><\/strong><br \/>\n<em>Biograf\u00eda y v\u00eddeos de H.Osawa, quien supervisa nuestra asociaci\u00f3n. Es uno de los principales instructores Shihan del Hombu Dojo (Centro Mundial del Aikido en Tokio).<\/em><\/li>\n<li><a href=\"https:\/\/aikidosanvicente.wordpress.com\/tomas-sanchez-shihan\/\" target=\"_blank\" rel=\"noopener noreferrer\">El maestro <span style=\"text-decoration: underline\"><strong>Tom\u00e1s S\u00e1nchez D\u00edaz (Shihan y 7\u00ba Dan AIKIKAI)<\/strong><\/span><\/a><em><strong><br \/>\n<\/strong>Biograf\u00eda y v\u00eddeos de Tom\u00e1s S\u00e1nchez, \u00fanico Shihan espa\u00f1ol (m\u00e1ximo t\u00edtulo de maestr\u00eda otorgado por el Aikikai Hombu Dojo, centro mundial del Aikido en Jap\u00f3n). Pionero del Aikido en Espa\u00f1a y art\u00edfice y director t\u00e9cnico \u00a0hasta 2015. Actualmente Asesor T\u00e9cnico, miembro de la Comisi\u00f3n de Alto Nivel y Presidente del Tribunal de ex\u00e1menes.<strong><br \/>\n<\/strong><\/em><\/li>\n<li><a href=\"https:\/\/aikidosanvicente.wordpress.com\/roberto-sanchez-arevalo\/\" target=\"_blank\" rel=\"noopener noreferrer\">El maestro <\/a><strong><span style=\"text-decoration: underline\"><a href=\"https:\/\/aikidosanvicente.wordpress.com\/roberto-sanchez-arevalo\/\" target=\"_blank\" rel=\"noopener noreferrer\">Roberto S\u00e1nchez Ar\u00e9valo (Shidoin y 6\u00baDan AIKIKAI, Director T\u00e9cnico)<\/a><\/span><br \/>\n<\/strong><em>Biograf\u00eda, fotograf\u00edas y v\u00eddeos del Shidoin Roberto S\u00e1nchez, actual Director T\u00e9cnico de nuestra Asociaci\u00f3n.<\/em><strong><br \/>\n<\/strong><\/li>\n<li><a href=\"https:\/\/aikidosanvicente.wordpress.com\/roberto-sanchez-arevalo\/\" target=\"_blank\" rel=\"noopener noreferrer\">El maestro <\/a><strong><span style=\"text-decoration: underline\"><a href=\"https:\/\/aikidosanvicente.wordpress.com\/roberto-sanchez-arevalo\/\" target=\"_blank\" rel=\"noopener noreferrer\">David S\u00e1nchez Ar\u00e9valo (Shidoin y 6\u00baDan AIKIKAI, Responsable Comisi\u00f3n de Ense\u00f1anza)<\/a><\/span><br \/>\n<\/strong><em>Biograf\u00eda, fotograf\u00edas y v\u00eddeos del Shidoin David\u00a0S\u00e1nchez,\u00a0responsable de la Comisi\u00f3n de Ense\u00f1anza.<\/em><\/li>\n<\/ul>\n<\/li>\n<\/ul>\n<ul>\n<li><strong>Escuelas o Dojos donde entrenar con nosotros (instalaciones, horarios, grupos\u2026):<\/strong>\n<ul>\n<li><a href=\"https:\/\/aikidosanvicente.wordpress.com\/aikido-universidad-alicante\/\" target=\"_blank\" rel=\"noopener noreferrer\">Aikido en la <strong>Universidad de Alicante <\/strong>(Aikido <strong>adultos<\/strong>)<\/a><\/li>\n<li><a href=\"https:\/\/aikidosanvicente.wordpress.com\/aikido-san-vicente-alicante\/\" target=\"_blank\" rel=\"noopener noreferrer\">Aikido en el <strong>Dojo &#8220;BJJ Gracie Barra Alicante&#8221; en San Vicente del Raspeig<\/strong>, frente a la universidad\u00a0\u00a0(Aikido <strong>infantil<\/strong>, <strong>juvenil<\/strong> y <strong>adultos<\/strong>)<\/a><\/li>\n<\/ul>\n<\/li>\n<\/ul>\n<ul>\n<li><a href=\"https:\/\/aikidosanvicente.wordpress.com\/category\/blog\/\" target=\"_blank\" rel=\"noopener noreferrer\"><strong>Otras noticias<\/strong> en nuestro blog.<\/a><br \/>\n<em>Nuestro Blog \u00a0de noticias y art\u00edculos: tanto acerca de nuestros grupos como para la difusi\u00f3n general del Aikido y otras Artes Marciales o noticias relacionadas.<\/em><\/li>\n<\/ul>\n<ul>\n<li><strong><strong><a href=\"http:\/\/aikikai.org.es\/\" target=\"_blank\" rel=\"noopener noreferrer\">Web Asociaci\u00f3n Espa\u00f1ola de T\u00e9cnicos de Aikido AETAIKI &#8211; Aikikai de Espa\u00f1a (web oficial)<\/a><\/strong><\/strong>\n<ul>\n<li><a href=\"http:\/\/www.aikikai.org.es\/calendar\/\" target=\"_blank\" rel=\"noopener noreferrer\">Calendario de <strong>CURSOS<\/strong> y\u00a0actividades AETAIKI &#8211; Aikikai de Espa\u00f1a<\/a>.<br \/>\n<em><em><em>La asociaci\u00f3n centra sus actividades en la realizaci\u00f3n de continuos <strong>cursos de perfeccionamiento<\/strong> y de <strong>formaci\u00f3n y reciclaje de profesores e instructores<\/strong> (Fukushidoin, Shidoin).<br \/>\nDestacar el curso anual de\u00a0 <a href=\"https:\/\/aikidosanvicente.wordpress.com\/hayato-osawa-shihan\/\" target=\"_blank\" rel=\"noopener noreferrer\">Hayato Osawa Shihan<\/a>, 7\u00ba Dan, profesor oficial del Hombu Dojo -donde imparte clases diariamente- y Maestro de la total confianza del Doshu, adem\u00e1s de hijo de Kisaburo Osawa (9\u00ba Dan), el anterior Director T\u00e9cnico del AIKIKAI de Jap\u00f3n.<\/em><\/em><\/em><\/li>\n<li><a href=\"http:\/\/aikikai.org.es\/blog\/\">Blog de noticias de la AETAIKI \u2013 Aikikai de Espa\u00f1a<\/a><\/li>\n<li><a href=\"http:\/\/www.aikikai.org.es\/director\/\" target=\"_blank\" rel=\"noopener noreferrer\"><strong>Otros DOJOS\u00a0de Aikido<\/strong> AETAIKI \u2013 AIKIKAI de Espa\u00f1a.<br \/>\n<\/a><a href=\"http:\/\/aikikai.org.es\/blog\/\"><em>Directorio de las escuelas o\u00a0dojos de Aikido AETAIKI &#8211; Aikikai de Espa\u00f1a.<\/em><\/a><\/li>\n<\/ul>\n<\/li>\n<li>Otras federaciones o asociaciones relacionadas:\n<ul>\n<li><em><span style=\"text-decoration: underline\"><strong><a href=\"http:\/\/www.aikikai.or.jp\/\">AIKIKAI Foundation official web site<\/a><\/strong><\/span><\/em><\/li>\n<li><em><span style=\"text-decoration: underline\"><strong><a href=\"http:\/\/www.aikido-international.org\/\">International Aikido Federation (IAF \/ FIA)<\/a><\/strong><\/span><\/em><\/li>\n<li><em><span style=\"text-decoration: underline\"><strong><a href=\"http:\/\/www.aikido-europe.com\/fr\/index.php?id=&amp;lang=en\">Federaci\u00f3n Europea de Aikido (FEA)<\/a><\/strong><\/span><\/em><\/li>\n<li><em><em><span style=\"text-decoration: underline\"><a href=\"http:\/\/www.cercledeiaido.com\/\">Cercle de Iaido<\/a><\/span><\/em><\/em><\/li>\n<\/ul>\n<\/li>\n<\/ul>\n<h2><em>\u00a0Contacta con nosotros:<\/em><\/h2>\n<div style=\"padding: 5px 5px 5px 15px;width: 350px;border: 1px solid #888;background-color: #d2d3b4\">\n<h3><strong><span style=\"color: #db1313\">PROFESOR:<\/span><\/strong><a href=\"http:\/\/aikidosanvicente.files.wordpress.com\/2013\/11\/fidel-pc3a9rez-sebastic3a1n-e1391087665273.png\"><img loading=\"lazy\" decoding=\"async\" class=\"alignright size-full wp-image-515\" src=\"http:\/\/aikidosanvicente.files.wordpress.com\/2013\/11\/fidel-pc3a9rez-sebastic3a1n-e1391087665273.png\" alt=\"Fidel P\u00e9rez Sebasti\u00e1n, 5\u00baDan Aikikai\" width=\"102\" height=\"102\" \/><\/a><\/h3>\n<p><span style=\"color: #000000\"><strong><a href=\"https:\/\/aikidosanvicente.wordpress.com\/about\/#fidel_perez_aikido_san_vicente_alicante\" target=\"_blank\" rel=\"noopener noreferrer\"><span style=\"text-decoration: underline\">Fidel P\u00e9rez Sebasti\u00e1n<\/span><\/a>\u00a0<\/strong><\/span><br \/>\n<span style=\"color: #000000\"><strong>6\u00ba Dan AIKIKAI,\u00a0<em>Shidoin<\/em><\/strong><\/span><br \/>\nDelegado de\u00a0<a title=\"La asociaci\u00f3n AETAIKI \u2013 Aikikai de\u00a0Espa\u00f1a\" href=\"http:\/\/aikidosanvicente.wordpress.com\/asociacion-aetaiki-aikikai-de-espana\/\" target=\"_blank\" rel=\"noopener noreferrer\"><em><strong>AETAIKI \u2013 AIKIKAI de Espa\u00f1a<\/strong><\/em><\/a>\u00a0en la Comunidad Valenciana.<br \/>\n<em><a title=\"P\u00e1gina de Facebook para la comunicaci\u00f3n de los grupos de Aikido Aikikai en San Vicente\" href=\"https:\/\/www.facebook.com\/aikidosanvicente\/app_190322544333196\" target=\"_blank\" rel=\"noopener noreferrer\">https:\/\/www.facebook.com\/aikidosanvicente<\/a><\/em><br \/>\n<span style=\"text-decoration: underline\"><strong><em><a href=\"mailto:alicante@aikikai.es\" target=\"_blank\" rel=\"noopener noreferrer\">alicante@aikikai.es<\/a><\/em><\/strong><\/span><strong><em>\u00a0|<\/em><\/strong><em> <a href=\"mailto:sanvicente@aikikai.es\" target=\"_blank\" rel=\"noopener noreferrer\">sanvicente@aikikai.es<\/a><\/em><a href=\"mailto:fidel.perez.sebastian@gmail.com\"><br \/>\n<\/a>Tel. <strong>665 210 270<\/strong><\/p>\n<h3><\/h3>\n<\/div>\n<h3><\/h3>\n<\/div>\n<p><a href=\"https:\/\/aikidosanvicente.wordpress.com\/about\/#javier_gil_aikido_san_vicente_alicante\"><img loading=\"lazy\" decoding=\"async\" class=\"alignright wp-image-160 size-medium\" src=\"https:\/\/aikidosanvicente.files.wordpress.com\/2013\/11\/javier-gil-2c2badan-ante-kamiza-hombu-dojo-tokio.jpg?w=225\" alt=\"Ideogramas AiKiDo en el Kamiza del Hombu-Dojo, Tokio\" width=\"225\" height=\"300\" \/><\/a><\/p>\n<p style=\"text-align: right\"><strong>Blog mantenido por:<br \/>\n<\/strong><br \/>\n<span style=\"text-decoration: underline\"><strong><a href=\"https:\/\/aikidosanvicente.wordpress.com\/about\/#javier_gil_aikido_san_vicente_alicante\">Javier Gil Gonz\u00e1lez<\/a><\/strong><\/span><br \/>\n4\u00ba Dan Aikikai. <em>Fukushidoin<br \/>\n<\/em>(Maestro \/ Instructor Aikikai)<br \/>\n<em><a title=\"Javier Gil, contactar por correo electr\u00f3nico\" href=\"mailto:javihandachi@gmail.com\" target=\"_blank\" rel=\"noopener noreferrer\">javihandachi@gmail.com<br \/>\n<\/a><strong><a href=\"mailto:sanvicente@aikikai.es\" target=\"_blank\" rel=\"noopener noreferrer\">sanvicente@aikikai.es<\/a><\/strong><br \/>\n<\/em><\/p>\n<pre style=\"text-align: right\"><strong>Otras contribuciones:<\/strong>\r\n<a title=\"P\u00e1gina en Facebook: Aikido Aikikai en San Vicente del Raspeig - Universidad de Alicante\" href=\"http:\/\/www.facebook.com\/aikidosanvicente\" target=\"_blank\" rel=\"noopener noreferrer\"><strong>facebook<\/strong>.com\/aikidosanvicente<\/a><\/pre>\n<pre style=\"text-align: right\"><a title=\"Blog general de los grupos de Aikido en San Vicente del Raspeig (Alicante): Universidad de Alicante y Karate Club San Vicente (dojo JunDoKan)\" href=\"http:\/\/aikidosanvicente.wordpress.com\/\" target=\"_blank\" rel=\"noopener noreferrer\">aikidosanvicente.wordpress.com<\/a><\/pre>\n<pre style=\"text-align: right\"><a title=\"Perfil en Google+: Aikido Aikikai en San Vicente del Raspeig - Universidad de Alicante\" href=\"https:\/\/plus.google.com\/u\/0\/b\/110704030911697647451\/110704030911697647451\/posts\" target=\"_blank\" rel=\"noopener noreferrer\">aikidosanvicente en <strong>Google+<\/strong><\/a><\/pre>\n<pre style=\"text-align: right\"><a title=\"Canal de YouTube: Aikido Aikikai en San Vicente del Raspeig - Universidad de Alicante\" href=\"https:\/\/www.youtube.com\/channel\/UCcNHUB-gPaj49sRdb2TRngw\" target=\"_blank\" rel=\"noopener noreferrer\">Canal <strong>YouTube<\/strong> de aikidosanvicente<\/a><\/pre>\n","protected":false},"excerpt":{"rendered":"<p>\u00a1S\u00cdGUENOS en la Redes Sociales! \ud83d\ude09 Aikido Aikikai San Vicente en Facebook Canal Youtube de Aikido Aikikai San Vicente &nbsp; Mapa de\u00a0nuestro sitio web y enlaces recomendados: Acerca de Aikikai Aikikai San Vicente \u00bfQui\u00e9nes somos? Acerca de nosotros: qui\u00e9nes somos, &hellip; <a href=\"https:\/\/blogs.ua.es\/aikido\/subscribirse\/\">Continue reading <span class=\"meta-nav\">&rarr;<\/span><\/a><\/p>\n","protected":false},"author":3230,"featured_media":0,"parent":0,"menu_order":0,"comment_status":"closed","ping_status":"closed","template":"","meta":{"footnotes":""},"class_list":["post-1046","page","type-page","status-publish","hentry"],"_links":{"self":[{"href":"https:\/\/blogs.ua.es\/aikido\/wp-json\/wp\/v2\/pages\/1046","targetHints":{"allow":["GET"]}}],"collection":[{"href":"https:\/\/blogs.ua.es\/aikido\/wp-json\/wp\/v2\/pages"}],"about":[{"href":"https:\/\/blogs.ua.es\/aikido\/wp-json\/wp\/v2\/types\/page"}],"author":[{"embeddable":true,"href":"https:\/\/blogs.ua.es\/aikido\/wp-json\/wp\/v2\/users\/3230"}],"replies":[{"embeddable":true,"href":"https:\/\/blogs.ua.es\/aikido\/wp-json\/wp\/v2\/comments?post=1046"}],"version-history":[{"count":13,"href":"https:\/\/blogs.ua.es\/aikido\/wp-json\/wp\/v2\/pages\/1046\/revisions"}],"predecessor-version":[{"id":1414,"href":"https:\/\/blogs.ua.es\/aikido\/wp-json\/wp\/v2\/pages\/1046\/revisions\/1414"}],"wp:attachment":[{"href":"https:\/\/blogs.ua.es\/aikido\/wp-json\/wp\/v2\/media?parent=1046"}],"curies":[{"name":"wp","href":"https:\/\/api.w.org\/{rel}","templated":true}]}}