{"id":1158,"date":"2016-11-08T14:16:57","date_gmt":"2016-11-08T14:16:57","guid":{"rendered":"https:\/\/blogs.ua.es\/aikido\/?page_id=1158"},"modified":"2022-07-01T22:32:28","modified_gmt":"2022-07-01T22:32:28","slug":"david-sanchez-arevalo","status":"publish","type":"page","link":"https:\/\/blogs.ua.es\/aikido\/david-sanchez-arevalo\/","title":{"rendered":"El maestro David S\u00e1nchez Ar\u00e9valo, 6\u00baDan Aikikai, Shidoin, Responsable Comisi\u00f3n de Ense\u00f1anza AETAIKI &#8211; Aikikai de Espa\u00f1a: Biograf\u00eda, v\u00eddeos, fotograf\u00edas"},"content":{"rendered":"<p><iframe loading=\"lazy\" title=\"David S\u00e1nchez, resumen seminarios - Aikido AETAIKI - Aikikai de Espa\u00f1a\" width=\"640\" height=\"360\" src=\"https:\/\/www.youtube.com\/embed\/videoseries?list=PLMRL1blXtLMu-0tbpLlGSsvXOaKu8eX1V\" frameborder=\"0\" allow=\"accelerometer; autoplay; clipboard-write; encrypted-media; gyroscope; picture-in-picture; web-share\" referrerpolicy=\"strict-origin-when-cross-origin\" allowfullscreen><\/iframe><\/p>\n<p><span style=\"text-align: center;font-size: xx-small;margin-top: 0;padding-top: 0\">El maestro <strong>David\u00a0S\u00e1nchez<\/strong>, durante el curso en<strong> Oviedo <\/strong>en marzo de<strong> 2016<\/strong><\/span><br \/>\n<strong><img loading=\"lazy\" decoding=\"async\" class=\"alignleft size-medium wp-image-3142\" src=\"https:\/\/aikidosanvicente.files.wordpress.com\/2016\/11\/david-sc3a1nchez-arc3a9valo-aikido-aetaiki-aikikai-dojo-tomc3a1s-sc3a1nchez.jpg?w=300\" alt=\"david-sanchez-arevalo-aikido-aetaiki-aikikai-dojo-tomas-sanchez\" width=\"300\" height=\"258\" \/><\/strong><\/p>\n<p><strong>David S\u00e1nchez Ar\u00e9valo<\/strong> es actualmente <strong>6\u00ba Dan de <span style=\"text-decoration: underline\"><a href=\"https:\/\/aikidosanvicente.wordpress.com\/que-es-el-aikido\/\">Aikido<\/a><\/span>\u00a0<\/strong>y<strong>\u00a0Shidoin\u00a0<\/strong>reconocido por el<strong> <a href=\"http:\/\/www.aikikai.or.jp\/eng\/\" target=\"_blank\" rel=\"noopener noreferrer\">Hombu Dojo de Tokio (Aikikai Jap\u00f3n)<\/a>\u00a0y tambi\u00e9n Cintur\u00f3n Negro 2\u00ba\u00a0dan de Judo.<\/strong><\/p>\n<div style=\"clear: both\"><\/div>\n<p>Ingeniero agr\u00f3nomo de formaci\u00f3n y profesi\u00f3n, imparte clases de <strong><a href=\"https:\/\/aikidosanvicente.wordpress.com\/que-es-el-aikido\/\">Aikido<\/a>\u00a0<\/strong>en el <a title=\"web del Gimnasio Aikido Tom\u00e1s S\u00e1nchez, Madrid\" href=\"http:\/\/www.aikidotsanchez.com\/\" target=\"_blank\" rel=\"noopener noreferrer\">Dojo Tom\u00e1s S\u00e1nchez<\/a>\u00a0desde hace m\u00e1s de 15 a\u00f1os, as\u00ed como <span style=\"text-decoration: underline\"><a href=\"http:\/\/www.aikikai.org.es\/calendar\/\">cursos a nivel nacional<\/a><\/span>. Forma parte de la<strong>\u00a0Comisi\u00f3n T\u00e9cnica de la <a href=\"http:\/\/www.aikido-europe.com\/index.php\/en\/\" target=\"_blank\" rel=\"noopener noreferrer\">Federaci\u00f3n Europea de Aikido<\/a><\/strong>.\u00a0Es\u00a0<strong>miembro de la <a href=\"http:\/\/www.aikikai.org.es\/ctecnica\/index.htm\">Comisi\u00f3n T\u00e9cnica<\/a>\u00a0<\/strong>y de los <strong>tribunales<\/strong> de examen grado Dan\u00a0del <span style=\"text-decoration: underline\"><strong><a href=\"https:\/\/aikidosanvicente.wordpress.com\/asociacion-aetaiki-aikikai-de-espana\/\">AETAIKI &#8211; Aikikai de Espa\u00f1a<\/a><\/strong><\/span>, siendo\u00a0adem\u00e1s <strong>responsable de la <a href=\"http:\/\/www.aikikai.org.es\/censena\/index.htm\">Comisi\u00f3n de Ense\u00f1anza<\/a><\/strong>.<\/p>\n<p style=\"text-align: center\"><img decoding=\"async\" src=\"https:\/\/aikidosanvicente.files.wordpress.com\/2016\/07\/curso-aikido-aetaiki-aikikai-alcoy-alicante-david-sc3a1nchez-y-c3a1ngel-l-martc3adnez-comisic3b3n-de-ensec3b1anza-aetaiki-0041.jpg\" \/><\/p>\n<p style=\"text-align: center\"><span style=\"text-align: center;font-size: xx-small;margin-top: 0;padding-top: 0\">El maestro <strong>David\u00a0S\u00e1nchez<\/strong>, durante el <a href=\"https:\/\/aikidosanvicente.wordpress.com\/2016\/07\/07\/fotografias-del-curso-de-la-comision-de-ensenanza-de-aikido-en-alcoy-alicante-david-sanchez-6odan-y-angel-l-martinez-5odan-2016\/\">curso de la Comisi\u00f3n de Ense\u00f1anza en<strong> Alcoy (Alicante)<\/strong>, 2016<\/a><\/span><\/p>\n<p>Nacido en Madrid en noviembre de 1974 , comienza la pr\u00e1ctica del <strong>Judo<\/strong> a la edad de 4 a\u00f1os, actividad que practic\u00f3 de forma continuada durante 20 a\u00f1os llegando a obtener el grado de <strong>2\u00baDan<\/strong>.<\/p>\n<p><img loading=\"lazy\" decoding=\"async\" class=\"size-medium wp-image-3147 alignright\" src=\"https:\/\/aikidosanvicente.files.wordpress.com\/2016\/11\/maestro-david-sc3a1nchez-aikido-aetaiki-aikikai-espac3b1a.jpg?w=219\" alt=\"maestro-david-sanchez-aikido-aetaiki-aikikai-espana\" width=\"219\" height=\"300\" \/>A comienzo de los a\u00f1os 90, compagin\u00e1ndolo con la pr\u00e1ctica del Judo, comienza el estudio del Aikido de la mano de su padre <span style=\"text-decoration: underline\"><a style=\"font-weight: bold\" href=\"https:\/\/aikidosanvicente.wordpress.com\/tomas-sanchez-shihan\/\">Tom\u00e1s S\u00e1nchez<\/a><\/span>\u00a0<strong>(<span style=\"text-decoration: underline\"><a title=\"SHIHAN (literalmente \" href=\"#\">Shihan<\/a> <\/span><\/strong>7\u00baDan Aikikai y Director T\u00e9cnico del Aikido en Espa\u00f1a desde sus inicios a finales de los setenta<strong>)<\/strong>\u00a0su principal influencia en este sentido.<\/p>\n<p>Su otra influencia decisiva es la de <strong>Tamura Nobuyoshi Shihan<\/strong>. Desde ni\u00f1o y gracias a su padre, tiene la oportunidad de conocerle, tratarle, y tener una cercan\u00eda con \u00e9l que ser\u00e1 decisiva en su estudio.<\/p>\n<div style=\"clear: both;text-align: center\"><\/div>\n<div style=\"clear: both;text-align: center\"><\/div>\n<div style=\"clear: both;text-align: center\">\n<p><iframe loading=\"lazy\" title=\"David S\u00e1nchez, exhibiciones Aikido AETAIKI - Aikikai de Espa\u00f1a\" width=\"640\" height=\"360\" src=\"https:\/\/www.youtube.com\/embed\/videoseries?list=PLMRL1blXtLMusSZBbkuNFY3KOyats08Od\" frameborder=\"0\" allow=\"accelerometer; autoplay; clipboard-write; encrypted-media; gyroscope; picture-in-picture; web-share\" referrerpolicy=\"strict-origin-when-cross-origin\" allowfullscreen><\/iframe><\/p>\n<\/div>\n<div style=\"clear: both\">\n<p style=\"text-align: center\"><span style=\"text-align: center;font-size: xx-small;margin-top: 0;padding-top: 0\"><strong>Exhibici\u00f3n<\/strong> de Aikido por los alumnos de David S\u00e1nchez en el 20 Aniversario de Jinbunkan. <strong>Mora (Toledo)<\/strong>, 5 de Abril de <strong>2008<\/strong>.<\/span><\/p>\n<\/div>\n<div style=\"clear: both\"><\/div>\n<div id=\"attachment_3146\" style=\"width: 310px\" class=\"wp-caption alignleft\"><img loading=\"lazy\" decoding=\"async\" aria-describedby=\"caption-attachment-3146\" class=\"wp-image-3146 size-medium\" src=\"https:\/\/aikidosanvicente.files.wordpress.com\/2016\/11\/hayato-osawa-y-david-sc3a1nchez-aikido-aikikai.jpg?w=300\" alt=\"hayato-osawa-y-david-sanchez-aikido-aikikai\" width=\"300\" height=\"263\" \/><p id=\"caption-attachment-3146\" class=\"wp-caption-text\">Hayato Osawa Shihan en Madrid. Uke: David S\u00e1nchez<\/p><\/div>\n<p>En el <strong>a\u00f1o 2009<\/strong>\u00a0conoce el <strong>Hombu Dojo de Tokio<\/strong>, acudiendo a las clases del <strong>Doshu y <a href=\"https:\/\/aikidosanvicente.wordpress.com\/hayato-osawa-shihan\/\" target=\"_blank\" rel=\"noopener noreferrer\">Hayato Osawa Shihan<\/a><\/strong>. En el <strong>a\u00f1o 2012<\/strong> repite viaje a Tokio, esta vez junto con la delegaci\u00f3n de <a href=\"https:\/\/aikidosanvicente.wordpress.com\/asociacion-aetaiki-aikikai-de-espana\/\">Aikikai Espa\u00f1a<\/a> encabezada por <a href=\"https:\/\/aikidosanvicente.wordpress.com\/tomas-sanchez-shihan\/\" target=\"_blank\" rel=\"noopener noreferrer\">Tom\u00e1s Sanchez Shihan<\/a>. Gracias a las gestiones realizadas por la\u00a0Junta Directiva, la colaboraci\u00f3n de Yamada Shihan y la nombrad\u00eda que en su d\u00eda deposit\u00f3 Tamura Shihan en <a href=\"https:\/\/aikidosanvicente.wordpress.com\/asociacion-aetaiki-aikikai-de-espana\/\">nuestra\u00a0asociaci\u00f3n, <\/a>contamos desde 2014 con la tutor\u00eda y los cursos de\u00a0<span style=\"text-decoration: underline\"><a href=\"https:\/\/aikidosanvicente.wordpress.com\/hayato-osawa-shihan\/\" target=\"_blank\" rel=\"noopener noreferrer\">Osawa Shihan<\/a><\/span>\u00a0(7\u00ba Dan, profesor oficial del <a title=\"El\u00a0Aikikai\u00a0Honbu Dojo\u00a0(\u5408\u6c17\u4f1a\u672c\u90e8\u9053\u5834?)\u00a0es el cuartel general de la\u00a0Fundaci\u00f3n Aikikai, organizaci\u00f3n que agrupa a varias instituciones nacionales del arte marcial\u00a0Aikid\u014d. El\u00a0dojo\u00a0(lugar de entrenamiento para las\u00a0artes marciales) se encuentra en Tokio\u00a0y fue fundado por\u00a0Morihei Ueshiba\u00a0en\u00a01931, como lugar para la ense\u00f1anza del arte marcial. Actualmente El dojo est\u00e1 dirigido por\u00a0Moriteru Ueshiba, tercer\u00a0doshu\u00a0de Aikido, existen varios instructores de alto grado\u00a0shihan\u00a0e instructores junior o\u00a0shidoin.\" href=\"https:\/\/aikidosanvicente.wordpress.com\/asociacion-aetaiki-aikikai-de-espana\/#\">Hombu Dojo<\/a> y Maestro de la total confianza del Doshu).<\/p>\n<div style=\"clear: both\"><\/div>\n<p>En 2016 asiste al <a href=\"http:\/\/www.aikido-international.org\/main-menu-archives\/124-12th-iaf-congress-demonstrations\" target=\"_blank\" rel=\"noopener noreferrer\">XII<strong>\u00a0Congreso de la Federaci\u00f3n Internacional de Aikido (IAF)<\/strong><\/a> junto a Octavio de la Mata (6\u00baDan Aikikai y presidente de la AETAIKI &#8211;\u00a0Aikikai de Espa\u00f1a), <a href=\"https:\/\/aikidosanvicente.wordpress.com\/roberto-sanchez-arevalo\/\"><span style=\"text-decoration: underline\">Roberto\u00a0S\u00e1nchez<\/span> (6\u00baDan Aikikai y Director T\u00e9cnico de AETAIKI -AIKIKAI de Espa\u00f1a)<\/a> y Javier S\u00e1nchez (5\u00baDan y Asesor de la asociaci\u00f3n). En este congreso se reconoce a Espa\u00f1a como miembro de la <strong><a href=\"http:\/\/spainaikikai.org\/actualidad\/12th-iaf-congress-takasaki-2016\/\" target=\"_blank\" rel=\"noopener noreferrer\">Federaci\u00f3n Internacional de Aikido (IAF, por sus siglas en ingl\u00e9s)<\/a><\/strong>.<\/p>\n<p><img decoding=\"async\" class=\"aligncenter\" src=\"https:\/\/aikidosanvicente.files.wordpress.com\/2016\/11\/aetaiki-aikikai-de-espac3b1a-congreso-iaf-international-aikido-federation-2016.jpg\" \/><\/p>\n<p style=\"text-align: center\"><span style=\"text-align: center;font-size: xx-small;margin-top: 0;padding-top: 0\">XII congreso de la <a href=\"http:\/\/www.aikido-international.org\/main-menu-archives\/124-12th-iaf-congress-demonstrations\">IAF (International Aikido Federation<\/a>)<\/span><\/p>\n<p><iframe loading=\"lazy\" title=\"David S\u00e1nchez, series T\u00e9cnicas Aikido\" width=\"640\" height=\"360\" src=\"https:\/\/www.youtube.com\/embed\/videoseries?list=PLMRL1blXtLMsDcVVq0QCKwnGUW7zyBTnO\" frameborder=\"0\" allow=\"accelerometer; autoplay; clipboard-write; encrypted-media; gyroscope; picture-in-picture; web-share\" referrerpolicy=\"strict-origin-when-cross-origin\" allowfullscreen><\/iframe><\/p>\n<div><\/div>\n<div>\n<h3><\/h3>\n<\/div>\n<p><a href=\"https:\/\/aikidosanvicente.wordpress.com\/about\/#javier_gil_aikido_san_vicente_alicante\"><img loading=\"lazy\" decoding=\"async\" class=\"alignright wp-image-160 size-medium\" src=\"https:\/\/aikidosanvicente.files.wordpress.com\/2013\/11\/javier-gil-2c2badan-ante-kamiza-hombu-dojo-tokio.jpg?w=225\" alt=\"Ideogramas AiKiDo en el Kamiza del Hombu-Dojo, Tokio\" width=\"225\" height=\"300\" \/><\/a><\/p>\n<p style=\"text-align: right\"><strong>Editado por:<br \/>\n<\/strong><br \/>\n<span style=\"text-decoration: underline\"><strong><a href=\"https:\/\/aikidosanvicente.wordpress.com\/about\/#javier_gil_aikido_san_vicente_alicante\">Javier Gil Gonz\u00e1lez<\/a><\/strong><\/span><br \/>\n4\u00ba Dan Aikikai. <em>Fukushidoin<br \/>\n<\/em>(Maestro \/ Instructor Aikikai)<br \/>\n<em><a title=\"Javier Gil, contactar por correo electr\u00f3nico\" href=\"mailto:javihandachi@gmail.com\" target=\"_blank\" rel=\"noopener noreferrer\">javihandachi@gmail.com<br \/>\n<\/a><strong><a href=\"mailto:sanvicente@aikikai.es\" target=\"_blank\" rel=\"noopener noreferrer\">sanvicente@aikikai.es<\/a><\/strong><br \/>\n<\/em><\/p>\n<pre style=\"text-align: right\"><strong>Otras contribuciones:<\/strong>\r\n<a title=\"P\u00e1gina en Facebook: Aikido Aikikai en San Vicente del Raspeig - Universidad de Alicante\" href=\"http:\/\/www.facebook.com\/aikidosanvicente\" target=\"_blank\" rel=\"noopener noreferrer\"><strong>facebook<\/strong>.com\/aikidosanvicente<\/a><\/pre>\n<pre style=\"text-align: right\"><a title=\"Blog general de los grupos de Aikido en San Vicente del Raspeig (Alicante): Universidad de Alicante y Karate Club San Vicente (dojo JunDoKan)\" href=\"http:\/\/aikidosanvicente.wordpress.com\/\" target=\"_blank\" rel=\"noopener noreferrer\">aikidosanvicente.wordpress.com<\/a><\/pre>\n<pre style=\"text-align: right\"><a title=\"Perfil en Google+: Aikido Aikikai en San Vicente del Raspeig - Universidad de Alicante\" href=\"https:\/\/plus.google.com\/u\/0\/b\/110704030911697647451\/110704030911697647451\/posts\" target=\"_blank\" rel=\"noopener noreferrer\">aikidosanvicente en <strong>Google+<\/strong><\/a><\/pre>\n<pre style=\"text-align: right\"><a title=\"Canal de YouTube: Aikido Aikikai en San Vicente del Raspeig - Universidad de Alicante\" href=\"https:\/\/www.youtube.com\/channel\/UCcNHUB-gPaj49sRdb2TRngw\" target=\"_blank\" rel=\"noopener noreferrer\">Canal <strong>YouTube<\/strong> de aikidosanvicente<\/a><\/pre>\n<h3><\/h3>\n<h3><em><strong>Referencias e informaci\u00f3n relacionada<\/strong><strong>:<\/strong><\/em><\/h3>\n<ul>\n<li><a href=\"http:\/\/robertosanchezaikido.com\/maestro-aikido\/\" target=\"_blank\" rel=\"noopener noreferrer\"><em><strong>David S\u00e1nchez.<\/strong><\/em><\/a>\u00a0<strong>Biograf\u00eda<\/strong> en la <a href=\"http:\/\/aikidotsanchez.com\/\">Web del Dojo Tom\u00e1s S\u00e1nchez<\/a>. &lt;<a href=\"http:\/\/aikidotsanchez.com\/david-sanchez\/\">http:\/\/aikidotsanchez.com\/david-sanchez\/<\/a>&gt;<\/li>\n<li><a href=\"http:\/\/aikikai.org.es\/blog\/?tag=david-sanchez\"><strong>David S\u00e1nchez<\/strong> en el blog de AETAIKI &#8211; AIKIKAI de Espa\u00f1a<\/a> &lt;<a href=\"http:\/\/aikikai.org.es\/blog\/?tag=david-sanchez\">http:\/\/aikikai.org.es\/blog\/?tag=david-sanchez<\/a>&gt;.<\/li>\n<li><a href=\"https:\/\/aikidosanvicente.wordpress.com\/2016\/07\/07\/fotografias-del-curso-de-la-comision-de-ensenanza-de-aikido-en-alcoy-alicante-david-sanchez-6odan-y-angel-l-martinez-5odan-2016\/\"><em><strong>Cr\u00f3nica y fotograf\u00edas del\u00a0curso de la Comisi\u00f3n de Ense\u00f1anza de Aikido (Alcoy, Alicante) \u2013 2016<\/strong><\/em><\/a>. <strong>Aikido Aikikai San Vicente<\/strong> &lt;<a href=\"https:\/\/aikidosanvicente.wordpress.com\">https:\/\/aikidosanvicente.wordpress.com<\/a>&gt;<\/li>\n<\/ul>\n<ul>\n<li><strong><a href=\"https:\/\/www.youtube.com\/watch?v=6rgsAHgr_mg&amp;list=PLMRL1blXtLMu-0tbpLlGSsvXOaKu8eX1V&amp;index=1\">V\u00eddeo-resumen del curso de David\u00a0S\u00e1nchez en <\/a><\/strong><b>Oviedo 2016<\/b>, organizado por<b> <a href=\"http:\/\/blogaikiastur.blogspot.com.es\/\">AikiAstvr<\/a><\/b>, miembro de AETAIKI &#8211; AIKIKAI de Espa\u00f1a.<\/li>\n<li><a href=\"https:\/\/www.youtube.com\/watch?v=sQX2a8NHvoE\"><strong>Exhibici\u00f3n de Aikido de David S\u00e1nchez<\/strong><\/a> en el 20 Aniversario de <a href=\"https:\/\/www.google.es\/url?sa=t&amp;rct=j&amp;q=&amp;esrc=s&amp;source=web&amp;cd=1&amp;cad=rja&amp;uact=8&amp;ved=0ahUKEwjXk4DSx_3PAhXBaRQKHQ6VB4UQFggeMAA&amp;url=https%3A%2F%2Fes-es.facebook.com%2FJinbukan-Dojo-Toledo-1608363632713863%2F&amp;usg=AFQjCNHWZVbShxGcERkhM0kob9hCeIR-0g\">Jinbunkan<\/a>. Mora (Toledo), <strong>5 de Abril de 2008<\/strong>.<\/li>\n<\/ul>\n<ul>\n<li><strong><a title=\"La asociaci\u00f3n AETAIKI \u2013 Aikikai de\u00a0Espa\u00f1a\" href=\"https:\/\/aikidosanvicente.wordpress.com\/asociacion-aetaiki-aikikai-de-espana\/\" target=\"_blank\" rel=\"noopener noreferrer\">La Asociaci\u00f3n Espa\u00f1ola de T\u00e9cnicos de Aikido AETAIKI \u2013 Aikikai de Espa\u00f1a<\/a><\/strong>.<\/li>\n<li><a title=\"Web de la Asociaci\u00f3n AETAIKI - Aikikai de Espa\u00f1a\" href=\"http:\/\/www.aikikai.org.es\/\" target=\"_blank\" rel=\"noopener noreferrer\"><strong>Web de la asociaci\u00f3n<\/strong> AETAIKI &#8211; Aikikai de Espa\u00f1a<\/a>.<\/li>\n<li><a title=\"Calendario de Actividades AETAIKI - Aikikai de Espa\u00f1a\" href=\"http:\/\/www.aikikai.org.es\/calendar\/\" target=\"_blank\" rel=\"noopener noreferrer\"><strong>Calendario de cursos<\/strong> AETAIKI &#8211; Aikikai de Espa\u00f1a<\/a>.<\/li>\n<li><a title=\"Blog de la Asociaci\u00f3n AETAIKI - Aikikai de Espa\u00f1a\" href=\"http:\/\/aikikai.org.es\/blog\/\" target=\"_blank\" rel=\"noopener noreferrer\"><strong>Blog<\/strong> de la asociaci\u00f3n AETAIKI &#8211; Aikikai de Espa\u00f1a<\/a>.<\/li>\n<li><em><a title=\"30 aniversario de Aikikai Espa\u00f1a, 1982-2012. Semblanza Vital de Tom\u00e1s S\u00e1nchez tras su promoci\u00f3n a Shihan 7\u00ba dan de Aikido\" href=\"http:\/\/www.aikidotsanchez.com\/docs\/tsshihan.pdf\" target=\"_blank\" rel=\"noopener noreferrer\"><strong>30 aniversario de Aikikai Espa\u00f1a, 1982-2012<\/strong>.\u00a0Semblanza Vital de Tom\u00e1s S\u00e1nchez tras su promoci\u00f3n a Shihan 7\u00ba dan de Aikido<\/a>.<\/em><\/li>\n<li><strong><em>Aikido. El Maestro y el M\u00e9todo<\/em><\/strong>. Tom\u00e1s S\u00e1nchez. \u00a0Ed. Arkano Books. 2001. &lt;d\u00edptico disponible en\u00a0<a href=\"http:\/\/www.aikidotsanchez.com\/docs\/diptlibro.pdf\">http:\/\/www.aikidotsanchez.com\/docs\/diptlibro.pdf<\/a>&gt;<\/li>\n<li><a title=\"Web AIKIDO Tom\u00e1s S\u00e1nchez. Tu puerta al mundo del Budo\" href=\"http:\/\/www.aikidotsanchez.com\/\" target=\"_blank\" rel=\"noopener noreferrer\">Web <em>AIKIDO Tom\u00e1s S\u00e1nchez. Tu puerta al mundo del Budo<\/em><\/a>.<\/li>\n<\/ul>\n<ul>\n<li><a title=\"Acerca de nosotros: Aikido Aikikai San Vicente del Raspeig (Alicante)\" href=\"http:\/\/aikidosanvicente.wordpress.com\/about\/\" target=\"_blank\" rel=\"noopener noreferrer\"><strong><img loading=\"lazy\" decoding=\"async\" class=\"alignright wp-image-26 size-full\" src=\"https:\/\/aikidosanvicente.files.wordpress.com\/2013\/11\/fperfilfb180x180.png\" alt=\"Logo AETAIKI - Aikikai de Espa\u00f1a - San Vicente del Raspeig (Alicante)\" width=\"180\" height=\"180\" \/><\/strong><\/a><a title=\"Acerca de nosotros: Aikido Aikikai San Vicente del Raspeig (Alicante)\" href=\"http:\/\/aikidosanvicente.wordpress.com\/about\/\" target=\"_blank\" rel=\"noopener noreferrer\"><strong>Aikido Aikikai en Alicante <\/strong><\/a>(<a title=\"Aikido en San Vicente del Raspeig (Alicante) \u2013 dojo JunDoKan\" href=\"http:\/\/aikidosanvicente.wordpress.com\/aikido-san-vicente-alicante\/\" target=\"_blank\" rel=\"noopener noreferrer\">en San Vicente del Raspeig<\/a> y <a title=\"Aikido en la Universidad de Alicante\" href=\"http:\/\/aikidosanvicente.wordpress.com\/aikido-universidad-alicante\/\" target=\"_blank\" rel=\"noopener noreferrer\">en la Universidad de Alicante<\/a>).<\/li>\n<\/ul>\n<h3><span style=\"color: #db1313\"><strong>\u00a1S\u00cdGUENOS en la Redes Sociales!<\/strong><\/span><\/h3>\n<p><span style=\"color: #db1313\"><a style=\"color: #db1313\" title=\"P\u00e1gina Facebook de Aikido Aikikai en San Vicente del Raspeig y en la Universidad de Alicante\" href=\"https:\/\/www.facebook.com\/aikidosanvicente\" target=\"_blank\" rel=\"noopener noreferrer\"><em style=\"color: #db1313\"><img loading=\"lazy\" decoding=\"async\" class=\"alignleft wp-image-2805\" style=\"margin: 2px 0 0;border: 0 solid #000000\" src=\"https:\/\/aikidosanvicente.files.wordpress.com\/2016\/02\/aikido-aikikai-san-vicente-en-facebook.png?w=150\" alt=\"S\u00edguenos en Facebook\" width=\"140\" height=\"56\" \/><\/em><\/a><\/span><span style=\"color: #db1313\"><a style=\"color: #db1313\" title=\"Canal de v\u00eddeos YouTube de Aikido Aikikai en San Vicente del Raspeig y en la Universidad de Alicante\" href=\"https:\/\/www.youtube.com\/channel\/UCcNHUB-gPaj49sRdb2TRngw\" target=\"_blank\" rel=\"noopener noreferrer\"><img loading=\"lazy\" decoding=\"async\" class=\"alignleft wp-image-2806\" style=\"border: 0;margin: 7px 0 0\" src=\"https:\/\/aikidosanvicente.files.wordpress.com\/2016\/02\/aikido-aikikai-san-vicente-en-youtube.png?w=150\" alt=\"S\u00edguenos en YouTube\" width=\"140\" height=\"45\" \/><\/a><\/span><\/p>\n","protected":false},"excerpt":{"rendered":"<p>El maestro David\u00a0S\u00e1nchez, durante el curso en Oviedo en marzo de 2016 David S\u00e1nchez Ar\u00e9valo es actualmente 6\u00ba Dan de Aikido\u00a0y\u00a0Shidoin\u00a0reconocido por el Hombu Dojo de Tokio (Aikikai Jap\u00f3n)\u00a0y tambi\u00e9n Cintur\u00f3n Negro 2\u00ba\u00a0dan de Judo. Ingeniero agr\u00f3nomo de formaci\u00f3n y &hellip; <a href=\"https:\/\/blogs.ua.es\/aikido\/david-sanchez-arevalo\/\">Continue reading <span class=\"meta-nav\">&rarr;<\/span><\/a><\/p>\n","protected":false},"author":3230,"featured_media":0,"parent":0,"menu_order":0,"comment_status":"closed","ping_status":"closed","template":"","meta":{"footnotes":""},"class_list":["post-1158","page","type-page","status-publish","hentry"],"_links":{"self":[{"href":"https:\/\/blogs.ua.es\/aikido\/wp-json\/wp\/v2\/pages\/1158","targetHints":{"allow":["GET"]}}],"collection":[{"href":"https:\/\/blogs.ua.es\/aikido\/wp-json\/wp\/v2\/pages"}],"about":[{"href":"https:\/\/blogs.ua.es\/aikido\/wp-json\/wp\/v2\/types\/page"}],"author":[{"embeddable":true,"href":"https:\/\/blogs.ua.es\/aikido\/wp-json\/wp\/v2\/users\/3230"}],"replies":[{"embeddable":true,"href":"https:\/\/blogs.ua.es\/aikido\/wp-json\/wp\/v2\/comments?post=1158"}],"version-history":[{"count":7,"href":"https:\/\/blogs.ua.es\/aikido\/wp-json\/wp\/v2\/pages\/1158\/revisions"}],"predecessor-version":[{"id":1420,"href":"https:\/\/blogs.ua.es\/aikido\/wp-json\/wp\/v2\/pages\/1158\/revisions\/1420"}],"wp:attachment":[{"href":"https:\/\/blogs.ua.es\/aikido\/wp-json\/wp\/v2\/media?parent=1158"}],"curies":[{"name":"wp","href":"https:\/\/api.w.org\/{rel}","templated":true}]}}