{"id":937,"date":"2015-10-29T11:55:16","date_gmt":"2015-10-29T11:55:16","guid":{"rendered":"https:\/\/blogs.ua.es\/aikido\/?page_id=937"},"modified":"2022-07-01T22:31:02","modified_gmt":"2022-07-01T22:31:02","slug":"el-maestro-tomas-sanchez-7o-dan-y-shihan-aikikai-biografia-videos-fotografias","status":"publish","type":"page","link":"https:\/\/blogs.ua.es\/aikido\/el-maestro-tomas-sanchez-7o-dan-y-shihan-aikikai-biografia-videos-fotografias\/","title":{"rendered":"El maestro Tom\u00e1s S\u00e1nchez D\u00edaz (7\u00ba Dan y Shihan AIKIKAI): Biograf\u00eda, v\u00eddeos, fotograf\u00edas"},"content":{"rendered":"<div id=\"attachment_204\" style=\"width: 670px\" class=\"wp-caption alignnone\"><img loading=\"lazy\" decoding=\"async\" aria-describedby=\"caption-attachment-204\" class=\"size-full wp-image-204\" src=\"https:\/\/aikidosanvicente.files.wordpress.com\/2013\/11\/tomc3a1s-sc3a1nchez-shihan-7c2badan-2012.png\" alt=\"Tom\u00e1s S\u00e1nchez Shihan 7\u00baDan 2012\" width=\"660\" height=\"371\" \/><p id=\"caption-attachment-204\" class=\"wp-caption-text\">Fotograf\u00eda obtenida de http:\/\/www.aikidotsanchez.com\/docs\/shihanweb.pdf<\/p><\/div>\n<p><a href=\"http:\/\/aikidosanvicente.files.wordpress.com\/2013\/11\/tomc3a1s-sc3a1nchez-shihan-en-el-30-aniversario-de-la-aetaiki.png\"><img loading=\"lazy\" decoding=\"async\" class=\"alignleft\" src=\"http:\/\/aikidosanvicente.files.wordpress.com\/2013\/11\/tomc3a1s-sc3a1nchez-shihan-en-el-30-aniversario-de-la-aetaiki.png?w=254&amp;h=300\" alt=\"Tom\u00e1s S\u00e1nchez Shihan, 7\u00baDan. Director T\u00e9cnico de la AETAIKI - Aikikai de Espa\u00f1a\" width=\"254\" height=\"300\" \/><\/a><\/p>\n<p>Tom\u00e1s S\u00e1nchez D\u00edaz, <strong>7\u00ba Dan<\/strong> y <strong><a title=\"SHIHAN (literalmente 'maestro modelo, ejemplo') es el m\u00e1ximo t\u00edtulo de maestr\u00eda otorgado por el Aikikai Hombu Dojo -centro mundial del Aikido en Jap\u00f3n-, reservado a expertos veteranos en Aikido con un grado de 6\u00baDan o superior y que han demostrado una gran competencia tanto en la pr\u00e1ctica como en la instrucci\u00f3n de este arte. \" href=\"#\">Shihan<\/a>\u00a0<\/strong>de Aikido, es uno de los m\u00e1s reputados profesores de Aikido del pa\u00eds, con ya m\u00e1s de 50 a\u00f1os de pr\u00e1ctica en artes marciales.<br \/>\nSe inici\u00f3 en las artes marciales a trav\u00e9s del Judo, del que es Profesor y Cintur\u00f3n Negro 2\u00ba dan. Sin embargo el descubrimiento del Aikido hace que se vuelque en este arte marcial, que a finales de los a\u00f1os 60 daba en Espa\u00f1a sus primeros pasos.<\/p>\n<p><iframe loading=\"lazy\" title=\"Kazuo Chiba &amp; Nobuyoshi Tamura - Madrid, 1975\" width=\"640\" height=\"480\" src=\"https:\/\/www.youtube.com\/embed\/sBfM2f1fMBU?feature=oembed\" frameborder=\"0\" allow=\"accelerometer; autoplay; clipboard-write; encrypted-media; gyroscope; picture-in-picture; web-share\" referrerpolicy=\"strict-origin-when-cross-origin\" allowfullscreen><\/iframe><\/p>\n<p style=\"font-size: xx-small;text-align: center\">(en este hist\u00f3rico\u00a0v\u00eddeo podemos ver a Tom\u00e1s S\u00e1nchez como Uke de los maestros Nobuyoshi Tamura y Kazuo Chiba)<\/p>\n<p>A comienzos de los <strong>a\u00f1os 70<\/strong>, el <strong>Aikido<\/strong> es reconocido por la Federaci\u00f3n de Judo e incorporado en su seno. Desde ese mismo momento, <strong>D. Tom\u00e1s S\u00e1nchez<\/strong> (Profesor de Aikido por la Delegaci\u00f3n Nacional de Educaci\u00f3n F\u00edsica y Deportes con el n\u00ba 1 en 1974) desempe\u00f1a el cargo de <strong>Director T\u00e9cnico del Departamento de Aikido<\/strong>, desde el cual y por espacio de 7 a\u00f1os se ocupa de <strong>crear la infraestructura sobre la que se apoyar\u00e1 el florecimiento de esta disciplina en Espa\u00f1a.<\/strong><\/p>\n<p>En 1975 como reconocimiento a esta labor recibe de la FEJYDA (Federaci\u00f3n Espa\u00f1ola de Judo y Disciplinas Asociadas) el <strong>Premio \u201c<em>Morihei Ueshiba<\/em>\u201c<\/strong>.<\/p>\n<p>A partir de finales de los a\u00f1os setenta y comienzo de los ochenta, debido a que comenz\u00f3 a cambiar la pol\u00edtica de la Federaci\u00f3n Espa\u00f1ola con el <strong>Sensei Tamura<\/strong> (poni\u00e9ndole impedimentos para impartir cursos en Espa\u00f1a) el Maestro Tom\u00e1s, consecuente con la fidelidad a su Maestro y a la esencia de la Disciplina que siempre le han caracterizado, decide crear junto con un grupo de alumnos nuestra <strong><a href=\"https:\/\/aikidosanvicente.wordpress.com\/asociacion-aetaiki-aikikai-de-espana\/\" target=\"_blank\" rel=\"noopener noreferrer\">Asociaci\u00f3n Espa\u00f1ola de T\u00e9cnicos de Aikido &#8211; Aikikai de Espa\u00f1a<\/a><\/strong>, siendo nombrado <strong>Director T\u00e9cnico<\/strong> y llevando al frente de la misma durante todo este tiempo. En julio de 2015 es nombrado Director T\u00e9cnico\u00a0<strong><a href=\"https:\/\/aikidosanvicente.wordpress.com\/roberto-sanchez-arevalo\/\" target=\"_blank\" rel=\"noopener noreferrer\">Roberto S\u00e1nchez Ar\u00e9valo<\/a>\u00a0(6\u00baDan Aikikai)<\/strong>. En la actualidad, Tom\u00e1s S\u00e1nchez Shihan\u00a0est\u00e1\u00a0en la Junta Directiva como <span style=\"font-weight: bold\">Asesor T\u00e9cnico<\/span> y es\u00a0<span style=\"font-weight: bold\">miembro de la Comisi\u00f3n de Alto Nivel<\/span>, <span style=\"font-weight: bold\">Presidente del Tribunal de ex\u00e1menes <\/span>y <span style=\"font-weight: bold\">Responsable del <a href=\"http:\/\/aikikai.org.es\/calendar\/index.html\" target=\"_blank\" rel=\"noopener noreferrer\">calendario de cursos<\/a>.<\/span><\/p>\n<p><iframe loading=\"lazy\" title=\"Exhibicion de Aikido. Tomas Sanchez, 6\u00ba dan. Zaragoza 1996\" width=\"640\" height=\"480\" src=\"https:\/\/www.youtube.com\/embed\/T_Pkr2E4tfg?feature=oembed\" frameborder=\"0\" allow=\"accelerometer; autoplay; clipboard-write; encrypted-media; gyroscope; picture-in-picture; web-share\" referrerpolicy=\"strict-origin-when-cross-origin\" allowfullscreen><\/iframe><\/p>\n<p style=\"text-align: justify\">Sensei Nobuyoshi Tamura quer\u00eda y respetaba al Maestro Tom\u00e1s. Tanto es as\u00ed, que antes de fallecer le propuso a Sensei \u00a0Yoshimitsu Yamada que le otorgara el el <strong>7\u00ba Dan AIKIKAI<\/strong> y el\u00a0<strong>t\u00edtulo de SHIHAN\u00a0<\/strong>(literalmente &#8216;maestro modelo, ejemplo&#8217;. Es el<strong> m\u00e1ximo t\u00edtulo de maestr\u00eda otorgado por el Aikikai Hombu Dojo<\/strong> -centro mundial del Aikido en Jap\u00f3n-, reservado a<strong> expertos veteranos en Aikido <\/strong>con un grado de 6\u00baDan o superior y<strong> que han demostrado una gran competencia tanto en la pr\u00e1ctica como en la instrucci\u00f3n de este arte<\/strong>). <strong>Cuarenta a\u00f1os de Aikido y compromiso con la l\u00ednea de trabajo de Sensei Tamura<\/strong>\u00a0han marcado toda su trayectoria tanto t\u00e9cnica como pedag\u00f3gica.<\/p>\n<div id=\"attachment_1654\" style=\"width: 387px\" class=\"wp-caption aligncenter\"><img loading=\"lazy\" decoding=\"async\" aria-describedby=\"caption-attachment-1654\" class=\"size-full wp-image-1654\" src=\"https:\/\/aikidosanvicente.files.wordpress.com\/2015\/10\/tomc3a1s-sc3a1nchez-7c2ba-dan-entregado-por-yamada-shihan.png\" alt=\"Tom\u00e1s S\u00e1nchez recibe el diploma 7\u00baDan Aikikai de la mano de Yamada Shihan, 8\u00ba Dan\" width=\"377\" height=\"192\" \/><p id=\"caption-attachment-1654\" class=\"wp-caption-text\">Tom\u00e1s S\u00e1nchez recibe el diploma 7\u00baDan Aikikai de la mano de Yamada Shihan, 8\u00ba Dan<\/p><\/div>\n<blockquote>\n<p align=\"right\"><em>\u201cEl Maestro s\u00f3lo es Maestro porque,<br \/>\n<\/em><em>olvid\u00e1ndose de s\u00ed mismo,\u00a0<\/em><em>ha trasmitido su saber a sus alumnos,<br \/>\n<\/em><em>y a trav\u00e9s de ellos, a aquellos que vendr\u00e1n m\u00e1s tarde.<br \/>\n<\/em><em>El disc\u00edpulo s\u00f3lo es disc\u00edpulo porque se entrega totalmente a su Maestro\u201d<br \/>\n<\/em><strong>(M. Ueshiba)<\/strong><\/p>\n<p align=\"right\"><img loading=\"lazy\" decoding=\"async\" class=\"aligncenter size-full wp-image-145\" src=\"https:\/\/aikidosanvicente.files.wordpress.com\/2013\/11\/delegacic3b3n-aetaiki-junto-al-doshu-en-las-puertas-del-hombu-dojo.jpg\" alt=\"Delegaci\u00f3n AETAIKI - Aikikai de Espa\u00f1a junto al Doshu en las puertas del Hombu Dojo, Tokio\" width=\"660\" height=\"197\" \/><\/p>\n<\/blockquote>\n<div id=\"attachment_307\" style=\"width: 160px\" class=\"wp-caption alignright\"><img loading=\"lazy\" decoding=\"async\" aria-describedby=\"caption-attachment-307\" class=\"wp-image-307 size-full\" src=\"https:\/\/aikidosanvicente.files.wordpress.com\/2013\/12\/tsalic141-150x150.jpg\" alt=\"Tom\u00e1s S\u00e1nchez realizando proyecci\u00f3n, Alicante 2013\" width=\"150\" height=\"150\" \/><p id=\"caption-attachment-307\" class=\"wp-caption-text\">Tom\u00e1s S\u00e1nchez en el curso organizado por <a href=\"https:\/\/aikidosanvicente.wordpress.com\/about\">Aikido San Vicente &#8211; Alicante<\/a> en 2013<\/p><\/div>\n<p style=\"text-align: justify\" align=\"right\">En el pasado, Tamura Nobuyoshi Shihan supervisaba los <strong>ex\u00e1menes de grado dan\u00a0<\/strong>(presididos por \u00e9l o por D. Tom\u00e1s S\u00e1nchez) y avalaba dichos grados ante el Aikikai So Hombu.\u00a0En la actualidad, y desde que <strong>en 2011 <\/strong>le fuera<strong> otorgado por el Doshu Moriteru Ueshiba el t\u00edtulo de Shihan<\/strong>, es D. Tom\u00e1s S\u00e1nchez quien <strong>en su calidad de Shihan facilita la obtenci\u00f3n del diploma de grado dan de Aikido expedido por el Hombu (grado Aikikai)<\/strong> a los candidatos que as\u00ed lo desean y que superan el correspondiente examen de grado ante el tribunal.<\/p>\n<div id=\"attachment_979\" style=\"width: 310px\" class=\"wp-caption aligncenter\"><img loading=\"lazy\" decoding=\"async\" aria-describedby=\"caption-attachment-979\" class=\"wp-image-979 size-medium\" src=\"https:\/\/aikidosanvicente.files.wordpress.com\/2014\/07\/tribunal-aetaiki-noviembre-2013.jpg?w=300\" alt=\"Tribunal AETAIKI Noviembre 2013\" width=\"300\" height=\"194\" \/><p id=\"caption-attachment-979\" class=\"wp-caption-text\">Tribunal de ex\u00e1menes presidido por T.S\u00e1nchez<br \/><a href=\"https:\/\/aikidosanvicente.wordpress.com\/2013\/12\/12\/una-nueva-etapa-curso-en-alicante\/\">Alicante, noviembre de 2013<\/a><\/p><\/div>\n<p><iframe loading=\"lazy\" title=\"Tom\u00e1s Sa\u0301nchez 7\u00ba Dan Shihan AETAIKI C.Zaragoza 2014.09 Ushiro Ryotedori Iriminage y Koshinage\" width=\"640\" height=\"360\" src=\"https:\/\/www.youtube.com\/embed\/x8IMMGOAKNA?feature=oembed\" frameborder=\"0\" allow=\"accelerometer; autoplay; clipboard-write; encrypted-media; gyroscope; picture-in-picture; web-share\" referrerpolicy=\"strict-origin-when-cross-origin\" allowfullscreen><\/iframe><\/p>\n<p style=\"font-size: xx-small\">(Tom\u00e1s S\u00e1nchez en el curso en\u00a0\u00a0Zaragoza en septiembre de 2014)<\/p>\n<h3><strong>Publicaciones de Tom\u00e1s S\u00e1nchez Shihan.<\/strong><\/h3>\n<p>En 2001 vio la luz, su libro, \u201c<a href=\"http:\/\/www.casadellibro.com\/libro-aikido-el-maestro-y-el-metodo\/9788489897403\/759921\" target=\"_blank\" rel=\"noopener noreferrer\">Aikido, el Maestro y el M\u00e9todo<\/a>\u201d una completa obra de consulta y en 2009 se present\u00f3 su \u00faltimo libro \u201c<a href=\"http:\/\/www.casadellibro.com\/libro-aikido-el-practicante-y-la-tecnica-un-camino-para-la-superacion--una-forma-de-vivir\/9788493540081\/1244567\" target=\"_blank\" rel=\"noopener noreferrer\">Aikido, el Practicante y la T\u00e9cnica<\/a>\u201c.<\/p>\n<p><img loading=\"lazy\" decoding=\"async\" class=\"alignnone size-full wp-image-2864\" src=\"https:\/\/aikidosanvicente.files.wordpress.com\/2015\/10\/tomc3a1s-sc3a1nchez-shihan-libros.png?w=680\" alt=\"Tom\u00e1s S\u00e1nchez Shihan, libros\" width=\"1203\" height=\"851\" \/><\/p>\n<div><\/div>\n<div>\n<h3><\/h3>\n<\/div>\n<p><a href=\"https:\/\/aikidosanvicente.wordpress.com\/about\/#javier_gil_aikido_san_vicente_alicante\"><img loading=\"lazy\" decoding=\"async\" class=\"alignright wp-image-160 size-medium\" src=\"https:\/\/aikidosanvicente.files.wordpress.com\/2013\/11\/javier-gil-2c2badan-ante-kamiza-hombu-dojo-tokio.jpg?w=225\" alt=\"Ideogramas AiKiDo en el Kamiza del Hombu-Dojo, Tokio\" width=\"225\" height=\"300\" \/><\/a><\/p>\n<p style=\"text-align: right\"><strong>Editado por:<br \/>\n<\/strong><br \/>\n<span style=\"text-decoration: underline\"><strong><a href=\"https:\/\/aikidosanvicente.wordpress.com\/about\/#javier_gil_aikido_san_vicente_alicante\">Javier Gil Gonz\u00e1lez<\/a><\/strong><\/span><br \/>\n4\u00ba Dan Aikikai. <em>Fukushidoin<br \/>\n<\/em>(Maestro \/ Instructor Aikikai)<br \/>\n<em><a title=\"Javier Gil, contactar por correo electr\u00f3nico\" href=\"mailto:javihandachi@gmail.com\" target=\"_blank\" rel=\"noopener noreferrer\">javihandachi@gmail.com<br \/>\n<\/a><strong><a href=\"mailto:sanvicente@aikikai.es\" target=\"_blank\" rel=\"noopener noreferrer\">sanvicente@aikikai.es<\/a><\/strong><br \/>\n<\/em><\/p>\n<pre style=\"text-align: right\"><strong>Otras contribuciones:<\/strong>\r\n<a title=\"P\u00e1gina en Facebook: Aikido Aikikai en San Vicente del Raspeig - Universidad de Alicante\" href=\"http:\/\/www.facebook.com\/aikidosanvicente\" target=\"_blank\" rel=\"noopener noreferrer\"><strong>facebook<\/strong>.com\/aikidosanvicente<\/a><\/pre>\n<pre style=\"text-align: right\"><a title=\"Blog general de los grupos de Aikido en San Vicente del Raspeig (Alicante): Universidad de Alicante y Karate Club San Vicente (dojo JunDoKan)\" href=\"http:\/\/aikidosanvicente.wordpress.com\/\" target=\"_blank\" rel=\"noopener noreferrer\">aikidosanvicente.wordpress.com<\/a><\/pre>\n<pre style=\"text-align: right\"><a title=\"Perfil en Google+: Aikido Aikikai en San Vicente del Raspeig - Universidad de Alicante\" href=\"https:\/\/plus.google.com\/u\/0\/b\/110704030911697647451\/110704030911697647451\/posts\" target=\"_blank\" rel=\"noopener noreferrer\">aikidosanvicente en <strong>Google+<\/strong><\/a><\/pre>\n<pre style=\"text-align: right\"><a title=\"Canal de YouTube: Aikido Aikikai en San Vicente del Raspeig - Universidad de Alicante\" href=\"https:\/\/www.youtube.com\/channel\/UCcNHUB-gPaj49sRdb2TRngw\" target=\"_blank\" rel=\"noopener noreferrer\">Canal <strong>YouTube<\/strong> de aikidosanvicente<\/a><\/pre>\n<h3 align=\"right\"><\/h3>\n<h3 style=\"text-align: justify\" align=\"right\">REFERENCIAS Y M\u00c1S INFORMACI\u00d3N:<\/h3>\n<ul>\n<li style=\"text-align: justify\"><a href=\"http:\/\/aikidotsanchez.com\/tomas-sanchez-shihan\/\" target=\"_blank\" rel=\"noopener noreferrer\"><strong>Tom\u00e1s S\u00e1nchez Shihan<\/strong> (Web oficial)<\/a>: &lt;<a href=\"http:\/\/aikidotsanchez.com\/tomas-sanchez-shihan\/\" target=\"_blank\" rel=\"noopener noreferrer\">http:\/\/aikidotsanchez.com\/tomas-sanchez-shihan\/<\/a>&gt;<\/li>\n<\/ul>\n<ul>\n<li><a href=\"http:\/\/aikikai.org.es\/\"><strong>Web de la Asociaci\u00f3n\u00a0<em>AETAIKI \u2013 Aikikai de Espa\u00f1a<\/em><\/strong><\/a><strong>.\u00a0<\/strong>&lt;<a title=\"Web de la Asociaci\u00f3n AETAIKI - Aikikai de Espa\u00f1a\" href=\"http:\/\/aikikai.org.es\/aikido\/aikiaso\/aetaiki.htm%20\">http:\/\/aikikai.org.es\/aikido\/aikiaso\/aetaiki.htm\u00a0<\/a>&gt;<\/li>\n<li><strong><em>Una Asociaci\u00f3n que gira en torno a un Gran Maestro<\/em><\/strong>. AETAIKI \u2013 Aikikai de Espa\u00f1a. &lt;<a title=\"Una Asociaci\u00f3n que gira en torno a un Gran Maestro. AETAIKI - Aikikai de Espa\u00f1a\" href=\"http:\/\/aikikai.org.es\/aikido\/aikiaso\/dipticoaetaiki.pdf\">http:\/\/aikikai.org.es\/aikido\/aikiaso\/dipticoaetaiki.pdf<\/a>&gt;<\/li>\n<li><strong><em>Manual del principiante<\/em><\/strong>. AETAIKI \u2013 Aikikai de Espa\u00f1a. &lt;<a title=\"Manual del principiante. AETAIKI - Aikikai de Espa\u00f1a\" href=\"http:\/\/aikikai.org.es\/asociados\/manual.htm\">http:\/\/aikikai.org.es\/asociados\/manual.htm<\/a>&gt;<\/li>\n<li><strong><em>El Maestro Nobuyoshi Tamura. El papel del Maestro Tamura en la Asociaci\u00f3n Espa\u00f1ola de T\u00e9cnicos de Aikido \u2013 Aikikai de Espa\u00f1a. \u00a0<\/em><\/strong>&lt;<a title=\"El Maestro Nobuyoshi Tamura. El papel del Maestro Tamura en la Asociaci\u00f3n Espa\u00f1ola de T\u00e9cnicos de Aikido - Aikikai de Espa\u00f1a\" href=\"http:\/\/www.aikikai.org.es\/aikido\/maestro\/biografi.htm\">http:\/\/www.aikikai.org.es\/aikido\/maestro\/biografi.htm<\/a>&gt;<\/li>\n<li><strong><em>30 aniversario de Aikikai Espa\u00f1a, 1982-2012<\/em><\/strong>. Tom\u00e1s S\u00e1nchez Shihan, 7\u00ba Dan.\u00a0&lt;<a title=\"30 aniversario de Aikikai Espa\u00f1a, 1982-2012. Tom\u00e1s S\u00e1nchez Shihan, 7\u00ba Dan\" href=\"http:\/\/www.aikidotsanchez.com\/docs\/shihanweb.pdf\">http:\/\/www.aikidotsanchez.com\/docs\/shihanweb.pdf<\/a>&gt;<\/li>\n<li><strong><em>Nobuyoshi Tamura Shihan, 1970-2010<\/em><\/strong>. Nota de T.S\u00e1nchez y Aikikai Espa\u00f1a.\u00a0&lt;<a title=\"Nobuyoshi Tamura Shihan, 1970-2010. Nota de T.S\u00e1nchez y Aikikai Espa\u00f1a\" href=\"http:\/\/www.aikikai.org.es\/tamura\/notatsanchez.pdf\">http:\/\/www.aikikai.org.es\/tamura\/notatsanchez.pdf<\/a>&gt;<\/li>\n<li><a href=\"http:\/\/aikidotsanchez.com\/docs\/pasadoyfuturo.pdf\" target=\"_blank\" rel=\"noopener noreferrer\"><em><strong>Pasado y futuro del Aikikai de Espa\u00f1a. Tom\u00e1s S\u00e1nchez Shihan.<\/strong><\/em><\/a> Madrid, febrero de 2014. &lt;<a href=\"http:\/\/aikidotsanchez.com\/docs\/pasadoyfuturo.pdf\" target=\"_blank\" rel=\"noopener noreferrer\">http:\/\/aikidotsanchez.com\/docs\/pasadoyfuturo.pdf<\/a>&gt;<\/li>\n<li><strong><em>Un Emotivo Curso; cr\u00f3nica del Curso en Zaragoza 28 y 29 de Septiembre de 2013.\u00a0<\/em><\/strong><a href=\"http:\/\/aikikai.org.es\/blog\"><strong>Blog de AETAIKI \u2013 Aikikai de Espa\u00f1a<\/strong><\/a><strong>.<\/strong>\u00a0Palabras de Jos\u00e9 M\u00aa Mart\u00ednez Zuf\u00eda (Vicepresidente de la AETAIKI \u2013 Aikikai de Espa\u00f1a. Presidente de la Comisi\u00f3n de Grados) hacia Tom\u00e1s S\u00e1nchez Shihan a sus 50 a\u00f1os de pr\u00e1ctica y su 70 aniversario. &lt;<a title=\"Un Emotivo Curso; cr\u00f3nica del Curso en Zaragoza 28 y 29 de Septiembre de 2013. Blog de AETAIKI - Aikikai de Espa\u00f1a. Palabras de Jos\u00e9 M\u00aa Mart\u00ednez Zuf\u00eda (Vicepresidente de la AETAIKI - Aikikai de Espa\u00f1a. Presidente de la Comisi\u00f3n de Grados) hacia Tom\u00e1s S\u00e1nchez Shihan a sus 50 a\u00f1os de pr\u00e1ctica y su 70 aniversario\" href=\"http:\/\/aikikai.org.es\/blog\/?p=864\">http:\/\/aikikai.org.es\/blog\/?p=864<\/a>&gt;<\/li>\n<li><strong><em>30 aniversario de Aikikai Espa\u00f1a, 1982-2012<\/em><\/strong>. Jos\u00e9 Mar\u00eda Mart\u00ednez Zuf\u00eda, 6\u00ba Dan.\u00a0&lt;<a title=\"30 aniversario de Aikikai Espa\u00f1a, 1982-2012. Jos\u00e9 Mar\u00eda Mart\u00ednez Zufia, 6\u00ba Dan\" href=\"http:\/\/www.aikidotsanchez.com\/docs\/30anijmmz.pdf\">http:\/\/www.aikidotsanchez.com\/docs\/30anijmmz.pdf<\/a>&gt;<\/li>\n<li><strong><em>Aikido World Headquarters \u2013 International Regulations<\/em><\/strong><em>.\u00a0<\/em><a href=\"http:\/\/www.aikikai.or.jp\/eng\/\"><strong>Aikikai Foundation<\/strong><\/a>. &lt;<a title=\"Aikido World Headquarters - International Regulations. Aikikai Foundation\" href=\"http:\/\/www.aikikai.or.jp\/eng\/regulation\/international.htm\">http:\/\/www.aikikai.or.jp\/eng\/regulation\/international.htm<\/a><strong><em>&gt;<\/em><\/strong><\/li>\n<li><em><strong>Obtenci\u00f3n de grados Aikikai<\/strong><\/em>.\u00a0AETAIKI \u2013 Aikikai de Espa\u00f1a. &lt;<a title=\"Obtenci\u00f3n de grados Aikikai. AETAIKI - Aikikai de Espa\u00f1a\" href=\"http:\/\/www.aikikai.org.es\/cgrados\/homologa.htm\" target=\"_blank\" rel=\"noopener noreferrer\">http:\/\/www.aikikai.org.es\/cgrados\/homologa.htm<\/a>&gt;<\/li>\n<li><em><strong>Nuestro Aikido en Espa\u00f1a y merecidos reconocimientos a primeros presidentes AETAIKI \u2013 Aikikai de Espa\u00f1a. <\/strong><\/em>&lt;<a title=\"Reconocimiento del compromiso y entrega de los primeros presidentes de Aikikai de Espa\u00f1a\" href=\"https:\/\/aikidosanvicente.wordpress.com\/2015\/03\/26\/aikido-aetaiki-aikikai-espana-merecidos-homenajes\/\" target=\"_blank\" rel=\"noopener noreferrer\">https:\/\/blogs.ua.es\/aikido\/aikido-aetaiki-aikikai-espana-merecidos-homenajes\/<\/a>&gt;, art\u00edculo en nuestro blog a partir de la <strong>concesi\u00f3n a t\u00edtulo p\u00f3stumo del 6\u00ba Dan Aikikai a\u00a0D.Octavio de la Mata, D. Benito Pulido y D.Emilio Garc\u00eda por parte de D.Tom\u00e1s S\u00e1nchez Shihan &lt;<\/strong><a title=\" concesi\u00f3n a t\u00edtulo p\u00f3stumo del 6\u00ba Dan a D.Octavio de la Mata, D. Benito Pulido y D.Emilio Garc\u00eda por parte de D.Tom\u00e1s S\u00e1nchez Shihan\" href=\"http:\/\/www.aikikai.org.es\/docs\/atitulopostumo.pdf\" target=\"_blank\" rel=\"noopener noreferrer\">http:\/\/www.aikikai.org.es\/docs\/atitulopostumo.pdf<\/a><strong>&gt;<\/strong>.<\/li>\n<\/ul>\n<h4>V\u00cdDEOS<\/h4>\n<ul>\n<li style=\"text-align: left\"><em><a href=\"https:\/\/www.youtube.com\/watch?v=sBfM2f1fMBU\" target=\"_blank\" rel=\"noopener noreferrer\"><strong>Kazuo Chiba &amp; Nobuyoshi Tamura &#8211; Madrid, 1975<\/strong><\/a>.<\/em>\u00a0<a class=\"yt-uix-sessionlink g-hovercard spf-link \" href=\"https:\/\/www.youtube.com\/channel\/UCRDcFkyRd7dDw6-NgeQZ-Ig\">aikimedia<\/a>: &lt;<a href=\"https:\/\/www.youtube.com\/watch?v=sBfM2f1fMBU\" target=\"_blank\" rel=\"noopener noreferrer\">https:\/\/www.youtube.com\/watch?v=sBfM2f1fMBU<\/a>&gt;<\/li>\n<li style=\"text-align: left\"><em><a href=\"https:\/\/www.youtube.com\/watch?v=T_Pkr2E4tfg\" target=\"_blank\" rel=\"noopener noreferrer\"><strong>Exhibicion de Aikido. Tomas Sanchez, 6\u00ba dan. Zaragoza 1996.<\/strong><\/a><\/em>\u00a0<a class=\"yt-uix-sessionlink g-hovercard spf-link \" href=\"https:\/\/www.youtube.com\/channel\/UCSv8mhSsuo25CUxRjJd6cyg\">Pippi#59<\/a>: &lt;<a href=\"https:\/\/www.youtube.com\/watch?v=T_Pkr2E4tfg\" target=\"_blank\" rel=\"noopener noreferrer\">https:\/\/www.youtube.com\/watch?v=T_Pkr2E4tfg<\/a>&gt;<\/li>\n<li style=\"text-align: left\"><em><a href=\"https:\/\/www.youtube.com\/watch?v=x8IMMGOAKNA\" target=\"_blank\" rel=\"noopener noreferrer\"><strong>Tom\u00e1s Sa\u0301nchez 7\u00ba Dan Shihan AETAIKI C.Zaragoza 2014.09 Ushiro Ryotedori Iriminage y Koshinage.\u00a0<\/strong><\/a><\/em><a class=\"yt-uix-sessionlink g-hovercard spf-link \" href=\"https:\/\/www.youtube.com\/channel\/UC2mLlLbnUxp6XOZi-vCiOgw\">Aikido Aikikai Zaragoza<\/a>: &lt;https:\/\/www.youtube.com\/watch?v=x8IMMGOAKNA&gt;<\/li>\n<\/ul>\n<h3><span style=\"color: #db1313\"><strong>\u00a1S\u00cdGUENOS en la Redes Sociales!<\/strong><\/span><\/h3>\n<ul>\n<li><span style=\"color: #db1313\"><a style=\"color: #db1313\" title=\"P\u00e1gina Facebook de Aikido Aikikai en San Vicente del Raspeig y en la Universidad de Alicante\" href=\"https:\/\/www.facebook.com\/aikidosanvicente\" target=\"_blank\" rel=\"noopener noreferrer\"><em>Aikido Aikikai San Vicente<\/em> <strong>en <em>Facebook<\/em><\/strong><\/a>.<\/span><\/li>\n<li><span style=\"color: #db1313\"><a style=\"color: #db1313\" href=\"https:\/\/www.youtube.com\/channel\/UCcNHUB-gPaj49sRdb2TRngw\" target=\"_blank\" rel=\"noopener noreferrer\">Canal <em><strong>Youtube<\/strong><\/em> de <em>Aikido Aikikai San Vicente.<\/em><\/a><\/span><\/li>\n<\/ul>\n","protected":false},"excerpt":{"rendered":"<p>Tom\u00e1s S\u00e1nchez D\u00edaz, 7\u00ba Dan y Shihan\u00a0de Aikido, es uno de los m\u00e1s reputados profesores de Aikido del pa\u00eds, con ya m\u00e1s de 50 a\u00f1os de pr\u00e1ctica en artes marciales. Se inici\u00f3 en las artes marciales a trav\u00e9s del Judo, &hellip; <a href=\"https:\/\/blogs.ua.es\/aikido\/el-maestro-tomas-sanchez-7o-dan-y-shihan-aikikai-biografia-videos-fotografias\/\">Continue reading <span class=\"meta-nav\">&rarr;<\/span><\/a><\/p>\n","protected":false},"author":3230,"featured_media":0,"parent":0,"menu_order":0,"comment_status":"closed","ping_status":"closed","template":"","meta":{"footnotes":""},"class_list":["post-937","page","type-page","status-publish","hentry"],"_links":{"self":[{"href":"https:\/\/blogs.ua.es\/aikido\/wp-json\/wp\/v2\/pages\/937","targetHints":{"allow":["GET"]}}],"collection":[{"href":"https:\/\/blogs.ua.es\/aikido\/wp-json\/wp\/v2\/pages"}],"about":[{"href":"https:\/\/blogs.ua.es\/aikido\/wp-json\/wp\/v2\/types\/page"}],"author":[{"embeddable":true,"href":"https:\/\/blogs.ua.es\/aikido\/wp-json\/wp\/v2\/users\/3230"}],"replies":[{"embeddable":true,"href":"https:\/\/blogs.ua.es\/aikido\/wp-json\/wp\/v2\/comments?post=937"}],"version-history":[{"count":10,"href":"https:\/\/blogs.ua.es\/aikido\/wp-json\/wp\/v2\/pages\/937\/revisions"}],"predecessor-version":[{"id":1417,"href":"https:\/\/blogs.ua.es\/aikido\/wp-json\/wp\/v2\/pages\/937\/revisions\/1417"}],"wp:attachment":[{"href":"https:\/\/blogs.ua.es\/aikido\/wp-json\/wp\/v2\/media?parent=937"}],"curies":[{"name":"wp","href":"https:\/\/api.w.org\/{rel}","templated":true}]}}