{"id":2,"date":"2007-06-11T14:56:25","date_gmt":"2007-06-11T12:56:25","guid":{"rendered":""},"modified":"2007-12-13T20:58:44","modified_gmt":"2007-12-13T18:58:44","slug":"acerca-de","status":"publish","type":"page","link":"https:\/\/blogs.ua.es\/airc\/acerca-de\/","title":{"rendered":"Informaci\u00f3n"},"content":{"rendered":"<p>Esta es la bit\u00e1cora de la asignatura de Administraci\u00f3n e Instalaci\u00f3n de Redes de Computadores.<\/p>\n","protected":false},"excerpt":{"rendered":"<p>Esta es la bit\u00e1cora de la asignatura de Administraci\u00f3n e Instalaci\u00f3n de Redes de Computadores.<\/p>\n","protected":false},"author":67,"featured_media":0,"parent":0,"menu_order":0,"comment_status":"open","ping_status":"open","template":"","meta":{"footnotes":""},"class_list":["post-2","page","type-page","status-publish","hentry"],"_links":{"self":[{"href":"https:\/\/blogs.ua.es\/airc\/wp-json\/wp\/v2\/pages\/2","targetHints":{"allow":["GET"]}}],"collection":[{"href":"https:\/\/blogs.ua.es\/airc\/wp-json\/wp\/v2\/pages"}],"about":[{"href":"https:\/\/blogs.ua.es\/airc\/wp-json\/wp\/v2\/types\/page"}],"author":[{"embeddable":true,"href":"https:\/\/blogs.ua.es\/airc\/wp-json\/wp\/v2\/users\/67"}],"replies":[{"embeddable":true,"href":"https:\/\/blogs.ua.es\/airc\/wp-json\/wp\/v2\/comments?post=2"}],"version-history":[{"count":1,"href":"https:\/\/blogs.ua.es\/airc\/wp-json\/wp\/v2\/pages\/2\/revisions"}],"predecessor-version":[{"id":86,"href":"https:\/\/blogs.ua.es\/airc\/wp-json\/wp\/v2\/pages\/2\/revisions\/86"}],"wp:attachment":[{"href":"https:\/\/blogs.ua.es\/airc\/wp-json\/wp\/v2\/media?parent=2"}],"curies":[{"name":"wp","href":"https:\/\/api.w.org\/{rel}","templated":true}]}}